{"id":1067,"date":"2024-08-04T12:39:17","date_gmt":"2024-08-04T12:39:17","guid":{"rendered":"https:\/\/shercards.com\/index.php\/product\/metaphorical-cards-family-messages\/"},"modified":"2025-10-20T10:43:20","modified_gmt":"2025-10-20T10:43:20","slug":"metaphorical-cards-family-messages","status":"publish","type":"product","link":"https:\/\/shercards.com\/et\/toode\/metaphorical-cards-family-messages\/","title":{"rendered":"Metafoorilised kaardid &quot;Perekonna s\u00f5numid&quot;"},"content":{"rendered":"<p>Komplektis lapsep\u00f5lvetraumadega t\u00f6\u00f6tamiseks<br \/> <\/br><br \/> <\/br>Autor-koostaja: Olga Krutova<br \/> MAK komplekt sisaldab:<br \/> \u2013 100 tekstikaarti positiivsete ja negatiivsete stsenaariumite uskumuste ja seadistustega, l\u00f5petamata fraaside ja lausetega;<br \/> \u2013 l\u00fchike juhend komplekti kasutamiseks ps\u00fchholoogilises praktikas. <br \/> <\/br> <br \/> Metafoorsed assotsiatiivsed kaardid \u201cPerekonnas\u00f5numid\u201d loodi selleks, et uurida indiviidi liikumapanevaid j\u00f5ude, tema sisemisi protsesse, konflikte, varjatud (teadvustamata) kalduvusi, programme, mis m\u00f5jutavad kliendi elu, tema suhtumist endasse ja teistesse, tema otsustusv\u00f5imet. ja tegutseda.<br \/> Otsustasime teadlikult teha eraldi tekstipaki, et seda saaks kasutada k\u00f5igi MACardsi kirjastuse tekkidega t\u00f6\u00f6tamisel. <\/br> <br \/> <\/br> MAK-i \u201ePerekonnas\u00f5numite\u201d komplekti kasutades saate:<br \/> \u2022 t\u00f6\u00f6 \u00e4gedate emotsionaalsete seisunditega;<br \/> \u2022 uurida introjektiivseid hoiakuid, mis m\u00e4\u00e4ravad kliendi k\u00e4itumise;<br \/> \u2022 laiendada teadlikkust piiravaid k\u00e4sikirja uskumusi;<br \/> \u2022 uurida harjumusp\u00e4raseid k\u00e4itumismustreid stressiolukordades;<br \/> \u2022 arendada endasse positiivse suhtumise oskust;<br \/> \u2022 otsima pingeolukorras ressursse ja tuge;<br \/> \u2022 diagnoosida ja korrigeerida laste vanemlikke suhteid;<br \/> \u2022 t\u00f6\u00f6 kaebustega;<br \/> \u2022 uurida suhteid iseendaga\/vanematega\/koos<br \/> partnerid\/kolleegidega\/lastega\/t\u00f6\u00f6ga\/\u00f5ppega\/haigusega;<br \/> \u2022 otsida v\u00e4ljap\u00e4\u00e4su ummik- ja konfliktsituatsioonist;<br \/> \u2022 laiendada teadlikkust oma tunnetest, soovidest, vajadustest;<br \/> \u2022 t\u00f6\u00f6 sise- ja v\u00e4liskonfliktidega jne. <br \/> <\/br><\/br> <br \/> <\/br> MAK \u201cPeres\u00f5numid\u201d tulevad kasuks nii individuaalses kui ka r\u00fchmat\u00f6\u00f6s:<br \/> \u2022 traumaatiliste kogemustega<br \/> \u2022 ps\u00fchhosomaatiliste s\u00fcmptomitega&lt;br&gt; \u2022 eraldumisraskustega<br \/> \u2022 kaass\u00f5ltuva k\u00e4itumisega<br \/> \u2022 identiteedikriisidega<br \/> \u2022 inimestevaheliste probleemidega jne. <br \/> <\/br> Tekst MAC \u201cPeres\u00f5numid\u201d aitab seansi ajal lahendada j\u00e4rgmisi \u00fclesandeid:<br \/> \u2022 suhtlemisaldis \u2013 kaart aitab alustada kliendiga vestlust selle \u00fcle, mis talle muret teeb;<br \/> \u2022 selgitamine \u2013 kaart v\u00f5imaldab t\u00e4psustada alateadlikke kogemusi, anda neile kombatav vorm;<br \/> \u2022 diagnostiline \u2013 kaardi valiku m\u00e4\u00e4ravad teadlikud ja teadvustamata motiivid, mis muutuvad uurimist\u00f6\u00f6ks k\u00e4ttesaadavaks;<br \/> \u2022 dissotsiatiivne \u2013 kaart v\u00f5imaldab realiseerida kogemuse, mis ei ole teadvustatud ja kanda selle sisemaailmast v\u00e4lismaailma;<br \/> \u2022 arendav \u2013 kaart aitab tuvastada ja laiendada kliendi k\u00e4itumis- ja kultuuristereot\u00fc\u00fcpe jne. <\/br><\/br> <br \/> <\/br><\/br><\/p>","protected":false},"excerpt":{"rendered":"<p>Komplektis t\u00f6\u00f6ks lapsep\u00f5lvetraumadega Autor-koostaja: Olga Krutova MAK-i komplekt sisaldab: \u2013 100 tekstikaarti<\/p>","protected":false},"featured_media":1068,"comment_status":"open","ping_status":"open","template":"","meta":[],"product_brand":[],"product_cat":[34],"product_tag":[],"class_list":{"0":"post-1067","1":"product","2":"type-product","3":"status-publish","4":"has-post-thumbnail","6":"product_cat-kin-ancestors-scenarios","8":"first","9":"outofstock","10":"purchasable","11":"product-type-simple"},"_links":{"self":[{"href":"https:\/\/shercards.com\/et\/wp-json\/wp\/v2\/product\/1067","targetHints":{"allow":["GET"]}}],"collection":[{"href":"https:\/\/shercards.com\/et\/wp-json\/wp\/v2\/product"}],"about":[{"href":"https:\/\/shercards.com\/et\/wp-json\/wp\/v2\/types\/product"}],"replies":[{"embeddable":true,"href":"https:\/\/shercards.com\/et\/wp-json\/wp\/v2\/comments?post=1067"}],"wp:featuredmedia":[{"embeddable":true,"href":"https:\/\/shercards.com\/et\/wp-json\/wp\/v2\/media\/1068"}],"wp:attachment":[{"href":"https:\/\/shercards.com\/et\/wp-json\/wp\/v2\/media?parent=1067"}],"wp:term":[{"taxonomy":"product_brand","embeddable":true,"href":"https:\/\/shercards.com\/et\/wp-json\/wp\/v2\/product_brand?post=1067"},{"taxonomy":"product_cat","embeddable":true,"href":"https:\/\/shercards.com\/et\/wp-json\/wp\/v2\/product_cat?post=1067"},{"taxonomy":"product_tag","embeddable":true,"href":"https:\/\/shercards.com\/et\/wp-json\/wp\/v2\/product_tag?post=1067"}],"curies":[{"name":"wp","href":"https:\/\/api.w.org\/{rel}","templated":true}]}}