{"id":1110,"date":"2024-08-04T12:42:24","date_gmt":"2024-08-04T12:42:24","guid":{"rendered":"https:\/\/shercards.com\/index.php\/product\/set-of-decks-of-metaphorical-cards-family-circle\/"},"modified":"2025-10-20T10:43:20","modified_gmt":"2025-10-20T10:43:20","slug":"set-of-decks-of-metaphorical-cards-family-circle","status":"publish","type":"product","link":"https:\/\/shercards.com\/et\/toode\/set-of-decks-of-metaphorical-cards-family-circle\/","title":{"rendered":"Metafoorsete kaardipakkide komplekt &quot;Perekond&quot;"},"content":{"rendered":"<p>Idee autor ja illustraator: Svetlana Rudenko, ps\u00fchholoogiateaduste kandidaat, kliiniline ps\u00fchholoog, ekspert, m\u00e4ngupraktik.<br \/>&quot;Perekonnaringi&quot; tekkide komplekt sisaldab: <\/p>\n<ul>\n<li>MAK pakk (58 k\u00e4sitsi joonistatud kaarti koos juhistega);<\/li>\n<li>Fraaside komplekt kontekstist (50 tekstikaarti);<\/li>\n<li>Kaartide arv 2 pakist koosnevas komplektis on 108 tk. (63,5 \u00d7 89 mm, 300 g\/m\u00b2).<br \/> Iga tekk on pakitud eraldi pappkarpi. MAC koos juhistega on lisaks pakitud kahanevasse kilesse.<\/br><\/li>\n<\/ul>\n<p> Tekikomplekt \u201cPerering\u201d on m\u00f5eldud k\u00f5ikide v\u00f5imalike erialade ps\u00fchholoogidele ja ps\u00fchhoterapeutidele! L\u00f5ppude l\u00f5puks on perekonteksti olulisust abipraktikas vaevalt v\u00f5imalik \u00fclehinnata.<br \/>T\u00f5hus t\u00f6\u00f6riist professionaalidele! See aitab delikaatselt uurida peresiseseid vastastikuseid m\u00f5jusid. Alateadvuse vihjete p\u00f5hjal leia kliendi ressursid ja kavanda konkreetsed sammud tulemuste saavutamiseks.<br \/>Sobib ka algajatele, selle p\u00f5hjal on lihtne paika panna mistahes konsultatsiooni kontuurid ja selgelt n\u00e4ha hetkeolukordadest v\u00e4ljumise v\u00f5imalusi.<br \/> Kaardid v\u00f5imaldavad teil paljastada ja lahendada j\u00e4rgmisi probleeme: <\/p>\n<ul>\n<li>Abielu konfliktid<\/li>\n<li>Pingelised vanema-lapse suhted<\/li>\n<li>Vanemate laste suutmatus nooremaid vastu v\u00f5tta<\/li>\n<li>Perinataalne valik<\/li>\n<li>Elu olukorras, kus \u00fcks pereliikmetest on haige<\/li>\n<li>Vanemate inimeste krooniline \u00fcksindus<\/li>\n<li>\u00c4revus, depressioon<\/li>\n<li>Suitsiidsed kalduvused<\/li>\n<li>Seksuaalsed anomaaliad<\/li>\n<li>S\u00f5ltuvused ja kaass\u00f5ltuvused<\/li>\n<li>Negatiivsed rahastsenaariumid jne.<\/li>\n<\/ul>\n<p> \u201ePerekonnaringi\u201c tekikomplektiga t\u00f6\u00f6tamise p\u00f5hieesm\u00e4rk on tuvastada indiviidi kui peres\u00fcsteemi \u00fcksuse praegune vaimne seisund ja pakkuda selle alusel abi sisemise harmoonia saavutamisel ning seel\u00e4bi perekonna stabiliseerimisel ja arengul. Sisaldab 11 tehnikat, mis on rakendatavad nii individuaalses kui ka r\u00fchmat\u00f6\u00f6s.<br \/><strong>Perekirstude tehnika<\/strong><br \/> Eesm\u00e4rk: pakkuda tuge kaotuse leina kogemisel.<br \/> 1. Valige pimesi 3 kaarti.<br \/> 2. P\u00f6\u00f6rake need \u00fcmber nii, et nende krundi k\u00fcljed oleksid \u00fclespoole. Esimene s\u00fcmboliseerib elu minevikus. Teine on olevikus. Kolmas on tulevikus.<br \/> 3. M\u00f5elge kaartide p\u00f5hjal v\u00e4lja lugusid iga etapi kohta.<br \/> 4. Valige avalikult kaart, mis kajastab teie elus toimunud muutusi. Mis on pildil n\u00e4idatud? Milliseid muutusi need s\u00fcndmused teie elukorraldusse toovad?<br \/> 5. Kirjelda emotsioone, mis pilti l\u00e4bistavad. Millised seisundid on k\u00f5igile ilmsed ja milliseid varjavad koomiksitegelased? Kas elamused, mida tegelased kogevad, on sulle l\u00e4hedased?<br \/> 6. Valige juhuslikult 5 kaarti.<br \/> 7. Asetage \u00fcks keskele otse enda ette, \u00fclej\u00e4\u00e4nud \u00fcmber erinevatele kaugustele. Keskkaart esindab teid. \u00dcmbritsevad joonistatud stseenid \u2013 teie sugulased, s\u00f5brad, kolleegid ja teised inimesed (naabrid, tuttavad).<br \/> 8. P\u00e4rast kaartide m\u00e4\u00e4ramist p\u00f6\u00f6rake need \u00fcmber. V\u00f5ttes arvesse kaartide kaugust teie omadega, tehke kindlaks, kuidas n\u00fc\u00fcd muutuvad sidemed teid \u00fcmbritsevate inimestega. Kes saab sulle l\u00e4hedasemaks, kes riskib \u00e4ra kolida. Kuidas saaks v\u00f5tmerolle ja -vastutusi \u00fcmber jaotada?<br \/> 9. Milliseid muudatusi oleks soovitav? Liigutage kaarte vastavalt.<br \/> 10. Ava end, vali kaart, mis s\u00fcmboliseerib sind t\u00e4na, sellel eluetapil. Asetage see t\u00fchjale paberilehele.<br \/> 11. Joonista vasakule ja paremale asjad, mis on sinu peres p\u00f5lvest p\u00f5lve edasi antud. Need v\u00f5ivad olla tellimused, k\u00e4ekellad, ehted jne. Kirjutage iga pildi alla, kellele need kuulusid.<br \/> 12. Tehke kindlaks, millist esimeste omanike j\u00f5udu need s\u00e4ilmed kannavad? M\u00e4rgistage loetletud omadused.<br \/> 13. \u00dchendage pildid ja oma kaart roheliste joontega. Tulemuseks oli omamoodi v\u00f5rgustik. See on tugi, mida teie esivanemad teile n\u00e4htamatult pakuvad. Nad annavad teile praeguses olukorras sihikindluse jaoks parimad omadused.<br \/> 14. Joonista peale asi, mida seostad lahkunuga. Millist j\u00f5udu ja parimaid omadusi see endas kannab? M\u00e4rgistage need.<br \/> 15. \u00dchendage see asi ja oma kaart punase joonega. See on kalli inimese &quot;aardete&quot; vastuv\u00f5tmise s\u00fcmbol. See annab teile peentasandil seotuse tunde, annab j\u00f5udu edasi liikuda, v\u00f5imaluse s\u00f5lmida uusi emotsionaalselt rikkaid suhteid. <\/br><\/p>","protected":false},"excerpt":{"rendered":"<p>Idee autor ja illustreerija: Svetlana Rudenko, ps\u00fchholoogiateaduste kandidaat, kliiniline ps\u00fchholoog, ekspert, m\u00e4ngupraktik. Komplekt \u201ePerekond<\/p>","protected":false},"featured_media":1111,"comment_status":"open","ping_status":"open","template":"","meta":[],"product_brand":[],"product_cat":[24],"product_tag":[],"class_list":{"0":"post-1110","1":"product","2":"type-product","3":"status-publish","4":"has-post-thumbnail","6":"product_cat-relationships-sex-metaphorical-cards","8":"first","9":"outofstock","10":"purchasable","11":"product-type-simple"},"_links":{"self":[{"href":"https:\/\/shercards.com\/et\/wp-json\/wp\/v2\/product\/1110","targetHints":{"allow":["GET"]}}],"collection":[{"href":"https:\/\/shercards.com\/et\/wp-json\/wp\/v2\/product"}],"about":[{"href":"https:\/\/shercards.com\/et\/wp-json\/wp\/v2\/types\/product"}],"replies":[{"embeddable":true,"href":"https:\/\/shercards.com\/et\/wp-json\/wp\/v2\/comments?post=1110"}],"wp:featuredmedia":[{"embeddable":true,"href":"https:\/\/shercards.com\/et\/wp-json\/wp\/v2\/media\/1111"}],"wp:attachment":[{"href":"https:\/\/shercards.com\/et\/wp-json\/wp\/v2\/media?parent=1110"}],"wp:term":[{"taxonomy":"product_brand","embeddable":true,"href":"https:\/\/shercards.com\/et\/wp-json\/wp\/v2\/product_brand?post=1110"},{"taxonomy":"product_cat","embeddable":true,"href":"https:\/\/shercards.com\/et\/wp-json\/wp\/v2\/product_cat?post=1110"},{"taxonomy":"product_tag","embeddable":true,"href":"https:\/\/shercards.com\/et\/wp-json\/wp\/v2\/product_tag?post=1110"}],"curies":[{"name":"wp","href":"https:\/\/api.w.org\/{rel}","templated":true}]}}