{"id":1114,"date":"2024-08-04T12:42:24","date_gmt":"2024-08-04T12:42:24","guid":{"rendered":"https:\/\/shercards.com\/index.php\/product\/metaphorical-association-cards-in-the-flow-of-ancestral-scenarios\/"},"modified":"2025-10-20T10:43:20","modified_gmt":"2025-10-20T10:43:20","slug":"metaphorical-association-cards-in-the-flow-of-ancestral-scenarios","status":"publish","type":"product","link":"https:\/\/shercards.com\/et\/toode\/metaphorical-association-cards-in-the-flow-of-ancestral-scenarios\/","title":{"rendered":"Metafoorsed assotsiatsioonikaardid &quot;Esivanemate stsenaariumide voolus&quot;"},"content":{"rendered":"<p>Idee, illustratsioonide visandite, jooniste visandite ja tekstin\u00e4pun\u00e4idete autor on Tatjana Vorgul \u2013 professionaalne ps\u00fchholoog, diplomeeritud coach, peresiseste suhete valdkonna ekspert, metafoorikaartide spetsialist (kogemusega \u00fcle 20 aasta), spetsialist t\u00f6\u00f6 perekonna ja esivanemate s\u00fcsteemidega, kohtuekspertiisi ja kohtuv\u00e4lise ps\u00fchholoogilise ekspertiisi spetsialist, autor ja kursuse juhataja<br \/>Kunstnik - Jelena Sufyanova<br \/>Kirjastaja: mak-vorgul<br \/>Kaardi suurus: 70\u00d7100 mm<br \/>Sisu: <\/p>\n<li>48 kaarti puude kujutistega perekonna s\u00fcmbolis\u00fcsteemidena. Kujutised aitavad n\u00e4ha ja lahti m\u00f5testada metafoori, mille alateadvus assotsiatsioonipildi kujul v\u00e4lja annab.<\/li>\n<li>32 kaarti Totem Animals - ressursside allikad ja perekonna kaitsjad<\/li>\n<li>Juhised<\/li>\n<li>Tihe kaanega kast hoiustamiseks<\/li>\n<p>Metafoorilised kaardid \u201cEsivanemate stsenaariumide voolus\u201d on m\u00f5eldud esivanemate programmide ja elustsenaariumide v\u00e4ljat\u00f6\u00f6tamiseks, mis rikuvad tasakaalu suhetes Vardaga, iseenda, vanemate ja lastega, enda soovide ja v\u00f5imalustega. See tekk loodi selleks, et aidata meil n\u00e4ha negatiivseid hoiakuid, mis on meile Perest edasi kandunud ja millest on saanud programmid ja mis ei lase meil olla meie ise. See aitab sul de\u0161ifreerida meie alateadvuses peidetud esivanemate s\u00f5numeid ja luua oma stsenaariume \u00f5nne saavutamiseks. Tekk v\u00f5imaldab teil neid s\u00f5numeid n\u00e4ha ja k\u00f5rvaldada takistused, mis ei lase teil lahkuda ebaefektiivsest stsenaariumist ja luua uut, mis viib edu ja \u00f5nneni. V\u00f5i \u00f5igemini transformeerida need takistused positiivseks kogemuseks ja energiaks.<br \/> Loojate meeskond:<br \/>Autor: Tatjana Vorgul;<br \/> Kunstnik: Jelena Sufyanova;<br \/> Pakendi disain: Ayoka Sergazina;<br \/> Toimetaja: Margarita Levicheva ;<br \/> Korrektorid: Sali Davadova, Margarita Jakunina;<br \/> K\u00fcljendaja: Anna \u017di\u017eka;<br \/> Loovjuht: Olesya Babaeva.<br \/>Kellele:nbsp;Ps\u00fchholoogidele, erinevate suundade ps\u00fchhoterapeutidele, s\u00fcsteemsetele ja perekonstellatsioonidele, treeneritele, \u00f5petajatele, abistavate elukutsete spetsialistidele, k\u00f5igile, kes on huvitatud enesearengust ja enesetundmisest.<br \/>MAK-i \u201c\u00dcldiste stsenaariumite voos\u201d saab kasutada: <\/p>\n<ul>\n<li>aktiivsete abilistena t\u00e4htkuju ruumis;<\/li>\n<li>tuvastada ja muuta negatiivseid programme, elustsenaariume ja k\u00e4itumismustreid;<\/li>\n<li>t\u00f6\u00f6s kogemustega, l\u00e4hedaste kaotusega seotud kriisiseisunditega;<\/li>\n<li>t\u00f6\u00f6tades oma v\u00e4\u00e4rtusetuse tundega, erineva tasemega plokid klannis ja\/v\u00f5i peres\u00fcsteemis, mitteaktseptsioon Klannis v\u00f5i oma perekonnas;<\/li>\n<li>kui uurida ja vabaneda hirmudest ja foobiatest seoses suhetega klanniliikmete, perekonnaga.<\/li>\n<li> ressursi olekute otsimiseks ja sissel\u00fclitamiseks;<\/li>\n<li>jne.<\/li>\n<\/ul>\n<p> Juhiste \u00f5ppimise h\u00f5lbustamiseks p\u00f6\u00f6rdun teie poole austuse ja armastusega. N\u00f5us?<br \/>Harjutus &quot;Minu elupuu&quot;<br \/>Kaarte segades s\u00f5nastage taotlus, n\u00e4iteks: &quot;Milline n\u00e4eb v\u00e4lja MINU puu?&quot; Kaarte l\u00e4bides leia pilt, mis hinges resoneerib. Vaata seda hoolega, tunneta! Pidage meeles m\u00f5tteid ja tundeid, mis teile tulevad.<br \/>Kirjeldage, mida kaardil n\u00e4ete: <\/p>\n<ul>\n<li>Kuidas teie puu v\u00e4lja n\u00e4eb? Kas selles on piisavalt valgust, soojust, energiat?<\/li>\n<li>Vaadake mulda juurte all, kas juured on tugevad?<\/li>\n<li>Vaata pagasiruumi. Kas seal on kooremardikaid v\u00f5i muid kahjureid?<\/li>\n<li>N\u00fc\u00fcd vaadake krooni. Millised oksad puul on? Kas on lilli, puuvilju ja lehti?<\/li>\n<li>Milliseid s\u00f5numeid teie puult teile j\u00f5uab?<\/li>\n<li>Kui puu on haige, siis kuidas saate seda aidata? Ja mis siis saab?<\/li>\n<li>Kui teie sugupuu on terve ja tugev, siis milliseid ressursse saate sellest saada?<\/li>\n<\/ul>\n<p> T\u00e4itke ruum Sugupuu \u00fcmber armastuse ja t\u00e4nutundega. Saate seda teha.nbsp;Vaadake l\u00e4hitulevikus toimuvaid muudatusi.<br \/>PS Lisage oma esivanemate puule ressursse tekilt &quot;Tunnete voos&quot;. Leidke avatud kaart, mis s\u00fcmboliseerib puuduvat ressurssi. Kirjelda seda. Asetage m\u00f5lemad kaardid k\u00f5rvuti ja vaadake, kuidas Puu reageerib saadud ressurssidele. Milliseid uusi v\u00f5imalusi ja v\u00f5imeid on ta omandanud?<br \/>Harjutus &quot;Ma n\u00f5ustun v\u00f5i mitte&quot;<br \/>Valige kaks kaarti pildiga allapoole: <\/p>\n<li>Millist puud sa ennast t\u00e4na n\u00e4ed?<\/li>\n<li>Millist puud tahaksid n\u00e4ha? olla?<\/li>\n<p> 1. kaart on t\u00e4na Sina. Kirjeldage seda kaarti: <\/p>\n<ul>\n<li>Mis puu sa oled?<\/li>\n<li>Kas sulle meeldib puu, mis sind s\u00fcmboliseerib?<\/li>\n<li>Mis sulle t\u00e4pselt meeldib v\u00f5i ei meeldi?<\/li>\n<li >Kas n\u00f5ustute kaardil kuvatava pildiga?<\/li>\n<li>Mis see sinu jaoks on?<\/li>\n<li>Kui teile puu ei meeldi, mida saate teha, et see paremaks muutuks?<\/li> <\/ul>\n<p> Kirjutage \u00fcles k\u00f5ik m\u00f5tted, mis nendele k\u00fcsimustele vastuseks tekkisid.<br \/>2nd card.nbsp;N\u00fc\u00fcd vaadake teist kaarti, mis s\u00fcmboliseerib, milliseks puuks soovite saada. Kirjeldage pilti, mida n\u00e4gite: <\/p>\n<ul>\n<li>Mis sind pildil k\u00f5ige enam k\u00f6itis? Kirjutage see \u00fcles.<\/li>\n<li>Kuidas see puu sinuga sarnaneb?<\/li>\n<li>Mida saate selle kohta \u00f6elda?<\/li>\n<li>Mille poolest on see parem kui esimesel kaardil olev puu?<\/li>\n<li>Mida sa tunned p\u00e4rast Puuga suhtlemist?<\/li>\n<li>Mida sa tahad endas ja\/v\u00f5i oma elus teha, muuta, vaadates seda puud?<\/li>\n<li>Kuidas su elu l\u00e4heb, millal sa seda teed?<\/li>\n<\/ul>\n<p> PS Enda ja oma elu paremaks m\u00f5istmiseks saad kasutada \u201cTunnete voos\u201d paki kaarte.<br \/>Teki juhendist leiate veel harjutusi ja tehniku MAC-iga t\u00f6\u00f6tamiseks \u201cIn the Stream\u201d.<br \/> <\/br><\/br><\/p>","protected":false},"excerpt":{"rendered":"<p>Idee, illustratsioonide visandite, jooniste visandite ja tekstinippide autor on Tatjana Vorgul \u2013 professionaalne ps\u00fchholoog,<\/p>","protected":false},"featured_media":1115,"comment_status":"open","ping_status":"open","template":"","meta":[],"product_brand":[],"product_cat":[34],"product_tag":[],"class_list":{"0":"post-1114","1":"product","2":"type-product","3":"status-publish","4":"has-post-thumbnail","6":"product_cat-kin-ancestors-scenarios","8":"first","9":"outofstock","10":"purchasable","11":"product-type-simple"},"_links":{"self":[{"href":"https:\/\/shercards.com\/et\/wp-json\/wp\/v2\/product\/1114","targetHints":{"allow":["GET"]}}],"collection":[{"href":"https:\/\/shercards.com\/et\/wp-json\/wp\/v2\/product"}],"about":[{"href":"https:\/\/shercards.com\/et\/wp-json\/wp\/v2\/types\/product"}],"replies":[{"embeddable":true,"href":"https:\/\/shercards.com\/et\/wp-json\/wp\/v2\/comments?post=1114"}],"wp:featuredmedia":[{"embeddable":true,"href":"https:\/\/shercards.com\/et\/wp-json\/wp\/v2\/media\/1115"}],"wp:attachment":[{"href":"https:\/\/shercards.com\/et\/wp-json\/wp\/v2\/media?parent=1114"}],"wp:term":[{"taxonomy":"product_brand","embeddable":true,"href":"https:\/\/shercards.com\/et\/wp-json\/wp\/v2\/product_brand?post=1114"},{"taxonomy":"product_cat","embeddable":true,"href":"https:\/\/shercards.com\/et\/wp-json\/wp\/v2\/product_cat?post=1114"},{"taxonomy":"product_tag","embeddable":true,"href":"https:\/\/shercards.com\/et\/wp-json\/wp\/v2\/product_tag?post=1114"}],"curies":[{"name":"wp","href":"https:\/\/api.w.org\/{rel}","templated":true}]}}