{"id":1207,"date":"2024-08-04T12:51:06","date_gmt":"2024-08-04T12:51:06","guid":{"rendered":"https:\/\/shercards.com\/index.php\/product\/metaphorical-associative-cards-feminine\/"},"modified":"2025-10-20T10:42:39","modified_gmt":"2025-10-20T10:42:39","slug":"metaphorical-associative-cards-feminine","status":"publish","type":"product","link":"https:\/\/shercards.com\/et\/toode\/metaphorical-associative-cards-feminine\/","title":{"rendered":"Metafoorsed assotsiatiivsed kaardid &quot;Feminine&quot;"},"content":{"rendered":"<p>Teki autor: Ulyana Alliance \u2013 ps\u00fchholoog, professionaalne diivan (ICU), m\u00e4ngupraktika kooli asutaja<br \/> Sisu: 120 kaarti, juhised<br \/>Teki \u201cFeminine Beginning\u201d l\u00f5i Carol Pearsoni arhet\u00fc\u00fcpide teooria j\u00e4rgi, et iga naine saaks sukelduda teie sisemaailma mitmekesisusse.<\/p>\n<p> Tekki saab kasutada portree-lugude tekina naiste individuaalsel ja r\u00fchman\u00f5ustamisel mis tahes k\u00fcsimustes. V\u00f5ib kasutada ka meestega t\u00f6\u00f6tamisel suhtesoovides<br \/> (naispartnerid, lapsed, ema jne).<br \/>V\u00e4ga oluline on mitte kasutada tekki inimese \u00fcheks arhet\u00fc\u00fcbiks sildistamiseks. Igal naisel on v\u00f5imalus kasutada teadlikult ja alateadlikult k\u00f5igi 12 arhet\u00fc\u00fcbi strateegiaid nii ressursside manifestatsioonis kui ka varjus.<br \/> Selleks, et t\u00f6\u00f6 arhet\u00fc\u00fcpide avalikustamisega oleks pehme ja keskkonnas\u00f5bralik, kasutatakse tekil ainult ressursit\u00fckke.<br >Arhet\u00fc\u00fcpide l\u00fchikirjeldus:<br \/> S\u00fc\u00fctu \u2013 lapselik lihtsus, kergeusklikkus, naiivsus, usk ja optimism. P\u00fc\u00fcab ideaalse t\u00f6\u00f6koha, ideaalse partneri, ideaalse kodu jne poole.<br \/> Otsija \u2013 keskendunud parema maailma otsimisele. P\u00fc\u00fcdleb eneseteostuse poole, otsib oma individuaalsust ja ainulaadsust. Enda leidmine maailma valdamise kaudu.<br \/> Salvei \u2013 tal on s\u00fcgav soov t\u00f5de leida.<br \/> P\u00fc\u00fcdleb objektiivsuse, tarkuse, asjatundlikkuse, teema t\u00e4iusliku valdamise poole.<br \/> Kangelane \u2013 t\u00e4idab oma kohustusi oma riigi, organisatsiooni v\u00f5i perekonna huvides. T\u00f5estab oma v\u00e4\u00e4rtust mehelikkuse ja v\u00e4ljakutsuvate tegude kaudu. P\u00fc\u00fcab saada v\u00f5imalikult tugevaks ja v\u00f5imsaks.<br \/> M\u00e4ssaja \u2013 p\u00fchendunud s\u00fcgavamatele v\u00e4\u00e4rtustele kui need, mis \u00fchiskonnas domineerivad. Tema individuaalsus \u00fcletab olemasoleva sotsiaalse struktuuri. P\u00fc\u00fcdleb muutuste poole vanade strateegiate h\u00e4vitamise kaudu.<br \/> Mustkunstnik \u2013 tahab aru saada p\u00f5hiseadustest, kuidas inimteadvus, maailm, universum jne toimivad.<br \/> Tore sell \u2013 soov kuuluda karja. Usub iga inimese loomulikku v\u00e4\u00e4rikusesse.<br \/> Armastaja \u2013 valitseb k\u00f5iki inimarmastuse vorme. P\u00fc\u00fcdleb atraktiivsuse, sensuaalse naudingu, seksuaalsuse, naudingu poole.<br \/> Jester \u2013 sisaldab kloun, trikster, inimene, kes p\u00fc\u00fcab olla naljakas ja l\u00f5bus. Peamine soov on muuta maailm enda \u00fcmber \u00f5nnelikuks.<br \/> Hoolivus \u2013 p\u00fc\u00fcab teha teistele head, kaitsta neid v\u00f5imaliku kahju eest. Tema elu m\u00f5te on anda teistele.<br \/> Looja n\u00e4itab loovust, loob struktuure, p\u00fc\u00fcdleb igaveste v\u00e4\u00e4rtuste loomise poole. Teda juhib kirg enesev\u00e4ljenduse vastu materiaalses vormis.<br \/> Valitseja \u2013 p\u00fc\u00fcab luua edukat j\u00f5ukat perekonda, ettev\u00f5tet, riiki. Vastutus oma elu ja kogukonna juhtimise eest.<\/p>\n<p> Iga kaardi tagak\u00fcljelt leiate arhet\u00fc\u00fcbi nime ja ressursis\u00f5numi, mis peegeldab selle arhet\u00fc\u00fcbi meeleolu. M\u00f5lemat poolt saab kasutada nii avatud t\u00f6\u00f6tamiseks, kui on vaja arhet\u00fc\u00fcpi hariduslikel v\u00f5i diagnostilistel eesm\u00e4rkidel n\u00e4idata, kui ka suletud, mis v\u00f5imaldab uurida naise sisemaailma v\u00f5i kaasata.<br \/> mees tema palves m\u00e4rgilise naisfiguuri uurimisprotsessis. <br \/>Varjatud t\u00f6\u00f6tamine on alati mingi \u201claienemine\u201d, mis n\u00f5uab kliendilt rohkem usaldust kui avatud t\u00f6\u00f6tamine, kus saab luua kontrollitud protsessi.<br \/> &quot;Feminine Origin&quot; kaardipakki kasutatakse edukalt koos kaardipakiga &quot;Masculine Origin&quot; ja see sobib <br \/> enesetundmist, ja mitte ainult abistavate elukutsete spetsialistidele. <\/br><\/p>","protected":false},"excerpt":{"rendered":"<p>Teki autor: Ulyana Alliance \u2013 ps\u00fchholoog, professionaalne diivan (ICU), m\u00e4ngupraktika kooli asutaja Sisu: 120<\/p>","protected":false},"featured_media":1208,"comment_status":"open","ping_status":"open","template":"","meta":[],"product_brand":[],"product_cat":[22],"product_tag":[],"class_list":{"0":"post-1207","1":"product","2":"type-product","3":"status-publish","4":"has-post-thumbnail","6":"product_cat-womens-mens","8":"first","9":"outofstock","10":"purchasable","11":"product-type-simple"},"_links":{"self":[{"href":"https:\/\/shercards.com\/et\/wp-json\/wp\/v2\/product\/1207","targetHints":{"allow":["GET"]}}],"collection":[{"href":"https:\/\/shercards.com\/et\/wp-json\/wp\/v2\/product"}],"about":[{"href":"https:\/\/shercards.com\/et\/wp-json\/wp\/v2\/types\/product"}],"replies":[{"embeddable":true,"href":"https:\/\/shercards.com\/et\/wp-json\/wp\/v2\/comments?post=1207"}],"wp:featuredmedia":[{"embeddable":true,"href":"https:\/\/shercards.com\/et\/wp-json\/wp\/v2\/media\/1208"}],"wp:attachment":[{"href":"https:\/\/shercards.com\/et\/wp-json\/wp\/v2\/media?parent=1207"}],"wp:term":[{"taxonomy":"product_brand","embeddable":true,"href":"https:\/\/shercards.com\/et\/wp-json\/wp\/v2\/product_brand?post=1207"},{"taxonomy":"product_cat","embeddable":true,"href":"https:\/\/shercards.com\/et\/wp-json\/wp\/v2\/product_cat?post=1207"},{"taxonomy":"product_tag","embeddable":true,"href":"https:\/\/shercards.com\/et\/wp-json\/wp\/v2\/product_tag?post=1207"}],"curies":[{"name":"wp","href":"https:\/\/api.w.org\/{rel}","templated":true}]}}