{"id":1213,"date":"2024-08-04T12:51:06","date_gmt":"2024-08-04T12:51:06","guid":{"rendered":"https:\/\/shercards.com\/index.php\/product\/metaphorical-cards-the-power-of-the-forest\/"},"modified":"2025-10-20T10:42:39","modified_gmt":"2025-10-20T10:42:39","slug":"metaphorical-cards-the-power-of-the-forest","status":"publish","type":"product","link":"https:\/\/shercards.com\/et\/toode\/metaphorical-cards-the-power-of-the-forest\/","title":{"rendered":"Metafoorsed kaardid \u201cMetsa v\u00e4gi\u201d"},"content":{"rendered":"<p>Kui sul napib energiat ja elur\u00f5\u00f5mu, t\u00f5mbab sind metsas loodus rohkem kui kunagi varem. Siin valitseb rahu ja tundmatud j\u00f5ud sirutavad abik\u00e4ed, \u00e4ratavad vaimu ja puhastavad meelt. Postkaardid \u201cMetsa v\u00e4gi\u201d on v\u00f5ti meie alateadvuse loomulikku ladu. Kaartidesse kr\u00fcpteeritud metafoorid v\u00f5imaldavad tunnetada sisemist Allikat ja \u00e4ratada meie sees uinuvad loodusj\u00f5ud. <br \/> Komplektis on 20 kunstiliste kujunditega kaarti, mille eesm\u00e4rk on tuua pinnale alateadvuse s\u00fcgavustes peituvaid k\u00fcsimusi ja leida ressurss nende lahendamiseks. <br \/> T\u00e4nu piltide mitmekihilisusele n\u00e4eb iga\u00fcks neist midagi t\u00e4iesti erinevat. Ja 20 inspireerivat fraasi aitavad sul \u00f5rnalt leida tee oma sisemiste ressursside juurde ja minna julgelt oma unistuste poole. <\/br><\/br><\/p>","protected":false},"excerpt":{"rendered":"<p>Kui sul napib energiat ja elur\u00f5\u00f5mu, t\u00f5mbab sind metsas loodus rohkem kui kunagi varem.<\/p>","protected":false},"featured_media":1214,"comment_status":"open","ping_status":"open","template":"","meta":[],"product_brand":[],"product_cat":[22],"product_tag":[],"class_list":{"0":"post-1213","1":"product","2":"type-product","3":"status-publish","4":"has-post-thumbnail","6":"product_cat-womens-mens","8":"first","9":"outofstock","10":"purchasable","11":"product-type-simple"},"_links":{"self":[{"href":"https:\/\/shercards.com\/et\/wp-json\/wp\/v2\/product\/1213","targetHints":{"allow":["GET"]}}],"collection":[{"href":"https:\/\/shercards.com\/et\/wp-json\/wp\/v2\/product"}],"about":[{"href":"https:\/\/shercards.com\/et\/wp-json\/wp\/v2\/types\/product"}],"replies":[{"embeddable":true,"href":"https:\/\/shercards.com\/et\/wp-json\/wp\/v2\/comments?post=1213"}],"wp:featuredmedia":[{"embeddable":true,"href":"https:\/\/shercards.com\/et\/wp-json\/wp\/v2\/media\/1214"}],"wp:attachment":[{"href":"https:\/\/shercards.com\/et\/wp-json\/wp\/v2\/media?parent=1213"}],"wp:term":[{"taxonomy":"product_brand","embeddable":true,"href":"https:\/\/shercards.com\/et\/wp-json\/wp\/v2\/product_brand?post=1213"},{"taxonomy":"product_cat","embeddable":true,"href":"https:\/\/shercards.com\/et\/wp-json\/wp\/v2\/product_cat?post=1213"},{"taxonomy":"product_tag","embeddable":true,"href":"https:\/\/shercards.com\/et\/wp-json\/wp\/v2\/product_tag?post=1213"}],"curies":[{"name":"wp","href":"https:\/\/api.w.org\/{rel}","templated":true}]}}