{"id":1254,"date":"2024-08-04T12:54:57","date_gmt":"2024-08-04T12:54:57","guid":{"rendered":"https:\/\/shercards.com\/index.php\/product\/metaphorical-cards-its-in-me-male-images\/"},"modified":"2025-10-20T10:41:51","modified_gmt":"2025-10-20T10:41:51","slug":"metaphorical-cards-its-in-me-male-images","status":"publish","type":"product","link":"https:\/\/shercards.com\/et\/toode\/metaphorical-cards-its-in-me-male-images\/","title":{"rendered":"Metafoorilised kaardid \u201cSee on minus. Meeste pildid\u201d"},"content":{"rendered":"<p>Saate osta kaks &quot;It&#039;s in Me&quot; tekki (meeste ja naiste) komplektina soodsa hinnaga. Nende pakkide kaarte saab kombineerida, mis v\u00f5imaldab nende funktsionaalsust laiendada.<br \/>Teki autor: ps\u00fchholoog ja h\u00fcpnoterapeut Anastasia Kolendo-Smirnova.<br \/> Kunstnik: Natalja T\u0161ernjavskaja.<br \/>Sisu: <\/p>\n<ul>\n<li>90 kaarti<\/li>\n<li>juhised harjutustega<\/li>\n<li>Pakend: tihe karp.<\/li>\n<\/ul>\n<p> Metafoorsete kaartide pakk \u201cSee on minus. Male Images\u201d on j\u00e4tk naistega t\u00f6\u00f6tamiseks m\u00f5eldud \u201eIt&#039;s in Me\u201d tekile ning on ka iseseisev tekk meestega t\u00f6\u00f6tamiseks.<br \/>Samuti on tekki lihtne kombineerida mis tahes MAC-iga ja seda saab kasutada assotsiatiivsete metafoorsete kaartidega t\u00f6\u00f6tamisel kasutatavate klassikaliste standardtehnikatega.<br \/>Tekk v\u00f5imaldab teil: <\/p>\n<ul>\n<li>s\u00f5nastage selgelt kliendi soov ja seadke teraapia eesm\u00e4rk;<\/li>\n<li>probleemi lahendamisel liikuma;<\/li>\n<li>anal\u00fc\u00fcsida ja n\u00e4idata suunda t\u00f6\u00f6s ps\u00fchhosomaatiliste h\u00e4iretega;<\/li>\n<li>j\u00e4lgida ja ravida h\u00e4vitavaid m\u00f5tteid ja tegusid;<\/li>\n<li>t\u00f6\u00f6tada sisekonfliktidega ja \u00fchtlustada subisiksuste vahelisi interaktsioone.<\/li>\n<\/ul>\n<p> HARJUTUS. ESIMENE KONSULTATSIOON<br \/>See harjutus aitab s\u00f5nastada taotluse ja m\u00e4\u00e4rata teraapia eesm\u00e4rgi. <\/p>\n<li>Kliendil palutakse valida \u201ctorso\u201d kaart esik\u00fcljega \u00fclespoole, vastates k\u00fcsimustele: \u201cMis minu sees toimub? Kuidas ma end tunnen?\u201d<\/li>\n<li>J\u00e4rgmiseks pakuvad nad ka avalikult valida \u201cjalad\u201d, mis kirjeldavad asjade seisu sellel eluperioodil: \u201cKuidas ma n\u00fc\u00fcd jalgadel seisan?\u201d<\/li>\n<li>Seej\u00e4rel valib klient \u201cpeadest\u201d vastuse k\u00fcsimusele: \u201cMida ma sellest arvan? Mis m\u00f5tted mul selle olukorra kohta on?\u201d<\/li>\n<li>Selliselt kokku pandud probleemsituatsioonis oleva inimese metafoorne portree arutatakse seej\u00e4rel koos ps\u00fchholoogiga, selgitatakse vajalikku teavet.<\/li>\n<li>J\u00e4rgmiseks toiminguks on \u2013 ka avalikult \u2013 endast soovitud kuvandi kujundamine p\u00e4rast selle probleemi lahendamist, mida anal\u00fc\u00fcsitakse ja muudatuste keskkonnas\u00f5bralikkust kontrollitakse.<\/li>\n<li>J\u00e4rgmisena kogutakse nende portreede vahele pilt, mis ootab inimest tulevikus, kui ta midagi ette ei v\u00f5ta ja arutletakse. M\u00f5nikord motiveerib see pilt klienti tegutsema ja m\u00f5nikord n\u00e4itab see, et midagi hullu ei juhtu ja annab hetkeolukorra suhtes rahuliku tunde.<\/li>\n<li>J\u00e4rgmisena m\u00e4\u00e4ratakse sammud soovitud pildi saavutamiseks ja planeeritakse ravi.<\/li>\n<p> HARJUTUS. T\u00d6\u00d6 PS\u00dcHHOSOMAATIKAGA<br \/>Aitab uurida s\u00fcmptomi ps\u00fchholoogilisi p\u00f5hjuseid ja visandada tee ps\u00fchhosomaatilisest h\u00e4irest vabanemiseks. Kliendil palutakse leida avatud kaartide hulgast pilt kehapiirkonnast, kus s\u00fcmptom avaldub, objekt, mis peegeldab metafooriliselt kehas esinevaid aistinguid. J\u00e4rgmisena anal\u00fc\u00fcsitakse k\u00fcsimuste abil selle metafoorse kujundi seost kliendi elusituatsiooniga. Seej\u00e4rel palutakse teil leida pilt sellest, mis eelnes selle s\u00fcmptomi ilmnemisele. Kuna haigus on v\u00f5imas signaal, eelneb sellele tavaliselt j\u00e4rjekordne probleemide esilekutsuja inimese emotsionaalses sf\u00e4\u00e4ris. See on selle metafooriline t\u00e4hendus, mida meil palutakse leida. Nii saavad nad teada, millega ps\u00fc\u00fchika toime ei tulnud, ja \u201cl\u00fclitasid sisse\u201d keha abi. J\u00e4rgmisena m\u00e4\u00e4ratakse ravi sammud probleemi lahendamiseks, mis oli s\u00fcmptomi esilekutsuja.<br \/>T\u00d6\u00d6N\u00c4IDE #1<br \/>Kliendil on jalavalu. Ta valib avatud pildi, kus raskus on tema jalgade k\u00fclge seotud. Arutelu k\u00e4igus selgub, et klient kogeb raskustunnet jalas, j\u00e4ikust, liikumisv\u00f5imetust. T\u00f5lgime selle metafoori \u00fcmber kliendi tegelikus elusituatsioonis toimuvaks: \u201eMis v\u00f5i kes sulle survet avaldab? Kes v\u00f5i mis on teid aheldanud ja mille k\u00fclge olete oma elus aheldatud?&quot; jne J\u00e4rgmiseks palutakse teil valida, mis eelnes valu ilmnemisele teie jalas: \u201eKui jalg teid ei h\u00e4irinud, siis mis teiega emotsionaalselt juhtus? Milliseid tundeid ja m\u00f5tteid kogesite enne s\u00fcmptomi ilmnemist? Klient valib pildi &quot;torso&quot;, kus on palju k\u00e4si, selgitades seda seisundit sellega, et ta haaras k\u00f5igest kinni ega \u00f5nnestunud. Seda tingimust saaks \u201clahendada\u201d \u201cpeatumise\u201d, \u201craskuste piiramise\u201d abil.nbsp;J\u00e4rgmisena arutleb klient t\u00e4psemalt, mida ta sel perioodil t\u00e4pselt teha \u00fcritas, mis ei \u00f5nnestunud ja miks. Teraapia algab t\u00e4pselt selle seisundi lahendamisest, k\u00f5ige &quot;riiulitele&quot; asetamisest, eesm\u00e4rkide seadmisest, hirmude eemaldamisest ja ressursside leidmisest.<br \/>T\u00d6\u00d6N\u00c4IDE #2<\/p>\n<p> Klient kaebab k\u00f5huvalu. Valib kaardi, mille kehas on \u00e4mblik. Ta kirjeldab seda seisundit nii, nagu oleks sees t\u00fckk, mis teda seestpoolt \u00f5gib. J\u00e4rgmiseks palume teil valida kaardi selle kohta, mida inimene koges oma elus enne s\u00fcmptomi ilmnemist. Klient \u00fctleb, et see oli selline igatsus s\u00fcdames, sama \u00e4mblikuv\u00f5rk, kui abielu purunes. Edasi p\u00f5hineb teos tunnetel lahutuse, komplekside, hirmude, hoiakute, prognooside ja isiklike suhetega seotud stsenaariumidel.<\/p>","protected":false},"excerpt":{"rendered":"<p>Saate osta kaks &quot;It&#039;s in Me&quot; tekki (meeste ja naiste) komplektina soodsa hinnaga. Kaardid alates<\/p>","protected":false},"featured_media":1255,"comment_status":"open","ping_status":"open","template":"","meta":[],"product_brand":[],"product_cat":[22],"product_tag":[],"class_list":{"0":"post-1254","1":"product","2":"type-product","3":"status-publish","4":"has-post-thumbnail","6":"product_cat-womens-mens","8":"first","9":"outofstock","10":"purchasable","11":"product-type-simple"},"_links":{"self":[{"href":"https:\/\/shercards.com\/et\/wp-json\/wp\/v2\/product\/1254","targetHints":{"allow":["GET"]}}],"collection":[{"href":"https:\/\/shercards.com\/et\/wp-json\/wp\/v2\/product"}],"about":[{"href":"https:\/\/shercards.com\/et\/wp-json\/wp\/v2\/types\/product"}],"replies":[{"embeddable":true,"href":"https:\/\/shercards.com\/et\/wp-json\/wp\/v2\/comments?post=1254"}],"wp:featuredmedia":[{"embeddable":true,"href":"https:\/\/shercards.com\/et\/wp-json\/wp\/v2\/media\/1255"}],"wp:attachment":[{"href":"https:\/\/shercards.com\/et\/wp-json\/wp\/v2\/media?parent=1254"}],"wp:term":[{"taxonomy":"product_brand","embeddable":true,"href":"https:\/\/shercards.com\/et\/wp-json\/wp\/v2\/product_brand?post=1254"},{"taxonomy":"product_cat","embeddable":true,"href":"https:\/\/shercards.com\/et\/wp-json\/wp\/v2\/product_cat?post=1254"},{"taxonomy":"product_tag","embeddable":true,"href":"https:\/\/shercards.com\/et\/wp-json\/wp\/v2\/product_tag?post=1254"}],"curies":[{"name":"wp","href":"https:\/\/api.w.org\/{rel}","templated":true}]}}