{"id":1267,"date":"2024-08-04T12:55:56","date_gmt":"2024-08-04T12:55:56","guid":{"rendered":"https:\/\/shercards.com\/index.php\/product\/metaphorical-associative-cards-womans-path\/"},"modified":"2025-10-20T10:41:51","modified_gmt":"2025-10-20T10:41:51","slug":"metaphorical-associative-cards-womans-path","status":"publish","type":"product","link":"https:\/\/shercards.com\/et\/toode\/metaphorical-associative-cards-womans-path\/","title":{"rendered":"Metafoorsed assotsiatiivsed kaardid \u201cNaise tee\u201d"},"content":{"rendered":"<p><strong>Autor, kunstnik: <\/strong>Maria Volo\u0161ina<br \/>Arhet\u00fc\u00fcpsed kaardid \u201cNaise tee\u201d on teejuhiks naise alateadvuse lab\u00fcrintidesse. Need aitavad avastada ja tugevdada oma p\u00f5lise naise arhet\u00fc\u00fcpi, kuidas aktsepteerida ja teadlikult j\u00e4rgida oma sisetunnet, \u00fchtlustada oma eluvaldkondi ja leida vastuseid k\u00fcsimustele.<br \/> Selle tekiga t\u00f6\u00f6tades saate aru, kes te tegelikult olete ja milline te tegelikult olete. Tegelikult, kui soovite, leiate p\u00e4rast k\u00f5igi sammude l\u00e4bimist oma naiseliku identiteedi ja terviklikkuse.<br \/> See pakk on samanimelise m\u00e4ngu aluseks ning vastuste otsimisse ja oma tee rajamisse t\u00e4ielikuks sukeldumiseks on soovitatav neid kaarte kasutades l\u00e4bida m\u00e4ng \u201cNaise tee\u201d.<br \/><strong >MAC \u201cThe Way of a Woman\u201d komplekt:<br \/> <\/br><\/strong>nbsp;\u25aa\ufe0fmetafoorsed kaardid (90 tk, suurus 74*105 mm);<br \/> \u25aa\ufe0fjuhendid koos tehnikatega.<br \/><strong>nbsp ;<\/strong><strong>Kasutage valikuid:<\/strong> <\/p>\n<ul>\n<li>Mooni saab kasutada enda leidmise, identiteedi leidmise, ressursside otsimise, soovide elluviimisega seotud p\u00e4ringutes;<\/li>\n<li >Mac t\u00f6\u00f6tab naiselikkuse ja seksuaalsuse teemadel;<\/li>\n<li>V\u00f5imaldab kaaluda ka k\u00fcsimusi \u00e4revuse, hirmude, kriiside \u00fcle elamise ja elumuutuste kohta.<\/li>\n<li>MAC-i saab kasutada mis tahes transformatsioonim\u00e4ngudes, koolitustel, seminaridel;<\/li>\n<li>Ka n\u00f5ustamises ja iseendaga t\u00f6\u00f6tamiseks.<\/li>\n<\/ul>\n<p> Arhet\u00fc\u00fcpsed kaardid \u201cNaise tee\u201d on lugu naise eluetappidest, tema unistustest, soovidest ning naiseliku j\u00f5u ja tarkuse \u00e4rkamisest, salap\u00e4rase sideme ja s\u00f5pruse avastamisest Kuuga, avastamisest ja vastuv\u00f5tmisest. oma naiselikke k\u00fclgi ja nende integreerimist oma ellu.<br \/><strong>K\u00fcsimused, mida tekk aitab lahendada:<\/strong> <\/p>\n<ul>\n<li>Kuidas end laadida ja energiaga t\u00e4ita?<\/li>\n<li>Mis aitab mul avastada oma naiselikkust ja seksuaalsust?<\/li>\n<li>Milliseid vahendeid vajan rahalise k\u00fclluse tagamiseks?<\/li>\n<li>Milliseid ressursse on mul loominguliseks inspiratsiooniks vaja?<\/li>\n<p> li&gt; <\/p>\n<li>Mis on minu naiselik tee?<\/li>\n<li>Mis on minu naiselik arhet\u00fc\u00fcp ja kuidas see mind aitab?<\/li>\n<\/ul>\n<p> Soovitatav kasutada transformatsioonim\u00e4ngudega t\u00f6\u00f6tamisel: \u201cNaise tee\u201d, \u201cParim minus\u201d, \u201cProFood Slaves. Tee saleduse poole\u201c ja teki \u201eParim minus. K\u00fcsimused naise elu kohta. <\/br><\/br><\/p>","protected":false},"excerpt":{"rendered":"<p>Autor, kunstnik: Maria VoloshinaArhet\u00fc\u00fcpsed kaardid \u201cNaise tee\u201d on teejuht naise alateadvuse lab\u00fcrintidesse.<\/p>","protected":false},"featured_media":1268,"comment_status":"open","ping_status":"open","template":"","meta":[],"product_brand":[],"product_cat":[22],"product_tag":[],"class_list":{"0":"post-1267","1":"product","2":"type-product","3":"status-publish","4":"has-post-thumbnail","6":"product_cat-womens-mens","8":"first","9":"outofstock","10":"purchasable","11":"product-type-simple"},"_links":{"self":[{"href":"https:\/\/shercards.com\/et\/wp-json\/wp\/v2\/product\/1267","targetHints":{"allow":["GET"]}}],"collection":[{"href":"https:\/\/shercards.com\/et\/wp-json\/wp\/v2\/product"}],"about":[{"href":"https:\/\/shercards.com\/et\/wp-json\/wp\/v2\/types\/product"}],"replies":[{"embeddable":true,"href":"https:\/\/shercards.com\/et\/wp-json\/wp\/v2\/comments?post=1267"}],"wp:featuredmedia":[{"embeddable":true,"href":"https:\/\/shercards.com\/et\/wp-json\/wp\/v2\/media\/1268"}],"wp:attachment":[{"href":"https:\/\/shercards.com\/et\/wp-json\/wp\/v2\/media?parent=1267"}],"wp:term":[{"taxonomy":"product_brand","embeddable":true,"href":"https:\/\/shercards.com\/et\/wp-json\/wp\/v2\/product_brand?post=1267"},{"taxonomy":"product_cat","embeddable":true,"href":"https:\/\/shercards.com\/et\/wp-json\/wp\/v2\/product_cat?post=1267"},{"taxonomy":"product_tag","embeddable":true,"href":"https:\/\/shercards.com\/et\/wp-json\/wp\/v2\/product_tag?post=1267"}],"curies":[{"name":"wp","href":"https:\/\/api.w.org\/{rel}","templated":true}]}}