{"id":1344,"date":"2024-08-04T13:03:32","date_gmt":"2024-08-04T13:03:32","guid":{"rendered":"https:\/\/shercards.com\/index.php\/product\/metaphorical-associative-cards-womens-stories\/"},"modified":"2024-09-10T11:35:28","modified_gmt":"2024-09-10T11:35:28","slug":"metaphorical-associative-cards-womens-stories","status":"publish","type":"product","link":"https:\/\/shercards.com\/et\/toode\/metaphorical-associative-cards-womens-stories\/","title":{"rendered":"Metafoorsed assotsiatiivsed kaardid \u201cNaiste lood\u201d"},"content":{"rendered":"<p>Autorid: <\/p>\n<ul>\n<li>Ulyana Alliance \u2013 ps\u00fchholoog, professionaalne treener ICU, m\u00e4ngupraktika kooli #AlivePlaying juht, t-m\u00e4ngude autor.<\/li>\n<li>Yana Aisman \u2013 ps\u00fchholoog, muinasjututerapeut, kirjanik<\/li>\n<\/ul> Kunstnikud: Julia Dotsenko, nbsp; Kristina Anyutina-Vasilchenko<br \/>Metafoorsete assotsiatiivsete kaartide pakk \u201cNaiste lood\u201d, nbsp; m\u00f5eldud ps\u00fchholoogidele, treeneritele, naiste treeneritele, aga ka paljudele naistele, kes seavad endale \u00fclesandeks paremini m\u00f5ista ennast ja \u00fcmbritsevaid naisi.<br \/>T\u00f6\u00f6tamisel saab seda tekki kasutada ps\u00fchhodiagnostika, n\u00f5uande- v\u00f5i korrigeerimisvahendina. nbsp;See p\u00f5hineb ps\u00fchholoogi ja muinasjututerapeudi Jana Eismanni kahel terapeutilisel raamatul.<br \/> See on p\u00fchendatud kahele olulisele rollile naise elus: t\u00fcdruku ja ema (hooliva t\u00e4iskasvanu) rollile.<br \/>Sisu: <\/p>\n<ul>\n<li>41 kaarti t\u00fcdrukud<\/li>\n<li>37 emakaarti<\/li>\n<\/ul>\n<p> Pakis on 78 kahepoolset kaarti, mis kujutavad metafooriliselt naise 2 peamist ilmingut <\/p>\n<li>Sisemine t\u00fcdruk<\/li>\n<li>Hooliv hooliv t\u00e4iskasvanu&lt;\/li&gt; \u00fchelt poolt ja metafoorsed s\u00f5numid teiselt poolt.<br \/> Iga kaardi s\u00f5num nbsp; tungib s\u00fcgavale ja p\u00f6\u00f6rab inimese tema sisemaailma. Akvarellillustratsioonid paljastavad peenelt ja m\u00e4rkamatult emotsioone, kujundeid ja seisundeid, mis on naise jaoks parasjagu olulised realiseerimiseks ja l\u00e4bielamiseks.<br \/>Tekki saab kasutada ka vanemliku stsenaariumiga t\u00f6\u00f6tamiseks.nbsp; Ema vastu suunatud kaebuste ja kaebuste \u00fcmberkujundamine jms.<br \/>Peamine terapeutiline efekt saavutatakse siis, kui klient t\u00f6\u00f6tab korraga m\u00f5lema tekiosaga, hakates eraldama soove, emotsioone, lapsikuid ja vanemlikke stsenaariume. Seega on tal v\u00f5imalus kuulda oma t\u00e4iskasvanud osa \u201ch\u00e4\u00e4lt\u201d.<strong>nbsp;<\/strong><br \/><strong>N\u00e4ited harjutustest metafoorsete assotsiatiivsete kaartidega t\u00f6\u00f6tamisel.<br \/> <\/br><\/strong> Kaartidega t\u00f6\u00f6tamiseks on mitu v\u00f5imalust:\n<ul>\n<li>T\u00f6\u00f6tage avatult (VO). Klient valib kaardipakki l\u00e4bides kaardi, mis trikile (kaardi p\u00e4ring v\u00f5i k\u00fcsimus) k\u00f5ige enam vastab. Sellise t\u00f6\u00f6 k\u00e4igus saab klient rohkem arusaamist sellest, kuidas ta olukorda n\u00e4eb ja t\u00f5lgendab.<\/li>\n<li>T\u00f6\u00f6 suletud nbsp-s; (VZ). Klient t\u00f5mbab pilti vaatamata v\u00e4lja kaardi v\u00f5i kaardid nagu kogemata. Samal ajal v\u00f5ib kaart n\u00e4idata ootamatut s\u00fc\u017eeed ja paljastada fookuse ootamatu nurga alt. P\u00e4rast seda kirjeldab ta pildil n\u00e4htut, r\u00e4\u00e4gib assotsiatsioonidest, mis tal selle v\u00f5i nende kaartidega t\u00f6\u00f6tades tekivad.<\/li>\n<li>T\u00f6\u00f6s saab kasutada nii juhendis v\u00e4lja pakutud valmisskeeme kui ka iga spetsialisti loomingulisi otsuseid. See kaardikomplekt t\u00f6\u00f6tab k\u00f5igi &quot;naiselike&quot; \u00fclesannetega.<\/li>\n<\/ul>\n<p> N\u00e4ited tehnikatest konsultantidele<br \/><strong>Hoolitse enda eest.<\/strong> <\/p>\n<li>Joonistage kaarte vastavalt skeemile, esitades k\u00fcsimusi.&lt;\/li&gt;\n<li>VZ valgest osast: Millise varanduse tahaksid endale praegu s\u00e4\u00e4sta? Mis on teie jaoks selles olekus v\u00e4\u00e4rtuslik? Kas see vajab kaitset?<\/li>\n<li>POI sireli osast: millised teie emotsioonid aitavad teie hingeseisundit kaitsta? Mida olete valmis maailmale n\u00e4itama?<\/li>\n<li>HP valgest osast: mis aitab teil enda eest hoolitsemise juurde tagasi p\u00f6\u00f6rduda?<\/li>\n<li>POI sireliosast. S\u00f5num: Milliseid s\u00f5nu on teie Hinge jaoks oluline kuulda, et te m\u00e4letaksite ennast?<\/li>\n<li>OT sireliosast: milline osa sinust saab sind kaitsta? Kus see teie elus toimub? Mida soovib teie t\u00e4iskasvanud osa teile edasi anda (Siin saate kaardi \u00fcmber p\u00f6\u00f6rata)<\/li>\n<p><strong>Kus sa oled, kallis? \u2013 tehnika oma sisemise t\u00fcdruku leidmiseks.<\/strong> <\/p>\n<li>V\u00f5ib kasutada elur\u00f5\u00f5mu kaotuse, igavuse, monotoonsuse olukordades.<\/li>\n<li>VO sireli osast: Mis olek on praegu k\u00f5ige aktuaalsem? Leia ta \u00fcles. Mis emaga toimub? Milline ta on? Mida ta tahab?<\/li>\n<li>OT-s v\u00f5tame sireliosast v\u00e4lja 3 s\u00f5numit: Millele tasuks praegu k\u00f5ige rohkem t\u00e4helepanu p\u00f6\u00f6rata? Millistele k\u00fcsimustele peaksite vastama, et kohtuda oma sisemise lapsega?<\/li>\n<li>VZ sireliosast: millised vahendid on t\u00e4iskasvanute osal n\u00fc\u00fcd teie sisemise lapsega kohtumiseks?<\/li>\n<li>VZ valgest osast v\u00f5tame v\u00e4lja S\u00f5numi: Mis on k\u00f5ige olulisem s\u00f5num, mille t\u00e4iskasvanud osa sinust praegu oma lapsele edastada saab? Kuidas see reageerib? Kus on sellel elus koht?<\/li>\n<li>P\u00e4rast eelmise k\u00fcsimuse arutamist soovitame lapse olekuga tutvumiseks \u00fcmber p\u00f6\u00f6rata kaart s\u00f5numiga: \u00d5pime tundma oma sisemist last? Milline ta on? Kuidas tema elu l\u00e4heb? Mida ta tahab? Mida ta sulle \u00f6elda tahab?<\/li>\n<p> <strong>T\u00f5elised soovid.<\/strong><br \/> Sellel tehnikal on tohutult palju variatsioone. Seet\u00f5ttu esitame teile ainult idee.<br \/> Avatud v\u00f5i suletud, leiame ema soovid ja v\u00e4ikese t\u00fcdruku ihad kahe alamisiksusena, kes soovivad kliendi sisemaailmas erinevaid asju. Uurige vastuolusid ja sarnasusi. Siin t\u00f6\u00f6tame ainult piltidega. Ja kui selgitusprotsess on l\u00f5ppenud, pakkuge v\u00e4lja &quot;t\u00e4iskasvanud kliendi&quot; t\u00f5elised soovid. Ja siin saate t\u00f6\u00f6tada s\u00f5numitega.<br \/><strong>N\u00e4ited isiklikuks kasutamiseks m\u00f5eldud tehnikatest:<\/strong> <\/p>\n<li>P\u00e4evaks valmistumine. Valige, milliste oma osade (laste \u2013 valge, vanemate \u2013 lilla) peal soovite p\u00e4eva veeta. T\u00f5mmake pilt valitud osast suletud (EC) kujutisse v\u00e4lja. Pakkige enda jaoks lahti selle t\u00e4hendus. P\u00e4eva l\u00f5pus keerake kaart \u00fcmber ja lugege s\u00f5num l\u00e4bi. Pakkige enda jaoks lahti selle t\u00e4hendus. \u00dchendage kujundlikud ja tekstilised s\u00f5numid. Otsige sealt ressursse. Vajadusel saab enne kaardi joonistamist esitada lisafookuse (k\u00fcsimuse).<\/li>\n<li>Kirjutage oma lugu. Valige teema, mida soovite uurida. Valige mis tahes pakist 5-7 kaarti ja proovige jutustada muinasjuttu, alustades s\u00f5nadega &quot;Elas kord t\u00fcdruk&quot; v\u00f5i &quot;Elas kord ema.&quot; Olenevalt sellest, kas v\u00f5tsid v\u00e4lja esimese sireli v\u00f5i valge kaardi.<br \/> Saate oma s\u00f5prade seas kasutada m\u00f5nda neist tehnikatest ja teie kohtumine muutub unustamatuks ja s\u00fcgavaks.<\/br><\/li>\n<p> <\/br><\/br><\/p>","protected":false},"excerpt":{"rendered":"<p>Autorid: Ulyana Alliance \u2013 ps\u00fchholoog, professionaalne treener ICU, m\u00e4ngupraktika kooli #AlivePlaying juht, t-m\u00e4ngude autor. Yana<\/p>","protected":false},"featured_media":1345,"comment_status":"open","ping_status":"open","template":"","meta":[],"product_brand":[],"product_cat":[22],"product_tag":[],"class_list":{"0":"post-1344","1":"product","2":"type-product","3":"status-publish","4":"has-post-thumbnail","6":"product_cat-womens-mens","8":"first","9":"instock","10":"purchasable","11":"product-type-simple"},"_links":{"self":[{"href":"https:\/\/shercards.com\/et\/wp-json\/wp\/v2\/product\/1344","targetHints":{"allow":["GET"]}}],"collection":[{"href":"https:\/\/shercards.com\/et\/wp-json\/wp\/v2\/product"}],"about":[{"href":"https:\/\/shercards.com\/et\/wp-json\/wp\/v2\/types\/product"}],"replies":[{"embeddable":true,"href":"https:\/\/shercards.com\/et\/wp-json\/wp\/v2\/comments?post=1344"}],"wp:featuredmedia":[{"embeddable":true,"href":"https:\/\/shercards.com\/et\/wp-json\/wp\/v2\/media\/1345"}],"wp:attachment":[{"href":"https:\/\/shercards.com\/et\/wp-json\/wp\/v2\/media?parent=1344"}],"wp:term":[{"taxonomy":"product_brand","embeddable":true,"href":"https:\/\/shercards.com\/et\/wp-json\/wp\/v2\/product_brand?post=1344"},{"taxonomy":"product_cat","embeddable":true,"href":"https:\/\/shercards.com\/et\/wp-json\/wp\/v2\/product_cat?post=1344"},{"taxonomy":"product_tag","embeddable":true,"href":"https:\/\/shercards.com\/et\/wp-json\/wp\/v2\/product_tag?post=1344"}],"curies":[{"name":"wp","href":"https:\/\/api.w.org\/{rel}","templated":true}]}}