{"id":1348,"date":"2024-08-04T13:03:32","date_gmt":"2024-08-04T13:03:32","guid":{"rendered":"https:\/\/shercards.com\/index.php\/product\/metaphorical-cards-deck-of-femininity\/"},"modified":"2025-10-20T10:41:50","modified_gmt":"2025-10-20T10:41:50","slug":"metaphorical-cards-deck-of-femininity","status":"publish","type":"product","link":"https:\/\/shercards.com\/et\/toode\/metaphorical-cards-deck-of-femininity\/","title":{"rendered":"Metafoorilised kaardid &quot;Naiselikkuse tekk&quot;"},"content":{"rendered":"<p>Teki autorid: <\/p>\n<ul>\n<li>Olga No\u017enina (K\u00fcpros), \u00e4ritreener, coach (ECF) ja kunstiterapeut (Peterburi s\u00fcvaps\u00fchholoogia instituut). MBA avatud \u00fclikool Suurbritannias, Moskva Riikliku \u00dclikooli avaliku halduse teaduskond.<\/li>\n<li>Ekaterina Khokhlova (Venemaa), praktiseeriv coach (Peterburi Coaching Institute), \u00e4ritreener, kunstiterapeut. Diplomeeritud logoterapeut, Viktor Frankl Institut Wien.<\/li>\n<\/ul>\n<p> Teki loomisel kasutati konsultatsioone ps\u00fchholoog Victoria Granovskajaga.<br \/>Pildid: Tekk p\u00f5hineb kunstnik Alla Bushina maalidel.<br \/>Sisaldab: <\/p>\n<ul>\n<li> 52 kaarti, kahepoolsed kaardid (suurus 9*13), \u00fchel pool k\u00fcsimus, teisel pilt.<\/li>\n<li>1 juhiste kaart.<\/li>\n<li>Pakend \u2013 linane kott.<\/li>\n<\/ul>\n<p> Naiselikkuse tekk avab ukse isiklike emotsioonide, kogemuste, tunnete ja unistuste maailma. \u00dchelt poolt on 52 s\u00fcgavat k\u00fcsimust selle kohta, mis on iga naise jaoks t\u00f5eliselt oluline: naiseliku printsiibi paljastamise kohta, oma ilu \u00e4ratundmise kohta, m\u00f5istmise kohta, kes on naine ja kes on naine iseendas. Seevastu on 52 kaunist leidlikku kunstipilti, mis aktiveerivad kujutlusv\u00f5imet ja arendavad loovat m\u00f5tlemist.<br \/> Tekk sobib suurep\u00e4raselt naistele, kes soovivad tegeleda eneseavastamisega ja end tundma \u00f5ppida. Tekiga iseseisvaks t\u00f6\u00f6tamiseks ei pea teil olema ps\u00fchholoogilist eriharidust. Teki formaat v\u00f5imaldab seda teele v\u00f5i reisile kaasa v\u00f5tta. Professionaalsete ps\u00fchholoogide koostatud ebatavalised reklaamik\u00fcsimused aitavad teil m\u00f5elda, m\u00f5ista, m\u00f5tiskleda, p\u00fchendada aega iseendale. Tekki saab t\u00f5husalt kasutada intuitsiooni arendamiseks, m\u00f5istmiseks ja enese muutmiseks.<br \/>Naiselikkuse tekki saab kasutada grupi- ja individuaaln\u00f5ustamisel kunstiteraapia meetodeid kasutades, coachingus, transformatsioonim\u00e4ngudes ning naiste r\u00fchmatreeningutes. Tekk on rakendatav narratiivse l\u00e4henemisviisiga t\u00f6\u00f6tamisel.<br \/>Kuidas seda tekki kasutada?<br \/>Harjutus 1. Minu p\u00e4evak\u00fcsimus<br \/>Asetage kaardid oma voodi l\u00e4hedale ja leidke hommikul 5 minutit \u00fchele k\u00fcsimusele vastamiseks.<br \/>Harjutus 2. Minu parim versioon <\/p>\n<li>Esitage k\u00fcsimus: Mida t\u00e4pselt peaksin endas arendama?<\/li>\n<li>Otsustage ise, kuidas soovite kaarti t\u00f5mmata: juhuslikult v\u00f5i avatult.<\/li>\n<li>Joonista 1 pildikaart. Vaata seda.<\/li>\n<li>Mis tunne sul seda pilti vaadates on?<\/li>\n<li>Kas teile meeldib see pilt? Kui jah, siis miks? Kui ei, siis miks mitte?<\/li>\n<li>Mida selle pildi v\u00e4rvid sulle \u00fctlevad?<\/li>\n<li>Mis oli esimene m\u00f5te, mis sulle seda pilti vaadates p\u00e4he tuli?<\/li>\n<li>Andke sellele pildile nimi.<\/li>\n<li>Saate teha telefonis olevast kaardist foto, et meenutada, mida peate oma ellu tooma.<\/li>\n<p> Harjutus 3. V\u00f5imu koht <\/p>\n<li>Esitage k\u00fcsimus: kus ma end k\u00f5ige rohkem tunnen? mugav? Sulgege silmad ja l\u00f5dvestage. M\u00f5elge oma vastusele. Seej\u00e4rel k\u00fcsige kaartidelt vihjet.<\/li>\n<li>Asetage kaardid \u00fclespoole, t\u00f5mmake v\u00e4lja \u00fcks kaart, mis meelitab k\u00f5ige rohkem.<\/li>\n<li>Vaadake seda hoolikalt.<\/li>\n<li>P\u00fc\u00fcdke meeles pidada ja kogeda emotsioone \u00f5nne, armastust, mugavust jne, mis on seotud selle koha, tegevuse, inimeste, asjadega.<\/li>\n<p> Harjutus 4. R\u00f5\u00f5muhetked <\/p>\n<li>Esitage k\u00fcsimus: Mis v\u00f5ib mind siin ja praegu r\u00f5\u00f5muga t\u00e4ita?<\/li>\n<li>Otsustage ise, kuidas soovite kaarti valida: juhuslikult v\u00f5i avalikult. T\u00f5mmake v\u00e4lja 1 pildikaart, vaadake seda hoolikalt.<\/li>\n<li>P\u00f6\u00f6rake k\u00fcsimuse poole. Sellele vastates proovige oma r\u00f5\u00f5muhetkede nimekirja t\u00e4iendada.<\/li>\n<li>Koguge kokku oma r\u00f5\u00f5muhetked.<\/li>","protected":false},"excerpt":{"rendered":"<p>Teki autorid: Olga No\u017enina (K\u00fcpros), \u00e4ritreener, treener (ECF) ja kunstiterapeut (St. Ps\u00fchholoogia Instituut).<\/p>","protected":false},"featured_media":1349,"comment_status":"open","ping_status":"open","template":"","meta":[],"product_brand":[],"product_cat":[22],"product_tag":[],"class_list":{"0":"post-1348","1":"product","2":"type-product","3":"status-publish","4":"has-post-thumbnail","6":"product_cat-womens-mens","8":"first","9":"outofstock","10":"product-type-simple"},"_links":{"self":[{"href":"https:\/\/shercards.com\/et\/wp-json\/wp\/v2\/product\/1348","targetHints":{"allow":["GET"]}}],"collection":[{"href":"https:\/\/shercards.com\/et\/wp-json\/wp\/v2\/product"}],"about":[{"href":"https:\/\/shercards.com\/et\/wp-json\/wp\/v2\/types\/product"}],"replies":[{"embeddable":true,"href":"https:\/\/shercards.com\/et\/wp-json\/wp\/v2\/comments?post=1348"}],"wp:featuredmedia":[{"embeddable":true,"href":"https:\/\/shercards.com\/et\/wp-json\/wp\/v2\/media\/1349"}],"wp:attachment":[{"href":"https:\/\/shercards.com\/et\/wp-json\/wp\/v2\/media?parent=1348"}],"wp:term":[{"taxonomy":"product_brand","embeddable":true,"href":"https:\/\/shercards.com\/et\/wp-json\/wp\/v2\/product_brand?post=1348"},{"taxonomy":"product_cat","embeddable":true,"href":"https:\/\/shercards.com\/et\/wp-json\/wp\/v2\/product_cat?post=1348"},{"taxonomy":"product_tag","embeddable":true,"href":"https:\/\/shercards.com\/et\/wp-json\/wp\/v2\/product_tag?post=1348"}],"curies":[{"name":"wp","href":"https:\/\/api.w.org\/{rel}","templated":true}]}}