{"id":1351,"date":"2024-08-04T13:03:32","date_gmt":"2024-08-04T13:03:32","guid":{"rendered":"https:\/\/shercards.com\/index.php\/product\/projective-cards-for-serious-decisions-everything-about-him\/"},"modified":"2025-10-20T10:41:50","modified_gmt":"2025-10-20T10:41:50","slug":"projective-cards-for-serious-decisions-everything-about-him","status":"publish","type":"product","link":"https:\/\/shercards.com\/et\/toode\/projective-cards-for-serious-decisions-everything-about-him\/","title":{"rendered":"Projektiivsed kaardid t\u00f5siste otsuste tegemiseks \u201cK\u00f5ik temast\u201d"},"content":{"rendered":"<p>Autor: Camilla Kruger<br \/> Kunstnik: Olga Grablevskaja<br \/> Kirjastaja: Rech, 2019<br \/>Sisu: <\/p>\n<ul>\n<li>50 kaarti<\/li>\n<li>metoodiline juhend<\/li>\n<\/ul>\n<p> Projektiivsete kaartide komplekt \u201cK\u00f5ik temast\u201d on m\u00f5eldud ps\u00fchholoogi, treeneri, koolitaja individuaalseks ja r\u00fchmat\u00f6\u00f6ks. Selles esitatud mehepildid v\u00f5imaldavad projitseerida neile suure hulga probleeme, m\u00e4lestusi, hoiakuid ja kavatsusi. See t\u00e4hendab, et seda komplekti saab kasutada nii klientide sisemaailma kui ka nende inimestevaheliste suhete uurimiseks.<br \/> <\/br><\/br><\/p>","protected":false},"excerpt":{"rendered":"<p>Autor: Camilla Kruger Kunstnik: Olga Grablevskaya Kirjastaja: Rech, 2019Sisu: 50 kaarti metoodiline juhend Projektiivsete kaartide komplekt \u201cK\u00f5ik umbes<\/p>","protected":false},"featured_media":1352,"comment_status":"open","ping_status":"open","template":"","meta":[],"product_brand":[],"product_cat":[22],"product_tag":[],"class_list":{"0":"post-1351","1":"product","2":"type-product","3":"status-publish","4":"has-post-thumbnail","6":"product_cat-womens-mens","8":"first","9":"outofstock","10":"product-type-simple"},"_links":{"self":[{"href":"https:\/\/shercards.com\/et\/wp-json\/wp\/v2\/product\/1351","targetHints":{"allow":["GET"]}}],"collection":[{"href":"https:\/\/shercards.com\/et\/wp-json\/wp\/v2\/product"}],"about":[{"href":"https:\/\/shercards.com\/et\/wp-json\/wp\/v2\/types\/product"}],"replies":[{"embeddable":true,"href":"https:\/\/shercards.com\/et\/wp-json\/wp\/v2\/comments?post=1351"}],"wp:featuredmedia":[{"embeddable":true,"href":"https:\/\/shercards.com\/et\/wp-json\/wp\/v2\/media\/1352"}],"wp:attachment":[{"href":"https:\/\/shercards.com\/et\/wp-json\/wp\/v2\/media?parent=1351"}],"wp:term":[{"taxonomy":"product_brand","embeddable":true,"href":"https:\/\/shercards.com\/et\/wp-json\/wp\/v2\/product_brand?post=1351"},{"taxonomy":"product_cat","embeddable":true,"href":"https:\/\/shercards.com\/et\/wp-json\/wp\/v2\/product_cat?post=1351"},{"taxonomy":"product_tag","embeddable":true,"href":"https:\/\/shercards.com\/et\/wp-json\/wp\/v2\/product_tag?post=1351"}],"curies":[{"name":"wp","href":"https:\/\/api.w.org\/{rel}","templated":true}]}}