{"id":1487,"date":"2024-08-04T13:17:15","date_gmt":"2024-08-04T13:17:15","guid":{"rendered":"https:\/\/shercards.com\/index.php\/product\/metaphorical-cards-cards-of-sexuality-love-and-tenderness\/"},"modified":"2025-10-20T10:40:22","modified_gmt":"2025-10-20T10:40:22","slug":"metaphorical-cards-cards-of-sexuality-love-and-tenderness","status":"publish","type":"product","link":"https:\/\/shercards.com\/et\/toode\/metaphorical-cards-cards-of-sexuality-love-and-tenderness\/","title":{"rendered":"Metafoorsed kaardid \u201cSeksuaalsuse kaardid: armastus ja hellus\u201d"},"content":{"rendered":"<p>Autor: Chuck Spezzano, ps\u00fchholoogiadoktor, maailmakuulus ps\u00fchholoog, &quot;Arhet\u00fc\u00fcbid ja varjud&quot;, &quot;Edukaardid&quot;, &quot;Armastuse kaardid&quot; pakkide autor<br \/>Kunstnik: Petra Kuehne<br \/>Sisu: <\/p>\n<ul>\n<li>100 kaarti <\/li>\n<li>juhiste raamat<\/li>\n<\/ul>\n<p> \u201cSeksuaalsuse kaardid: armastus ja hellus\u201d mitte ainult ei aita teil orienteeruda suhete intiimsf\u00e4\u00e4ris, vaid v\u00f5imaldab teil vabaneda ka probleemidest, ebakindlusest ja ekslikest hoiakutest, mis teie soove alla suruvad. Sensuaalsed kunstipildid \u00e4ratavad teie emotsioone ja lisavad teie elule vaheldust.<br \/> N\u00e4ide k\u00fcljendusest raamatust komplekti \u201cSeksuaalsuse kaardid\u201d jaoks.<br \/>Millist rolli m\u00e4ngib seks sinu elus hetkel?<br \/>Eesm\u00e4rk: see tehnika paljastab teile midagi teie praeguse intiimse olukorra kohta ja n\u00e4itab teile, mis vajab paranemist ja \u00fcmberkujundamist.<br \/>Meetod:<br \/>T\u00f5mba kaardipakist kaart, mis iseloomustab sind seksivaldkonnas.<br \/>Joonista oma partnerile teine kaart (kui sul hetkel partnerit pole, joonista \u00fcldine kaart: millised partnerid sind potentsiaalselt k\u00f6idavad v\u00f5i millist partnerit sa vajad).<br \/>Joonista kolmas kaart, mis iseloomustab seksi enda ja partneri vahel v\u00f5i seksi \u00fcldiselt, kui sul pole parasjagu partnerit.<br \/>Lugege valitud kaartide kirjeldust.<br \/> <\/br><\/br><\/p>","protected":false},"excerpt":{"rendered":"<p>Autor: Chuck Spezzano, ps\u00fchholoogiadoktor, maailmakuulus ps\u00fchholoog, raamatute &quot;Arhet\u00fc\u00fcbid ja varjud&quot;, &quot;Edukaardid&quot;, &quot;Armastuskaardid&quot; autor. Kunstnik: Petra<\/p>","protected":false},"featured_media":1488,"comment_status":"open","ping_status":"open","template":"","meta":[],"product_brand":[],"product_cat":[24],"product_tag":[],"class_list":{"0":"post-1487","1":"product","2":"type-product","3":"status-publish","4":"has-post-thumbnail","6":"product_cat-relationships-sex-metaphorical-cards","8":"first","9":"outofstock","10":"purchasable","11":"product-type-simple"},"_links":{"self":[{"href":"https:\/\/shercards.com\/et\/wp-json\/wp\/v2\/product\/1487","targetHints":{"allow":["GET"]}}],"collection":[{"href":"https:\/\/shercards.com\/et\/wp-json\/wp\/v2\/product"}],"about":[{"href":"https:\/\/shercards.com\/et\/wp-json\/wp\/v2\/types\/product"}],"replies":[{"embeddable":true,"href":"https:\/\/shercards.com\/et\/wp-json\/wp\/v2\/comments?post=1487"}],"wp:featuredmedia":[{"embeddable":true,"href":"https:\/\/shercards.com\/et\/wp-json\/wp\/v2\/media\/1488"}],"wp:attachment":[{"href":"https:\/\/shercards.com\/et\/wp-json\/wp\/v2\/media?parent=1487"}],"wp:term":[{"taxonomy":"product_brand","embeddable":true,"href":"https:\/\/shercards.com\/et\/wp-json\/wp\/v2\/product_brand?post=1487"},{"taxonomy":"product_cat","embeddable":true,"href":"https:\/\/shercards.com\/et\/wp-json\/wp\/v2\/product_cat?post=1487"},{"taxonomy":"product_tag","embeddable":true,"href":"https:\/\/shercards.com\/et\/wp-json\/wp\/v2\/product_tag?post=1487"}],"curies":[{"name":"wp","href":"https:\/\/api.w.org\/{rel}","templated":true}]}}