{"id":1597,"date":"2024-08-04T13:27:38","date_gmt":"2024-08-04T13:27:38","guid":{"rendered":"https:\/\/shercards.com\/index.php\/product\/set-of-metaphorical-cards-family-dad-mom\/"},"modified":"2025-10-20T10:40:21","modified_gmt":"2025-10-20T10:40:21","slug":"set-of-metaphorical-cards-family-dad-mom","status":"publish","type":"product","link":"https:\/\/shercards.com\/et\/toode\/set-of-metaphorical-cards-family-dad-mom\/","title":{"rendered":"Metafoorsete kaartide komplekt &quot;Perekond-isa-ema&quot;"},"content":{"rendered":"<p>Autor: Irina Fedorova<\/p>\n<p> Komplektis on kolm pakki metafoorseid assotsiatiivseid kaarte:<\/p>\n<li>perekonna kohta (80 kaarti)<\/li>\n<li>paavsti kohta (80 kaarti)<\/li>\n<li>ema kohta (100 kaarti)<\/li>\n<p> <\/br><br \/> Selle komplekti kaardid aitavad uurida peres\u00fcsteemi (vanema v\u00f5i oma), perekonna stsenaariume, suhteid oma vanemate v\u00f5i lastega.nbsp;Saad ka oma sisemist vanemat tundma \u00f5ppida osana oma isiksusest ja teada saada n\u00fcansse teie suhtest oma Sisemise Lapsega.<\/p>\n<p> Kaarte saab kasutada nii ps\u00fchholoogi juhendamisel kui ka iseseisvalt, r\u00fchmas v\u00f5i individuaaltundides.<\/p>\n<p> Ostes kogu seeria korraga, s\u00e4\u00e4state 300 rubla. v\u00f5rreldes tekkide kogumaksumusega, kui ostate need \u00fckshaaval.<\/p>","protected":false},"excerpt":{"rendered":"<p>Autor: Irina Fedorova Komplektis on kolm pakki metafoorseid assotsiatiivseid kaarte: perekonna kohta (80 kaarti) paavsti kohta<\/p>","protected":false},"featured_media":1598,"comment_status":"open","ping_status":"open","template":"","meta":[],"product_brand":[],"product_cat":[24],"product_tag":[],"class_list":{"0":"post-1597","1":"product","2":"type-product","3":"status-publish","4":"has-post-thumbnail","6":"product_cat-relationships-sex-metaphorical-cards","8":"first","9":"outofstock","10":"purchasable","11":"product-type-simple"},"_links":{"self":[{"href":"https:\/\/shercards.com\/et\/wp-json\/wp\/v2\/product\/1597","targetHints":{"allow":["GET"]}}],"collection":[{"href":"https:\/\/shercards.com\/et\/wp-json\/wp\/v2\/product"}],"about":[{"href":"https:\/\/shercards.com\/et\/wp-json\/wp\/v2\/types\/product"}],"replies":[{"embeddable":true,"href":"https:\/\/shercards.com\/et\/wp-json\/wp\/v2\/comments?post=1597"}],"wp:featuredmedia":[{"embeddable":true,"href":"https:\/\/shercards.com\/et\/wp-json\/wp\/v2\/media\/1598"}],"wp:attachment":[{"href":"https:\/\/shercards.com\/et\/wp-json\/wp\/v2\/media?parent=1597"}],"wp:term":[{"taxonomy":"product_brand","embeddable":true,"href":"https:\/\/shercards.com\/et\/wp-json\/wp\/v2\/product_brand?post=1597"},{"taxonomy":"product_cat","embeddable":true,"href":"https:\/\/shercards.com\/et\/wp-json\/wp\/v2\/product_cat?post=1597"},{"taxonomy":"product_tag","embeddable":true,"href":"https:\/\/shercards.com\/et\/wp-json\/wp\/v2\/product_tag?post=1597"}],"curies":[{"name":"wp","href":"https:\/\/api.w.org\/{rel}","templated":true}]}}