{"id":1611,"date":"2024-08-04T13:29:18","date_gmt":"2024-08-04T13:29:18","guid":{"rendered":"https:\/\/shercards.com\/index.php\/product\/metaphorical-associative-cards-is-everything-ok\/"},"modified":"2025-10-20T10:40:21","modified_gmt":"2025-10-20T10:40:21","slug":"metaphorical-associative-cards-is-everything-ok","status":"publish","type":"product","link":"https:\/\/shercards.com\/et\/toode\/metaphorical-associative-cards-is-everything-ok\/","title":{"rendered":"Metafoorsed assotsiatiivsed kaardid &quot;Kas k\u00f5ik on korras!?&quot;"},"content":{"rendered":"<p>Idee autor: Anastasia Korotich \u2013 praktiline ps\u00fchholoog<br \/> Kunstnik: Daria Yakovlenko<br \/>Sisu: <\/p>\n<ul>\n<li>48 s\u00fc\u017eeekaarti \u2013 pildid. Pakitud organza kotti.<\/li>\n<li>Juhised.<\/li>\n<li>Suurus: 7cm * 11cm, tihedus 300 g\/m2. Matt lamineerimine, \u00fcmarad nurgad. <\/li>\n<\/ul>\n<p> Ps\u00fchholoog ja kunstnik valisid ja muutsid kaartide pildid konkreetse teema jaoks.<br \/>Metafoorilised kaardid on t\u00f5eline teadus. Iga kord, kui me nende poole p\u00f6\u00f6rdume, p\u00f6\u00f6rdume tegelikult k\u00f5ige t\u00f5elisema ja s\u00fcgavama poole, mis meis on.nbsp;Kaardikomplekt &quot;K\u00f5ik on korras!?&quot; \u2013 see on lugu elust, valikust, meist.<br \/>See on t\u00f5hus ps\u00fchholoogiline t\u00f6\u00f6riist, mis on m\u00f5eldud t\u00f6\u00f6tamiseks: <\/p>\n<ul>\n<li>igasugune suhe: \u2013 diagnoos; \u2013 korrigeerimine; \u2013 konfliktid; \u2013 reaalsete kogemuste m\u00f5istmise k\u00fcsimused jne.<\/li>\n<li>vajadused;<\/li>\n<li>valikuolukorrad;<\/li>\n<li>teisesed h\u00fcved;<\/li>\n<li>uskumused ja stsenaariumid;<\/li>\n<li>uskumused ja stsenaariumid;<\/li>\n<li>uskumused ja stsenaariumid; li&gt;\n<li>eesm\u00e4rkide seadmine;<\/li>\n<li>emotsionaalsete ilmingute selgitamine antud olukorras;<\/li>\n<li>k\u00e4itumisstrateegiate anal\u00fc\u00fcsimise ja uute \u00fclesehitamise teema jne.<\/li>\n<\/ul>\n<p> P\u00f5hineb metafoorsete kaartide ideel &quot;Kas k\u00f5ik on korras!?&quot; peitub elupositsioonide valiku p\u00f5him\u00f5te. Kokku on neid neli:<br \/>Minuga on k\u00f5ik korras \u2013 sinuga on k\u00f5ik korras<br \/>Minuga on k\u00f5ik korras \u2013 sinuga ei ole k\u00f5ik korras<br \/>Minuga ei ole k\u00f5ik korras \u2013 sinuga on k\u00f5ik korras<br \/>Minuga ei ole k\u00f5ik korras \u2013 sinuga ei ole k\u00f5ik korras<br \/>Tekil on 48 pilti. 12 iga 4 r\u00fchma kohta. Neid positsioone aga tekis ei kuvata, st ei ole erinevat v\u00e4rvi s\u00e4rke ega teksti, mis n\u00e4itaks, millisele positsioonile see v\u00f5i teine pilt kuulub, kuna see muudab sageli v\u00f5imatuks t\u00f5este assotsiatsioonide tekitamise. Teame seda ideed ja anal\u00fc\u00fcsides saame end sellega siduda. \u00abAutorina tahaksin sellest eemalduda. Iga\u00fchel olgu oma t\u00e4hendus.\u00bb N\u00e4ete 48 erinevat t\u00fc\u00fcpi interaktsioonide ja suhetega pilti.<br \/>Miks nimi? Minuga on k\u00f5ik korras! v\u00f5i on minuga k\u00f5ik korras? \u2013 fraasid, mille \u00fcle soovitan m\u00f5elda. Tihti ei tea inimene ise t\u00e4pset vastust. Tundub, et k\u00f5ik on korras, kuid kohati muutub see kurvaks, ebamugavaks ja arusaamatuks. V\u00f5i vastupidi, k\u00f5ike n\u00e4hakse ainult mustas, kuid tegelikkuses on ignoreerimist palju.<br \/>Metafoorsed kaardid &quot;K\u00f5ik on korras!?&quot; \u2013 t\u00f6\u00f6riist s\u00fcgavaks t\u00f6\u00f6ks individuaalses ja grupivormingus, silmast-silma ja veebin\u00f5ustamisel.<br \/>Tekiga t\u00f6\u00f6tamise viisid:<br \/>Tehnika &quot;Mis toimub?&quot;<br \/>Eesm\u00e4rk: selle tehnikaga t\u00f6\u00f6tamine v\u00f5imaldab teil &quot;vaadata&quot; suhteid justkui v\u00e4ljastpoolt, j\u00e4lgida, tuvastada ja pikemas perspektiivis muuta k\u00e4itumismustreid, mis p\u00f5hjustavad suhtlemisraskusi. Tehnika annab arusaama sellest, mis suhtes tegelikult toimub. <\/p>\n<li>Kutsume klienti \u00fcles kirjeldama suhet (v\u00f5i konkreetset olukorda selles suhtes), mida ta hetkel problemaatiliseks peab. V\u00f5i soovitame valida avalikult kaardi, mis s\u00fcmboliseerib suhtes toimuvat.<\/li>\n<li>VZ-kaart p\u00e4ringule \u201eKuidas partner (elukaaslane \u2013 abikaasa, vanem, laps, s\u00f5ber, kolleeg\u2026) seda olukorda n\u00e4eb?\u201d&lt;\/li&gt;\n<li>Me arutame. Kuiv\u00f5rd kliendi ja partneri n\u00e4gemused kattuvad\/vastuolus.<\/li>\n<li>Vali kaart p\u00e4ringuga \u201eMida ma selles suhtluses tunnen?\u201d Kui t\u00f6\u00f6tame mitme olukorraga korraga, siis teeme iga\u00fche jaoks eraldi valiku.<\/li>\n<li>Arutame, salvestame.<\/li>\n<li>VZ valime p\u00e4ringu jaoks pildi &quot;Minu tegevused selles olukorras \/ kuidas ma k\u00e4itun? \u201d Taotluses ei keskendu me eba\u00f5igetele tegudele. Esiteks vaatame seda, mida klient n\u00e4eb ja seej\u00e4rel toome esile irratsionaalse k\u00e4itumise (kliendi strateegia, mis viib raskusteni).<\/li>\n<li>VZ-kaart p\u00e4ringu &quot;Tegude taga olevad motiivid&quot; jaoks.<\/li>\n<li> Milliste tegevustega saan asendada ebat\u00f5husad k\u00e4itumismustrid?<\/li>\n<li>Kui ma rakendan uusi strateegiaid, siis kuidas mu suhe partneriga areneb?<\/li>\n<li>Milliseid j\u00e4reldusi saan tehtud t\u00f6\u00f6st teha?<\/li>\n<p> Tehnika \u201eMinu p\u00fc\u00fcdlused. T\u00f6\u00f6tage eesm\u00e4rgiga.&quot;<br \/>Eesm\u00e4rk: oma p\u00fc\u00fcdluste teadvustamine, plaanide tegemise ja nende poole liikumise \u201c\u00f5igsuse\u201d anal\u00fc\u00fcs. <\/p>\n<li>S\u00f5nasta eesm\u00e4rk\/p\u00fc\u00fcdlus.<\/li>\n<li>VZ 3 kaarti p\u00e4ringule &quot;Mida ma praegu tunnen\/m\u00f5tlen\/teen seoses selle eesm\u00e4rgiga?&quot; Siin n\u00e4eb klient oma hirme, muresid, emotsionaalseid pidurdusi ja irratsionaalseid tegusid.<\/li>\n<li>VZ 3 kaardid \u201cMillised on minu piirangud selles ettev\u00f5tmises\u201d?<\/li>\n<ul>\n<li>kasu;<\/li>\n<li>uskumused, m\u00f5tted;<\/li>\n<li>hirmud;<\/li>\n<\/ul>\n<p> 4. OT 3 kaarti p\u00e4ringule \u201cMis hakkab liikuma selle poole, mida soovid\u201d annab? <\/p>\n<ul>\n<li>toimingud;<\/li>\n<li>tunded;<\/li>\n<li>m\u00f5tted;<\/li>\n<\/ul>\n<p> 5. Millise j\u00e4relduse ma sellest anal\u00fc\u00fcsist teen? Millest ma aru saan? <\/br><\/br><\/p>","protected":false},"excerpt":{"rendered":"<p>Idee autor: Anastasia Korotich \u2013 praktiline ps\u00fchholoog Kunstnik: Daria YakovlenkoSisu: 48 s\u00fc\u017eeekaarti \u2013 pildid. Pakitud an<\/p>","protected":false},"featured_media":1612,"comment_status":"open","ping_status":"open","template":"","meta":[],"product_brand":[],"product_cat":[24],"product_tag":[],"class_list":{"0":"post-1611","1":"product","2":"type-product","3":"status-publish","4":"has-post-thumbnail","6":"product_cat-relationships-sex-metaphorical-cards","8":"first","9":"outofstock","10":"purchasable","11":"product-type-simple"},"_links":{"self":[{"href":"https:\/\/shercards.com\/et\/wp-json\/wp\/v2\/product\/1611","targetHints":{"allow":["GET"]}}],"collection":[{"href":"https:\/\/shercards.com\/et\/wp-json\/wp\/v2\/product"}],"about":[{"href":"https:\/\/shercards.com\/et\/wp-json\/wp\/v2\/types\/product"}],"replies":[{"embeddable":true,"href":"https:\/\/shercards.com\/et\/wp-json\/wp\/v2\/comments?post=1611"}],"wp:featuredmedia":[{"embeddable":true,"href":"https:\/\/shercards.com\/et\/wp-json\/wp\/v2\/media\/1612"}],"wp:attachment":[{"href":"https:\/\/shercards.com\/et\/wp-json\/wp\/v2\/media?parent=1611"}],"wp:term":[{"taxonomy":"product_brand","embeddable":true,"href":"https:\/\/shercards.com\/et\/wp-json\/wp\/v2\/product_brand?post=1611"},{"taxonomy":"product_cat","embeddable":true,"href":"https:\/\/shercards.com\/et\/wp-json\/wp\/v2\/product_cat?post=1611"},{"taxonomy":"product_tag","embeddable":true,"href":"https:\/\/shercards.com\/et\/wp-json\/wp\/v2\/product_tag?post=1611"}],"curies":[{"name":"wp","href":"https:\/\/api.w.org\/{rel}","templated":true}]}}