{"id":1645,"date":"2024-08-04T13:33:30","date_gmt":"2024-08-04T13:33:30","guid":{"rendered":"https:\/\/shercards.com\/index.php\/product\/metaphorical-cards-magic-love\/"},"modified":"2025-10-20T10:39:38","modified_gmt":"2025-10-20T10:39:38","slug":"metaphorical-cards-magic-love","status":"publish","type":"product","link":"https:\/\/shercards.com\/et\/toode\/metaphorical-cards-magic-love\/","title":{"rendered":"Metafoorilised kaardid &quot;Maagiline armastus&quot;"},"content":{"rendered":"<p>Autor C. Spezzano <br \/> Kunstnik Petra Kuehne<br \/> Sisu: 100 kaarti + raamat<\/p>\n<p> Tootja: Avalon \u2013 Lo Scarabeo<\/p>\n<p> Chuck Spezzano kauaoodatud seitsmes v\u00f5lukaartide komplekt Petra Kuhne h\u00e4mmastavate joonistustega. Kaardid h\u00f5lmavad k\u00f5iki inimelu aspekte, paljastades k\u00f5ige kallima \u2013 armastuse \u2013 ps\u00fchholoogia! Kuulake kaartide h\u00e4\u00e4lt, et lahendada oma lahendamata probleeme ja saada praktilisi n\u00f5uandeid, kuidas t\u00e4ita oma maailm armastuse ja harmooniaga.<\/p>","protected":false},"excerpt":{"rendered":"<p>Autor C. Spezzano Kunstnik Petra Kuehne Sisu: 100 kaarti + raamat Tootja: Avalon \u2013 Lo Scarabeo Kauaoodatud seitsmes komplekt<\/p>","protected":false},"featured_media":1646,"comment_status":"open","ping_status":"open","template":"","meta":[],"product_brand":[],"product_cat":[24],"product_tag":[],"class_list":{"0":"post-1645","1":"product","2":"type-product","3":"status-publish","4":"has-post-thumbnail","6":"product_cat-relationships-sex-metaphorical-cards","8":"first","9":"outofstock","10":"purchasable","11":"product-type-simple"},"_links":{"self":[{"href":"https:\/\/shercards.com\/et\/wp-json\/wp\/v2\/product\/1645","targetHints":{"allow":["GET"]}}],"collection":[{"href":"https:\/\/shercards.com\/et\/wp-json\/wp\/v2\/product"}],"about":[{"href":"https:\/\/shercards.com\/et\/wp-json\/wp\/v2\/types\/product"}],"replies":[{"embeddable":true,"href":"https:\/\/shercards.com\/et\/wp-json\/wp\/v2\/comments?post=1645"}],"wp:featuredmedia":[{"embeddable":true,"href":"https:\/\/shercards.com\/et\/wp-json\/wp\/v2\/media\/1646"}],"wp:attachment":[{"href":"https:\/\/shercards.com\/et\/wp-json\/wp\/v2\/media?parent=1645"}],"wp:term":[{"taxonomy":"product_brand","embeddable":true,"href":"https:\/\/shercards.com\/et\/wp-json\/wp\/v2\/product_brand?post=1645"},{"taxonomy":"product_cat","embeddable":true,"href":"https:\/\/shercards.com\/et\/wp-json\/wp\/v2\/product_cat?post=1645"},{"taxonomy":"product_tag","embeddable":true,"href":"https:\/\/shercards.com\/et\/wp-json\/wp\/v2\/product_tag?post=1645"}],"curies":[{"name":"wp","href":"https:\/\/api.w.org\/{rel}","templated":true}]}}