{"id":169,"date":"2024-08-04T11:05:43","date_gmt":"2024-08-04T11:05:43","guid":{"rendered":"https:\/\/shercards.com\/index.php\/product\/metaphorical-associative-cards-through-the-eyes-of-an-artist-set-of-decks\/"},"modified":"2025-10-20T10:48:20","modified_gmt":"2025-10-20T10:48:20","slug":"metaphorical-associative-cards-through-the-eyes-of-an-artist-set-of-decks","status":"publish","type":"product","link":"https:\/\/shercards.com\/et\/toode\/metaphorical-associative-cards-through-the-eyes-of-an-artist-set-of-decks\/","title":{"rendered":"Metafoorsed assotsiatiivsed kaardid \u201cL\u00e4bi kunstniku silmade\u201d (pakkide komplekt)"},"content":{"rendered":"<p>Pereteraapia, lasteteraapia, isiksuskasv jne.<br \/> Autor: Irina Fedorova<br \/><strong>Komplektis on neli pakki metafoorseid assotsiatiivseid kaarte:<\/strong><\/p>\n<li>Naine kunstniku pilgu l\u00e4bi (150 kaarti)<\/li>\n<li>Mees kunstniku pilgu l\u00e4bi (120 kaarti)<\/li>\n<li>Armastus kunstniku silmade l\u00e4bi (120 kaarti)<\/li>\n<li>Lapsep\u00f5lv kunstniku pilgu l\u00e4bi (120 kaarti)<\/li>\n<p> <\/br> <br \/> Tehnilised omadused: suurus 70\u00d7100 mm, komplekti kogukaal 1180 g, paber 300 g\/m2, digitr\u00fckk, kahepoolne matt lamineerimine, \u00fcmarad nurgad.<br \/>Selle seeria kaardid aitavad uurida selliseid suhteid nagu sugudevahelised suhted, laps-vanem ja perekond.<br \/> Kaarte saab kasutada nii ps\u00fchholoogi juhendamisel kui ka iseseisvalt, r\u00fchmas v\u00f5i individuaaltundides.<br \/>* Ostes kogu seeria korraga, s\u00e4\u00e4state kuni 800 rubla. v\u00f5rreldes kogusummaga tekkide maksumus, kui ostate need \u00fckshaaval.<br \/>Teised autori tooted:<br \/>Metafoorsed assotsiatiivsed kaardid \u201cRessursid\u201d<br \/>Metafoorsed assotsiatiivsed kaardid &quot;Muinasjutu k\u00fclask\u00e4ik&quot;<br \/>Metafoorsed assotsiatiivsed kaardid \u201cVigastused\u201d \u00bb<br \/>Metafoorsed assotsiatiivsed kaardid &quot;Fulcrum&quot;<br \/>Metafoorsed assotsiatiivsed kaardid &quot;Vihje&quot;<br \/>Metafoorsed assotsiatiivsed kaardid \u201cInimene kunstniku pilgu l\u00e4bi\u201d<br \/>Metafoorsed assotsiatiivsed kaardid \u201cNaine kunstniku pilgu l\u00e4bi\u201d<br \/>Metafoorsed assotsiatiivsed kaardid \u201cLapsep\u00f5lv\u201d kunstniku pilgu l\u00e4bi\u201d<br \/>Metafoorsed assotsiatiivsed kaardid \u201cArmastus kunstniku silmade l\u00e4bi\u201d<br \/>Metafoorsed assotsiatiivsed kaardid \u201cEmmanuelle. Naiste seksuaalsuse n\u00e4od&quot;<br \/>Metafoorsed assotsiatiivsed kaardid &quot;Chimera&quot;<br \/>Metafoorsed assotsiatiivsed kaardid &quot;N\u00f5uanded ja hoiatused&quot;<br \/>Metafoorsed assotsiatiivsed kaardid &quot;Portreed&quot;<br \/>Metafoorsed assotsiatiivsed kaardid &quot;Allegooriad&quot;<br \/>Metafoorsed assotsiatiivsed kaardid \u201cEmotsioonid\u201d l\u00f5uendil\u201d<\/p>","protected":false},"excerpt":{"rendered":"<p>Pereteraapia, lasteteraapia, isiklik kasv jne. Autor: Irina FedorovaKomplektis on neli metafoorset assotsiatiivset kaardipakki: Naine<\/p>","protected":false},"featured_media":170,"comment_status":"open","ping_status":"open","template":"","meta":[],"product_brand":[],"product_cat":[28],"product_tag":[],"class_list":{"0":"post-169","1":"product","2":"type-product","3":"status-publish","4":"has-post-thumbnail","6":"product_cat-portraits-archetypes-subpersonalities","8":"first","9":"outofstock","10":"purchasable","11":"product-type-simple"},"_links":{"self":[{"href":"https:\/\/shercards.com\/et\/wp-json\/wp\/v2\/product\/169","targetHints":{"allow":["GET"]}}],"collection":[{"href":"https:\/\/shercards.com\/et\/wp-json\/wp\/v2\/product"}],"about":[{"href":"https:\/\/shercards.com\/et\/wp-json\/wp\/v2\/types\/product"}],"replies":[{"embeddable":true,"href":"https:\/\/shercards.com\/et\/wp-json\/wp\/v2\/comments?post=169"}],"wp:featuredmedia":[{"embeddable":true,"href":"https:\/\/shercards.com\/et\/wp-json\/wp\/v2\/media\/170"}],"wp:attachment":[{"href":"https:\/\/shercards.com\/et\/wp-json\/wp\/v2\/media?parent=169"}],"wp:term":[{"taxonomy":"product_brand","embeddable":true,"href":"https:\/\/shercards.com\/et\/wp-json\/wp\/v2\/product_brand?post=169"},{"taxonomy":"product_cat","embeddable":true,"href":"https:\/\/shercards.com\/et\/wp-json\/wp\/v2\/product_cat?post=169"},{"taxonomy":"product_tag","embeddable":true,"href":"https:\/\/shercards.com\/et\/wp-json\/wp\/v2\/product_tag?post=169"}],"curies":[{"name":"wp","href":"https:\/\/api.w.org\/{rel}","templated":true}]}}