{"id":1711,"date":"2024-08-04T13:40:29","date_gmt":"2024-08-04T13:40:29","guid":{"rendered":"https:\/\/shercards.com\/index.php\/product\/metaphorical-associative-cards-song-of-the-universe-internal-energy-cards\/"},"modified":"2025-10-20T10:39:37","modified_gmt":"2025-10-20T10:39:37","slug":"metaphorical-associative-cards-song-of-the-universe-internal-energy-cards","status":"publish","type":"product","link":"https:\/\/shercards.com\/et\/toode\/metaphorical-associative-cards-song-of-the-universe-internal-energy-cards\/","title":{"rendered":"Metafoorsed assotsiatiivsed kaardid &quot;Universumi laul&quot; (siseenergia kaardid)"},"content":{"rendered":"<p>Autor: Anna Sudneko \u2013 kliiniline ps\u00fchholoog, neurops\u00fchholoog, superviisor, ps\u00fchhosomaatika ja metafoorsete kaartidega t\u00f6\u00f6tamise spetsialist, emotsionaalpildi terapeut, kehale orienteeritud terapeut, Jungi liivaterapeut, Liivateraapia \u00dchingu liige. Metafoorsete kaartide \u201cLa Libertad\u201d, \u201cAjastu\u201d, \u201cVee n\u00e4od\u201d ja 14 ps\u00fchholoogilise m\u00e4ngu autor.<br \/> Kunstnik: Anna Kreidun \u2013 Venemaa Kunstnike Loomeliidu Rahvusvahelise Kunstnike F\u00f6deratsiooni liige; rahvusvahelise konkursi ETHNO ART FEST v\u00f5itja<br \/>Sisu:<br \/> tihe karp (kaas p\u00f5hjaga), 72 kaarti (300g papp, matt lamineerimine)<br \/> metoodilised soovitused (32 lehek\u00fclge \u2013 l\u00fchike teave metafoorsete kaartidega t\u00f6\u00f6tamise kohta, l\u00fchialgoritmid erinevate p\u00e4ringutega t\u00f6\u00f6tamiseks (50 n\u00e4idet))<br \/> Kaardi suurus: 74 x 110 mm <br \/> <\/br> \u201cUniversumi laul\u201d on universaalne metafoorsete kaartide pakk. Tema motiiviks on sisemiste ressursside ja \u00fcmbritseva maailma ressursside aktsepteerimine, omamoodi sisemine avardumine, s\u00fcgavus ja teadlikkus. Kaartide eesm\u00e4rk on aidata omandada inimesele selles eluetapis asjakohast ja keskkonnas\u00f5bralikku sisemist energiat. <br \/> <\/br> Kaardid \u201cUniversumi laul\u201d on p\u00fchendatud siseenergia teemale. Kui energiat napib, on ressursid olulised. Teisest k\u00fcljest on sama oluline m\u00f5ista, mis p\u00f5hjustab energiapuudust ja millised protsessid viisid selle seisundini. Ja vahel on energiat palju, aga see kulub askeldamisele, \u201cpritsitakse\u201d. Siis on oluline sisemine harmoonia, leidlik energiaseisund, tasakaal iseenda ja \u00fcmbritseva maailmaga.<br \/> Kaardid on t\u00e4idetud arhet\u00fc\u00fcpsete kujutistega; s\u00fcmbolid, lood. Heledad kaunid pildid valmivad graafiliste tehnikate abil. Need sobivad individuaalseks ja grupin\u00f5ustamiseks ning v\u00f5ivad olla huvitavaks ja t\u00f5husaks t\u00e4ienduseks transformatsioonim\u00e4ngudele. Sobib t\u00f6\u00f6tamiseks erinevate ps\u00fchholoogiliste vajadustega \u2013 seotud suhete, rahaliste probleemide, sisemiste kriiside ja tingimuste, tunnete jms. Kaardid v\u00f5ivad olla kasulikud ps\u00fchholoogidele, treeneritele, metafoorsete kaartidega t\u00f6\u00f6tavatele spetsialistidele, m\u00e4nguspetsialistidele ja neil on lai kasutuspotentsiaal. , olenevalt spetsialisti p\u00e4devusest ja kvalifikatsioonist. M\u00f5ned teemad n\u00f5uavad spetsialistidelt t\u00e4iendavat kvalifikatsiooni, kogemust ja haridust (n\u00e4iteks t\u00f6\u00f6 ps\u00fchhosomaatika ja ps\u00fchholoogiliste traumadega). Kaardid pakuvad huvi ka enesetundmiseks.<br \/> Universum on ilus ja l\u00f5pmatu, see on v\u00f5imas metafoor, mis peegeldab meie elu erinevaid tahke \u2013 energiat ja mateeriat, interaktsiooni, liikumist, k\u00fclget\u00f5mmet, ressursse. Iga\u00fcks meist on osa tohutust universumist. Pealkiri \u201cUniversumi laul\u201d peegeldab sisemise tasakaalu ja v\u00e4lismaailmaga tasakaalu olulisust. Ja harmoonia iseenda ja \u00fcmbritseva maailmaga on teadliku elu v\u00f5ti, mis on t\u00e4idetud vastastikuse m\u00f5istmise teistega, loomingulise eneseteostuse, armastuse, \u00f5nne, vaimse tasakaaluga.<\/p>\n<p> <\/br> Hirmu muutmine ressursiks Kaart 1 (avatud) Pilt tegelikust hirmust, \u00e4revusest<br \/> Kaart 2. Mida hirm valesti teeb, kuidas klienti piirab?<br \/> Kaart 3. Millised on hirmu teisesed eelised?<br \/> Kaart 4 (avatud) Soovitud olek<br \/> Kaart 5. Kuidas keskkonnas\u00f5bralik muuta hirm ressursiks (koos hirmuga)?<br \/> Raha, \u00e4ri, edu<br \/> Kaart 1. Milline on kliendi suhe rahaga?<br \/> Kaart 2. Milline stsenaarium rahasuhetes oleks tema jaoks t\u00f5husam?<br \/> Kaart 3. Millised otsused aitavad ellu viia t\u00f5husa stsenaariumi rahaga suhetes?<br \/> Kaart 4. Millised tegevused aitavad ellu tuua t\u00f5husa stsenaariumi rahaga suhetes<\/p>\n<p> <\/br> Professionaalne l\u00e4bip\u00f5lemine 1. Klient v\u00f5tab n\u00e4oga \u00fclespoole v\u00f5i pimesi v\u00e4lja \u00fche v\u00f5i mitu kaarti, anal\u00fc\u00fcsides:<br \/> Millised negatiivsed emotsioonid ja tunded avalduvad t\u00f6\u00f6l v\u00f5i t\u00f6\u00f6ga seoses? <br \/> 2. Klient v\u00f5tab n\u00e4oga \u00fclespoole v\u00f5i pimesi v\u00e4lja \u00fche v\u00f5i mitu kaarti, anal\u00fc\u00fcsides:<br \/> Millistest positiivsetest tunnetest ja emotsioonidest olen oma t\u00f6\u00f6s puudu?<br \/> 3. Klient v\u00f5tab n\u00e4oga \u00fclespoole v\u00f5i pimesi v\u00e4lja \u00fche v\u00f5i mitu kaarti, anal\u00fc\u00fcsides: <br \/> Millised olulised teod v\u00f5i otsused aitavad teie t\u00f6\u00f6d r\u00f5\u00f5muga t\u00e4ita? <br \/> <\/br> Efektiivne energia <br \/> Kaart 1. Kuhu, millistel protsessidel ja olekutel klient &quot;raiskab&quot; oma energiat ebaefektiivselt?<br \/> Kaart 2. Mis takistab (harjumused, stsenaariumid, hoiakud, stereot\u00fc\u00fcbid) bilansis olema?<br \/> Kaart 3. Mis (otsused, tegevused, ressursid) aitab suunata energiavoo pakiliste probleemide lahendamisele?<\/p>","protected":false},"excerpt":{"rendered":"<p>Autor: Anna Sudneko \u2013 kliiniline ps\u00fchholoog, neurops\u00fchholoog, superviisor, ps\u00fchhosomaatika ja metafoorikaartidega t\u00f6\u00f6tamise spetsialist, emotsionaalse pildi terapeut, kehakeskne terapeut,<\/p>","protected":false},"featured_media":1712,"comment_status":"open","ping_status":"open","template":"","meta":[],"product_brand":[],"product_cat":[27],"product_tag":[],"class_list":{"0":"post-1711","1":"product","2":"type-product","3":"status-publish","4":"has-post-thumbnail","6":"product_cat-universal","8":"first","9":"outofstock","10":"purchasable","11":"product-type-simple"},"_links":{"self":[{"href":"https:\/\/shercards.com\/et\/wp-json\/wp\/v2\/product\/1711","targetHints":{"allow":["GET"]}}],"collection":[{"href":"https:\/\/shercards.com\/et\/wp-json\/wp\/v2\/product"}],"about":[{"href":"https:\/\/shercards.com\/et\/wp-json\/wp\/v2\/types\/product"}],"replies":[{"embeddable":true,"href":"https:\/\/shercards.com\/et\/wp-json\/wp\/v2\/comments?post=1711"}],"wp:featuredmedia":[{"embeddable":true,"href":"https:\/\/shercards.com\/et\/wp-json\/wp\/v2\/media\/1712"}],"wp:attachment":[{"href":"https:\/\/shercards.com\/et\/wp-json\/wp\/v2\/media?parent=1711"}],"wp:term":[{"taxonomy":"product_brand","embeddable":true,"href":"https:\/\/shercards.com\/et\/wp-json\/wp\/v2\/product_brand?post=1711"},{"taxonomy":"product_cat","embeddable":true,"href":"https:\/\/shercards.com\/et\/wp-json\/wp\/v2\/product_cat?post=1711"},{"taxonomy":"product_tag","embeddable":true,"href":"https:\/\/shercards.com\/et\/wp-json\/wp\/v2\/product_tag?post=1711"}],"curies":[{"name":"wp","href":"https:\/\/api.w.org\/{rel}","templated":true}]}}