{"id":1722,"date":"2024-08-04T13:44:14","date_gmt":"2024-08-04T13:44:14","guid":{"rendered":"https:\/\/shercards.com\/index.php\/product\/metaphorical-cards-sun-rays\/"},"modified":"2025-10-20T10:39:37","modified_gmt":"2025-10-20T10:39:37","slug":"metaphorical-cards-sun-rays","status":"publish","type":"product","link":"https:\/\/shercards.com\/et\/toode\/metaphorical-cards-sun-rays\/","title":{"rendered":"Metafoorilised kaardid &quot;P\u00e4ikesekiired&quot;"},"content":{"rendered":"<p>Autor \u2013 Maria Dudina Postkaartide arv: 20 tk.<br \/> <\/br> <br \/> <\/br> Olgu teie elu alati t\u00e4is helgeid hetki, soojust ja s\u00e4ravat valgust! P\u00e4ikselisi p\u00e4evi! Metafoorsed Sunbursti kaardid inspireerivad naisi tundma end s\u00e4ravana, soojana ja r\u00f5\u00f5msana ning toetavad neid sisemise p\u00e4ikese arendamisel. <br \/> <\/br> P\u00e4ikeset\u00fcdruk on s\u00e4ra, energia ja eluj\u00f5u s\u00fcmbol. See tuletab meile meelde, et me k\u00f5ik oleme v\u00f5imelised s\u00fc\u00fctama enda sees valgust ja r\u00f5\u00f5mu, hoolimata sellest, millised raskused meid \u00fcmbritsevad.<br \/> Las need kaardid tuletavad teile meelde teie sisemist j\u00f5udu ja ilu, et saate saavutada mis tahes eesm\u00e4rke, mis on teile t\u00f5eliselt olulised. Andku nad teile energiat ja inspiratsiooni, et saaksite s\u00e4ravamalt s\u00e4rada ja tuua valgust nende ellu, kellest hoolite. <br \/> <\/br> <br \/> <\/br> Sunburstsi metafooriline kaardikomplekt pole mitte ainult kaunite kaartide komplekt, vaid ka juhend, kuidas elada eredalt ja s\u00e4rada oma valgust. Seljaharjutused aitavad sul \u00f5ppida leidma endas j\u00f5udu ja energiat eesm\u00e4rkide saavutamiseks, s\u00e4ilitama positiivset suhtumist ning andma teistele soojust ja naeratusi. Iga kaart sisaldab metafoorset s\u00f5numit, mis tuletab meelde, kui oluline on s\u00e4ilitada usk endasse ja oma unistustesse, hoolimata teel olevatest raskustest ja takistustest. Nende kaartidega saad toetada ja inspireerida oma s\u00f5pru ja l\u00e4hedasi ning<br \/>tuleta endale meelde oma sisemise valguse j\u00f5udu. <br \/> <\/br> Komplekti autor on Maria Dudina \u2013 kunstnik, kunstiterapeut ja nelja lapse ema. Ta l\u00f5i postkaardid neile, kes tahavad kiirata soojust, olla t\u00e4idetud ja s\u00e4rada ereda valgusega nagu t\u00f5eline p\u00e4ike.<br \/> Iga postkaart on loodud armastuse ja hoolega! <br \/> <\/br> Sunburstsi metafooriline kaardikomplekt on loodud inspireerima sind, tuletama meelde sinu j\u00f5udu ning aitama sul leida oma ellu valgust ja r\u00f5\u00f5mu. Iga kaart pakub erinevat praktikat, mis aitab sul leida sisemist tuge, enesekindlust ja tasakaalu.<\/p>","protected":false},"excerpt":{"rendered":"<p>Autor \u2013 Maria Dudina Postkaartide arv: 20 tk. Olgu teie elu alati t\u00e4is helgeid hetki, soojust ja<\/p>","protected":false},"featured_media":1723,"comment_status":"open","ping_status":"open","template":"","meta":[],"product_brand":[],"product_cat":[26],"product_tag":[],"class_list":{"0":"post-1722","1":"product","2":"type-product","3":"status-publish","4":"has-post-thumbnail","6":"product_cat-resources","8":"first","9":"outofstock","10":"purchasable","11":"product-type-simple"},"_links":{"self":[{"href":"https:\/\/shercards.com\/et\/wp-json\/wp\/v2\/product\/1722","targetHints":{"allow":["GET"]}}],"collection":[{"href":"https:\/\/shercards.com\/et\/wp-json\/wp\/v2\/product"}],"about":[{"href":"https:\/\/shercards.com\/et\/wp-json\/wp\/v2\/types\/product"}],"replies":[{"embeddable":true,"href":"https:\/\/shercards.com\/et\/wp-json\/wp\/v2\/comments?post=1722"}],"wp:featuredmedia":[{"embeddable":true,"href":"https:\/\/shercards.com\/et\/wp-json\/wp\/v2\/media\/1723"}],"wp:attachment":[{"href":"https:\/\/shercards.com\/et\/wp-json\/wp\/v2\/media?parent=1722"}],"wp:term":[{"taxonomy":"product_brand","embeddable":true,"href":"https:\/\/shercards.com\/et\/wp-json\/wp\/v2\/product_brand?post=1722"},{"taxonomy":"product_cat","embeddable":true,"href":"https:\/\/shercards.com\/et\/wp-json\/wp\/v2\/product_cat?post=1722"},{"taxonomy":"product_tag","embeddable":true,"href":"https:\/\/shercards.com\/et\/wp-json\/wp\/v2\/product_tag?post=1722"}],"curies":[{"name":"wp","href":"https:\/\/api.w.org\/{rel}","templated":true}]}}