{"id":1730,"date":"2024-08-04T13:44:14","date_gmt":"2024-08-04T13:44:14","guid":{"rendered":"https:\/\/shercards.com\/index.php\/product\/metaphorical-cards-you-and-i\/"},"modified":"2025-10-20T10:39:37","modified_gmt":"2025-10-20T10:39:37","slug":"metaphorical-cards-you-and-i","status":"publish","type":"product","link":"https:\/\/shercards.com\/et\/toode\/metaphorical-cards-you-and-i\/","title":{"rendered":"Metafoorilised kaardid &quot;Sina ja mina&quot;"},"content":{"rendered":"<p>Sisu:<br \/> \u25cf 72 kaarti<br \/> \u25cf Metoodiline juhend<\/p>\n<p> \u201cSina ja mina\u201d on metafoorsete kaartide pakk suhetest: iseenda, teiste inimeste ja maailmaga. <br \/> Metafoorsed assotsiatiivsed kaardid on t\u00f5hus vahend enda, oma k\u00e4itumisstsenaariumide, emotsionaalsete sidemete ja suhete uurimiseks teistega, ressursside ja toe otsimiseks. Tekiga t\u00f6\u00f6tamine aitab m\u00e4rgata v\u00f5imalusi oma suhete arendamiseks ja rikastamiseks, n\u00e4ha, kuidas on suhted teiste inimestega seotud sellega, kuidas inimene endasse suhtub.<br \/> Tekk sobib abistavate elukutsete spetsialistidele (ps\u00fchholoogid, ps\u00fchhoterapeudid, treenerid, \u00f5petajad) ja k\u00f5igile, keda huvitab suhete teema. Oma t\u00f6\u00f6s saate kasutada selles juhendis sisalduvaid praktikaid ja tehnikaid.<\/p>\n<p> Autor, kunstnik: Olga Kruglova<br \/> Teoreetiline konsultant: Kristina Kuznetsova, ps\u00fchholoog<\/p>\n<p> Metoodilisest juhendist leiate maalide tekstid teki autorilt kunstnik Olga Kruglovalt, metafoorikaartidega t\u00f6\u00f6tamise teoreetilised alused ja v\u00f5tted konsulteerivalt ps\u00fchholoog Kristina Kuznetsovalt, mis aitavad tekiga t\u00f6\u00f6tamise lihtsaks ja mugavaks muuta. <\/br><\/br><\/p>","protected":false},"excerpt":{"rendered":"<p>Sisu: \u25cf 72 kaarti \u25cf Metoodiline juhend \u201cSina ja mina\u201d on metafoorsete kaartide pakk suhetest: iseendaga,<\/p>","protected":false},"featured_media":1731,"comment_status":"open","ping_status":"open","template":"","meta":[],"product_brand":[],"product_cat":[26],"product_tag":[],"class_list":{"0":"post-1730","1":"product","2":"type-product","3":"status-publish","4":"has-post-thumbnail","6":"product_cat-resources","8":"first","9":"outofstock","10":"purchasable","11":"product-type-simple"},"_links":{"self":[{"href":"https:\/\/shercards.com\/et\/wp-json\/wp\/v2\/product\/1730","targetHints":{"allow":["GET"]}}],"collection":[{"href":"https:\/\/shercards.com\/et\/wp-json\/wp\/v2\/product"}],"about":[{"href":"https:\/\/shercards.com\/et\/wp-json\/wp\/v2\/types\/product"}],"replies":[{"embeddable":true,"href":"https:\/\/shercards.com\/et\/wp-json\/wp\/v2\/comments?post=1730"}],"wp:featuredmedia":[{"embeddable":true,"href":"https:\/\/shercards.com\/et\/wp-json\/wp\/v2\/media\/1731"}],"wp:attachment":[{"href":"https:\/\/shercards.com\/et\/wp-json\/wp\/v2\/media?parent=1730"}],"wp:term":[{"taxonomy":"product_brand","embeddable":true,"href":"https:\/\/shercards.com\/et\/wp-json\/wp\/v2\/product_brand?post=1730"},{"taxonomy":"product_cat","embeddable":true,"href":"https:\/\/shercards.com\/et\/wp-json\/wp\/v2\/product_cat?post=1730"},{"taxonomy":"product_tag","embeddable":true,"href":"https:\/\/shercards.com\/et\/wp-json\/wp\/v2\/product_tag?post=1730"}],"curies":[{"name":"wp","href":"https:\/\/api.w.org\/{rel}","templated":true}]}}