{"id":1741,"date":"2024-08-04T13:46:00","date_gmt":"2024-08-04T13:46:00","guid":{"rendered":"https:\/\/shercards.com\/index.php\/product\/metaphorical-cards-you-are-the-light\/"},"modified":"2025-10-20T10:39:00","modified_gmt":"2025-10-20T10:39:00","slug":"metaphorical-cards-you-are-the-light","status":"publish","type":"product","link":"https:\/\/shercards.com\/et\/toode\/metaphorical-cards-you-are-the-light\/","title":{"rendered":"Metafoorsed kaardid &quot;Sa oled valgus&quot;"},"content":{"rendered":"<p>Autor: Victoria Gavrikova<br \/> Kogus: 20 tk.<\/p>\n<p> Illustratsioonid peegeldavad sisemaailma duaalsuse kontseptsiooni, kus on nii valgust kui pimedust, ning paljastavad iga elemendi t\u00e4henduse.<\/p>\n<p> Kaartidel olev tekst aitab paljastada tee kannatusest ressursini. Iga tekst sisaldab fraasi &quot;aeg on k\u00e4tte j\u00f5udnud...&quot;, mis sunnib lugejat ressursi oma ellu laskma v\u00f5i sellele m\u00f5tlema.<\/p>\n<p> Projekti ideed:<br \/> \u2013 Pimedus (kannatused, valu, ps\u00fchholoogilised traumad jne) kannab endas suurt ressurssi, kui te seda alla ei suru.<br \/> -Sisemaailm on h\u00e4mmastav, ilus ja p\u00f5hjatu.<br \/> \u2013 Valguse ja pimeduse tasakaal sisemuses viib harmooniani ja t\u00f5elise Mina teadvustamiseni.<\/p>\n<p> Iga kaardi tagak\u00fcljel on pilt, samuti tekst ja ressursis\u00f5na. Kaardid on metafoorsed ja universaalsed.<\/p>\n<p> Milleks kaardid sobivad:<br \/> \u2013 iseseisvaks t\u00f6\u00f6ks (enese tundmine ja sisekaemus, vastuste otsimine pakilisele k\u00fcsimusele)<br \/> \u2013 abistava spetsialisti t\u00f6\u00f6 eest<br \/> \u2013 r\u00fchmat\u00f6\u00f6ks (naisringid, ps\u00fchholoogilised m\u00e4ngud) <\/br><\/br><\/p>","protected":false},"excerpt":{"rendered":"<p>Autor: Victoria Gavrikova Kogus: 20 tk. Illustratsioonid peegeldavad sisemaailma duaalsuse kontseptsiooni, kus see on<\/p>","protected":false},"featured_media":1742,"comment_status":"open","ping_status":"open","template":"","meta":[],"product_brand":[],"product_cat":[26],"product_tag":[],"class_list":{"0":"post-1741","1":"product","2":"type-product","3":"status-publish","4":"has-post-thumbnail","6":"product_cat-resources","8":"first","9":"outofstock","10":"purchasable","11":"product-type-simple"},"_links":{"self":[{"href":"https:\/\/shercards.com\/et\/wp-json\/wp\/v2\/product\/1741","targetHints":{"allow":["GET"]}}],"collection":[{"href":"https:\/\/shercards.com\/et\/wp-json\/wp\/v2\/product"}],"about":[{"href":"https:\/\/shercards.com\/et\/wp-json\/wp\/v2\/types\/product"}],"replies":[{"embeddable":true,"href":"https:\/\/shercards.com\/et\/wp-json\/wp\/v2\/comments?post=1741"}],"wp:featuredmedia":[{"embeddable":true,"href":"https:\/\/shercards.com\/et\/wp-json\/wp\/v2\/media\/1742"}],"wp:attachment":[{"href":"https:\/\/shercards.com\/et\/wp-json\/wp\/v2\/media?parent=1741"}],"wp:term":[{"taxonomy":"product_brand","embeddable":true,"href":"https:\/\/shercards.com\/et\/wp-json\/wp\/v2\/product_brand?post=1741"},{"taxonomy":"product_cat","embeddable":true,"href":"https:\/\/shercards.com\/et\/wp-json\/wp\/v2\/product_cat?post=1741"},{"taxonomy":"product_tag","embeddable":true,"href":"https:\/\/shercards.com\/et\/wp-json\/wp\/v2\/product_tag?post=1741"}],"curies":[{"name":"wp","href":"https:\/\/api.w.org\/{rel}","templated":true}]}}