{"id":1792,"date":"2024-08-04T13:50:10","date_gmt":"2024-08-04T13:50:10","guid":{"rendered":"https:\/\/shercards.com\/index.php\/product\/metaphorical-cards-resource-news\/"},"modified":"2025-10-20T10:38:59","modified_gmt":"2025-10-20T10:38:59","slug":"metaphorical-cards-resource-news","status":"publish","type":"product","link":"https:\/\/shercards.com\/et\/toode\/metaphorical-cards-resource-news\/","title":{"rendered":"Metafoorilised kaardid &quot;Ressursiuudised&quot;"},"content":{"rendered":"<p>Forbes Isolde poolt. Poppy Game Practice projekti asutaja. Mitmete MAC tekkide, eneseteadmismaratonide, koolituste, transformatsioonim\u00e4ngude autor. Professionaalne rahvusvahelise klassi treener, diplomeeritud ps\u00fchholoog-koolitaja, alateadvusega t\u00f6\u00f6tamise naismeister. M\u00e4nguterapeut, MAK-meister. Practitioner Acces Bars v\u00f5imendi; Theta Healing.nbsp;nbsp;Loomine 2021. aasta detsember<\/p>\n<p> Pakk koosneb 101 \u00fcmarate nurkadega lamineeritud kaardist, 8*10 cm, teostatud akvarelltehnikas kaasaegse t\u00f6\u00f6tlusega, MAK \u201cRessursiuudiste\u201d kasutamise juhend, tehnikad, horisontaalformaadis piltidega \u00fclevaatevideo, m\u00e4ng VK lugudele \u201c P\u00e4evakaart\u201d, 4 paigutust paigutusega \u201cEesm\u00e4rgile l\u00e4hemal\u201d klientide meelitamiseks (peate lihtsalt oma kontaktid alla kirjutama), kohandatud pildid \u00fcleslaadimiseks Metaforikasse ja Mc- praktikasse. Kaubam\u00e4rgiga karbis.<\/p>\n<p> IAC \u201cRessursiuudised\u201d \u2013 naiste ressursipakk ressursi ja motivatsiooni leidmisest teel eesm\u00e4rgi saavutamiseni. Sisaldab 101 kaarti: pilt + s\u00f5nad. Tekk on m\u00f5eldud ps\u00fchholoogiliseks n\u00f5ustamiseks, erinevat t\u00fc\u00fcpi teraapiaks, koolitusteks, coachinguteks, \u00fcmberkujunemism\u00e4ngudeks, naisteringideks.<br \/> Milliste p\u00e4ringutega IAC \u201eResource News\u201d t\u00f6\u00f6tab? elu m\u00f5te, eesm\u00e4rgi saavutamine, motivatsioon. Fantaasia, kujutlusv\u00f5ime, loovuse ja emotsionaalse intelligentsuse EQ arendamine. Ps\u00fchholoogilised traumad, inimestevaheliste suhete probleemid, konfliktide lahendamine, t\u00f6\u00f6 negatiivsete tunnetega (pahameel, s\u00fc\u00fctunne, armukadedus, kadedus, viha), aga ka negatiivsed emotsioonid. Teadlikkus ressurssidest ja oma tugevatest k\u00fclgedest, oma saatuse t\u00e4hendusest ja vaimsest kasvust. Saage aru, kas liigute \u00f5iges suunas, looge \u00f5ige tee eesm\u00e4rgini. M\u00f5ista oma t\u00f5elisi eesm\u00e4rke, kavatsusi, soove ja m\u00f5ista, kuidas neid t\u00e4ita. Tule oma t\u00f5elise mina juurde. Hakka end ilmutama, kuulutades end maailmale. Saa motivatsiooni ja m\u00f5ista, et k\u00f5ik on v\u00f5imalik, sa pead lihtsalt seda tahtma. Julgust alustada uut elu ja astuda esimesi samme muutuste suunas, kartmata eba\u00f5nnestumist. Hankige sisemist tuge v\u00f5i tuvastage, kus teie elus on v\u00e4lised toed.<br \/> Sihtr\u00fchm: lapsed, teismelised, t\u00e4iskasvanud, algajad spetsialistid ja eksperdid: ps\u00fchholoogid, isikliku kasvu treenerid, MAK konsultandid, treenerid, \u00f5petajad, ps\u00fchhoterapeudid, muinasjututerapeudid, m\u00e4ngupraktikud jne.<\/p>\n<p> MAK \u201cRessursiuudised\u201d on kaartide komplekt, mis aitab l\u00f5pule viia mis tahes paigutuse erinevate tekkidega, mis tahes leidlikus olekus olevas teemas: see pakub tuge, inspiratsiooni, motivatsiooni ja soovitab viise raskuste lahendamiseks. Ressursipakk on ju vajalik igas olukorras, eriti konsultatsiooni l\u00f5pus, kui inimene on valmis tegutsema ja tal on vaja vaid \u201cmotivatsioonil\u00f6\u00f6ki v\u00f5i ressursiuudist\u201d, mis annab j\u00f5udu olukorraga toimetulekuks. raskus. See on omamoodi s\u00f5num selle kohta, kust t\u00e4pselt j\u00f5udu ammutada. Nad annavad v\u00f5imsat energiat, j\u00f5udu ja algatusv\u00f5imet mis tahes elusituatsiooni lahendamisel. \u00dches\u00f5naga, see on universaalne tekk mis tahes ressursiseisundi valimiseks: f\u00fc\u00fcsiline, emotsionaalne, vaimne.<br \/> Iga inimene vajab raskel eluperioodil t\u00f5esti ressursse. Kui leiad endas j\u00f5udu ja motivatsiooni, siis on lihtsam ps\u00fchholoogilisest traumast v\u00e4lja tulla, ennast s\u00e4ilitada ja elukvaliteedi t\u00f5stmise suunas edasi liikuda. &quot;Ressursiuudiste&quot; pakett aitab teil oma ressursse n\u00e4ha, neid arendada ja edaspidi kasutada.<br \/> Iga pilt ja iga s\u00f5na esindavad ressurssi. See on omamoodi s\u00f5num teie alateadvusele, mis soovitab teie \u00fclesandele \u00f5iget lahendust v\u00f5i toob v\u00e4lja suuna. Inimese alateadvus teab paremini kui teie aju ja keha, kuidas selle t\u00f6\u00f6riistaga t\u00f6\u00f6tada, seega on teie n\u00e4gemus joonistatud kaardist see, mis v\u00f5imaldab h\u00f5lpsalt, kiiresti ja t\u00f5husalt oma k\u00fcsimustele vastuse leida. Need aitavad sul leida need sisemised tugevused, et lahendada elusituatsioone, millest inimene ei teadnudki \u2013 just see SISEMINE MOTIVATSIOON.<br \/> MAC \u201cRessursiuudised\u201d on loodud t\u00f6\u00f6tama klientidega, kes on enesetundmise ja elu m\u00f5tte otsinguil. Kaardid aitavad teil kogeda raskeid tundeid\/emotsioone ja t\u00f6\u00f6tada ebakindlalt. P\u00e4ringutega, mis on seotud ressursside, t\u00e4henduste otsimisega, eluv\u00e4\u00e4rtuste teadvustamisega, naise arengu harmoonilise tee rajamisega, teadvustamatusest vastuste saamiseks. Ja muidugi laiale hulgale inimestele, kes on huvitatud ps\u00fchholoogiast, enesearengust, enesetundmisest ja teadlikkuse poole p\u00fc\u00fcdlejatele. Tekk aitab teil avastada oma t\u00f5elisi ressursse, j\u00e4ttes m\u00f6\u00f6da kriitilisest tajust. See on t\u00f5hus vahend oma sisemise potentsiaali vabastamiseks.<br \/> K\u00f5ik pildid on eredad, positiivsed, lihtsad, meeldivad ja kergesti tajutavad. Iga akvarellpilt paljastab sinu varuenergiataseme, mida sa ei n\u00e4e ega tunne, aga see on olemas!<br \/> Teki omadused: t\u00f6\u00f6l puuduvad vanusepiirangud, sest eredad ja positiivsed pildid tekitavad positiivseid emotsioone isegi lastes ja teismelistes. Sobib peamiselt naistega t\u00f6\u00f6tamiseks, kuid neid saab kasutada ka meestega t\u00f6\u00f6tamisel. Kaarte kasutatakse iseseisvas, individuaalses ja r\u00fchmat\u00f6\u00f6s. <br \/> Teki ainulaadsus seisneb selles, et siin saab t\u00f6\u00f6tada eraldi pildiga, eraldi s\u00f5nadega v\u00f5i k\u00e4sitleda pilti ja s\u00f5nu \u00fchtse tervikuna. S\u00f5na on vaid suund. See ei pruugi teile meeldida ja te ei pruugi sellega n\u00f5ustuda, nagu pildiga seostamise puhul, siis sulgege s\u00f5na ja t\u00f6\u00f6tage ainult pildiga.<\/p>","protected":false},"excerpt":{"rendered":"<p>Forbes Isolde poolt. Poppy Game Practice projekti asutaja. Mitmete MAC tekkide, enesetundmismaratonide, koolituste, transformatsioonim\u00e4ngude autor.<\/p>","protected":false},"featured_media":1793,"comment_status":"open","ping_status":"open","template":"","meta":[],"product_brand":[],"product_cat":[26],"product_tag":[],"class_list":{"0":"post-1792","1":"product","2":"type-product","3":"status-publish","4":"has-post-thumbnail","6":"product_cat-resources","8":"first","9":"outofstock","10":"purchasable","11":"product-type-simple"},"_links":{"self":[{"href":"https:\/\/shercards.com\/et\/wp-json\/wp\/v2\/product\/1792","targetHints":{"allow":["GET"]}}],"collection":[{"href":"https:\/\/shercards.com\/et\/wp-json\/wp\/v2\/product"}],"about":[{"href":"https:\/\/shercards.com\/et\/wp-json\/wp\/v2\/types\/product"}],"replies":[{"embeddable":true,"href":"https:\/\/shercards.com\/et\/wp-json\/wp\/v2\/comments?post=1792"}],"wp:featuredmedia":[{"embeddable":true,"href":"https:\/\/shercards.com\/et\/wp-json\/wp\/v2\/media\/1793"}],"wp:attachment":[{"href":"https:\/\/shercards.com\/et\/wp-json\/wp\/v2\/media?parent=1792"}],"wp:term":[{"taxonomy":"product_brand","embeddable":true,"href":"https:\/\/shercards.com\/et\/wp-json\/wp\/v2\/product_brand?post=1792"},{"taxonomy":"product_cat","embeddable":true,"href":"https:\/\/shercards.com\/et\/wp-json\/wp\/v2\/product_cat?post=1792"},{"taxonomy":"product_tag","embeddable":true,"href":"https:\/\/shercards.com\/et\/wp-json\/wp\/v2\/product_tag?post=1792"}],"curies":[{"name":"wp","href":"https:\/\/api.w.org\/{rel}","templated":true}]}}