{"id":1812,"date":"2024-08-04T13:53:04","date_gmt":"2024-08-04T13:53:04","guid":{"rendered":"https:\/\/shercards.com\/index.php\/product\/metaphorical-associative-cards-moments-of-happiness\/"},"modified":"2025-10-20T10:38:59","modified_gmt":"2025-10-20T10:38:59","slug":"metaphorical-associative-cards-moments-of-happiness","status":"publish","type":"product","link":"https:\/\/shercards.com\/et\/toode\/metaphorical-associative-cards-moments-of-happiness\/","title":{"rendered":"Metafoorsed assotsiatiivsed kaardid &quot;\u00d5nnehetked&quot;"},"content":{"rendered":"<p><strong>Autor:<\/strong> Irina Iljina \u2013 ps\u00fchholoog, koolitaja, projekti &quot;Kolmanda aastatuhande ps\u00fchholoogia&quot; magister, V\u00e4\u00e4rtuskeskse Ps\u00fchholoogia Instituudi juhtiv\u00f5petaja, Hariduspraktika Keskuste \u00dchenduse metafooriliste assotsiatiivsete kaartide modaalsuse juht, filmiterapeut, m\u00e4ng praktik, Rahvusvahelise Muinasjututerapeutide Liidu liige, MAK-i tekkide autor.<br \/><strong>Kunstnik:<\/strong> Margarita Vassiljeva.<br \/>Komplektis 70 pildikaarti.<br \/>Pakk \u201c\u00d5nnehetked\u201d on kaardikomplekt, millel on illustratsioonid erinevate \u00f5nnelike s\u00fcndmuste kohta inimese elust neljas eluvaldkonnas: f\u00fc\u00fcsilises, sotsiaal-emotsionaalses, intellektuaalses ja vaimses. Autorid valisid v\u00e4lja ja s\u00fcstematiseerisid 70 enimlevinud hetke, mida inimesed m\u00e4rkisid oma elus eriti r\u00f5\u00f5msate ja t\u00e4henduslikena: kooli l\u00f5petamine, \u00fclikool, pulmad, lapse s\u00fcnd ja palju muud.<br \/> Tekk on vajalik konsultatsioonil MAK-is, et kujundada kliendis positiivset meelt, tema ressursse, annab j\u00f5udu raskustega toimetulekuks.<br \/> <strong>Tehnikad:<\/strong><br \/> <strong>Tehnika &quot;7 elur\u00f5\u00f5mu&quot;<\/strong><br \/> Tehnika aitab kliendil n\u00e4ha lihtsaid elur\u00f5\u00f5me, tulla toime masendusmeeleoluga, n\u00e4ha elu helgust.<br \/> 1. Ressursipakist \u201c\u00d5NNE HETKED\u201d OT v\u00f5ta v\u00e4lja 7 kaarti vastustega k\u00fcsimustele, mida saan oma igap\u00e4evaelus kaasa v\u00f5tta, n\u00e4iteks:<br \/> 1) R\u00f5\u00f5m silmadele<br \/> 2) R\u00f5\u00f5m k\u00f5rvast<br \/> 3) R\u00f5\u00f5m kehast<br \/> 4) R\u00f5\u00f5m intellekti \u00fcle<br \/> 5) Tegevusr\u00f5\u00f5m<br \/> 6) R\u00f5\u00f5m suhtlemisest<br \/> 7) R\u00f5\u00f5m hingele.<br \/> 2. Iga kaardi avamine kordam\u00f6\u00f6da, arutage.<br \/> 3. Koosta tegevuskava.<br \/><strong>&quot;Minu naudingute&quot; tehnika<\/strong><br \/> Tehnika sobib r\u00f5\u00f5mutus seisundis klientide abistamiseks, kes on kaotanud elumaitse, eitades endale lihtsaid vajadusi.<br \/>1. Arutage kliendiga:<br \/> \u2013 Mis talle \u00fcldiselt r\u00f5\u00f5mu, elur\u00f5\u00f5mu pakub?<br \/> \u2013 Millal ta viimati neid asju tegi?<br \/> \u2013 Mis takistab tal selliseid toiminguid sooritamast?<br \/> \u2014 Mida ta veel teha saab? enda jaoks, et saada elust naudingut, r\u00f5\u00f5mu?<br \/> \u2013 Kui keskkonnas\u00f5bralik see teistele on?<br \/> \u2013 Kuidas muutub kliendi ja tema keskkonna elu, kui ta endale neid naudinguid lubab?<br \/>2. OT soovitab v\u00e4lja t\u00f5mmata 3-5 kaarti vastusega k\u00fcsimusele &quot;Milliseid naudinguid saan t\u00e4na kogeda?&quot; Avage \u00fckshaaval, arutage.<br \/> 3. Tee j\u00e4reldused.<br \/><strong>\u00d5nnehetkede tehnika<\/strong><br \/> Tehnika aktualiseerib vajadust investeerida igasse eluvaldkonda:<br \/>1. Joonista ruut, kirjelda 4 eluvaldkonda.<br \/> 2. Hinnake protsentides kliendi f\u00fc\u00fcsilise, sotsiaal-emotsionaalse, intellektuaalse ja vaimse sf\u00e4\u00e4ri seisundit.<br \/> 3. Selles (nendes) piirkondades, kus protsent on madalaim, OT \u201c\u00d5nnehetkede\u201d pakist t\u00f5mmake v\u00e4lja 1-2 kaarti, avage need ja arutlege, milline panus on harmooniaks vajalik. <\/br><\/br><\/p>","protected":false},"excerpt":{"rendered":"<p>Autor: Irina Iljina \u2013 ps\u00fchholoog, koolitaja, projekti \u201cKolmanda aastatuhande ps\u00fchholoogia\u201d magister, instituudi juhtiv\u00f5petaja<\/p>","protected":false},"featured_media":1813,"comment_status":"open","ping_status":"open","template":"","meta":[],"product_brand":[],"product_cat":[26],"product_tag":[],"class_list":{"0":"post-1812","1":"product","2":"type-product","3":"status-publish","4":"has-post-thumbnail","6":"product_cat-resources","8":"first","9":"outofstock","10":"purchasable","11":"product-type-simple"},"_links":{"self":[{"href":"https:\/\/shercards.com\/et\/wp-json\/wp\/v2\/product\/1812","targetHints":{"allow":["GET"]}}],"collection":[{"href":"https:\/\/shercards.com\/et\/wp-json\/wp\/v2\/product"}],"about":[{"href":"https:\/\/shercards.com\/et\/wp-json\/wp\/v2\/types\/product"}],"replies":[{"embeddable":true,"href":"https:\/\/shercards.com\/et\/wp-json\/wp\/v2\/comments?post=1812"}],"wp:featuredmedia":[{"embeddable":true,"href":"https:\/\/shercards.com\/et\/wp-json\/wp\/v2\/media\/1813"}],"wp:attachment":[{"href":"https:\/\/shercards.com\/et\/wp-json\/wp\/v2\/media?parent=1812"}],"wp:term":[{"taxonomy":"product_brand","embeddable":true,"href":"https:\/\/shercards.com\/et\/wp-json\/wp\/v2\/product_brand?post=1812"},{"taxonomy":"product_cat","embeddable":true,"href":"https:\/\/shercards.com\/et\/wp-json\/wp\/v2\/product_cat?post=1812"},{"taxonomy":"product_tag","embeddable":true,"href":"https:\/\/shercards.com\/et\/wp-json\/wp\/v2\/product_tag?post=1812"}],"curies":[{"name":"wp","href":"https:\/\/api.w.org\/{rel}","templated":true}]}}