{"id":1907,"date":"2024-08-04T14:01:44","date_gmt":"2024-08-04T14:01:44","guid":{"rendered":"https:\/\/shercards.com\/index.php\/product\/metaphorical-associative-cards-the-heros-path-elemental-resource\/"},"modified":"2025-10-20T10:38:21","modified_gmt":"2025-10-20T10:38:21","slug":"metaphorical-associative-cards-the-heros-path-elemental-resource","status":"publish","type":"product","link":"https:\/\/shercards.com\/et\/toode\/metaphorical-associative-cards-the-heros-path-elemental-resource\/","title":{"rendered":"Metafoorsed assotsiatiivsed kaardid \u201cKangelase tee\u201d (+ \u201cElementaarne ressurss\u201d)"},"content":{"rendered":"<p>Kirjastaja: MACards<br \/>Autor: Jelena Avanesova, ps\u00fchholoog, kes kasutab oma t\u00f6\u00f6s s\u00fcmboldraama ps\u00fchhoteraapia meetodit, kunstiterapeut, ps\u00fchholoogiliste m\u00e4ngude \u201c22 Arkaani\u201d, \u201cTasakaaluspiraal\u201d autor.<br \/>Kunstnikud: nbsp;Kunstistuudio \u201cLoov k\u00f6\u00f6k\u201d \u00bb<br \/>Sisu:<\/p>\n<li>MAK \u201cKangelase tee\u201d (66 kaarti)<\/li>\n<li>MAK \u201cElementaalne ressurss\u201d (56 kaarti)<\/li>\n<li>Metoodiline juhend&lt;\/li&gt; <\/br> <br \/> Tekkide komplekt koosneb kahest kokkusobivast Jelena Avanesova MAC komplektist: \u201cThe Hero&#039;s Path\u201d \u2013 universaalne s\u00fc\u017eeepakk ja \u201cElemental Resource\u201d \u2013 ressursipakk. Just seda komplekti peetakse p\u00f5hiliseks ps\u00fchholoogide ja teiste abistavate elukutsete spetsialistide t\u00f6\u00f6s, sest \u00fche abil saate taotlust v\u00e4rskendada, probleemi uurida ja teise abil leida lahendusi. see, viise, kuidas end j\u00f5u ja ressurssidega t\u00e4ita.<br \/>Ps\u00fchhoterapeudi, filosoofi, kunstiterapeudi Eva-Maria Nietzsche harjutustel p\u00f5hinev pakk \u201cKangelase tee\u201d Taro kaartide peamise arkaani juurde. Tekk \u201cElementaarne ressurss\u201d p\u00f5hineb Jelena Avanesova v\u00e4ikese arkaani harjutustel.<br \/>Tarot on ainulaadne, iidne teadmiste s\u00fcsteem maailma ja inimese kohta. See on universaalne metaf\u00fc\u00fcsiline kontseptsioon, mis peegeldab inimese kosmogoonilist m\u00fc\u00fcti. Paljud kuulsad ps\u00fchhoterapeudid on p\u00f6\u00f6rdunud Tarot uurimise ja kasutamise poole ps\u00fchhoteraapias. KG Jung uskus, et Tarot peegeldas kollektiivse alateadvuse k\u00f5ige olulisemaid arhet\u00fc\u00fcpe ning v\u00f5imaldas otsest juurdep\u00e4\u00e4su selle energiatele ja j\u00f5ududele. Taro suurarkaani s\u00fcmbolid peegeldavad j\u00e4rjekindlalt meie eluteed, seda, kuidas me saame k\u00fcpsust, tarkust ja kogemusi ning milliseid probleeme me paratamatult l\u00e4bi elame. Seet\u00f5ttu t\u00f6\u00f6tab tekk erinevate taotlustega, mis tahes meie eluvaldkonnaga.<br \/>Kaart on nagu vaimse eksir\u00e4nnakute ja isikliku kasvu maastiku kaart, n\u00e4itab suunda, aitab n\u00e4ha, kuhu on praegu oluline liikuda. Kaardid aitavad leida ressurssi eluprobleemide lahendamiseks, n\u00e4ha ja lahendada sisemisi konflikte. Teie sisemaailma peenh\u00e4\u00e4lestatakse kujutlusruumi ja alateadvusega t\u00f6\u00f6tamise kaudu. Tekki ei kasutata ennustuss\u00fcsteemina.<br \/> \u201cKangelase tee\u201d tekiga t\u00f6\u00f6tamise p\u00f5him\u00f5tted.<br \/>Pakk koosneb 66 kaardist, 22 x 3, mis kajastub kaartide numeratsioonis. Suures ringis on Taro kaartide suurele arkaanile vastav arv ja v\u00e4ikeses ringis on (1,2,3) teema, millega kaart aitab teil t\u00f6\u00f6tada. V\u00f5ttes oma elusituatsioonile vastava kaardi, saate t\u00f6\u00f6tada piltide ja tunnetega, mida see tekitab.<br \/>Kaartide t\u00e4hendused, iga kaardi olekute suund ja orientatsioon:<br \/> 1. kaart &quot;Mag&quot;<br \/> 1.1 \u2013 peegeldab seadistust, kuidas tuleme toime keerulistes olukordades, t\u00f6\u00f6tades enesekindlalt.<br \/> 1.2 \u2013 ps\u00fchhosomaatiliste haigustega t\u00f6\u00f6tamine, n\u00e4itab meie suhtumist haigusesse.<br \/> 1.3 \u2013 kasutusel kriisiperioodil erialases sf\u00e4\u00e4ris.<br \/>2. &quot;Preestrinna&quot; kaart<br \/> 2.1 \u2013 naisenergiaga t\u00f6\u00f6tamine, ressursi hankimine.<br \/> 2.2 \u2013 naiselik identiteet, t\u00f6\u00f6 infoga.<br \/> 2.3 \u2013 seksuaalse hoiaku uurimine, ressursi hankimine.<br \/>3. kaart &quot;Keisrinna&quot; &quot;<br \/> 3.1 \u2013 naise sensuaalsuse, seksuaalsuse avalikustamine.<br \/> 3.2 \u2013 t\u00f6\u00f6 reproduktiivse sf\u00e4\u00e4riga, viljatus, emarolli aktsepteerimine.<br \/> 3.3 \u2013 t\u00f6\u00f6 emakasiseste kogemustega.<br \/>4. kaart &quot;Keiser&quot;<br > 4.1 \u2013 piiride, isa- ja meesfiguuridega t\u00f6\u00f6tamine.<br \/> 4.2 \u2013 imendumishirmuga t\u00f6\u00f6tamine.<br \/> 4.3 \u2013 animuse sisemise j\u00f5uga t\u00f6\u00f6tamine.<br \/>5. kaart &quot;Hierofant&quot;<br \/> 5.1 \u2013 vanemlike \u201ck\u00f6idikute\u201d eemaldamine, t\u00f6\u00f6 vanemate negatiivsete hoiakutega.<br \/> 5.2 \u2013 t\u00f6\u00f6ta hirmuga negatiivse hinnangu, s\u00fc\u00fctunde, oma \u201csuperego\u201d ees.<br \/> 5.3 \u2013 oskus vastutada oma valiku eest.<br \/>6- Ma olen &quot;Armastajate&quot; kaart<br \/> 6.1 \u2013 sisemise mehe ja naise harmoniseerimine.<br \/> 6.2 \u2013 \u00fchilduvus paaris.<br \/> 6.3 \u2013 ootused partnerilt.<br \/>7. kaart &quot;Chariot&quot;<br \/> 7.1 \u2013 stagnatsioonist v\u00e4ljumine, eesm\u00e4rgi saavutamine.<br \/> 7.2 \u2013 enesekontroll erinevates olukordades.<br \/> 7.3 \u2013 oma eesm\u00e4rkide m\u00e4\u00e4ratlemine, v\u00f5imaluste n\u00e4gemise oskus.<br \/>8. kaart &quot;\u00d5iglus&quot;<br \/> 8.1 \u2013 oskus nautida lihtsaid, mittemateriaalseid asju.<br \/> 8.2 \u2013 t\u00f6\u00f6 sisemise lapsega.<br \/> 8.3 \u2013 \u00f5igluse m\u00f5istega t\u00f6\u00f6tamine.<br \/>9. kaart &quot;Erak&quot;<br \/> 9.1 \u2013 oma isiksuse tundmine.<br \/> 9.2 \u2013 selle leidmine, mis igap\u00e4evaelus kaduma l\u00e4ks.<br \/> 9.3 \u2013 oma alateadvuse s\u00fcgavustesse sukeldumine.<br \/>10. kaart &quot;Saatuse ratas&quot;<br \/> 10.1 \u2013 tasakaalu leidmine r\u00fctmi ja rahu vahel, t\u00f6\u00f6tamine hirmuga oma saavutustest loobumise ees.<br \/> 10.2 \u2013 lootusetud ja korduvad olukorrad elus.<br \/> 10.3 \u2013 t\u00f6\u00f6tamine oma identiteedi, \u201cvarju\u201d ja ideaaliga \u201cmina\u201d.<br \/>11. kaart &quot;Tugevus&quot;<br \/> 11.1 \u2013 vaimne ja f\u00fc\u00fcsiline tasakaal.<br \/> 11,2 \u2013 jooksu tugevus.<br \/> 11.3 \u2013 oma loomaliku j\u00f5u aktsepteerimine.<br \/>12. kaart &quot;Pootud mees&quot;<br \/> 12.1 \u2013 hirm kaotada elu m\u00f5te.<br \/> 12.2 \u2013 teadlik ohverdus, v\u00e4ljap\u00e4\u00e4s peatatud olekus.<br \/> 12.3 \u2013 andestamise oskus.<br \/>13. kaart &quot;Surm&quot;<br \/> 13.1 \u2013 sisemine valmisolek muutusteks.<br \/> 13.2 \u2013 surmahirmuga t\u00f6\u00f6tamine.<br \/> 13.3 \u2013 teadlikkus, et iga l\u00f5pp on uus algus.<br \/>14. kaart \u201cModereerimine\u201d<br \/> 14.1 \u2013 tuhmumishirmuga t\u00f6\u00f6tamine.<br \/> 14.2 \u2013 t\u00f6\u00f6 endokriins\u00fcsteemiga, hormoonid.<br \/> 14.3 \u2013 sisemise tasakaalu leidmine.<br \/> 15. kaart \u201cKurat\u201d<br \/> 15.1 \u2013 aktsepteerige meie \u201ctumedat\u201d poolt, haarake selle \u00fcle kontroll.<br \/> 15.2 \u2013 t\u00f6\u00f6ta oma \u201cvarjuga\u201d.<br \/> 15.3 \u2013 t\u00f6\u00f6ta oma \u201csaladusega\u201d.<br >16. kaart &quot;Torn&quot;<br \/> 16.1 \u2013 sukeldumine s\u00fcgavale iseendasse.<br \/> 16.2 \u2013 illusioonide h\u00e4vimisest tingitud \u00e4revusega t\u00f6\u00f6tamine.<br \/> 16.3 \u2013 uute (vanade) ressursside leidmine.<br \/>17. kaart &quot;Star&quot;<br \/> 17.1 \u2013 \u00e4revusega t\u00f6\u00f6tamine, mis on tingitud suutmatusest leida oma eesm\u00e4rki.<br \/> 17.2 \u2013 oskus vastu v\u00f5tta ja anda.<br \/> 17.3 \u2013 universumiga seotuse tunne.<br \/>18. kaart &quot;Kuu&quot;&lt;br&gt; 18.1 \u2013 kriisis ressursi leidmine alateadvuse s\u00fcgavustest.<br \/> 18.2 \u2013 taass\u00fcnni kaart.<br \/> 18.3 \u2013 n\u00e4e oma \u201cvarju\u201d.<br \/>19. kaart &quot;P\u00e4ike&quot;<br \/> 19.1 \u2013 elu aktsepteerimine.&lt;br&gt; 19,2 \u2013 enesekindlus.<br \/> 19.3 \u2013 eneseteostuskaart.<br \/>20. kaart \u201cKohtuotsus\u201d<br \/> 20.1 \u2013 p\u00f5lvkondade\u00fcleste hirmude v\u00e4ljat\u00f6\u00f6tamine.<br \/> 20.2 \u2013 varem varjatud v\u00f5imete avastamine.<br \/> 20.3 \u2013 tervenemise ja vabanemise sisemise \u00fchtsuse saavutamine.<br \/>21. kaart &quot;Maailm&quot;<br \/> 21.1 \u2013 \u00fchtsus oma algse olemusega, terviklikkuse saavutamine.<br \/> 21.2 \u2013 leppimine maailmaga.<br \/> 21.3 \u2013 maailmaga \u00fchtsuse olek. <br \/>22. kaart (0) &quot;Jester&quot;<br \/> 22.1 \u2013 t\u00f6\u00f6tamine uue hirmuga, sisemine t\u00f5uge.<br \/> 22.2 \u2013 t\u00f6\u00f6 hoiakute ja sisemise lapsega.<br \/> 22.3 \u2013 ressursi leidmine elu muutmiseks.&lt;br&gt;\u201eElementaarse ressursi\u201d tekiga t\u00f6\u00f6tamise p\u00f5him\u00f5tted.<br \/>Pakk koosneb 56 kaardist, 14 x 4, mis kajastub kaartide numeratsioonis. Ringi v\u00e4rv peegeldab \u201celementi\u201d ennast (\u00fclikonda), ringis olev number on v\u00e4ikese arkaani number. Valitud kaardi ringi v\u00e4rv \u00fctleb teile, milline &quot;element&quot; aitab teil ressurssi leida.<br \/>V\u00e4ikearkaan paljastab meile igap\u00e4evaelu erinevaid tahke: s\u00fcndmused, suhted teistega, meeleseisundid v\u00f5i tunded, mida parasjagu kogeme. Iga kaart peegeldab individuaalseid ja arhet\u00fc\u00fcpseid kogemusi ja olukordi, mis iga inimese elus ette tulevad. Meie tegevus avaldub l\u00e4bi nelja sf\u00e4\u00e4ri \u2013 emotsionaalne, intellektuaalne, vaimne ja materiaalne, mis kajastub Taro kaartide v\u00e4ikese arkaani neljas mastis.<br \/>V\u00f5lukeppide mast (punaste ringidega kaardid) vastab esmasele tuleelemendile. 14 v\u00f5lukeppide kaarti kirjeldavad loova kujutlusv\u00f5ime arengut, selle kasutamist selle protsessi k\u00e4igus tekkivate probleemide lahendamisel.<br \/>Tasside mast (siniste ringidega kaardid) vastab esmasele elemendile vesi. 14 tassikaarti kirjeldavad inimese sensoorse sf\u00e4\u00e4ri arengut, emotsioone, teadmisi sensoorsetest suhetest.<br \/>M\u00f5\u00f5kade mast (kollaste ringidega kaardid) vastab esmasele elemendile \u00f5hk. 14 m\u00f5\u00f5kakaarti kirjeldavad m\u00f5tlemisv\u00f5ime arengut, selle tumedaid ja heledaid k\u00fclgi. See areng toimub sisemiste konfliktide, m\u00f5istuse pakutava selguse ja m\u00f5istmise kaudu.<br \/>Pentaklite (roheliste ringidega kaardid) mast vastab p\u00f5hielemendile maa. 14 pentakli kaarti kirjeldavad reaalsuses toimimise v\u00f5ime arengut, kohanemist kogu elu jooksul maise maailma n\u00f5udmistega.<br \/>Harjutused ja tehnikad<br \/>Esiteks on \u201cKangelase tee\u201d metafoorne kaart ja me j\u00e4rgime p\u00f5hireeglit \u2013 klient t\u00f5lgendab kaarti. Mida see kaart kliendile t\u00e4hendab? Mida ta naise peal n\u00e4eb ja milliseid tundeid see temas tekitab? Saate t\u00f6\u00f6tada mis tahes MAC-tehnikaga, mis vastab kliendi soovile.<br \/>Universaalne tehnika<br \/> Eesm\u00e4rk: s\u00f5nastada ja ajakohastada taotlus.\n<li>Valige VO (avatud) v\u00f5i VO (suletud) 6 kaarti: kolm k\u00f5ige meeldivamat ja kolm k\u00f5ige ebameeldivamat p\u00e4ringuga seotud kaarti.<\/li>\n<li>Paigutage valitud kaardid vastavalt j\u00e4rgmisele skeemile:<br \/> 1\u20142\u20143 \u2013 meeldiv<br \/> 4\u2013 -5\u20136 \u2013 ebameeldiv<\/br><\/br><\/li>\n<li>Mis on kaartidel n\u00e4idatud? Kuidas on see teie taotlusega seotud? Mis tunne teil neid kaarte vaadates on? Mis sulle t\u00e4pselt kaartide nr 1, 2, 3 juures meeldib? Mis sind t\u00e4pselt t\u00f5rjub kaartidel nr 4, 5, 6?<\/li>\n<li>P\u00f6\u00f6rake t\u00e4helepanu vertikaalsetele ridadele \u2013 1 ja 4, 2 ja 5, 3 ja 6. Enamasti on need kaardid omavahel seotud, nagu \u00fche protsessi pluss ja miinus.<\/li>\n<p> <\/br> <br \/> \u201cTuleviku t\u00f6\u00f6tuba\u201d tehnika<br \/> Eesm\u00e4rk: arendada enesekindlust eesm\u00e4rgi saavutamise suhtes.<\/p>\n<li>M\u00f5elge eesm\u00e4rgile, mis on teie jaoks oluline. M\u00e4\u00e4rake periood (n\u00e4dalast kuni 10 aastani), millal see s\u00fcndmus aset leiab. Valige 5 kaarti, mis kajastavad teie soovitud elu sellel perioodil. Kirjeldage iga kaarti.<\/li>\n<li>J\u00e4rgmisena pange \u00fcks kaart k\u00f5rvale, nii et selle puudumine ei m\u00f5jutaks \u00fclej\u00e4\u00e4nud kaartidega v\u00e4ljendatud pilti. Seej\u00e4rel pange samal p\u00f5him\u00f5ttel k\u00f5rvale teine ja nii kuni viimase kaardini.<\/li>\n<li>\u00dclej\u00e4\u00e4nud kaart \u00fctleb teile, mis t\u00e4pselt on oluline ja mida tuleb n\u00fc\u00fcd eesm\u00e4rgi saavutamiseks ressursina kasutada; mis saab eesm\u00e4rgi saavutamisel oluliseks. Sukelduge kaardi pilti, tunnetage selle s\u00f5numit.<\/li>\n<p> <\/br> <br \/> Tehnika &quot;Pahameel ja andestamine&quot;<br \/>Eesm\u00e4rk: kaebustega t\u00f6\u00f6tamine, andestuse elamine<\/p>\n<li>Valige VO v\u00f5i OT neli kaarti:<br \/> 1 \u2013 kaart, mis s\u00fcmboliseerib sinu solvumist olulise isiku vastu<br \/> 2 \u2013 kaart, mis aitab sul andestada<br \/> 3 \u2013 kaart, kui sa seda inimest solvasid<br \/> 4 \u2013 kaart, mis aitab sul endale andestada<\/br><\/li>\n<li>Kirjeldage, mida kaartidel n\u00e4idatakse. Kuidas on see seotud teie pahameelega? Mis tunne teil neid kaarte vaadates on? Mis on neil neljal kaardil \u00fchist? Proovige anal\u00fc\u00fcsida, kuidas need kaebused on omavahel seotud.<\/li>\n<p> <\/br> <br \/> Tehnika &quot;S\u00e4testatud eesm\u00e4rgiga t\u00f6\u00f6tamine&quot;<br \/> Eesm\u00e4rk: eesm\u00e4rgi seadmine, eesm\u00e4rgi saavutamise viiside uurimine.<\/p>\n<li>Vali VO v\u00f5i VO \u00fcks kaart, mis n\u00e4itab hetkeolukorda.<\/li>\n<li>Valige VO v\u00f5i VO teine kaart, mis kajastab teie olekut, kui soovitud eesm\u00e4rk on saavutatud.<\/li>\n<li>Valige VO v\u00f5i VO kolm kaarti \u2013 sild olekust &quot;n\u00fc\u00fcd&quot; olekusse &quot;tahan&quot;. Asetage kaardid joonisel n\u00e4idatud viisil:<br \/> 1\u2014\u2014-3\u20144\u20145 \u2014\u2014-2<\/br><\/li>\n<li>Anal\u00fc\u00fcsige eesm\u00e4rgi saavutamiseks vajalikke samme.&lt;\/li&gt; <\/br> <br \/> Tehnika &quot;Sisekonflikt&quot;<br \/> Eesm\u00e4rk: sisekonflikti, selle sisu ja v\u00e4ljap\u00e4\u00e4sude uurimine.\n<li>Valige VO- v\u00f5i OT-kaart, mis kajastab seda, mida soovite, teile ei meeldi midagi, mida te ei aktsepteeri.<\/li>\n<li>Valige VO v\u00f5i OT kaart \u2013 &quot;Ma olen ideaalne&quot;.<\/li>\n<li>Kolmandast v\u00e4ljat\u00f5mmatud kaardist saab \u00fchendav, integreeriv kaart. Mida see kaart teile \u00fctleb? J\u00e4rjesta k\u00f5ik kaardid nii:<br \/> 1&#8212;&#8211;3&#8212;&#8211;2.<\/br><\/li>\n<li>Anal\u00fc\u00fcsige oma sisemist konflikti.<\/li>\n<p> <\/br> <br \/> Tehnika &quot;Esivanematega t\u00f6\u00f6tamine&quot;<br \/>Eesm\u00e4rk: t\u00f6\u00f6 esivanemate traumade ja ressurssidega<\/p>\n<li>Peate valima VO v\u00f5i OT 6 kaardid, mis kajastavad teie esivanemate s\u00fcsteemi j\u00e4rgmisi aspekte:<br \/> 1 \u2013 I \u00fclds\u00fcsteemis<br \/> 2 \u2013 Klanni tugevus<br \/> 3 \u2013 klanni n\u00f5rkus<br \/> 4 \u2013 Mida lastele edasi anda?<br \/> 5 \u2013 Mida mitte lastele edasi anda?<br \/> 6 \u2013 klanni ressurssidega t\u00e4itmise kaart<\/li>\n<p> &lt;li&gt;Kirjeldage iga kaarti. Mida see n\u00e4itab? Kas teile pilt meeldib? Kui jah, siis millega? Kui ei, siis miks mitte? Kuidas on see seotud teie esivanemate s\u00fcsteemiga?<\/li>\n<p> <\/br> <\/br><\/br><\/p>","protected":false},"excerpt":{"rendered":"<p>Kirjastaja: MACardsAutor: Jelena Avanesova, ps\u00fchholoog, kes kasutab oma t\u00f6\u00f6s s\u00fcmboldraama ps\u00fchhoteraapia meetodit, kunstiterapeut, ps\u00fchholoogiliste m\u00e4ngude autor<\/p>","protected":false},"featured_media":1908,"comment_status":"open","ping_status":"open","template":"","meta":[],"product_brand":[],"product_cat":[27],"product_tag":[],"class_list":{"0":"post-1907","1":"product","2":"type-product","3":"status-publish","4":"has-post-thumbnail","6":"product_cat-universal","8":"first","9":"outofstock","10":"purchasable","11":"product-type-simple"},"_links":{"self":[{"href":"https:\/\/shercards.com\/et\/wp-json\/wp\/v2\/product\/1907","targetHints":{"allow":["GET"]}}],"collection":[{"href":"https:\/\/shercards.com\/et\/wp-json\/wp\/v2\/product"}],"about":[{"href":"https:\/\/shercards.com\/et\/wp-json\/wp\/v2\/types\/product"}],"replies":[{"embeddable":true,"href":"https:\/\/shercards.com\/et\/wp-json\/wp\/v2\/comments?post=1907"}],"wp:featuredmedia":[{"embeddable":true,"href":"https:\/\/shercards.com\/et\/wp-json\/wp\/v2\/media\/1908"}],"wp:attachment":[{"href":"https:\/\/shercards.com\/et\/wp-json\/wp\/v2\/media?parent=1907"}],"wp:term":[{"taxonomy":"product_brand","embeddable":true,"href":"https:\/\/shercards.com\/et\/wp-json\/wp\/v2\/product_brand?post=1907"},{"taxonomy":"product_cat","embeddable":true,"href":"https:\/\/shercards.com\/et\/wp-json\/wp\/v2\/product_cat?post=1907"},{"taxonomy":"product_tag","embeddable":true,"href":"https:\/\/shercards.com\/et\/wp-json\/wp\/v2\/product_tag?post=1907"}],"curies":[{"name":"wp","href":"https:\/\/api.w.org\/{rel}","templated":true}]}}