{"id":1912,"date":"2024-08-04T14:01:44","date_gmt":"2024-08-04T14:01:44","guid":{"rendered":"https:\/\/shercards.com\/index.php\/product\/metaphorical-association-cards-la-libertad-maps-of-inner-freedom\/"},"modified":"2025-10-20T10:38:21","modified_gmt":"2025-10-20T10:38:21","slug":"metaphorical-association-cards-la-libertad-maps-of-inner-freedom","status":"publish","type":"product","link":"https:\/\/shercards.com\/et\/toode\/metaphorical-association-cards-la-libertad-maps-of-inner-freedom\/","title":{"rendered":"Metafoorsed assotsiatsioonikaardid &quot;La Libertad&quot; (sisemise vabaduse kaardid)"},"content":{"rendered":"<p>Autor: Anna Sudneko \u2013 kliiniline ps\u00fchholoog, neurops\u00fchholoog, kunstiterapeut, pereps\u00fchholoog, superviisor, metafoorikaartidega t\u00f6\u00f6tamise diplomeeritud spetsialist, ps\u00fchhosomaatika; diplomeeritud emotsionaalse-kujutlusv\u00f5imega terapeut, diplomeeritud Jungi liivaterapeut, Liivateraapia \u00dchingu liige.<br \/>Kunstnik: Anna Kreidun \u2013 Venemaa Kunstnike Loomeliidu Rahvusvahelise Kunstnike F\u00f6deratsiooni liige; rahvusvahelise konkursi ETHNO ART FEST v\u00f5itja<br \/>Sisu: <\/p>\n<ul>\n<li>115 kaarti (papp, lamineeritud, 70 x 100 mm),<\/li>\n<li>metoodilised soovitused (24 lehek\u00fclge \u2013 l\u00fchike teave metafoorsete kaartidega t\u00f6\u00f6tamise kohta, l\u00fchialgoritmid erinevate p\u00e4ringutega t\u00f6\u00f6tamiseks (20 n\u00e4idet))<\/li>\n<\/ul>\n<p> Kaardi suurus: 70 x 100 mm<br \/>Hispaania keeles t\u00e4hendab &quot;La Libertad&quot; vabadust. Kaardid on loodud selleks, et aidata teil saavutada sisemist vabadust, emotsionaalset tervenemist ning vabaneda negatiivsetest kogemustest ja tingimustest. Need on kaardid vabadusest, nii erinevad \u2013 eneseteostuse ja enesev\u00e4ljenduse vabadus, vabadus elada ilma \u00e4revuseta, vabadus elada oma elu ja olla sina ise, vabadus usaldada ennast ja maailma, vabadus ennast armastada ja aktsepteerida, vabadus elada harmoonilist \u00f5nnelikku elu.<br \/><strong> \u201cLa Libertad\u201d tekikast on esitatud kahes kujundusvariandis (foto lisatud). Tellimisel m\u00e4rkige kommentaaridesse, millist kasti soovite: sinist loodusega (s\u00e4rgid \u2013 taevas) v\u00f5i sinist tuletorniga (s\u00e4rgid \u2013 t\u00e4hed).<\/strong><br \/> Kaartide kasutusvaldkonnaks on abi erinevate negatiivsete emotsionaalsete seisundite, destruktiivsete uskumuste, eesm\u00e4rgi saavutamise takistuste, perfektsionismi, madala enesehinnangu, hirmude, \u00e4revuse, stressi, ps\u00fchhosomaatika ja muude vajadustega t\u00f6\u00f6tamisel.<br \/>Tekki saab kasutada sisemise lapsega t\u00f6\u00f6tamiseks, ressursside, v\u00f5imaluste ja t\u00e4henduse otsimiseks keerulistes elusituatsioonides; valiku teemaga t\u00f6\u00f6tamisel, sisemised ja v\u00e4lised konfliktid, traumad, lein, kaotused, kriisid.<br \/>La Libertad kaardid on m\u00f5eldud ps\u00fchholoogidele, treeneritele ja metafoorsete kaartidega t\u00f6\u00f6tavatele spetsialistidele. Sobib nii professionaalile kui ka algajale.<br \/>La Libertadi saab kasutada universaalse ja ressursipaketina. Kujutised ja lood on mitmetahulised \u2013 nendest leiab probleeme ja lahendusi, takistusi ja v\u00f5imalusi. Sobib nii individuaalseks kui ka r\u00fchmat\u00f6\u00f6ks t\u00e4iskasvanute, algkoolilaste ja teismelistega.<br \/>Erksad ja v\u00e4rvilised kaardid on tunnete, sisemiste protsesside, elusituatsioonide ja ressursside metafoorid. Loodusn\u00e4htusi, maastikke, pilte loomadest, taimedest, inimestest ja stseene joonistati spetsiaalselt \u201cLa Libertadi\u201d teki jaoks 2020. aasta jaanuarist juunini vesiv\u00e4rvides.<br \/>N\u00e4ited kaartidega t\u00f6\u00f6tamiseks:<br \/>Arengu suund <br \/>Kaart 1. Millega on kliendi elu praegu t\u00e4idetud?<br \/> Kaart 2. Klient, tema anded ja oskused.<br \/> Kaart 3. Kliendi v\u00e4\u00e4rtused.<br \/> Kaart 4. Arengusuunad.<br \/>V\u00e4rskenda<br \/> Kaart 1. Mis vajab uuendamist ja muutmist?<br \/> Kaart 2. Mis takistab kliendil uude etappi liikumast (m\u00f5tted, uskumused, asjaolud, tunded)?<br \/> Kaart 3. Millistest hirmudest ja kahtlustest on aeg lahku minna?<br \/> Kaart 4. On aeg lasta ellu midagi uut, millest alustada<br \/>Eesm\u00e4rkidega t\u00f6\u00f6tamine<br \/>Kaart 1. Probleem v\u00f5i klient p\u00e4ringu kontekstis.<br \/> Kaart 2. Eesm\u00e4rk, soovitud olek.<br \/> Kaart 3. Mis takistab teil saavutada seda, mida soovite (uskumused, takistused, asjaolud, hoiakud)?<br \/> Kaart 4. Kliendi ressursid ja v\u00f5imalused.<br \/> Kaart 5. Tegevused, sammud.<br \/>Suhted<br \/>Kaart 1. Millega on suhted t\u00e4idetud?<br \/> Kaart 2. Mis on suhetes puudu?<br \/> Kaart 3. Mis aitab suhteid \u00fchtlustada?<br \/>T\u00f6\u00f6 tunnete, emotsioonide, seisunditega<br \/>Kaart 1. Millised negatiivsed tunded, emotsioonid, seisundid on elus praegu?<br > Kaart 2. Mis p\u00f5hjustas negatiivseid tundeid?<br \/> Kaart 3. (\u00dcks v\u00f5i mitu kaarti.) Milliste tunnete, seisundite, emotsioonidega soovite oma elu t\u00e4ita?<br \/> Kaart 4. Mis aitab t\u00e4ita teie elu positiivsete emotsioonide ja tunnetega?<\/p>","protected":false},"excerpt":{"rendered":"<p>Autor: Anna Sudneko \u2013 kliiniline ps\u00fchholoog, neurops\u00fchholoog, kunstiterapeut, pereps\u00fchholoog, superviisor, metafoorikaartidega t\u00f6\u00f6tamise diplomeeritud spetsialist, ps\u00fchhosomaatika;<\/p>","protected":false},"featured_media":1913,"comment_status":"open","ping_status":"open","template":"","meta":[],"product_brand":[],"product_cat":[27],"product_tag":[],"class_list":{"0":"post-1912","1":"product","2":"type-product","3":"status-publish","4":"has-post-thumbnail","6":"product_cat-universal","8":"first","9":"outofstock","10":"purchasable","11":"product-type-simple"},"_links":{"self":[{"href":"https:\/\/shercards.com\/et\/wp-json\/wp\/v2\/product\/1912","targetHints":{"allow":["GET"]}}],"collection":[{"href":"https:\/\/shercards.com\/et\/wp-json\/wp\/v2\/product"}],"about":[{"href":"https:\/\/shercards.com\/et\/wp-json\/wp\/v2\/types\/product"}],"replies":[{"embeddable":true,"href":"https:\/\/shercards.com\/et\/wp-json\/wp\/v2\/comments?post=1912"}],"wp:featuredmedia":[{"embeddable":true,"href":"https:\/\/shercards.com\/et\/wp-json\/wp\/v2\/media\/1913"}],"wp:attachment":[{"href":"https:\/\/shercards.com\/et\/wp-json\/wp\/v2\/media?parent=1912"}],"wp:term":[{"taxonomy":"product_brand","embeddable":true,"href":"https:\/\/shercards.com\/et\/wp-json\/wp\/v2\/product_brand?post=1912"},{"taxonomy":"product_cat","embeddable":true,"href":"https:\/\/shercards.com\/et\/wp-json\/wp\/v2\/product_cat?post=1912"},{"taxonomy":"product_tag","embeddable":true,"href":"https:\/\/shercards.com\/et\/wp-json\/wp\/v2\/product_tag?post=1912"}],"curies":[{"name":"wp","href":"https:\/\/api.w.org\/{rel}","templated":true}]}}