{"id":1955,"date":"2024-08-04T14:08:05","date_gmt":"2024-08-04T14:08:05","guid":{"rendered":"https:\/\/shercards.com\/index.php\/product\/metaphorical-cards-tales-of-wanderings\/"},"modified":"2025-10-20T10:38:21","modified_gmt":"2025-10-20T10:38:21","slug":"metaphorical-cards-tales-of-wanderings","status":"publish","type":"product","link":"https:\/\/shercards.com\/et\/toode\/metaphorical-cards-tales-of-wanderings\/","title":{"rendered":"Metafoorsed kaardid &quot;R\u00e4nnakujutud&quot;"},"content":{"rendered":"<p>Teksti autor: Victoria Ga\u0161inskaja<br \/> <\/br> Kunstnik: Serafima Atayants Sisu:nbsp; <\/p>\n<ul>\n<li>15 kahepoolset postkaarti<\/li>\n<li>katta juhistega<\/li>\n<li>muinasjuttude autori\u00f5igusega h\u00e4\u00e4leversioonid ja nendega t\u00f6\u00f6tamise v\u00f5imalused (link) <\/li>\n<\/ul>\n<p> <\/br> R\u00e4nnakujutud on metafoorilised postkaardid sise- ja v\u00e4lisreisidest, iseendaga kohtumise t\u00e4htsusest, maailmast ja selle teedest, inimese ja universumi \u00fchtsusest, lastest ja t\u00e4iskasvanutest, privaatsest ja l\u00f5pmatust, inimeste ilust, maagiast ja \u00f5nnistusest. maa teed. <br \/> R\u00e4nnakujutud on postkaardid neile, kes unistavad ja oma hellitatud unistusi ellu viivad, neile, kes toovad uut, j\u00e4ttes s\u00fcdamesse l\u00e4bitud tee p\u00f6\u00f6rded, neile, kes saavad inspiratsiooni puudutada igap\u00e4evaelu ilu ja poeesiat, n\u00e4ha s\u00fcgavust tuttavas. <br \/>Tales of Wanderings v\u00f5imaldab teil v\u00e4ljuda igap\u00e4evastest automatismistest ja tagastada naudingu loomingulises kogemuses j\u00e4\u00e4dvustatud hetkest.<br \/> Komplektis on 15 pilti ja 15 meditatiivset juttu, mida saab kasutada nii ps\u00fchholoogi, kunstiterapeudi, treeneri, treeneri, naistekohtumiste juhi t\u00f6\u00f6s kui ka lihtsalt naudinguks ja r\u00f5\u00f5muks, aga ka inspiratsiooniallikana ja vahendina. enesetundmine, teema intiimseks vestluseks s\u00f5bralikus ringis, metafooriline s\u00f5num p\u00e4eva kohta, kingitus, kollaa\u017ei element ja osa individuaalsest loomingust ruumi.<br \/>Iga Postkaart on varustatud QR-koodiga, millele kl\u00f5psates saate kuulata muinasjutu autori h\u00e4\u00e4leversiooni ja leida v\u00f5imalusi nendega harjutamiseks. T\u00f6\u00f6d saab teha kogu komplektiga v\u00f5i iga postkaardiga eraldi: see s\u00f5ltub postkaartide k\u00e4es hoidja eesm\u00e4rkidest, soovidest ja kujutlusv\u00f5imest.<br \/>Kujutised ja muinasjutud k\u00e4sitlevad kujutlusv\u00f5imet, inimese esmast reaalsust \u2013 seda territooriumi, kus saate vabalt luua ja uurida oma &quot;ma tahan&quot; ja &quot;saab&quot;, neisse sukelduda, neid seel\u00e4bi toita, ravida. , andes neile suuna, sillutades teed kehastumisele p\u00e4riselus. <br \/>Postkaarte saab kasutada nii iseseisvalt kui ka osana kombineeritud kunstipraktikatest koos joonistamise ja liikumise elementidega, installatsioonide loomiseks, narratiivseteks harjutusteks, v\u00e4li\u00fcritustel ja temaatilistel kohtumistel, juhendatud meditatsioonidel.<br \/>Pilte vaadates ja muinasjutte lugedes v\u00f5ite m\u00f5elda universaalsetele k\u00fcsimustele:<br \/> \u2013 Millest see muinasjutt teie jaoks r\u00e4\u00e4gib? <br \/> \u2013 Milliseid tundeid ja m\u00f5tteid see tekitab?<br \/> \u2013 Millised pildid, tegelased, s\u00f5nad k\u00f6idavad teie t\u00e4helepanu eriti? <br \/> \u2013 Mis pildil toimub? Milline osa sellest sulle eriti meeldib? Mida see teie jaoks n\u00fc\u00fcd t\u00e4hendab?<br \/> \u2013 Mida olulist see muinasjutt teile meelde tuletab?<br \/> \u2013 Millist j\u00f5udu saate sellest muinasjutust ja illustratsioonist enda jaoks v\u00f5tta? <br \/> <\/br> K\u00fcsimuste valikud iga jutu kajastamiseks leiate lisamaterjalidest QR-koodi abil.<\/p>\n<p> Soovime teile r\u00f5\u00f5msaid reise ja inspireerivaid avastusi!<\/p>","protected":false},"excerpt":{"rendered":"<p>Teksti autor: Victoria Gashinskaya Kunstnik: Serafima Atayants Sisu:nbsp; 15 kahepoolset postkaarti katavad juhistega, autori\u00f5igusega kaitstud muinasjuttude h\u00e4\u00e4leversioonid<\/p>","protected":false},"featured_media":1956,"comment_status":"open","ping_status":"open","template":"","meta":[],"product_brand":[],"product_cat":[26],"product_tag":[],"class_list":{"0":"post-1955","1":"product","2":"type-product","3":"status-publish","4":"has-post-thumbnail","6":"product_cat-resources","8":"first","9":"outofstock","10":"purchasable","11":"product-type-simple"},"_links":{"self":[{"href":"https:\/\/shercards.com\/et\/wp-json\/wp\/v2\/product\/1955","targetHints":{"allow":["GET"]}}],"collection":[{"href":"https:\/\/shercards.com\/et\/wp-json\/wp\/v2\/product"}],"about":[{"href":"https:\/\/shercards.com\/et\/wp-json\/wp\/v2\/types\/product"}],"replies":[{"embeddable":true,"href":"https:\/\/shercards.com\/et\/wp-json\/wp\/v2\/comments?post=1955"}],"wp:featuredmedia":[{"embeddable":true,"href":"https:\/\/shercards.com\/et\/wp-json\/wp\/v2\/media\/1956"}],"wp:attachment":[{"href":"https:\/\/shercards.com\/et\/wp-json\/wp\/v2\/media?parent=1955"}],"wp:term":[{"taxonomy":"product_brand","embeddable":true,"href":"https:\/\/shercards.com\/et\/wp-json\/wp\/v2\/product_brand?post=1955"},{"taxonomy":"product_cat","embeddable":true,"href":"https:\/\/shercards.com\/et\/wp-json\/wp\/v2\/product_cat?post=1955"},{"taxonomy":"product_tag","embeddable":true,"href":"https:\/\/shercards.com\/et\/wp-json\/wp\/v2\/product_tag?post=1955"}],"curies":[{"name":"wp","href":"https:\/\/api.w.org\/{rel}","templated":true}]}}