{"id":1963,"date":"2024-08-04T14:08:05","date_gmt":"2024-08-04T14:08:05","guid":{"rendered":"https:\/\/shercards.com\/index.php\/product\/metaphorical-cards-olympus-gods-and-heroes\/"},"modified":"2025-10-20T10:36:52","modified_gmt":"2025-10-20T10:36:52","slug":"metaphorical-cards-olympus-gods-and-heroes","status":"publish","type":"product","link":"https:\/\/shercards.com\/et\/toode\/metaphorical-cards-olympus-gods-and-heroes\/","title":{"rendered":"Metafoorilised kaardid \u201cOlympus. Jumalad ja kangelased&quot;"},"content":{"rendered":"<p>Autoritekk Anastasia Shalganova ja Valentina Mitrofanova. <br \/> <\/br> Sisu:<br \/> \u2022 \u201cJumalate\u201d pakk \u2013 16 kaarti<br \/> \u2022 \u201cAbiliste\u201d pakk \u2013 29 kaarti<br \/> \u2022 Pakk \u201cStsenaariumid\u201d \u2013 6 kaarti<br \/> \u2022 \u201cOlukordade\u201d pakk \u2013 35 kaarti<br \/> \u2022 Pakk \u201cS\u00f5nad\u201d \u2013 34 kaarti<br \/> \u2022 Juhised koos tehnikatega<br \/> \u2022 Rakendus \u201cJa veel natuke Olympusest ja selle elanikest\u201d elektroonilises formaadis (allalaadimise QR-kood on juhendi l\u00f5pus) <br \/>Tekiga t\u00f6\u00f6tamine h\u00f5lmab t\u00f6\u00f6d Vana-Kreeka m\u00fc\u00fctidega, mis p\u00f5hinevad kollektiivse alateadvuse ja skriptiprotsesside teooriatel. Ps\u00fchholoogi jaoks on vajadusel oluline anda kliendile m\u00fctoloogilised teadmised kaartidel, integreerides need fantaasiaks ja kaalutlemiseks kliendi olukordadesse.<br \/>Autoritelt<br \/> Otsustasime luua teki, kasutades suurep\u00e4raste kunstnike maale, mis on p\u00fchendatud m\u00fctoloogilistele teemadele. Meie t\u00f6\u00f6 p\u00f5hineb Carl Gustav Jungi ideedel arhet\u00fc\u00fcpide, kollektiivse teadvuseta ja ps\u00fchholoogiliste t\u00fc\u00fcpide kohta ning Eric Berne stsenaariumikontseptsioonist.<br \/>Ps\u00fchholoogia oma meetodite poolest sarnaneb arheoloogiaga: sisemist inimest otsides hinge kaevates \u2013 kiht-kihi haaval eemaldades liigume teadvuse s\u00fcgavatesse s\u00fcgavustesse. M\u00fc\u00fcdid, mis, olles eelk\u00f5ige mentaalne n\u00e4htus, v\u00e4ljendavad hinge varjatud olemust, on selles teoses hindamatu v\u00e4\u00e4rtusega. Arhet\u00fc\u00fcpsed kujundid on inimest alati saatnud; need on m\u00fctoloogia, religiooni ja kunsti allikad. M\u00fctoloogia oli algne viis arhet\u00fc\u00fcpsete kujutiste t\u00f6\u00f6tlemiseks.<br \/> M\u00fc\u00fctide kallal t\u00f6\u00f6tades v\u00f5tame arvesse indiviidi sees toimivaid tugevaid arhet\u00fc\u00fcpe ja v\u00e4liseid stereot\u00fc\u00fcpe, mida tuleb t\u00e4ita. Nende m\u00f5lema teguri m\u00f5istmine aitab meil paremini m\u00f5ista, mis on meie konfliktid, ja saavutada terviklikkus nii kiiresti kui v\u00f5imalik. Inimese v\u00e4\u00e4rtushinnanguid ja t\u00f5ekspidamisi kujundab kultuur, mis kajastub seadustes, tavades, v\u00f5imujaotuses ning meist iga\u00fche v\u00e4\u00e4rtuse ja staatuse m\u00e4\u00e4ramise kriteeriumides. \u00d5ppides midagi jumalate arhet\u00fc\u00fcpide kohta, saame taastada enda tagasil\u00fckatud osad. Seda protsessi soodustavad unen\u00e4od, m\u00e4lestused ja m\u00fc\u00fcdid, mis aitavad meil \u00fchenduda oma alateadvusega.<br \/> &quot;Jumalate&quot; m\u00f5istmine aitab vanematel n\u00e4ha, &quot;kes&quot; on nende laps, ja hinnata tema omadusi. Selle tulemusena tunnevad vanemad end p\u00e4devamana, sest saavad aru, kuidas nende laps end tunneb, kuidas maailm teda kohtleb, millised on tema tugevad k\u00fcljed, milliste v\u00e4ljakutsetega ta silmitsi seisab ja millist abi ta teistelt vajab. Mehed ja naised peavad sageli oma vanemaid selgemalt n\u00e4gema: m\u00f5nikord selleks, et andestada, ja m\u00f5nikord selleks, et m\u00f5ista. V\u00f5ib-olla aitab jumalate ja m\u00fc\u00fctide m\u00f5istmine luua objektiivsema portree oma isast v\u00f5i emast.<br \/>MAK \u201cOlympus. Jumalad ja kangelased\u201d koosneb viiest tekist:<br \/> 1. Vana-Kreeka jumalad (selg v\u00e4lguga) \u2013 16 kaarti<br \/> Zeus, Hades, Poseidon, Apollo, Ares, Dionysos (2 kaarti), Hermes, Hephaestus, Hera, Aphrodite, Demeter, Artemis, Athena, Hestia, Persephone.<br \/> Need jumalad vastavad \u00fchele Jungi kontseptsioonile, mis p\u00f5hineb m\u00fctoloogilisel isiksuset\u00fc\u00fcpimisel, demonstreerides teatud inimeste k\u00e4itumismustreid ja kalduvusi. Kuid tekiga t\u00f6\u00f6tamiseks ei ole vaja sellele aspektile keskenduda. Allpool on toodud m\u00f5ned t\u00f6\u00f6meetodid.<br \/> 2. Assistendid (kuues\u00f5rmelise tr\u00fckiga s\u00e4rk) \u2013 29 kaarti<br \/> Vana-Kreeka m\u00fctoloogia ja ajaloo tegelased: Bacchante, Hecate, driad, Trooja Helena, Kronos, Lernae h\u00fcdra, Medeia, Medusa Gorgon, Minotauros, Moirai, Muusad, Nartsiss, n\u00fcmf Echo, Odysseus, Pandora, Pegasus, Penelope, Sirenstheus , \u00f5petaja Chiron, Charon, kuningas Oidipus (2 kaardid), Circe, Eronyes (2 kaarti), Eros ja Psyche. Ja ka ilma pealdiseta kaart kuu ja t\u00fcdrukuga.<br \/> Abilise (v\u00f5i takistuse) kaardi saab v\u00e4lja t\u00f5mmata siis, kui on vaja n\u00e4iteks ressurssi. V\u00f5i on kliendil raskusi eesm\u00e4rgi saavutamise takistuse tuvastamisega.<br \/>3. Stsenaariumid (taga tahvelarvuti ja pliiatsiga) \u2013 6 kaarti<br \/> Teki kunstnik on Diana Plisova.<br \/> Tekk koosneb 6 m\u00fctoloogilise subjekti kujutisest:<br \/> \u2022 \u201cAlati\u201d \u2013 m\u00fc\u00fct Arachne&#039;st;<br \/> \u2022 \u201cVeel mitte\u201d \u2013 m\u00fc\u00fct Heraklese kaheteistk\u00fcmnest t\u00f6\u00f6st;<br \/> \u2022 \u201cP\u00e4rast\u201d \u2013 Damoklese m\u00fc\u00fct;<br \/> \u2022 \u201cPeaaegu\u201d \u2013 Sisyphose m\u00fc\u00fct;<br \/> \u2022 \u201cMitte kunagi\u201d \u2013 m\u00fc\u00fct Tantalusest;<br \/> \u2022 \u201cTasu ootamine\u201d \u2013 m\u00fc\u00fct Philemonist ja Baucisest.<br \/> See peaks selle tekiga t\u00f6\u00f6tama koosk\u00f5las Eric Berne&#039;i kontseptsiooniga, kes hakkas kasutama Vana-Kreeka tegelaste nimesid ja vastavaid m\u00fc\u00fcte, et m\u00e4\u00e4rata inimeste elustsenaariume.<br \/>4. Olukorrad (laev tagasi) \u2013 35 kaarti<br \/> Selle paki kaardid kujutavad stseene m\u00fctoloogiast ja ajaloost.<br \/> Apollo j\u00e4litab Daphnet; konkurents Apollo ja Marsyase vahel; Actaeon leiab Artemise ja tema n\u00fcmfid suplemas; Aphrodite teeb Zeusile etteheiteid; Vergilius loeb Eneidi; Herakles ja Lernae h\u00fcdra; Hermes paneb Arguse magama; Hephaistose ketid Prometheus; Adonise surm; Hippolytuse surm; Orpheuse surm; Dido enesetapp; ohverdamine Iphigeniale; metskassidega loomaaed; Ikaruse langemine; maod tapavad Laocooni ja tema pojad; Leda ja Luik; Medeia tapab oma poja; Odysseus Circe palees; Orpheus ja metsalised; Cimon ja Pero (Rooma naise isalik armastus); Kal\u00fc\u00fcdoonia kuldi k\u00fcttimine; Perseus n\u00e4itab Medusa pead; Pygmalion ja Galatea; vangistatud Cassandra Trooja lahingus; Persephone r\u00f6\u00f6vimine; Sabiini naiste r\u00f6\u00f6vimine; Orestese tagakiusamine; k\u00f6idetud Eros; Sokratese surm; Pariisi kohus; Agamemnon teatris; Phyllida ja Demophon; Oidipus neab oma poega Polyneicest; Aeneas ja Sibyl.<br \/>5. S\u00f5nad \u2013 34 kaarti <br \/> S\u00f5nad valiti Jorge Luis Borgese essee \u201cNeli ts\u00fcklit\u201d ja Georges Polti raamatu \u201cKolmk\u00fcmmend kuus dramaatilist olukorda\u201d p\u00f5hjal igavestest s\u00fc\u017eeep\u00f5rgetest, millel p\u00f5hinevad k\u00f5ik draamateosed.<br \/> Tekikaardil on \u00fcks t\u00fchi. T\u00fchi kaart, millel pole s\u00f5nu vastuseks kliendi palvele, p\u00f5hjustab t\u00f5en\u00e4oliselt frustratsiooni. Selle all on oluline avastada tundeid, millest saab v\u00e4\u00e4rtuslik terapeutiline materjal. Tasub ka t\u00e4psustada \u2013 mida see t\u00fchjus kliendi jaoks t\u00e4hendab? Kuidas saate selle ruumi t\u00e4ita? Kuidas on need tunded taotlusega seotud? Millal klient neid elus kogeb?<br \/>T\u00d6\u00d6MEETODID<br \/> I. Harjutus &quot;Jumalad meie sees&quot;<br \/> Tagasil\u00fckatud ja aktsepteeritud arhet\u00fc\u00fcpsed osad kliendi sees<br \/> 1. Me v\u00f5tame \u201cjumalate\u201d pakist v\u00e4lja pildi allapoole suunatud kaardi. Aktiveerime selle, esitades kliendile k\u00fcsimusi:<br \/> \u2022 Mida sa kaardil n\u00e4ed? Kuidas jumal\/jumalanna end tunneb? Mida ta m\u00f5tleb? Kuhu ta vaatab? Kus ta asub? Mida ta tahab? Mis talle meeldib ja mis ei meeldi?<br \/> 2. Keskendu olukorrale. Esitame k\u00fcsimusi kliendi antud teabe kontekstis:<br \/> \u2022 Miks see jumal\/jumalanna sellises olukorras on? Kuidas ta end selles olukorras tunneb? Mida ta m\u00f5tleb?<br \/> 3. Astuge kliendile \u00f5rnalt vastu, tuginedes teadmistele m\u00fc\u00fctide kohta selle kaardi kontekstis ja kliendi \u00f6eldule.<br \/> \u2022 N\u00e4iteks kliendi s\u00f5nad: Aphrodite riietub peegli ees, sest ta peab olema ilus, vormis pilt Vastandumisk\u00fcsimus: Kellele Aphrodite v\u00f5lgneb? Kellel on tema \u00fcle v\u00f5im, kui ta on jumalanna? jne.<br \/> 4. Selgitame, mis on tegelases kliendile l\u00e4hedane. Ja mis t\u00f5rjub:<br \/> \u2022 Mis sulle selle jumala\/jumalanna juures meeldib? Mis sulle selle jumala\/jumalanna juures ei meeldi?<br \/> 5. R\u00f5hk kliendi kogemustele seoses kaardiga:<br \/> \u2022 Ja kuidas sa end tunned? Millest sa m\u00f5tled?<br \/> 6. Selgitame paralleeli kaardil oleva projektsiooni ja kliendi elu vahel:<br \/> \u2022 Ja kuidas on see teie eluga seotud?<br \/> 7. Keskendume olukorra lahendamise v\u00e4ljavaatele:<br \/> \u2022 Mida sa tahad sellega seoses midagi ette v\u00f5tta? Kuidas see resolutsioon vastab tegelikkusele, milles te viibite?<br \/> 8. Kontrollime, kas kliendi resolutsioon on positiivne v\u00f5i negatiivne. Kui negatiivne, siis korrake punkte 6 ja 7 kliendi pakutud erineva resolutsiooniga.<br \/> 9. Ps\u00fchholoogile: selgitame v\u00e4lja kliendi m\u00fctoloogilise arhet\u00fc\u00fcbi edasiseks ps\u00fchholoogiliseks t\u00f6\u00f6ks. <\/br><\/p>","protected":false},"excerpt":{"rendered":"<p>Autoritekk Anastasia Shalganova ja Valentina Mitrofanova. Sisu: \u2022 \u201cJumalate\u201d pakk \u2013 16 kaarti \u2022 Pakk \u201cAitajad\u201d \u2013 29<\/p>","protected":false},"featured_media":1964,"comment_status":"open","ping_status":"open","template":"","meta":[],"product_brand":[],"product_cat":[27],"product_tag":[],"class_list":{"0":"post-1963","1":"product","2":"type-product","3":"status-publish","4":"has-post-thumbnail","6":"product_cat-universal","8":"first","9":"outofstock","10":"purchasable","11":"product-type-simple"},"_links":{"self":[{"href":"https:\/\/shercards.com\/et\/wp-json\/wp\/v2\/product\/1963","targetHints":{"allow":["GET"]}}],"collection":[{"href":"https:\/\/shercards.com\/et\/wp-json\/wp\/v2\/product"}],"about":[{"href":"https:\/\/shercards.com\/et\/wp-json\/wp\/v2\/types\/product"}],"replies":[{"embeddable":true,"href":"https:\/\/shercards.com\/et\/wp-json\/wp\/v2\/comments?post=1963"}],"wp:featuredmedia":[{"embeddable":true,"href":"https:\/\/shercards.com\/et\/wp-json\/wp\/v2\/media\/1964"}],"wp:attachment":[{"href":"https:\/\/shercards.com\/et\/wp-json\/wp\/v2\/media?parent=1963"}],"wp:term":[{"taxonomy":"product_brand","embeddable":true,"href":"https:\/\/shercards.com\/et\/wp-json\/wp\/v2\/product_brand?post=1963"},{"taxonomy":"product_cat","embeddable":true,"href":"https:\/\/shercards.com\/et\/wp-json\/wp\/v2\/product_cat?post=1963"},{"taxonomy":"product_tag","embeddable":true,"href":"https:\/\/shercards.com\/et\/wp-json\/wp\/v2\/product_tag?post=1963"}],"curies":[{"name":"wp","href":"https:\/\/api.w.org\/{rel}","templated":true}]}}