{"id":2096,"date":"2024-08-04T14:23:29","date_gmt":"2024-08-04T14:23:29","guid":{"rendered":"https:\/\/shercards.com\/index.php\/product\/metaphorical-cards-cards-of-self-healing-18\/"},"modified":"2025-10-20T10:36:00","modified_gmt":"2025-10-20T10:36:00","slug":"metaphorical-cards-cards-of-self-healing-18","status":"publish","type":"product","link":"https:\/\/shercards.com\/et\/toode\/metaphorical-cards-cards-of-self-healing-18\/","title":{"rendered":"Metafoorsed kaardid \u201cIsetervendamise kaardid\u201d 18+"},"content":{"rendered":"<p>Autor: Chuck Spezzano<br \/> Kunstnik: Petra Kuehne<br \/> Tootja: Avvalon \u2013 Lo Scarabeo<br \/><strong>Sisu:<br \/> <\/br><\/strong>- raamat (268 lehek\u00fclge)<br \/> - 100 kaarti <br \/>Isetervenevad kaardid on vahend, mis aitab sul ennast tervendada. Nad \u00f5petavad sind v\u00f5tma vastutust oma elu eest, aitavad sul j\u00f5udu juurde saada ja vabastavad sind takistustest, mis raskendavad sul eluteel edasi liikumist. Nad vabastavad teid k\u00f5igist illusioonidest ja paljudest hoiakutest, mis toovad endaga kaasa ainult valu ja probleeme.<br \/> Isetervenevad kaardid on kunstnik Petra Kuehne teine kaardikomplekt ja Chuck Spezzano raamat, millest v\u00f5ib saada nende autorite \u00fcldise &quot;n\u00e4gemise ps\u00fchholoogia&quot; lahutamatu osa. Enesetervendavaid kaarte saate kasutada koos teiste kaardikomplektidega, nagu arhet\u00fc\u00fcbid ja varjud, armastuskaardid, seksuaalsuse kaardid, edukaardid, et aidata lahendada t\u00f5siseid ps\u00fchholoogilisi probleeme t\u00f5lgendamisel ja igasuguste lugemiste puhul.<\/p>","protected":false},"excerpt":{"rendered":"<p>Autor: Chuck Spezzano Kunstnik: Petra Kuehne Produtsent: Avvalon \u2013 Lo Scarabeo Sisu: \u2013 raamat (268 lk) \u2013 100 kaarti Enesetervenevad kaardid<\/p>","protected":false},"featured_media":2097,"comment_status":"open","ping_status":"open","template":"","meta":[],"product_brand":[],"product_cat":[27],"product_tag":[],"class_list":{"0":"post-2096","1":"product","2":"type-product","3":"status-publish","4":"has-post-thumbnail","6":"product_cat-universal","8":"first","9":"outofstock","10":"purchasable","11":"product-type-simple"},"_links":{"self":[{"href":"https:\/\/shercards.com\/et\/wp-json\/wp\/v2\/product\/2096","targetHints":{"allow":["GET"]}}],"collection":[{"href":"https:\/\/shercards.com\/et\/wp-json\/wp\/v2\/product"}],"about":[{"href":"https:\/\/shercards.com\/et\/wp-json\/wp\/v2\/types\/product"}],"replies":[{"embeddable":true,"href":"https:\/\/shercards.com\/et\/wp-json\/wp\/v2\/comments?post=2096"}],"wp:featuredmedia":[{"embeddable":true,"href":"https:\/\/shercards.com\/et\/wp-json\/wp\/v2\/media\/2097"}],"wp:attachment":[{"href":"https:\/\/shercards.com\/et\/wp-json\/wp\/v2\/media?parent=2096"}],"wp:term":[{"taxonomy":"product_brand","embeddable":true,"href":"https:\/\/shercards.com\/et\/wp-json\/wp\/v2\/product_brand?post=2096"},{"taxonomy":"product_cat","embeddable":true,"href":"https:\/\/shercards.com\/et\/wp-json\/wp\/v2\/product_cat?post=2096"},{"taxonomy":"product_tag","embeddable":true,"href":"https:\/\/shercards.com\/et\/wp-json\/wp\/v2\/product_tag?post=2096"}],"curies":[{"name":"wp","href":"https:\/\/api.w.org\/{rel}","templated":true}]}}