{"id":2104,"date":"2024-08-04T14:23:29","date_gmt":"2024-08-04T14:23:29","guid":{"rendered":"https:\/\/shercards.com\/index.php\/product\/metaphorical-cards-the-power-of-attraction-in-your-heart\/"},"modified":"2025-10-20T10:36:00","modified_gmt":"2025-10-20T10:36:00","slug":"metaphorical-cards-the-power-of-attraction-in-your-heart","status":"publish","type":"product","link":"https:\/\/shercards.com\/et\/toode\/metaphorical-cards-the-power-of-attraction-in-your-heart\/","title":{"rendered":"Metafoorilised kaardid \u201cK\u00f5rgej\u00f5u j\u00f5ud sinu s\u00fcdames\u201d"},"content":{"rendered":"<p>Autor: Chuck Spezzano<br \/> Kunstnik: Petra Kuehne<br \/> Tootja: Avvalon \u2013 Lo Scarabeo<br \/><strong>Sisu:<br \/> <\/br><\/strong>- raamat (238 lk)<br \/> - 80 kaarti <br \/>Kaardipakk ja raamat, mida k\u00e4es hoiad, aitavad sul m\u00f5ista iseennast, oma s\u00fcdant ja avastada ebajumalaid nii elus kui ka meie alateadvuse s\u00fcgavustes peidus olevaid ebajumalaid. Kaardid n\u00e4itavad teile, mis teid igap\u00e4evaelus tagasi hoiab ning kuidas armastus, tervendamine ja abi aitavad teil m\u00f5ista \u00f5nne ja vaimse arengu seost.<br \/> Raamatust ja kaartidest koosnevat komplekti \u201cS\u00fcdame k\u00fclget\u00f5mbej\u00f5ud\u201d saad kasutada oma igap\u00e4evaste probleemide lahendamisel, need aitavad m\u00f5ista maailmapilti ps\u00fchholoogilis-spirituaalsest v\u00f5i transpersonaalsest vaatenurgast.<br \/> Selle kaardikomplekti peamine v\u00e4\u00e4rtus seisneb selles, et need aitavad teil uurida varjatud probleeme, mis takistavad teie edu ja arengut, armastuse ja r\u00f5\u00f5mu teel. Neid kaarte saab kasutada koos teiste kaartidega, nagu &quot;Arhet\u00fc\u00fcbid ja varjud&quot;, &quot;Armastuse kaardid&quot;, &quot;Seksuaalsuskaardid&quot;, &quot;Edukaardid&quot;, et luua oma isiksusest \u00fcksikasjalik pilt, paljastada varjatud juhtumeid ja abi kutsuda. tervenemise p\u00f5him\u00f5tted, mis viivad teid l\u00f5puks tagasi \u00f5nneliku elu juurde.<br \/> <\/br><\/p>","protected":false},"excerpt":{"rendered":"<p>Autor: Chuck Spezzano Kunstnik: Petra Kuehne Produtsent: Avvalon \u2013 Lo Scarabeo Sisu: \u2013 raamat (238 lehek\u00fclge) \u2013 80 kaarti Pakk<\/p>","protected":false},"featured_media":2105,"comment_status":"open","ping_status":"open","template":"","meta":[],"product_brand":[],"product_cat":[27],"product_tag":[],"class_list":{"0":"post-2104","1":"product","2":"type-product","3":"status-publish","4":"has-post-thumbnail","6":"product_cat-universal","8":"first","9":"outofstock","10":"purchasable","11":"product-type-simple"},"_links":{"self":[{"href":"https:\/\/shercards.com\/et\/wp-json\/wp\/v2\/product\/2104","targetHints":{"allow":["GET"]}}],"collection":[{"href":"https:\/\/shercards.com\/et\/wp-json\/wp\/v2\/product"}],"about":[{"href":"https:\/\/shercards.com\/et\/wp-json\/wp\/v2\/types\/product"}],"replies":[{"embeddable":true,"href":"https:\/\/shercards.com\/et\/wp-json\/wp\/v2\/comments?post=2104"}],"wp:featuredmedia":[{"embeddable":true,"href":"https:\/\/shercards.com\/et\/wp-json\/wp\/v2\/media\/2105"}],"wp:attachment":[{"href":"https:\/\/shercards.com\/et\/wp-json\/wp\/v2\/media?parent=2104"}],"wp:term":[{"taxonomy":"product_brand","embeddable":true,"href":"https:\/\/shercards.com\/et\/wp-json\/wp\/v2\/product_brand?post=2104"},{"taxonomy":"product_cat","embeddable":true,"href":"https:\/\/shercards.com\/et\/wp-json\/wp\/v2\/product_cat?post=2104"},{"taxonomy":"product_tag","embeddable":true,"href":"https:\/\/shercards.com\/et\/wp-json\/wp\/v2\/product_tag?post=2104"}],"curies":[{"name":"wp","href":"https:\/\/api.w.org\/{rel}","templated":true}]}}