{"id":211,"date":"2024-08-04T11:10:16","date_gmt":"2024-08-04T11:10:16","guid":{"rendered":"https:\/\/shercards.com\/index.php\/product\/set-of-text-cards-psychosomatics-secondary-benefits-and-symptom-messages\/"},"modified":"2025-10-20T10:48:19","modified_gmt":"2025-10-20T10:48:19","slug":"set-of-text-cards-psychosomatics-secondary-benefits-and-symptom-messages","status":"publish","type":"product","link":"https:\/\/shercards.com\/et\/toode\/set-of-text-cards-psychosomatics-secondary-benefits-and-symptom-messages\/","title":{"rendered":"Tekstikaartide komplekt &quot;Ps\u00fchhosomaatika: sekundaarsed eelised ja s\u00fcmptomite teated&quot;"},"content":{"rendered":"<p>Komplektis ps\u00fchhosomaatiliste vajadustega t\u00f6\u00f6tamiseks<br \/> <\/br><br \/> <\/br>Teki autorid: Evgenia Baksan<br \/> Kirjastus MACards <br \/> <\/br> Sisu:<br \/> \u2013 Temaatilised tekstikaardid \u2013 100 tk.:<br \/> \u2022 \u201cTeisesed h\u00fcved\u201d 40 tk.<br \/> \u2022 \u201cS\u00fcmptomiteated\u201d 60 tk.<br \/> \u2013 Juhised. <br \/> <\/br> Sekundaarsete h\u00fcvede komplekt sisaldab 40 tavalist soodustust; &quot;kasu&quot;, mida inimene saab s\u00fcmptomi olemasolul.<br \/> Teisesed eelised on ebarahuldava olukorra teadvustamata positiivne boonus.<br \/> Komplekt on universaalne t\u00f6\u00f6riist teiseste eelistega t\u00f6\u00f6tamiseks ps\u00fchhosomaatika teemaga t\u00f6\u00f6tamisel, aga ka muude taotluste puhul. <br \/> <\/br> Seda saab kasutada ka vahendina esmaste eelistega t\u00f6\u00f6tamiseks \u2013 algsed p\u00f5hjused, mis s\u00fcmptomi (olukorra) esile kutsusid. <br \/> <\/br> Komplekt sobib ka rahuldamata vajaduste uurimiseks.<br \/> Komplektis \u201cS\u00fcmptomite s\u00f5numid\u201d on 60 varem kuulmata s\u00f5numit hingest, mis kanduvad edasi keha kaudu.<br \/> Komplekt on universaalne vahend t\u00f6\u00f6tamiseks millegagi, millest on oluline aru saada, et \u00fchtlustada olukorda ps\u00fchhosomaatika teemaga t\u00f6\u00f6tamisel, aga ka mis tahes muu soovi korral. <br \/> <\/br> Komplekt sobib ka abivahendiks ressursside uurimisel.<br \/> Seda saab kasutada ka n\u00e4pun\u00e4idetena mis tahes olukorra lahendamiseks. <\/br><\/p>","protected":false},"excerpt":{"rendered":"<p>Sisaldub ps\u00fchhosomaatiliste vajadustega t\u00f6\u00f6tamise komplekti Teki autorid: Evgenia Baksan Kirjastus MACards Sisu: \u2013 Temaatiline tekst<\/p>","protected":false},"featured_media":212,"comment_status":"open","ping_status":"open","template":"","meta":[],"product_brand":[],"product_cat":[29],"product_tag":[],"class_list":{"0":"post-211","1":"product","2":"type-product","3":"status-publish","4":"has-post-thumbnail","6":"product_cat-text","8":"first","9":"outofstock","10":"purchasable","11":"product-type-simple"},"_links":{"self":[{"href":"https:\/\/shercards.com\/et\/wp-json\/wp\/v2\/product\/211","targetHints":{"allow":["GET"]}}],"collection":[{"href":"https:\/\/shercards.com\/et\/wp-json\/wp\/v2\/product"}],"about":[{"href":"https:\/\/shercards.com\/et\/wp-json\/wp\/v2\/types\/product"}],"replies":[{"embeddable":true,"href":"https:\/\/shercards.com\/et\/wp-json\/wp\/v2\/comments?post=211"}],"wp:featuredmedia":[{"embeddable":true,"href":"https:\/\/shercards.com\/et\/wp-json\/wp\/v2\/media\/212"}],"wp:attachment":[{"href":"https:\/\/shercards.com\/et\/wp-json\/wp\/v2\/media?parent=211"}],"wp:term":[{"taxonomy":"product_brand","embeddable":true,"href":"https:\/\/shercards.com\/et\/wp-json\/wp\/v2\/product_brand?post=211"},{"taxonomy":"product_cat","embeddable":true,"href":"https:\/\/shercards.com\/et\/wp-json\/wp\/v2\/product_cat?post=211"},{"taxonomy":"product_tag","embeddable":true,"href":"https:\/\/shercards.com\/et\/wp-json\/wp\/v2\/product_tag?post=211"}],"curies":[{"name":"wp","href":"https:\/\/api.w.org\/{rel}","templated":true}]}}