{"id":2116,"date":"2024-08-04T14:24:50","date_gmt":"2024-08-04T14:24:50","guid":{"rendered":"https:\/\/shercards.com\/index.php\/product\/metaphorical-cards-anibi-my-inner-child\/"},"modified":"2025-10-20T10:36:00","modified_gmt":"2025-10-20T10:36:00","slug":"metaphorical-cards-anibi-my-inner-child","status":"publish","type":"product","link":"https:\/\/shercards.com\/et\/toode\/metaphorical-cards-anibi-my-inner-child\/","title":{"rendered":"Metafoorsed kaardid \u201cAnibi. Minu sisemine laps&quot;"},"content":{"rendered":"<p>Teki ainus ametlik litsentsitud v\u00e4ljaanne Venemaal.<br \/> Uus v\u00e4ljaanne!<\/p>\n<p> Kirjastaja: MACards<br \/> Autor: Itsik \u0160mulevit\u0161<br \/> Kunstnik: Michal Zinger<\/p>\n<p> Sisu:<\/p>\n<p> 192 kaarti, millest 96 piltidega ja 96 s\u00f5nadega kaarti<br \/> Metoodiline juhend<br \/> Metafoorsete kaartide komplekt \u201cAnibi\u201d loodi selleks, et t\u00f6\u00f6tada indiviidi sisemise lapsega, tema ressursside ja traumadega. E. Berni tehinguanal\u00fc\u00fcsi j\u00e4rgi on ego-seisund \u201claps\u201d (laps) igale inimesele omane. See struktuur on loovuse ja loovuse aluseks. Sisemine laps julgustab meid tegutsema spontaanselt, loomulikult, tuletab meelde varaseid kogemusi, lapsep\u00f5lves meile omaseid k\u00e4itumisviise. See on iga\u00fches meist.<\/p>\n<p> Tekiga saab t\u00f6\u00f6tada nii individuaal- kui grupin\u00f5ustamises. Seda saab kasutada ka eneseleidmise tekina ja lisandina transformatsioonim\u00e4ngudele. MAC \u201cAnibi\u201d saab kasutada nii eraldi kui ka koos teiste tekkidega.<\/p>\n<p> Kelle jaoks? Ps\u00fchholoogidele, erinevate suundade ps\u00fchhoterapeutidele, treeneritele, \u00f5petajatele, abistavate elukutsete spetsialistidele, inimestele, kes soovivad tegeleda enesetundmisega.<\/p>\n<p> Anibi MAK-i abil saate:<br \/> Sukeldu lapsep\u00f5lvem\u00e4lestustesse ja uuri selle ajastu kogemusi<br > Uurige lapsep\u00f5lves tekkinud negatiivseid hoiakuid ja muutke need konstruktiivseks<br \/> Aktualiseerida sisemise lapse ressursse, tunda muretust, spontaansust, eluiha<br \/> Avastage viise sisemiste konfliktide lahendamiseks<\/p>\n<p> Kaardi kirjeldamisel ja t\u00f5lgendamisel saate kasutada j\u00e4rgmisi k\u00fcsimusi:<br \/> Kuidas laps end tunneb?<br \/> Millele laps m\u00f5tleb?<br \/> Mida laps v\u00e4ljendada tahab?<br \/> Mida on lapsel raske v\u00e4ljendada?<br \/> Mida ja kellelt laps kuulda tahaks?&lt;br&gt; Mida laps ei julge \u00f6elda ega teha?<br \/> Mida laps vajab?<br \/> Mida vanem \u00fctleb?<br \/> Mida vanem ei \u00fctle?<br \/> Millist suhtlusstiili ta kasutab?<br \/> Mis seos on vanema ja lapse vahel? Kas nende vahel on pingeid?<br \/> Milline detail pildil v\u00f5i taustal k\u00f6idab teie t\u00e4helepanu?<br \/> Kui pilt oleks muusikavideo, siis mis lugu k\u00f5laks taustal? Miks?<br \/> Kui sa tahaksid pilti paremaks muuta, siis kuidas sa seda muudaksid? Millisest laulust saaks n\u00fc\u00fcd selle pildi heliriba?<br \/> Milline on atmosf\u00e4\u00e4r kaardil \u2013 meeldiv, s\u00fcnge, pingeline, r\u00f5\u00f5mus?<br \/> Tehnika nr 1. \u201cElu \u00f5ppetunnid\u201d<br \/> Algoritm:<br \/> Valige 3 kaarti (pildid v\u00f5i s\u00f5nad, teie valik).<br \/> Esimene kaart kajastab seda, mida sa oma isalt elu kohta \u00f5ppisid. Teine kaart on emalt. Kolmas kaart vastab k\u00fcsimusele: &quot;Mida tahab elu ise mulle \u00f5petada?&quot;<br \/> Kui valisite piltidega kaardid, siis kirjeldage s\u00fc\u017eeed. Mida v\u00f5i keda joonistatakse? Mida tegelased teevad? Mida nad tunnevad? Mis elu \u00f5ppetund see on? Kuidas su isa\/ema\/elu sulle seda \u00f5petab?<br \/> Kui valisite s\u00f5nakaardid, kirjeldage, kuidas see s\u00f5na on seotud \u00f5pitud elu \u00f5ppetunniga.<br \/> Andke igale \u00f5ppetunnile pealkiri. M\u00f5elge, mis tunde see teid tekitab. Kas n\u00f5ustute selle s\u00f5numiga? Kuidas see sind motiveerib tegutsema erinevates eluvaldkondades (suhted, karj\u00e4\u00e4r, perekond)?<br \/> Tehke kokkuv\u00f5te. Mida uut sa harjutusest \u00f5ppisid?<\/p>\n<p> Tehnika nr 2. \u201cS\u00f5nade j\u00f5ud\u201d<br \/> Algoritm:<br \/> Valige VO v\u00f5i 3 s\u00f5nadega kaarti. Uurige neid hoolikalt.<br \/> Kas need s\u00f5nad v\u00f5ivad olla seotud teie lapsep\u00f5lvekogemustega? Kuidas v\u00f5ivad need s\u00f5nad teie lapsep\u00f5lves avalduda?<br \/> Kolmest s\u00f5nadega kaardist j\u00e4ta \u00fcks \u2013 see, mis sinuga k\u00f5ige tugevamalt resoneerib, mis tekitab k\u00f5ige rohkem assotsiatsioone. Joonista VP 1 pildikaart. Kuidas on s\u00f5na ja pilt seotud? Kuidas see teie kogemust peegeldab?<br \/> Valige tekstipakist BO 1 kaart. See kaart peegeldab kingitust, mis teil on ja mida saate oma sisemisele lapsele anda. M\u00f5elge tema peale, millest tal puudu v\u00f5ib olla? T\u00e4itke see selle ressursiga.<br \/> Tehke kokkuv\u00f5te. Mida uut sa harjutusest \u00f5ppisid?<\/p>\n<p> Tehnika nr 3. &quot;Mida ma tahtsin teile \u00f6elda&quot;<br \/> Algoritm:<br \/> Vali \u00fcks kaart pildiga, mis \u00e4ratab sinus lapsep\u00f5lvem\u00e4lestused. Vaata pilti ja tegelasi, lase tunnetel ja emotsioonidel tekkida. Kirjeldage pilti.<br \/> J\u00e4rgmise sammuna tuleb luua dialoog enda ja pildil olevate tegelaste vahel. Mida sa neile \u00f6elda tahaksid? Alustage oma rida s\u00f5nadega: &quot;Ma tahan teile \u00f6elda ...&quot;<br \/> Kuidas tegelane teile vastab? V\u00f5tke seda sisemist dialoogi kui v\u00f5imalust jagada oma tundeid, uurida oma sisemaailma.<br \/> Valige kaart s\u00f5naga, mis t\u00e4iendab pilti ja toetab dialoogi j\u00e4tkamist.<br \/> Tehke kokkuv\u00f5te. Mida uut sa harjutusest \u00f5ppisid? <\/br><\/br><\/p>","protected":false},"excerpt":{"rendered":"<p>Teki ainus ametlik litsentsitud v\u00e4ljaanne Venemaal. Uus v\u00e4ljaanne! Kirjastaja: MACards Autor: Itsik Shmulevich Kunstnik: Michal Zinger<\/p>","protected":false},"featured_media":2117,"comment_status":"open","ping_status":"open","template":"","meta":[],"product_brand":[],"product_cat":[25],"product_tag":[],"class_list":{"0":"post-2116","1":"product","2":"type-product","3":"status-publish","4":"has-post-thumbnail","6":"product_cat-children-teenagers-inner-child","8":"first","9":"outofstock","10":"purchasable","11":"product-type-simple"},"_links":{"self":[{"href":"https:\/\/shercards.com\/et\/wp-json\/wp\/v2\/product\/2116","targetHints":{"allow":["GET"]}}],"collection":[{"href":"https:\/\/shercards.com\/et\/wp-json\/wp\/v2\/product"}],"about":[{"href":"https:\/\/shercards.com\/et\/wp-json\/wp\/v2\/types\/product"}],"replies":[{"embeddable":true,"href":"https:\/\/shercards.com\/et\/wp-json\/wp\/v2\/comments?post=2116"}],"wp:featuredmedia":[{"embeddable":true,"href":"https:\/\/shercards.com\/et\/wp-json\/wp\/v2\/media\/2117"}],"wp:attachment":[{"href":"https:\/\/shercards.com\/et\/wp-json\/wp\/v2\/media?parent=2116"}],"wp:term":[{"taxonomy":"product_brand","embeddable":true,"href":"https:\/\/shercards.com\/et\/wp-json\/wp\/v2\/product_brand?post=2116"},{"taxonomy":"product_cat","embeddable":true,"href":"https:\/\/shercards.com\/et\/wp-json\/wp\/v2\/product_cat?post=2116"},{"taxonomy":"product_tag","embeddable":true,"href":"https:\/\/shercards.com\/et\/wp-json\/wp\/v2\/product_tag?post=2116"}],"curies":[{"name":"wp","href":"https:\/\/api.w.org\/{rel}","templated":true}]}}