{"id":2158,"date":"2024-08-04T14:28:44","date_gmt":"2024-08-04T14:28:44","guid":{"rendered":"https:\/\/shercards.com\/index.php\/product\/metaphorical-associative-cards-me-and-everything-everything-everything-box\/"},"modified":"2025-10-20T10:36:00","modified_gmt":"2025-10-20T10:36:00","slug":"metaphorical-associative-cards-me-and-everything-everything-everything-box","status":"publish","type":"product","link":"https:\/\/shercards.com\/et\/toode\/metaphorical-associative-cards-me-and-everything-everything-everything-box\/","title":{"rendered":"Metafoorsed assotsiatiivsed kaardid &quot;Mina ja k\u00f5ik, k\u00f5ik, k\u00f5ik&quot; (kast)"},"content":{"rendered":"<p><strong>Autor:<\/strong>nbsp; Kruger Camilla<br \/> Kunstnik: Victoria Kirdiy<\/br><br \/><strong>Sisu:<\/strong> <\/p>\n<ul>\n<li>Metafoorsed assotsiatiivsed kaardid \u2013 50 tk.<\/li>\n<li>Juhendi bro\u0161\u00fc\u00fcr<\/li>\n<li>S\u00e4ilituskast<\/li>\n<\/ul>\n<p> Victoria Kirdiy positiivsete joonistustega kaardikomplekt aitab teil valmistuda t\u00f6\u00f6tama lapsep\u00f5lveteemadega, leida sisemisi ressursse v\u00f5i vastupidi \u2013 avastada lapsep\u00f5lvetraumasid, realiseerida ja m\u00e4\u00e4ratleda unistusi, plaane ja v\u00e4\u00e4rtusi. Sellest saab kasulik t\u00f6\u00f6riist nii loovuse ja m\u00f5tlemise paindlikkuse arendamise koolitusel kui ka pereringis m\u00e4lu ja t\u00e4helepanu arendamiseks. Koos kaartidega \u201cMina ja k\u00f5ik teised\u201d on lihtne tuua m\u00e4nguelementi pere vaba aja veetmisse, tekitada positiivseid emotsioone ja luua r\u00f5\u00f5msat meeleolu algavaks n\u00e4dalaks!<br \/>Kaarte saab kasutada individuaalses ja r\u00fchmat\u00f6\u00f6s mitte ainult lastega, vaid ka t\u00e4iskasvanutega.<br \/> <\/br><\/br><\/p>","protected":false},"excerpt":{"rendered":"<p>Autor:nbsp;Kruger Camilla Kunstnik: Victoria KirdiySisu: Metafoorsed assotsiatiivsed kaardid \u2013 50 tk. Juhendi bro\u0161\u00fc\u00fcr Hoiukast Kaartide komplekt koos<\/p>","protected":false},"featured_media":2159,"comment_status":"open","ping_status":"open","template":"","meta":[],"product_brand":[],"product_cat":[25],"product_tag":[],"class_list":{"0":"post-2158","1":"product","2":"type-product","3":"status-publish","4":"has-post-thumbnail","6":"product_cat-children-teenagers-inner-child","8":"first","9":"outofstock","10":"product-type-simple"},"_links":{"self":[{"href":"https:\/\/shercards.com\/et\/wp-json\/wp\/v2\/product\/2158","targetHints":{"allow":["GET"]}}],"collection":[{"href":"https:\/\/shercards.com\/et\/wp-json\/wp\/v2\/product"}],"about":[{"href":"https:\/\/shercards.com\/et\/wp-json\/wp\/v2\/types\/product"}],"replies":[{"embeddable":true,"href":"https:\/\/shercards.com\/et\/wp-json\/wp\/v2\/comments?post=2158"}],"wp:featuredmedia":[{"embeddable":true,"href":"https:\/\/shercards.com\/et\/wp-json\/wp\/v2\/media\/2159"}],"wp:attachment":[{"href":"https:\/\/shercards.com\/et\/wp-json\/wp\/v2\/media?parent=2158"}],"wp:term":[{"taxonomy":"product_brand","embeddable":true,"href":"https:\/\/shercards.com\/et\/wp-json\/wp\/v2\/product_brand?post=2158"},{"taxonomy":"product_cat","embeddable":true,"href":"https:\/\/shercards.com\/et\/wp-json\/wp\/v2\/product_cat?post=2158"},{"taxonomy":"product_tag","embeddable":true,"href":"https:\/\/shercards.com\/et\/wp-json\/wp\/v2\/product_tag?post=2158"}],"curies":[{"name":"wp","href":"https:\/\/api.w.org\/{rel}","templated":true}]}}