{"id":2174,"date":"2024-08-04T14:30:24","date_gmt":"2024-08-04T14:30:24","guid":{"rendered":"https:\/\/shercards.com\/index.php\/product\/set-of-cards-field-childhood-secrets\/"},"modified":"2025-10-20T10:36:00","modified_gmt":"2025-10-20T10:36:00","slug":"set-of-cards-field-childhood-secrets","status":"publish","type":"product","link":"https:\/\/shercards.com\/et\/toode\/set-of-cards-field-childhood-secrets\/","title":{"rendered":"Kaartide komplekt + v\u00e4li &quot;Lapsep\u00f5lve saladused&quot;"},"content":{"rendered":"<p><strong>Autor:<\/strong> Ljudmila Ivanovskaja <\/p>\n<p class=\"p4_mr_css_attr\"> <strong>Komplektis on 5 tekki:<\/strong> <\/p>\n<li class=\"li4_mr_css_attr\">Ressurss (77 kaarti)<\/li>\n<li class=\"li4_mr_css_attr\">Vigastus (77 kaarti)<\/li>\n<li class=\"li4_mr_css_attr\">Ma tahan (77 kaarti)<\/li>\n<li class=\"li4_mr_css_attr\">Fant (77 kaarti)<\/li>\n<li class=\"li4_mr_css_attr\">S\u00f5numidnbsp;nbsp;(80 kaarti)<\/li>\n<li>Komplekti \u201cLapsep\u00f5lve saladused\u201d v\u00e4li<\/li>\n<p class=\"p4_mr_css_attr\"> Juhend harjutamiseks: <\/p>\n<ul class=\"ul1_mr_css_attr\">\n<li class=\"li4_mr_css_attr\">tekkide kirjeldus<\/li>\n<li class=\"li4_mr_css_attr\">t\u00f6\u00f6v\u00f5tted ja -meetodid<\/li>\n<\/ul>\n<p class=\"p4_mr_css_attr\"> Komplekti saab kasutada iseseisva vahendina harjutamiseks v\u00f5i lisaks mistahes treeneri-, ps\u00fchholoogi-, transformatsioonim\u00e4ngule, aga ka treeninguteks.nbsp;Tekke saab kasutada erinevates kombinatsioonides ja variantides, leiutades need ise juhised, k\u00fcsimused ja taotlustega t\u00f6\u00f6tamise meetodid. <\/p>\n<p> Transformatiivsete ps\u00fchholoogiliste kaartide komplekt \u201cLapsep\u00f5lve saladused\u201d on t\u00f5hus t\u00f6\u00f6riist nii ps\u00fchholoogidele, treeneritele, abistavatele elukutsete tegijatele kui ka ps\u00fchholoogia- ja isikliku arengu huvilistele, kellele on l\u00e4hedane t\u00f6\u00f6 Sisemise Lapsega. <\/p>\n<p class =\"p4_mr_css_attr\"> <strong>Komplekti t\u00f6\u00f6 ulatus.<\/strong><br \/> <\/br>Sisemine laps m\u00f5jutab absoluutselt k\u00f5iki meie eluvaldkondi: nbsp; <\/p>\n<ul class=\"ul1_mr_css_attr\">\n<li class=\"li4_mr_css_attr\">eneseteostus<\/li>\n<li class=\"li4_mr_css_attr\">suhted<\/li>\n<li class=\"li4_mr_css_attr\">eesm\u00e4rkide seadmine ja saavutamine <\/li>\n<li class=\"li4_mr_css_attr\">materiaalne sf\u00e4\u00e4r<\/li>\n<li class=\"li4_mr_css_attr\">\u00fcleminek uuele tasemele (elu, heaolu, suhted)<\/li>\n<li class=\"li4_mr_css_attr\">keerulised elusituatsioonid (p\u00f5hjuste teadvustamine, ressursside otsimine, vigastuste paranemine)<\/li>\n<li class=\"li4_mr_css_attr\">sotsiaalne realiseerimine (uus t\u00f6\u00f6koht, elukutse, oma ettev\u00f5tte otsimine)<\/li>\n<li class=\"li4_mr_css_attr\">kriisist v\u00e4ljumine<\/li>\n<\/ul>\n<p class=\"p4_mr_css_attr\"> K\u00fcsimusi esitades ja neile vastuseid saades saame: nbsp; <\/p>\n<ul class=\"ul1_mr_css_attr\">\n<li class=\"li4_mr_css_attr\">edeneda konkreetse olukorra m\u00f5istmisel oma elus;<\/li>\n<li class=\"li4_mr_css_attr\">selgitada probleemseid suhteid<\/li>\n<li class=\"li4_mr_css_attr\">m\u00f5ista oma eluteel peatumise p\u00f5hjustnbsp;<\/li>\n<li class=\"li4_mr_css_attr\">liikuda edasi oma kavatsuse v\u00f5i eesm\u00e4rgi realiseerimiselbsp;<\/li>\n<li class=\"li4_mr_css_attr\">t\u00f6\u00f6ta oma valuga<\/li>\n<li class=\"li4_mr_css_attr\">\u00fchenduda oma sisemise lapse ressursiga<\/li>\n<\/ul>\n<p class=\"p1_mr_css_attr\"> Pakk \u201cRessurss\u201d v\u00f5i \u201cKiirgavad kaardid\u201d.<br \/> <\/br>See tekk tuletab teile meelde teie valduses olevaid aardeid. Kiirguskaart \u00fctleb, et sul on palju selle kvaliteediga energiat ja sinu elus oli olukord ja v\u00f5ib-olla rohkemgi kui \u00fcks, milles sa t\u00e4pselt seda n\u00e4itasid.nbsp; <\/p>\n<p class=\"p1_mr_css_attr\"> S\u00f5numipakk.<br \/> <\/br>Need on toetavad s\u00f5numid teie sisemisele lapsele.nbsp;nbsp;See on see, mida ta peab teadma v\u00f5i kuulma. See v\u00f5ib olla seotud praeguse olukorraga teie elus v\u00f5i kaja kaugest minevikust, kus teil puudus toetus, armastus, luba, kaitse.nbsp;Iga s\u00f5num vastab konkreetsele vanusele (arengufaas, alates eostumisest kuni noorukieas) ja konkreetne vajadus oma sisemine laps.nbsp; <\/p>\n<p class=\"p1_mr_css_attr\"> &quot;Ma tahan&quot; tekk.<br \/> <\/br>See on meie lapsep\u00f5lvevajaduste pakk, mille otsimiseks l\u00e4ksime oma l\u00e4hedastele (ema, isa, vanaemad jne) .nbsp;nbsp;M\u00f5ned vajadused olid t\u00e4idetud, m\u00f5ned mitte.nbsp;Ja see s\u00f5ltub sellest, kui palju me teadlikult v\u00f5i alateadlikult seada ja realiseerida oma eesm\u00e4rke, kui rahul oleme oma eluga. <\/p>\n<p class=\"p4_mr_css_attr\"> Traumatekk.<br \/> <\/br>Trauma on s\u00fcndmus inimese elus, mis \u00fcletab tavalisi inimkogemusi. Trauma on kogemus meie sees, kui meil ei olnud piisavalt ressursse, et valu \u00fcle elada.nbsp;Iga valusa olukorra taga meie elus on haavatud (traumeeritud) laps. Kui tahad teada, milline lapsep\u00f5lvetrauma sind olevikus takistab, s\u00f5nasta palve. Vali ala, sf\u00e4\u00e4r, suhe, kus koged pinget, valu, ebamugavustunnet. N\u00e4iteks: nbsp;nbsp;\u201cMinu sisemine haavatud laps, mis hetkel mu elus avaldub on..\u201d ja v\u00f5ta kaart v\u00e4lja. <\/p>\n<p class=\"p1_mr_css_attr\"> Fantastiline tekk.<br \/> <\/br>Pidage meeles, kui palju nalja m\u00e4ng meile pakkus, kui olime lapsed. Meie sisemine laps on v\u00e4ga m\u00e4nguline ja spontaanne. Talle meeldib l\u00f5butseda ja l\u00f5butseda. See tekk aitab teil saada kontakti oma Sisemise Lapsega, \u00e4ratada ja segada seda.nbsp; <\/p>\n<p> <strong>Komplekti saab kasutada ka m\u00e4nguna.<br \/> M\u00e4ngu eesm\u00e4rk: <\/br><\/strong>Igas kavatsuses, soovis v\u00f5i eesm\u00e4rgis peitub inimese lapsep\u00f5lvekogemus \u2013 see, mis teda juhib. Kogemus, mis kujuneb lapsep\u00f5lves. Sisemine lapsem\u00e4ng v\u00f5imaldab teil osaleja soovi (kavatsusega) p\u00f5hjalikult t\u00f6\u00f6tada:<br \/>\u2014 M\u00f5istke ressursse, mis peituvad meie lapsep\u00f5lvekogemuses, ja aktiveerige need<br \/> \u2014 Ravige traumasid, mis ei lase meil saada seda, mida tahame<br \/> \u2014 Vaadake, millised vajadused meid juhivad<br \/> - K\u00e4ige sisemise lapse tervendamise teed<br \/> \u2013 Saate toetavaid ja v\u00f5imaldavaid s\u00f5numeid, mis muudavad eesm\u00e4rgi saavutamise reaalseks.<br \/> - Vabastage end purunenud skriptidest<br \/>Enne m\u00e4ngu algust: M\u00e4ngija m\u00e4\u00e4rab kavatsuse, alustades s\u00f5nadega &quot;Kavatsen...&quot; ja kirjutab selle m\u00e4ngulehele.<br \/> N\u00e4iteks:<br \/> &quot;Kavatsen saada igakuist sissetulekut 500 tuhat rubla&quot;:;<br \/> &quot;Kavatsen leida t\u00f6\u00f6, mis rahuldab mind&quot;;<br \/> &quot;Kavatsen luua suhte \u2026&quot;;<br \/> &quot;Ma kavatsen saada iseendaks&quot;;<br \/> &quot;Ma kavatsen leida oma eesm\u00e4rgi&quot; jne. <\/br><\/br><\/p>","protected":false},"excerpt":{"rendered":"<p>Autor: Ljudmila Ivanovskaja Komplektis on 5 pakki: Ressurss (77 kaarti) Vigastus (77 kaarti) Tahan (77 kaarti) Fant (77<\/p>","protected":false},"featured_media":2175,"comment_status":"open","ping_status":"open","template":"","meta":[],"product_brand":[],"product_cat":[25],"product_tag":[],"class_list":{"0":"post-2174","1":"product","2":"type-product","3":"status-publish","4":"has-post-thumbnail","6":"product_cat-children-teenagers-inner-child","8":"first","9":"outofstock","10":"product-type-simple"},"_links":{"self":[{"href":"https:\/\/shercards.com\/et\/wp-json\/wp\/v2\/product\/2174","targetHints":{"allow":["GET"]}}],"collection":[{"href":"https:\/\/shercards.com\/et\/wp-json\/wp\/v2\/product"}],"about":[{"href":"https:\/\/shercards.com\/et\/wp-json\/wp\/v2\/types\/product"}],"replies":[{"embeddable":true,"href":"https:\/\/shercards.com\/et\/wp-json\/wp\/v2\/comments?post=2174"}],"wp:featuredmedia":[{"embeddable":true,"href":"https:\/\/shercards.com\/et\/wp-json\/wp\/v2\/media\/2175"}],"wp:attachment":[{"href":"https:\/\/shercards.com\/et\/wp-json\/wp\/v2\/media?parent=2174"}],"wp:term":[{"taxonomy":"product_brand","embeddable":true,"href":"https:\/\/shercards.com\/et\/wp-json\/wp\/v2\/product_brand?post=2174"},{"taxonomy":"product_cat","embeddable":true,"href":"https:\/\/shercards.com\/et\/wp-json\/wp\/v2\/product_cat?post=2174"},{"taxonomy":"product_tag","embeddable":true,"href":"https:\/\/shercards.com\/et\/wp-json\/wp\/v2\/product_tag?post=2174"}],"curies":[{"name":"wp","href":"https:\/\/api.w.org\/{rel}","templated":true}]}}