{"id":2177,"date":"2024-08-04T14:30:24","date_gmt":"2024-08-04T14:30:24","guid":{"rendered":"https:\/\/shercards.com\/index.php\/product\/metaphorical-associative-cards-for-children-friend\/"},"modified":"2025-10-20T10:36:00","modified_gmt":"2025-10-20T10:36:00","slug":"metaphorical-associative-cards-for-children-friend","status":"publish","type":"product","link":"https:\/\/shercards.com\/et\/toode\/metaphorical-associative-cards-for-children-friend\/","title":{"rendered":"Metafoorsed assotsiatiivsed kaardid lastele &quot;S\u00f5ber&quot;"},"content":{"rendered":"<p><strong>Autor:<\/strong> Irina Fedorova<br \/>Metafoorsed assotsiatiivsed kaardid \u201cS\u00f5ber\u201d on m\u00f5eldud laste ps\u00fchholoogiliseks diagnostikaks, m\u00e4ngude jaoks, mis arendavad lapse emotsionaalset intelligentsust ja loomingulisi kalduvusi.<br \/> <strong>Komplekt sisaldab:<\/strong> 80 kaarti 70 x 104 mm, juhend koos t\u00f6\u00f6v\u00f5tetega, karp paki hoidmiseks.<br \/>Metafoorsete assotsiatiivsete kaartide \u201cS\u00f5ber\u201d eesm\u00e4rk on laste ps\u00fchholoogiline diagnostika. Neid saab kasutada ka m\u00e4ngudes, mis arendavad lapse emotsionaalset intelligentsust ja loovust.<br \/>Metafoorsete kaartide pakk loodi spetsiaalselt lastega t\u00f6\u00f6tamiseks. Teki peategelaseks on kutsikas nimega Buddy \u2013 lahke ja muretu tegelane, kes tekitab positiivseid emotsioone mitte ainult lastes, vaid ka t\u00e4iskasvanutes. Kaartidel satub peategelane erinevatesse elusituatsioonidesse, kogeb erinevaid tundeid ja emotsioone, puutub kokku teiste kaartidel olevate tegelastega: vanemate, noorema venna, vanavanemate, s\u00f5prade ja teiste tegelastega.<br \/> Metafoorsete kaartidega t\u00f6\u00f6tades saab laps laiendada oma s\u00f5navara ja arendada emotsionaalset intelligentsust. Kaardid aitavad tal \u00f5ppida v\u00e4ljendama oma tundeid ja aistinguid, isegi kui need alles hakkavad tekkima. See on k\u00f5ige olulisem ebam\u00e4\u00e4raste, aktsepteerimata ja l\u00e4bielamata kogemuste puhul, mis t\u00e4idavad lapse sisemaailma.<br \/>Lapsega tuleb r\u00e4\u00e4kida sellistest vaimsetest v\u00e4\u00e4rtustest nagu s\u00fcdametunnistus, suuremeelsus, lahkus ja kaastunne ning palju muud. V\u00f5ite r\u00e4\u00e4kida ka Jumalast. Pole vaja karta, et laps on selliste teemade jaoks liiga v\u00e4ike. Kui ta saab teismeliseks, on juba hilja sellistel teemadel vestlusi alustada.<br \/> Loov l\u00e4henemine mis tahes \u00fclesandele, millega laps Dru\u017eka seiklustega kaarte uurides silmitsi seisab, v\u00f5imaldab tal \u00f5ppida palju uut v\u00e4ikese inimese sisemaailma kohta.<br \/> Lisatud Kaartide juhendis kirjeldatakse mitmeid tehnikaid ja harjutusi lastega t\u00f6\u00f6tamiseks.<br \/><strong>Harjutus &quot;Hea-halb&quot;<\/strong><br \/> Lapsele tuleb anda m\u00f5ned kaardid ja paluda need sorteerida kahte hunnikusse: \u201cHea\u201d ja \u201cHalvasti\u201d. Ei ole vaja lapsele kogu tekki korraga anda \u2013 see v\u00f5ib teda segadusse ajada v\u00f5i muul juhul l\u00e4heb laps lihtsalt piltide vaatamisest kergesti minema.<br \/> Peate lapsega iga kaardi hoolikalt l\u00e4bi r\u00e4\u00e4kima. Selles v\u00f5ivad abi olla suunavad k\u00fcsimused: kuidas jagas laps kaardid \u201cHea\u201d ja \u201cHalb\u201d hunnikuteks? Mis andis talle sellise jaotuse aluse? Miks sa nii otsustasid? Mida on tema arvates kaartidel kujutatud, halba ja head? Mis nende peal toimub? Kas lapse elus juhtub midagi sarnast kaartidel n\u00e4idatuga? Ja milliseid olukordi lapse elus on rohkem \u2013 kas \u201cHea\u201d v\u00f5i \u201cHalba\u201d hunnikust?<br \/> T\u00e4nu sellele harjutusele saate teada maailma, milles laps elab, ja m\u00f5ista, kas see maailm on tema jaoks hea v\u00f5i halb. M\u00f5nikord v\u00f5ib ju kohata t\u00f5siasja, et ebameeldivas olukorras leiab laps positiivseid k\u00fclgi ja vastupidi \u2013 pealtn\u00e4ha kahjututel juhtudel n\u00e4eb negatiivseid k\u00fclgi.<br \/> Erilist t\u00e4helepanu tuleb p\u00f6\u00f6rata lapse ebatavalistele hinnangutele ja hinnangutele. N\u00e4iteks kaardil on n\u00e4ha, kuidas Buddy m\u00e4ngib ja naerab \u2013 see on halb. Miks? Jah, k\u00f5ik sellep\u00e4rast, et peate \u00f5ppima, tegema kodut\u00f6id ja mitte puhkama. Sel juhul peate proovima v\u00e4lja selgitada, miks lapsel selline veendumus tekkis. Kas ta ise arvab nii v\u00f5i kuulis seda kelleltki? Kui olete kuulnud, siis mida te sellest arvate? Mis juhtub kutsika elus, kui ta ei saa m\u00e4ngida ja naerda, vaid teeb ainult trenni? Kas ta j\u00e4\u00e4b rahule? Kes on praeguses olukorras hea ja kes halb?<br \/><strong>Harjutus &quot;R\u00e4\u00e4gi muinasjutt&quot;<\/strong><br \/> Harjutus seisneb selles, et lapsel palutakse koostada peategelasest muinasjutt. Kirjutades peaks ta tuginema kaartide piltidele, mitte ise s\u00fc\u017eeed v\u00e4lja m\u00f5tlema. Laps hakkab muinasjuttu v\u00e4lja m\u00f5tlema, t\u00f5mmates pakist esimese kaardi, ja j\u00e4tkab seda teiste kaartide p\u00f5hjal, mille ta samuti joonistas. Tema abistamiseks v\u00f5id kohe mitu kaarti (5-10) suletuna lauale laduda ja vajadusel \u00fckshaaval avada.<br \/> Soovitav on viia muinasjutt r\u00f5\u00f5msa l\u00f5puni. Laps peab iseseisvalt leidma v\u00f5imaliku v\u00e4ljap\u00e4\u00e4su keerulisest olukorrast. Kui \u00f5nnelikku l\u00f5ppu ei suudeta saavutada, on ilmselt vaja last aidata. Pakist valitakse v\u00e4lja loo olemusele sobivaim positiivne kaart ning suunavate k\u00fcsimuste v\u00f5i oletustega suunatakse last n\u00e4gema olukorrast soodsa v\u00e4ljap\u00e4\u00e4su v\u00f5imalust. P\u00e4rast harjutuse sooritamist peaks laps tundma rahulolu, et S\u00f5ber on k\u00f5ikidest probleemidest lahti saanud.<br \/> Selle harjutuse abil \u00f5pib laps leidma ressursse, tuge ja abi, kui teel tekivad raskused. Samuti aitab see harjutus olemasolevaid probleeme lahendada ja l\u00e4bi r\u00e4\u00e4kida ning leida olukorrast v\u00e4ljap\u00e4\u00e4su.<br \/><strong>Harjutus &quot;\u00dcks p\u00e4ev minu elus&quot;<\/strong><br \/> Lapsel palutakse kaardipakist avalikult v\u00e4lja t\u00f5mmata kaardid, mis illustreerivad tavalist p\u00e4eva tema elus. Valida saab ka konkreetse p\u00e4eva: eile, hiljutine p\u00fcha (kellegi l\u00e4hedase s\u00fcnnip\u00e4ev) v\u00f5i p\u00e4ev, mil juhtus lapse jaoks m\u00f5ni oluline s\u00fcndmus.<br \/> Laps laotab kaardid lauale suvalises j\u00e4rjekorras ja r\u00e4\u00e4gib, mida kutsikas teeb, kuidas tema p\u00e4ev l\u00e4heb. V\u00f5ite paluda kirjeldada kutsika tundeid ja emotsioone, \u00f6elda, mida kutsikas lapse arvates tulevikus teeb.<br \/> Tuleb hoolikalt keskenduda sellele, milliseid tundeid, emotsioone, aistinguid laps esile t\u00f5stab. Kas ta on selle maailmaga rahul v\u00f5i mitte? Milliseid ressursse ta oma vanematelt saab? V\u00f5i \u00e4kki vastupidi, vanemad teevad tema elu kuidagi keeruliseks? <\/br><\/p>","protected":false},"excerpt":{"rendered":"<p>Autor: Irina FedorovaMetafoorsed assotsiatiivsed kaardid \u201cS\u00f5ber\u201d on m\u00f5eldud laste ps\u00fchholoogiliseks diagnostikaks, lapse emotsionaalset arendavate m\u00e4ngude jaoks<\/p>","protected":false},"featured_media":2178,"comment_status":"open","ping_status":"open","template":"","meta":[],"product_brand":[],"product_cat":[25],"product_tag":[],"class_list":{"0":"post-2177","1":"product","2":"type-product","3":"status-publish","4":"has-post-thumbnail","6":"product_cat-children-teenagers-inner-child","8":"first","9":"outofstock","10":"product-type-simple"},"_links":{"self":[{"href":"https:\/\/shercards.com\/et\/wp-json\/wp\/v2\/product\/2177","targetHints":{"allow":["GET"]}}],"collection":[{"href":"https:\/\/shercards.com\/et\/wp-json\/wp\/v2\/product"}],"about":[{"href":"https:\/\/shercards.com\/et\/wp-json\/wp\/v2\/types\/product"}],"replies":[{"embeddable":true,"href":"https:\/\/shercards.com\/et\/wp-json\/wp\/v2\/comments?post=2177"}],"wp:featuredmedia":[{"embeddable":true,"href":"https:\/\/shercards.com\/et\/wp-json\/wp\/v2\/media\/2178"}],"wp:attachment":[{"href":"https:\/\/shercards.com\/et\/wp-json\/wp\/v2\/media?parent=2177"}],"wp:term":[{"taxonomy":"product_brand","embeddable":true,"href":"https:\/\/shercards.com\/et\/wp-json\/wp\/v2\/product_brand?post=2177"},{"taxonomy":"product_cat","embeddable":true,"href":"https:\/\/shercards.com\/et\/wp-json\/wp\/v2\/product_cat?post=2177"},{"taxonomy":"product_tag","embeddable":true,"href":"https:\/\/shercards.com\/et\/wp-json\/wp\/v2\/product_tag?post=2177"}],"curies":[{"name":"wp","href":"https:\/\/api.w.org\/{rel}","templated":true}]}}