{"id":218,"date":"2024-08-04T11:12:12","date_gmt":"2024-08-04T11:12:12","guid":{"rendered":"https:\/\/shercards.com\/index.php\/product\/metaphorical-cards-with-resource-fairy-tales-the-girl-and-the-whale\/"},"modified":"2025-10-20T10:48:19","modified_gmt":"2025-10-20T10:48:19","slug":"metaphorical-cards-with-resource-fairy-tales-the-girl-and-the-whale","status":"publish","type":"product","link":"https:\/\/shercards.com\/et\/toode\/metaphorical-cards-with-resource-fairy-tales-the-girl-and-the-whale\/","title":{"rendered":"Metafoorsed kaardid ressursimuinasjuttudega \u201cT\u00fcdruk ja vaal\u201d"},"content":{"rendered":"<p>Autor, kunstnik: Daria Grosheva<\/p>\n<p> Vaal on planeedi suurim loom, tema j\u00f5ud ja j\u00f5ud ei j\u00e4ta kedagi \u00fcksk\u00f5ikseks. Minu elu raskel perioodil ilmus mulle talismaniks kingitud maalile kujutise kujul vaal, mis seej\u00e4rel materialiseerus inimese kujul, t\u00e4nu kellele sain l\u00e4bida raske osa minu teekonda ja vaimselt kasvada ning siis sai vaalast minu sisemise toe s\u00fcmbol, v\u00f5imas kohalolek meis iga\u00fches, midagi suuremat kui me ise. \u201cT\u00fcdruk ja vaal\u201d on minu isiklik lugu tugeva vaimse valu muutmisest tohutuks sisemiseks ressursiks. Iga pilt ja muinasjutt loost t\u00fcdrukust ja vaalast kannab v\u00f5imsa positiivse laengu ja inspiratsiooni k\u00f5igile, kes sellega suhtlevad.nbsp;nbsp;Puuduta imet ka\u2026<\/p>\n<p> Varustus:<br \/> \u25cfnbsp;nbsp;nbsp ;nbsp;20 positiivset akvarelljoonistust;<br \/> \u25cfnbsp;nbsp;nbsp;nbsp;20 allikamuinasjuttu inspiratsiooniks tagak\u00fcljel;<br \/> \u25cfnbsp;nbsp;nbsp;nbsp;QR-kood h\u00e4mmastava looga \u201cT\u00fcdrukud\u201d ja vaala loomisest, samuti kinkematerjalid allalaadimiseks (motivatsioonikaardid ja ekraanis\u00e4\u00e4stjad telefonile t\u00fcdruku ja vaalaga)<\/p>\n<p> Metafoorsete postkaartide komplekt \u201cT\u00fcdruk ja vaal\u201d on m\u00f5eldud nii spetsialistide, ps\u00fchholoogide t\u00f6\u00f6ks kui ka isiklikuks kasutamiseks ning sisemiste tugede ja inspiratsiooni otsimiseks. <\/p>\n<p> Lihtsaim viis nende materjalidega t\u00f6\u00f6tamiseks on v\u00f5tta v\u00e4lja mis tahes postkaart ja lugeda selle tagak\u00fcljelt muinasjutt. Hea s\u00fcdamest tulnud jutt ja ilus joonistus teevad tuju heaks. <\/p>\n<p> T\u00f6\u00f6tada saab ka ainult joonistustega, valides endale meelep\u00e4rase postkaardi ning t\u00f5lgendades kujutatud lugu t\u00fcdrukust ja vaalast oma elu ja teadlikkuse kontekstis. Sellised k\u00fcsimused nagu: kuidas ma tunnen joonistust vaadates? Millest see lugu r\u00e4\u00e4gib? Mida t\u00fcdruk ja vaal teevad? Kas ma tunnen end praegu h\u00e4sti, vaadates neid? Mida ma tahan parandada? Mis mulle veel \u00f5nne toob?<\/p>\n<p> S\u00fcgavamaks t\u00f6\u00f6ks peate moodustama avatud k\u00fcsimuse, millele soovite vastust leida, valima komplektist joonise, keskendudes sisemistele aistingutele, hoolikalt kaaluma, m\u00f5istma oma emotsioone, mis on seotud k\u00fcsimuse ja joonisega ning seej\u00e4rel lugema lugu tagak\u00fcljel. Ja siit saab alguse teie enda maagia. Palju \u00f5nne. <\/p>\n<p> Suure armastuse, usu ja toetusega, Daria.<\/p>","protected":false},"excerpt":{"rendered":"<p>Autor, kunstnik: Daria Grosheva Vaal on planeedi suurim loom, tema j\u00f5ud ja j\u00f5ud ei j\u00e4ta kedagi<\/p>","protected":false},"featured_media":219,"comment_status":"open","ping_status":"open","template":"","meta":[],"product_brand":[],"product_cat":[26],"product_tag":[],"class_list":{"0":"post-218","1":"product","2":"type-product","3":"status-publish","4":"has-post-thumbnail","6":"product_cat-resources","8":"first","9":"outofstock","10":"purchasable","11":"product-type-simple"},"_links":{"self":[{"href":"https:\/\/shercards.com\/et\/wp-json\/wp\/v2\/product\/218","targetHints":{"allow":["GET"]}}],"collection":[{"href":"https:\/\/shercards.com\/et\/wp-json\/wp\/v2\/product"}],"about":[{"href":"https:\/\/shercards.com\/et\/wp-json\/wp\/v2\/types\/product"}],"replies":[{"embeddable":true,"href":"https:\/\/shercards.com\/et\/wp-json\/wp\/v2\/comments?post=218"}],"wp:featuredmedia":[{"embeddable":true,"href":"https:\/\/shercards.com\/et\/wp-json\/wp\/v2\/media\/219"}],"wp:attachment":[{"href":"https:\/\/shercards.com\/et\/wp-json\/wp\/v2\/media?parent=218"}],"wp:term":[{"taxonomy":"product_brand","embeddable":true,"href":"https:\/\/shercards.com\/et\/wp-json\/wp\/v2\/product_brand?post=218"},{"taxonomy":"product_cat","embeddable":true,"href":"https:\/\/shercards.com\/et\/wp-json\/wp\/v2\/product_cat?post=218"},{"taxonomy":"product_tag","embeddable":true,"href":"https:\/\/shercards.com\/et\/wp-json\/wp\/v2\/product_tag?post=218"}],"curies":[{"name":"wp","href":"https:\/\/api.w.org\/{rel}","templated":true}]}}