{"id":2236,"date":"2024-08-04T14:35:08","date_gmt":"2024-08-04T14:35:08","guid":{"rendered":"https:\/\/shercards.com\/index.php\/product\/metaphorical-cards-wings-of-mills\/"},"modified":"2025-10-20T10:35:14","modified_gmt":"2025-10-20T10:35:14","slug":"metaphorical-cards-wings-of-mills","status":"publish","type":"product","link":"https:\/\/shercards.com\/et\/toode\/metaphorical-cards-wings-of-mills\/","title":{"rendered":"Metafoorilised kaardid &quot;Veskide tiivad&quot;"},"content":{"rendered":"<p>Autor: Natalja Ivanova <br \/> Kunstnik: Irina Astredinova <\/p>\n<p> Sisu: pakk 64 kaardiga, metoodiline juhend (120 lehek\u00fclge)<\/p>\n<p> \u201cVeskide tiivad\u201d pakk sobib suurep\u00e4raselt hetkeseisuga, arhet\u00fc\u00fcbi teemaga - vari, suhete taotlustega, eesm\u00e4rgiga, soo puudutavate k\u00fcsimustega, aga ka otsustamist n\u00f5udvate olukordadega, kaardid aitavad n\u00e4ha vajalikku ja olemasolevaid ressursse. Sobib nii iseseisvaks t\u00f6\u00f6ks kui ka t\u00f6\u00f6ks spetsialistiga: ps\u00fchholoog, treener, koolips\u00fchholoog, kunstiterapeut. <\/p>\n<p> \u201cVeskitiibade\u201d tekk on t\u00f6\u00f6riist, mis v\u00f5imaldab saada kontakti oma sisemaailmaga, p\u00f6\u00f6rduda teadvuseta ressursside poole murettekitavate k\u00fcsimuste ja elusituatsioonide lahendamiseks. K\u00f5ik vastused on juba meie sees ja kaardid aitavad meil need v\u00e4lja tuua. <br \/> Miks &quot;veskite tiivad&quot;? Esiteks on see ilus, viitab meie poolt aupaklikult ja l\u00f5putult armastatud vene folk-rock grupi Melnitsa loomingule. Teiseks, veski \u2013 visaduse, edasiliikumise, edu saavutamise, aegade muutumise, aastaaegade ts\u00fcklilisuse, j\u00e4rjepidevuse, eelmiste p\u00f5lvkondade p\u00e4randi s\u00fcmbol \u2013 kohtame paljudes kultuurides, n\u00e4eme filmides, loeme lugudes ja kuulame filmis. meie esivanemate lood ja jutud. Kolmandaks on veski see, mis meiega iga p\u00e4ev juhtub: keerleme s\u00fcndmuste keerises, m\u00e4rkame muutusi ilmas, meeleolus, tunnetes, vahel kakleme (nagu Don Quijote tuuleveskitega), vahel loome ja kasvatame vilju, usaldades aega jahvatage need jahuks, mille maitsmisel saate tahes-tahtmata \u00f5ppetunni ja kutse ellu! Veski on kuvand, mis puudutab k\u00f5iki; sellesse on p\u00f5imitud paljude p\u00f5lvkondade elu. Miks me otsustasime, et grupi Mill maailmad sobivad metafoorsete assotsiatiivsete kaartide pakiks? Seda seet\u00f5ttu, et kaart kannab eelk\u00f5ige kujundit, mis v\u00f5ib inimeses \u00fcht v\u00f5i teist assotsiatsiooni esile kutsuda ja elus vastukaja leida. Ja kui v\u00f5tame kujutiste skaala 0\u2013100, siis veskilaulude kujund nendesse m\u00e4rkidesse ei mahu, see l\u00e4heb skaalalt v\u00e4lja, \u00fcletab k\u00f5ik v\u00e4\u00e4rtused ja voolab peenelt sinusse, liikudes sujuvalt, kuid t\u00e4pselt l\u00e4bi m\u00e4lupaleede. ja alateadvus, keerleb ja keerleb oma tiibadel. R\u00fchma laulud on l\u00e4bi imbunud muinasjuttudest, legendidest, m\u00fc\u00fctidest, s\u00fcmbolitest, viidetest ja allegooriatest ning see on meie geenidesse kr\u00fcpteeritud kogemus, tarkus ja m\u00e4lestus rahvaste, esivanemate kohta (kollektiivne alateadvus). Kas me saame rohkem \u00f6elda? Muidugi v\u00f5ib Veski maailmast p\u00e4rit piltidest l\u00f5putult \u00fcllatada, imetleda ja inspireerida. Kutsume teid koos meiega neisse sukelduma.nbsp;nbsp;<br \/> Kaardipaki pildid p\u00f6\u00f6rduvad meie alateadvuse s\u00fcgavaimatesse nurkadesse: p\u00f6\u00f6rduvad perekondlike ja rahvalike v\u00e4\u00e4rtuste, lapsep\u00f5lvest tuttavate looduspiltide, kultuurikeskkonnast ja kirjandusest omandatud arhet\u00fc\u00fcpide, muinasjuttude, laulude poole. Toimib suurep\u00e4raselt hetkeseisuga, arhet\u00fc\u00fcp-varju teemaga suhete taotlustega enda ja teistega, eesm\u00e4rgiga, sooga seotud k\u00fcsimustega, aga ka otsustamist n\u00f5udvate olukordadega, kaardid aitavad n\u00e4ha vajalikku ja k\u00e4ttesaadavat ressursse. <br \/> Omadused. Pakis olevad kaardid on nummerdatud. Pakendi juhistes on iga kaardi jaoks s\u00f5num, mist\u00f5ttu on seda mugav kasutada n\u00e4iteks suhtlusv\u00f5rgustikes klientidega t\u00f6\u00f6tamiseks p\u00e4eva, n\u00e4dala vms s\u00f5numina. Iseseisva t\u00f6\u00f6 jaoks on juhistes kirjeldatud 3 tehnikat , mis v\u00f5imaldab isegi algajal MAC-maailmas tekki kohe kasutama hakata. Teki joonistused p\u00f5hinevad vene folkrokir\u00fchma \u201cMelnitsa\u201d laulude piltidel.<br \/> Komplekt koosneb 5 temaatilisest alajaost<br \/> 1. T\u00f6\u00f6 traumaga (1-15 kaarti)<br \/> 2. Vahendid (16-27 kaarti) <br \/> 3. Tegevused (28\u201340 kaarti)<br \/> 4. Totemloomad (41-52 kaarti)<br \/> 5. Patroontaimed (53\u201364 kaarti)<br \/> See jaotus on tingimuslik ja seda saab rakendada individuaalses ja r\u00fchmav\u00e4lises t\u00f6\u00f6s, kui t\u00f6\u00f6tate konkreetse taotlusega.<br \/> Tehnikad: Iseseisvaks t\u00f6\u00f6ks saab vormistada soovi. Mida ta soovitab? Taotlus on sinu jaoks asjakohane lugu, kus on oluline leida vastus. Taotluse vormistamisel on kolm peamist reeglit: see ei tohiks sisaldada k\u00fcsimust &quot;millal&quot; ja sellele ei saa vastata &quot;jah&quot; v\u00f5i &quot;ei&quot; ning see ei tohiks m\u00f5jutada teisi inimesi, see t\u00e4hendab, et t\u00f6\u00f6d tehakse ainult l\u00e4bi &quot;mina-positsioon&quot;. <br \/> 1. Esimene tehnika. H\u00f5lmab t\u00f6\u00f6d ainult esimese 15 kaardiga.<br \/> Sina s\u00f5nastad taotluse. T\u00f5mmake kaardipakist kaart ja otsige selle kirjeldust k\u00e4esoleva juhendi osas nr 1 v\u00e4ljat\u00f5mmatud kaardi numbri j\u00e4rgi. J\u00e4rgmisena lugege s\u00f5num, k\u00fcsimused l\u00e4bi ja t\u00e4itke kaardi \u00fclesanne. <br \/> 2. Teine tehnika. T\u00f6\u00f6tage lahenduse leidmisega, kaasatud on k\u00f5ik kaardid.<br \/> a) S\u00f5nastad taotluse ja t\u00f5mbad kaardipakist kaks kaarti pildiga allapoole. Avage esimene kaart, mis n\u00e4itab &quot;Praegune olukord&quot;. Peate kaarti uurima, m\u00f5istma, mida see teie taotluse kontekstis t\u00e4hendab. T\u00f6\u00f6tage MAK-i universaalsete k\u00fcsimustega.<br \/> 1. Mis on kaardil n\u00e4idatud? Mida ma n\u00e4en? <br \/> 2. Mis tunne on kaarti vaadates? <br \/> 3. Kas ma olen kaardil v\u00f5i olen vaatleja? <br \/> 4. Mis tegevus kaardil toimub? <br \/> 5. Kuidas see minu eluga seostub? <br \/> 6. Mis on kaardil minu kohta ja mis mitte? <br \/> 7. Mida sa tahad seda pilti vaadates teha? <br \/> 8. Mida ma muudaksin seda kaarti vaadates?<br \/> 9. Mis nime ma kaardile paneksin? <br \/> 10. Millise s\u00f5numi edastab kaart vastuseks minu p\u00e4ringule? <br \/> b) Seej\u00e4rel ava teine kaart \u2013 \u201cSoovitav olukord\u201d v\u00f5i \u201cProbleemi lahendus\u201d. Vaadake kaardi iga detaili, uurige, tabage esimesi assotsiatsioone, anal\u00fc\u00fcsige kontekstis, kuidas soovite oma olukorda lahendada, mis aitab.<br \/> c) J\u00e4rgmisena on oluline vaadata l\u00e4bi sammud, mis viivad teid soovitud olukorrani: mis aitab lahendada taotluses m\u00e4rgitud olukorda. Selleks tuleb kaardipakist t\u00f5mmata 3 kaarti. Esimeses kaardis otsime iseennast, oma olukorda ja s\u00f5numit m\u00f5nele sammule, mis tuleb enne edasiliikumiseks astuda. Teine kaart on teine samm probleemi lahendamise suunas (kus olete, teie probleem, inimesed teie \u00fcmber jne). Kolmas kaart on kolmas samm lahenduse poole (millised on esimesed assotsiatsioonid, mis tekivad, kui r\u00e4\u00e4gime sammust otsustamise suunas, mis see olla v\u00f5iks).<br \/> d) M\u00f5elge tehtud t\u00f6\u00f6 \u00fcle uuesti l\u00e4bi ja tehke enda jaoks j\u00e4reldus. Saate vastuseid, ideid ja t\u00e4helepanekuid paberile salvestada. <br \/> PS See meetod aitab teil vaadata kohta, kus te pole veel vaadanud. Alateadvuse genereeritud otsus viib sageli ootamatu tulemuseni.<br \/> <\/br><\/p>","protected":false},"excerpt":{"rendered":"<p>Autor: Natalja Ivanova Kunstnik: Irina Astredinova Sisu: 64 kaardipakk, metoodiline k\u00e4siraamat (120 lk) \u201cVeskide tiivad\u201d<\/p>","protected":false},"featured_media":2237,"comment_status":"open","ping_status":"open","template":"","meta":[],"product_brand":[],"product_cat":[27],"product_tag":[],"class_list":{"0":"post-2236","1":"product","2":"type-product","3":"status-publish","4":"has-post-thumbnail","6":"product_cat-universal","8":"first","9":"outofstock","10":"purchasable","11":"product-type-simple"},"_links":{"self":[{"href":"https:\/\/shercards.com\/et\/wp-json\/wp\/v2\/product\/2236","targetHints":{"allow":["GET"]}}],"collection":[{"href":"https:\/\/shercards.com\/et\/wp-json\/wp\/v2\/product"}],"about":[{"href":"https:\/\/shercards.com\/et\/wp-json\/wp\/v2\/types\/product"}],"replies":[{"embeddable":true,"href":"https:\/\/shercards.com\/et\/wp-json\/wp\/v2\/comments?post=2236"}],"wp:featuredmedia":[{"embeddable":true,"href":"https:\/\/shercards.com\/et\/wp-json\/wp\/v2\/media\/2237"}],"wp:attachment":[{"href":"https:\/\/shercards.com\/et\/wp-json\/wp\/v2\/media?parent=2236"}],"wp:term":[{"taxonomy":"product_brand","embeddable":true,"href":"https:\/\/shercards.com\/et\/wp-json\/wp\/v2\/product_brand?post=2236"},{"taxonomy":"product_cat","embeddable":true,"href":"https:\/\/shercards.com\/et\/wp-json\/wp\/v2\/product_cat?post=2236"},{"taxonomy":"product_tag","embeddable":true,"href":"https:\/\/shercards.com\/et\/wp-json\/wp\/v2\/product_tag?post=2236"}],"curies":[{"name":"wp","href":"https:\/\/api.w.org\/{rel}","templated":true}]}}