{"id":2244,"date":"2024-08-04T14:37:07","date_gmt":"2024-08-04T14:37:07","guid":{"rendered":"https:\/\/shercards.com\/index.php\/product\/tarot-of-the-inner-voice-poetry-that-is-meant-to-heal\/"},"modified":"2025-10-20T10:35:14","modified_gmt":"2025-10-20T10:35:14","slug":"tarot-of-the-inner-voice-poetry-that-is-meant-to-heal","status":"publish","type":"product","link":"https:\/\/shercards.com\/et\/toode\/tarot-of-the-inner-voice-poetry-that-is-meant-to-heal\/","title":{"rendered":"Sisemise h\u00e4\u00e4le tarot. Luule, mis on m\u00f5eldud tervendamiseks"},"content":{"rendered":"<p>Autor: Aleksei Simonenko <br \/> <\/br> Sisu:<br \/> Kaardid \u2013 67 tk.<br \/> Kirjeldusraamat \u2013 1 tk.<br \/> Kaartide poeetiliste kujutiste helisalvestised \u2013 67 tk.<br \/> Kaartide interpretatsioonide helisalvestised \u2013 67 tk. (laadige alla QR-koodi kaudu kirjeldusraamatust) <\/br> <br \/> <\/br> Komplekt &quot;Siseh\u00e4\u00e4le tarot&quot; on loominguline toode ps\u00fchholoogia, luule ja inimese alateadvuse olemuse intuitiivse peegelduse ristumiskohas. See on kaartide komplekt, mida saadavad luuletused, luuletuste helisalvestised ja kaartide t\u00f5lgendused. Komplektis on kasutatud k\u00f5iki kolme enamikule inimese sensoorset modaalsust: visuaalset, kuulmis- ja kinesteetilist.<br \/>See on \u00fcleskutse kuulajatele p\u00f6\u00f6rata t\u00e4helepanu aistingutele kehas, oma keha reaktsioonidele. Kuulmismodaalsuse ja poeetiliste vormide poolt tugevdatud tekk v\u00f5imaldab sukelduda s\u00fcgavamale kaartide kujunditesse ning h\u00e4\u00e4lestuda positiivsetele ja elujaatavatele olekutele. See v\u00f5imaldab laiendada teadlikkuse v\u00e4lja t\u00f6\u00f6 kontekstis ja t\u00f5hustada kasutamise raviefekti. S\u00fcmboli- ja t\u00e4hendusrikkad visuaalsed kujutised, mida toetab sobiv heli, on v\u00f5imelised k\u00e4ivitama s\u00fcgava peegelduse ja transformatsiooni ning neil on mittedirektiivse h\u00fcpnoosiga v\u00f5rreldav m\u00f5ju. T\u00f6\u00f6s v\u00f5ivad sellised komplekti elemendid viia inimese transiseisundisse, v\u00e4hendades seel\u00e4bi oluliselt vastupanu ja avades rohkelt v\u00f5imalusi positiivsete alateadlike protsesside k\u00e4ivitamiseks.<br \/> Kaardid aitavad iseennast veelgi paremini tundma \u00f5ppida, avardada oma teadvusv\u00e4lja, tunnetada oma intuitsiooni peenemalt ja saada terviklikumaks. ja terve. Siseh\u00e4\u00e4le Tarot on luule, mis on loodud tervendama, see on sild teie sisemaailma. See on assistent sisemaailma loomisel.<\/p>","protected":false},"excerpt":{"rendered":"<p>Autor: Aleksei Simonenko Sisu: Kaardid \u2013 67 tk. Kirjeldusraamat \u2013 1 tk. Kaartide poeetiliste kujutiste helisalvestised<\/p>","protected":false},"featured_media":2245,"comment_status":"open","ping_status":"open","template":"","meta":[],"product_brand":[],"product_cat":[27],"product_tag":[],"class_list":{"0":"post-2244","1":"product","2":"type-product","3":"status-publish","4":"has-post-thumbnail","6":"product_cat-universal","8":"first","9":"outofstock","10":"purchasable","11":"product-type-simple"},"_links":{"self":[{"href":"https:\/\/shercards.com\/et\/wp-json\/wp\/v2\/product\/2244","targetHints":{"allow":["GET"]}}],"collection":[{"href":"https:\/\/shercards.com\/et\/wp-json\/wp\/v2\/product"}],"about":[{"href":"https:\/\/shercards.com\/et\/wp-json\/wp\/v2\/types\/product"}],"replies":[{"embeddable":true,"href":"https:\/\/shercards.com\/et\/wp-json\/wp\/v2\/comments?post=2244"}],"wp:featuredmedia":[{"embeddable":true,"href":"https:\/\/shercards.com\/et\/wp-json\/wp\/v2\/media\/2245"}],"wp:attachment":[{"href":"https:\/\/shercards.com\/et\/wp-json\/wp\/v2\/media?parent=2244"}],"wp:term":[{"taxonomy":"product_brand","embeddable":true,"href":"https:\/\/shercards.com\/et\/wp-json\/wp\/v2\/product_brand?post=2244"},{"taxonomy":"product_cat","embeddable":true,"href":"https:\/\/shercards.com\/et\/wp-json\/wp\/v2\/product_cat?post=2244"},{"taxonomy":"product_tag","embeddable":true,"href":"https:\/\/shercards.com\/et\/wp-json\/wp\/v2\/product_tag?post=2244"}],"curies":[{"name":"wp","href":"https:\/\/api.w.org\/{rel}","templated":true}]}}