{"id":2248,"date":"2024-08-04T14:37:07","date_gmt":"2024-08-04T14:37:07","guid":{"rendered":"https:\/\/shercards.com\/index.php\/product\/metaphorical-cards-faces-of-water-maps-of-internal-integrity\/"},"modified":"2025-10-20T10:35:14","modified_gmt":"2025-10-20T10:35:14","slug":"metaphorical-cards-faces-of-water-maps-of-internal-integrity","status":"publish","type":"product","link":"https:\/\/shercards.com\/et\/toode\/metaphorical-cards-faces-of-water-maps-of-internal-integrity\/","title":{"rendered":"Metafoorilised kaardid \u201cVee n\u00e4od\u201d. Sisemise terviklikkuse kaardid"},"content":{"rendered":"<p>Autor: Anna Sudneko \u2013 kliiniline ps\u00fchholoog, neurops\u00fchholoog, pereps\u00fchholoog, superviisor, metafoorsete kaartidega t\u00f6\u00f6tamise spetsialist, emotsionaal-kujutlusv\u00f5imega terapeut, jungiaanlik liivaterapeut, Liivateraapia \u00dchingu liige. <br \/> Kunstnik: Anna Kreydun \u2013 Venemaa Kunstnike Loomeliidu Rahvusvahelise Kunstnike F\u00f6deratsiooni liige; rahvusvahelise konkursi ETHNO ART FEST v\u00f5itja<\/p>\n<p> Sisu:<br \/> 80 kaarti (300g papp, matt lamineerimine)<br \/> metoodilised soovitused (16 lehek\u00fclge \u2013 l\u00fchike teave metafoorikaartidega t\u00f6\u00f6tamise kohta, l\u00fchialgoritmid erinevate p\u00e4ringutega t\u00f6\u00f6tamiseks (21 n\u00e4idet))<br \/> Kaardi suurus: 74 x 110 mm<\/p>\n<p> \u201cVee n\u00e4od\u201d on metafoorilised kaardid, mis on p\u00fchendatud sisemise terviklikkuse teemale. <br \/> Iga\u00fcks neist sisaldab vett - transformatsiooni elementi, mis on erineval kujul <br \/> v\u00f5ib olla sisemiste seisundite metafoor. Paki 80 kaarti esindavad <br \/> huvitavad lood, pildid esemetest, loomadest, loodusest.<br \/> \u201cVee n\u00e4od\u201d \u2013 kaardid emotsioonidest ja seisunditest, emotsionaalsest iseseisvusest, sisemisest k\u00fcpsusest, kohanemis- ja muutumisv\u00f5imest, sisemisest kasvamisest ning oma teede ja inspiratsiooni leidmisest.<br \/> Tekk v\u00f5ib olla kasulik sisemiste ressursside leidmisel ps\u00fchholoogilistest kriisidest \u00fclesaamiseks, negatiivsete emotsionaalsete seisundite muutmiseks, stressi ja muude tavap\u00e4raste hetkevajadustega t\u00f6\u00f6tamiseks.<\/p>\n<p> N\u00e4ited kaartidega t\u00f6\u00f6tamiseks:<\/p>\n<p> T\u00d6\u00d6 EMOTSIONAALSE PINGEGA<\/p>\n<p> Kaart 1. Miks on\/on klient harjunud olema pingeseisundis?<br \/> Kaart 2. Millised stsenaariumid ja hoiakud viivad selleni, et tal koguneb sisemine pinge?&lt;br&gt; Kaart 3. Millised vahendid aitavad tal saada emotsionaalselt vabamaks ja l\u00f5dvemaks?<\/p>\n<p> V\u00c4\u00c4RTUS, DEVALVEERIMINE, HINDAMINE<\/p>\n<p> Klient t\u00f5mbab \u00fche v\u00f5i mitu kaarti avalikult v\u00f5i pimesi, anal\u00fc\u00fcsides:<br \/> 1 Mida ta praegu devalveerib v\u00f5i on ta harjunud pidevalt devalveerima? See <br \/> v\u00f5ivad olla ressursid, isikuomadused, kogemused jne.<br \/> 2. Millisele sisemisele v\u00e4\u00e4rtusele on aeg t\u00e4helepanu p\u00f6\u00f6rata?<br \/> 3. Mis aitab teil \u00f5ppida oma ressursse ja saavutusi rohkem v\u00e4\u00e4rtustama?<br \/> &lt;br&gt; SISEMINE TUGI<\/p>\n<p> Kaart 1. Klient, tema hetkeseis.<br \/> Kaart 2. Soovitud olek.<br \/> Kaart 3. Lahendused, mis aitavad <br \/> saada sisemist j\u00f5udu.<br \/> Kaart 4 . Tegevused, mis aitavad <br \/> saada sisemist j\u00f5udu.<\/p>\n<p> ISEV\u00c4\u00c4RT<\/p>\n<p> Enesev\u00e4\u00e4rtustamine on suhtumine iseendasse, kui inimene aktsepteerib ja armastab ennast, suhtub endasse t\u00e4helepanu ja austusega, tunneb ja m\u00f5istab. ennast ja oma vajadusi.<br \/> Klient v\u00f5tab avalikult v\u00f5i pimesi v\u00e4lja \u00fche v\u00f5i mitu kaarti, anal\u00fc\u00fcsides:<br \/> 1. Millised otsused aitavad sul ennast rohkem aktsepteerida ja armastada?<br \/> 2. Millised ressursid, omadused, v\u00f5imalused aitavad iseennast rohkem aktsepteerida ja armastada?<br \/> 3. Millised teod, sammud aitavad sul ennast rohkem aktsepteerida ja armastada?<\/p>","protected":false},"excerpt":{"rendered":"<p>Autor: Anna Sudneko \u2013 kliiniline ps\u00fchholoog, neurops\u00fchholoog, pereps\u00fchholoog, superviisor, metafoorsete kaartidega t\u00f6\u00f6tamise spetsialist, emotsionaal-kujutlusv\u00f5imega terapeut, Jungi liiv<\/p>","protected":false},"featured_media":2249,"comment_status":"open","ping_status":"open","template":"","meta":[],"product_brand":[],"product_cat":[27],"product_tag":[],"class_list":{"0":"post-2248","1":"product","2":"type-product","3":"status-publish","4":"has-post-thumbnail","6":"product_cat-universal","8":"first","9":"outofstock","10":"purchasable","11":"product-type-simple"},"_links":{"self":[{"href":"https:\/\/shercards.com\/et\/wp-json\/wp\/v2\/product\/2248","targetHints":{"allow":["GET"]}}],"collection":[{"href":"https:\/\/shercards.com\/et\/wp-json\/wp\/v2\/product"}],"about":[{"href":"https:\/\/shercards.com\/et\/wp-json\/wp\/v2\/types\/product"}],"replies":[{"embeddable":true,"href":"https:\/\/shercards.com\/et\/wp-json\/wp\/v2\/comments?post=2248"}],"wp:featuredmedia":[{"embeddable":true,"href":"https:\/\/shercards.com\/et\/wp-json\/wp\/v2\/media\/2249"}],"wp:attachment":[{"href":"https:\/\/shercards.com\/et\/wp-json\/wp\/v2\/media?parent=2248"}],"wp:term":[{"taxonomy":"product_brand","embeddable":true,"href":"https:\/\/shercards.com\/et\/wp-json\/wp\/v2\/product_brand?post=2248"},{"taxonomy":"product_cat","embeddable":true,"href":"https:\/\/shercards.com\/et\/wp-json\/wp\/v2\/product_cat?post=2248"},{"taxonomy":"product_tag","embeddable":true,"href":"https:\/\/shercards.com\/et\/wp-json\/wp\/v2\/product_tag?post=2248"}],"curies":[{"name":"wp","href":"https:\/\/api.w.org\/{rel}","templated":true}]}}