{"id":2253,"date":"2024-08-04T14:37:07","date_gmt":"2024-08-04T14:37:07","guid":{"rendered":"https:\/\/shercards.com\/index.php\/product\/metaphorical-associative-cards-intuition\/"},"modified":"2025-10-20T10:35:14","modified_gmt":"2025-10-20T10:35:14","slug":"metaphorical-associative-cards-intuition","status":"publish","type":"product","link":"https:\/\/shercards.com\/et\/toode\/metaphorical-associative-cards-intuition\/","title":{"rendered":"Metafoorsed assotsiatiivsed kaardid &quot;Intuitsioon&quot;"},"content":{"rendered":"<p>Autor: Mihhail Lurko<br \/> Juhendi autor: Evgenia Baksan<br \/> Kirjastus MACards <\/p>\n<p> Sisu: 90 kaarti; juhised; 8 tehnikat tekiga t\u00f6\u00f6tamiseks kingituseks QR koodi kaudu!<\/p>\n<p> Selle teki pildid loodi n\u00e4rviv\u00f5rgu abil.<br \/> N\u00e4rviv\u00f5rk on tehisintellekt, mis on v\u00f5imeline t\u00f6\u00f6tlema k\u00e4ske ja tekstip\u00e4ringuid ning tootma tulemusi kujutiste kujul. L\u00f5plik pilt on sageli ebat\u00e4iuslik ja suudab kuvada ainult osa tekstip\u00e4ringust, nii et 1 kaardi loomiseks peate ikka ja j\u00e4lle AI poole p\u00f6\u00f6rduma, kuni l\u00f5plik versioon on pakile paigutamiseks sobivale l\u00e4hedale.<\/p>\n<p> Metafoorsed assotsiatiivsed &quot;Intuitsiooni&quot; kaardid on p\u00f5hiline universaalne t\u00f6\u00f6riist, millega saate t\u00f6\u00f6tada mis tahes taotlusega ja k\u00f5igis eluvaldkondades.<\/p>\n<p> &quot;Intuitsioon on v\u00f5ime m\u00f5ista, mis toimub v\u00e4ljaspool teadlikku kontrolli, ilma teadlikke j\u00e4reldusi ja arutlusi kasutamata.&quot; Need on Hinge vastused. <br \/> K\u00f5ik vajalikud vastused on juba meie sees. See tekk on loodud nende leidmiseks.<\/p>\n<p> Metafoorsed assotsiatiivsed kaardid \u201cIntuitsioon\u201d v\u00f5imaldavad uurida suhteid iseendaga, harmoniseerida meelt, hinge ja keha, j\u00f5uda oluliste arusaamadeni ning uurida ka suhteid teiste ja maailmaga, leida v\u00f5imalusi nende parandamiseks.<br \/> T\u00f6\u00f6riist aitab t\u00f6\u00f6tada erinevate teemadega: <br \/> \u2022nbsp;nbsp;nbsp;nbsp;intuitsioon<br \/> \u2022nbsp;nbsp;nbsp;nbsp;enesehinnang<br \/> \u2022nbsp; nbsp;nbsp;nbsp;enesearmastus<br \/> \u2022nbsp;nbsp;nbsp;nbsp;sisemine konflikt<br \/> \u2022nbsp;nbsp;nbsp;nbsp;v\u00e4line konflikt<br \/> \u2022nbsp;nbsp;nbsp;nbsp;enese tundmine <br \/> \u2022nbsp;nbsp;nbsp;nbsp;potentsiaali vabastamine<br \/> \u2022nbsp;nbsp;nbsp;nbsp;elu m\u00f5te<br \/> \u2022nbsp;nbsp;nbsp;nbsp;otsuste tegemine<br \/> \u2022nbsp;nbsp; nbsp;nbsp;emotsionaalne l\u00e4bip\u00f5lemine<br \/> \u2022nbsp;nbsp;nbsp;nbsp;soovid ja vajadused<br \/> \u2022nbsp;nbsp;nbsp;nbsp;isiklikud suhted<br \/> \u2022nbsp;nbsp;nbsp;nbsp;\u00fchiskond<br > \u2022nbsp;nbsp;nbsp;nbsp;t\u00f6\u00f6<br \/> \u2022nbsp;nbsp;nbsp;nbsp;raha<br \/> \u2022nbsp;nbsp;nbsp;nbsp;vaba aeg<br \/> \u2022nbsp;nbsp;nbsp;nbsp;ps\u00fchhosomaatika <br \/> \u2022nbsp;nbsp;nbsp;nbsp;rollid ja alamisiksused<br \/> \u2022nbsp;nbsp;nbsp;nbsp;otsige probleemi p\u00f5hjuseid<br \/> \u2022nbsp;nbsp;nbsp;nbsp;ressursside avalikustamine<br \/> \u2022nbsp; nbsp;nbsp;nbsp;lahenduste otsimine<br \/> \u2022nbsp;nbsp;nbsp;nbsp;ja muud teemad.<\/p>\n<p> Soovi korral saab neid kombineerida mis tahes portree-, universaal-, ressursi-, eri- ja tekstikaartidega.<br > MAK-i \u201cIntuitsiooniga\u201d t\u00f6\u00f6tamise viisid: nii avatud (teadlik valik) kui ka suletud (intuitiivselt, vaatamata).<br \/> K\u00fcsimuste loend, mis paljastavad metafoorilise kaardi:<br \/> \u2022nbsp;nbsp;nbsp;nbsp;Mis on kaardile joonistatud? Mis toimub?<br \/> \u2022nbsp;nbsp;nbsp;nbsp;Mida see pilt teis tekitab? <br \/> \u2022nbsp;nbsp;nbsp;nbsp;Mis sulle tema juures ei meeldi? Miks?<br \/> \u2022nbsp;nbsp;nbsp;nbsp;Mis teile selle juures meeldib? Miks?<br \/> \u2022nbsp;nbsp;nbsp;nbsp;Millele p\u00f6\u00f6rasite erilist t\u00e4helepanu? <br \/> \u2022nbsp;nbsp;nbsp;nbsp;Mida te vaadata ei taha? Miks?<br \/> \u2022nbsp;nbsp;nbsp;nbsp;Mida sa teha tahad?<br \/> \u2022nbsp;nbsp;nbsp;nbsp;Milline m\u00e4rk?<br \/> \u2022nbsp;nbsp;nbsp;nbsp;Mida ta arvab? <br \/> \u2022nbsp;nbsp;nbsp;nbsp;Mida ta tunneb?<br \/> \u2022nbsp;nbsp;nbsp;nbsp;Millised omadused tal on?<br \/> \u2022nbsp;nbsp;nbsp;nbsp;Millised oskused tal on?<br \/> &gt; \u2022nbsp;nbsp;nbsp;nbsp;Mida ta kunagi ei tee?<br \/> \u2022nbsp;nbsp;nbsp;nbsp;Mida ta kardab?<br \/> \u2022nbsp;nbsp;nbsp;nbsp;Mida ta k\u00f5ige rohkem tahab? ?<br \/> \u2022nbsp;nbsp;nbsp;nbsp;Kuidas seda pilti nimetada?<br \/> \u2022nbsp;nbsp;nbsp;nbsp;Kui ta r\u00e4\u00e4giks, mida ta \u00fctleks?<br \/> \u2022nbsp;nbsp;nbsp ;nbsp;Kui kujutate ette, et see tegelane olete teie, siis mida te arvate ja tunneksite selles v\u00e4limuses?<br \/> \u2022nbsp;nbsp;nbsp;nbsp;Millised v\u00e4rvid ja kujundid sellel kaardil on? Milliseid tundeid need peegeldavad?<br \/> \u2022nbsp;nbsp;nbsp;nbsp;Nimeta k\u00f5ik sellel kaardil olevad omaduss\u00f5nad?<br \/> \u2022nbsp;nbsp;nbsp;nbsp;Millised \u00fcksikasjad teid hirmutavad? Miks?<br \/> \u2022nbsp;nbsp;nbsp;nbsp;Mida te sellelt v\u00e4limuselt eemaldaksite? Mida \u00fctleb metafoor sellest, mis on \u00fcleliigne?<br \/> \u2022nbsp;nbsp;nbsp;nbsp;Millised detailid teile meeldivad? Millist ressurssi need kajastavad?<br \/> \u2022nbsp;nbsp;nbsp;nbsp;Millised seosed teil selle pildiga on? <br \/> \u2022nbsp;nbsp;nbsp;nbsp;Kuidas seostub kaardil kuvatu teie ja teie taotlusega?<br \/> \u2022nbsp;nbsp;nbsp;nbsp;Mis on sellel kaardil peamine?<br \/> \u2022nbsp ;nbsp;nbsp;nbsp;Mis toimub v\u00e4ljaspool seda kaarti?<br \/> \u2022nbsp;nbsp;nbsp;nbsp;Mis peab juhtuma, et see pilt muutuks harmooniliseks?<br \/> \u2022nbsp;nbsp;nbsp;nbsp;Milline s\u00f5num kannab teie jaoks kaarti?<br \/> \u2022nbsp;nbsp;nbsp;nbsp;Millele on oluline t\u00e4helepanu p\u00f6\u00f6rata? <br \/> \u2022nbsp;nbsp;nbsp;nbsp;Kuidas see arusaam teid aidata saab?<br \/> \u2022nbsp;nbsp;nbsp;nbsp;Mida olete valmis tegema?<\/p>\n<p> Kui valmistehnikatega t\u00f6\u00f6tamine ei aita, otsige vastust kaardi abil, saate selle paljastamiseks kasutada \u00fchte v\u00f5i mitut k\u00fcsimust nimekirjast. <br \/> Kui samu k\u00fcsimusi \u00fche kaardiga t\u00f6\u00f6tamisel j\u00e4rjest kasutada, siis need toimivad suure komplekstehnikana.<\/p>\n<p> T\u00f6\u00f6riist on ette n\u00e4htud:<br \/> ps\u00fchholoogid, ps\u00fchhoterapeudid, teiste abistavate elukutsete spetsialistid, ps\u00fchholoogiliste ja transformatsioonim\u00e4ngude juhid, metafoorsete assotsiatiivsete kaartidega t\u00f6\u00f6tamise spetsialistid, enesetundmise ja enesearenguga tegelevad inimesed.<\/p>\n<p> T\u00f6\u00f6v\u00f5tted:<\/p>\n<p> 1.nbsp;nbsp;nbsp;nbsp; &quot;Vaimu, hinge ja keha harmoonia&quot;&lt;br&gt; <br \/> Eesm\u00e4rk ja eesm\u00e4rgid:<br \/> M\u00f5ista vaimu, hinge ja keha vajadusi, m\u00f5ista nende s\u00f5numeid ise. Leidke viise nende \u00fchtlustamiseks.<\/p>\n<p> Algoritm:<br \/> V\u00f5tke iga k\u00fcsimuse jaoks v\u00e4lja \u00fcks kaart, tagurpidi. Avage \u00fckshaaval.<br \/> \u2022nbsp;nbsp;nbsp;nbsp;Millest ma unistan?<br \/> \u2022nbsp;nbsp;nbsp;nbsp;Mida mu m\u00f5istus vajab?<br \/> \u2022nbsp;nbsp;nbsp;nbsp; Mis s\u00f5num tal minu jaoks on?<br \/> \u2022nbsp;nbsp;nbsp;nbsp;Mida mu keha vajab?<br \/> \u2022nbsp;nbsp;nbsp;nbsp;Mis s\u00f5num tal minu jaoks on?<br \/> \u2022nbsp; nbsp;nbsp;nbsp;Mida mu hing vajab?<br \/> \u2022nbsp;nbsp;nbsp;nbsp;Mis s\u00f5numit sellel minu jaoks on?<br \/> \u2022nbsp;nbsp;nbsp;nbsp;Mis aitab \u00fchtlustada minu vaimu, hinge ja keha?<br \/> Tehke kokkuv\u00f5te.<\/p>\n<p> 2.nbsp;nbsp;nbsp;nbsp;&quot;Enese tundmine&quot;<\/p>\n<p> Eesm\u00e4rk ja eesm\u00e4rgid:<br \/> Tunne ennast s\u00fcgavamalt, m\u00f5ista oma soove, m\u00f5tlemist, v\u00f5imalusi.<\/p>\n<p> Algoritm:<br \/> V\u00f5tke iga k\u00fcsimuse jaoks v\u00e4lja \u00fcks kaart, tagurpidi. Avage \u00fckshaaval.<br \/> \u2022nbsp;nbsp;nbsp;nbsp;Kes ma olen?<br \/> \u2022nbsp;nbsp;nbsp;nbsp;Mis ma olen?<br \/> \u2022nbsp;nbsp;nbsp;nbsp;Mille poole ma p\u00fc\u00fcdlen? <br \/> \u2022nbsp;nbsp;nbsp;nbsp;Kuidas ma n\u00e4en maailma, elu?<br \/> \u2022nbsp;nbsp;nbsp;nbsp;Mis mind inspireerib?<br \/> \u2022nbsp;nbsp;nbsp;nbsp;Mis teeb mind \u00f5nnelikuks?<br \/> \u2022nbsp;nbsp;nbsp;nbsp;Mida ma armastan?<br \/> \u2022nbsp;nbsp;nbsp;nbsp;Mida ma tahan?<br \/> \u2022nbsp;nbsp;nbsp;nbsp;Mida ma saan?&lt;br&gt; \u2022nbsp;nbsp;nbsp;nbsp;Millised tegevused mind t\u00e4idavad?<br \/> \u2022nbsp;nbsp;nbsp;nbsp;Mille eest saan t\u00e4nulik olla?<br \/> Tehke kokkuv\u00f5te. <\/br><\/p>","protected":false},"excerpt":{"rendered":"<p>Autor: Mihhail Lurko Juhendi autor: Evgenia Baksan Kirjastus MACards Sisu: 90 kaarti; juhised; 8 t\u00f6\u00f6v\u00f5tet<\/p>","protected":false},"featured_media":2254,"comment_status":"open","ping_status":"open","template":"","meta":[],"product_brand":[],"product_cat":[27],"product_tag":[],"class_list":{"0":"post-2253","1":"product","2":"type-product","3":"status-publish","4":"has-post-thumbnail","6":"product_cat-universal","8":"first","9":"outofstock","10":"purchasable","11":"product-type-simple"},"_links":{"self":[{"href":"https:\/\/shercards.com\/et\/wp-json\/wp\/v2\/product\/2253","targetHints":{"allow":["GET"]}}],"collection":[{"href":"https:\/\/shercards.com\/et\/wp-json\/wp\/v2\/product"}],"about":[{"href":"https:\/\/shercards.com\/et\/wp-json\/wp\/v2\/types\/product"}],"replies":[{"embeddable":true,"href":"https:\/\/shercards.com\/et\/wp-json\/wp\/v2\/comments?post=2253"}],"wp:featuredmedia":[{"embeddable":true,"href":"https:\/\/shercards.com\/et\/wp-json\/wp\/v2\/media\/2254"}],"wp:attachment":[{"href":"https:\/\/shercards.com\/et\/wp-json\/wp\/v2\/media?parent=2253"}],"wp:term":[{"taxonomy":"product_brand","embeddable":true,"href":"https:\/\/shercards.com\/et\/wp-json\/wp\/v2\/product_brand?post=2253"},{"taxonomy":"product_cat","embeddable":true,"href":"https:\/\/shercards.com\/et\/wp-json\/wp\/v2\/product_cat?post=2253"},{"taxonomy":"product_tag","embeddable":true,"href":"https:\/\/shercards.com\/et\/wp-json\/wp\/v2\/product_tag?post=2253"}],"curies":[{"name":"wp","href":"https:\/\/api.w.org\/{rel}","templated":true}]}}