{"id":2271,"date":"2024-08-04T14:39:37","date_gmt":"2024-08-04T14:39:37","guid":{"rendered":"https:\/\/shercards.com\/index.php\/product\/metaphorical-cards-68-aroma-codes\/"},"modified":"2025-10-20T10:35:14","modified_gmt":"2025-10-20T10:35:14","slug":"metaphorical-cards-68-aroma-codes","status":"publish","type":"product","link":"https:\/\/shercards.com\/et\/toode\/metaphorical-cards-68-aroma-codes\/","title":{"rendered":"Metafoorsed kaardid &quot;68 aroomikoodi&quot;"},"content":{"rendered":"<p><strong>Autorid:<\/strong> Sasha Tovstik, Valentina Maiman<br \/>68 aroomikoodi on ainulaadne t\u00f6\u00f6riist ps\u00fchho-emotsionaalse sf\u00e4\u00e4ri, elueesm\u00e4rkide ja kavatsustega t\u00f6\u00f6tamiseks, aidates suurep\u00e4raselt \u00fchtlustada inimese elu k\u00f5iki aspekte.<br \/>Komplekt sisaldab<strong> 68 metafoorset kaarti<\/strong> \u2013 aroomitestimisel kasutatud eeterlike \u00f5lide visuaalsed kujutised ja nende kasutamise juhised koos \u00f5lide ps\u00fchho-emotsionaalse m\u00f5ju kirjeldusega inimesele.<br \/>68-st aroomikoodist koosnevast komplektist leiate kaardid, mis vastavad DoTerra toodetud eeterlikele mono\u00f5lidele.<br \/> 68 aroomikoodikaardi abil saate oma soovidega t\u00f6\u00f6tada ja konsultatsioone l\u00e4bi viia. Kaardid loodi aroomikonsultantidele, ps\u00fchholoogidele, keha- ja heliteraapia valdkonna spetsialistidele, parf\u00fcmeeriatele ja k\u00f5igile eeterlike \u00f5lide tundjatele.<br \/> Kaardid t\u00f6\u00f6tati v\u00e4lja Venemaa Kunstnike Loomeliidu liikme Sasha Tovstiku maalide p\u00f5hjal. Bali saarel mediteerides maalitud tekipildid aitavad h\u00e4\u00e4lestuda taimede energiale ja leida v\u00f5tmeid praeguste eluprobleemide lahendamiseks.<br \/> Kaartidel kujutatud eeterlike \u00f5lide kirjeldused ja juhised l\u00f5i aroomips\u00fchholoog ja heliterapeut Valentina Maiman koost\u00f6\u00f6s Sasha Tovstikuga .<br \/>Juhendist leiate kaardipaki \u00fcldise kirjelduse, soovitatud kaartidega t\u00f6\u00f6tamise meetodid, kaardipaigutuse valikute kirjeldused. Juhend puudutab eranditult \u00f5lide m\u00f5ju inimesele ps\u00fchho-emotsionaalset sf\u00e4\u00e4ri, kuigi f\u00fc\u00fcsilises plaanis on k\u00f5igil \u00f5lidel inimesele kindlasti tugev m\u00f5ju. Samuti leiate l\u00fchiinfot arhet\u00fc\u00fcpide kohta, millele vastavad m\u00f5ned mees- ja naisr\u00fchma \u00f5lid, l\u00fchikirjelduse eeterlike \u00f5lide r\u00fchmade ja klasside ning nende \u00fcldiste omaduste kohta. Juhendis on mugavuse huvides k\u00f5ik \u00f5lide nimetused toodud vene, inglise ja ladina keeles.<br \/> Juhend \u2013 t\u00e4isv\u00e4rvides illustreeritud bro\u0161\u00fc\u00fcr, \u2013 98 \u2013 100 lk, kaartidega sama suur ja mugavalt karpi pakitud.<br \/> Paberi tihedus 130 g\/m2, selg \u2013 liimitud, pehme kate soft touch lamineerimisega.<br \/> Kaardid on pakendatud vastupidavasse kaane ja p\u00f5hjaga papist kinkekarpi. <\/br><\/br><\/p>","protected":false},"excerpt":{"rendered":"<p>Autorid: Sasha Tovstik, Valentina Maiman68 aroomikoodid on ainulaadne t\u00f6\u00f6riist t\u00f6\u00f6tamiseks ps\u00fchho-emotsionaalse sf\u00e4\u00e4ri, elueesm\u00e4rkide ja<\/p>","protected":false},"featured_media":2272,"comment_status":"open","ping_status":"open","template":"","meta":[],"product_brand":[],"product_cat":[37],"product_tag":[],"class_list":{"0":"post-2271","1":"product","2":"type-product","3":"status-publish","4":"has-post-thumbnail","6":"product_cat-feelings-abstract-mandalas","8":"first","9":"outofstock","10":"product-type-simple"},"_links":{"self":[{"href":"https:\/\/shercards.com\/et\/wp-json\/wp\/v2\/product\/2271","targetHints":{"allow":["GET"]}}],"collection":[{"href":"https:\/\/shercards.com\/et\/wp-json\/wp\/v2\/product"}],"about":[{"href":"https:\/\/shercards.com\/et\/wp-json\/wp\/v2\/types\/product"}],"replies":[{"embeddable":true,"href":"https:\/\/shercards.com\/et\/wp-json\/wp\/v2\/comments?post=2271"}],"wp:featuredmedia":[{"embeddable":true,"href":"https:\/\/shercards.com\/et\/wp-json\/wp\/v2\/media\/2272"}],"wp:attachment":[{"href":"https:\/\/shercards.com\/et\/wp-json\/wp\/v2\/media?parent=2271"}],"wp:term":[{"taxonomy":"product_brand","embeddable":true,"href":"https:\/\/shercards.com\/et\/wp-json\/wp\/v2\/product_brand?post=2271"},{"taxonomy":"product_cat","embeddable":true,"href":"https:\/\/shercards.com\/et\/wp-json\/wp\/v2\/product_cat?post=2271"},{"taxonomy":"product_tag","embeddable":true,"href":"https:\/\/shercards.com\/et\/wp-json\/wp\/v2\/product_tag?post=2271"}],"curies":[{"name":"wp","href":"https:\/\/api.w.org\/{rel}","templated":true}]}}