{"id":2298,"date":"2024-08-04T14:41:51","date_gmt":"2024-08-04T14:41:51","guid":{"rendered":"https:\/\/shercards.com\/index.php\/product\/metaphorical-cards-108-codes-of-the-universe-travel-format\/"},"modified":"2025-10-20T10:35:14","modified_gmt":"2025-10-20T10:35:14","slug":"metaphorical-cards-108-codes-of-the-universe-travel-format","status":"publish","type":"product","link":"https:\/\/shercards.com\/et\/toode\/metaphorical-cards-108-codes-of-the-universe-travel-format\/","title":{"rendered":"Metafoorilised kaardid \u201c108 universumi koodi\u201d REISIVORming"},"content":{"rendered":"<p> Autori metafoorikaartide komplekt \u201cUniversumi 108 koodi\u201d on v\u00f5imas t\u00f6\u00f6vahend enesetundmise protsessi aktiveerimiseks, enda ja \u00fcmbritseva maailma harmoniseerimiseks.<br \/> Komplekt on esitatud kahes formaadis \u2013 classicnbsp; ja kompaktsem reisimiseks <\/br> <\/p>\n<p> Kompaktse komplekti sisu: <\/p>\n<p> \u2022 Ruudukujulised assotsiatsioonikaardid (48 kaarti)<br \/> \u2022 Ristk\u00fclikukujulised tegevuskaardid (60 kaarti)<br \/> \u2022 \u00dcksikasjalikud juhised \u2013 80 lk<br \/> \u2022 Kingituste pakkekarp<br \/> \u2022 Kaal 400g <\/br><\/p>\n<p> Peamised erinevused klassikaliste ja kompaktsete komplektide vahel on komplekti suurus ja kaal. <\/p>\n<p> Lisaks on klassikalises komplektis ristk\u00fclikukujuliste kaartide pealdised kahes keeles ja sel eesm\u00e4rgil on komplektiga kaasas t\u00e4iendavad l\u00fchikesed kakskeelsed juhised. Reisivormingu komplektis on ristk\u00fclikukujuliste kaartide pealdised ainult vene keeles ja seet\u00f5ttu ei kuulu komplekti l\u00fchijuhised. P\u00f5hiteave on v\u00e4lja toodud \u00fcksikasjalikes juhistes koos ruudukujuliste kaartide ja kaardipaigutuste kirjeldustega \u00fcle 80 lehek\u00fclje ning see juhend sisaldub m\u00f5lemas kaardikomplektis. <\/p>\n<p> Komplekt koosneb 108 originaalsest metafoorsest kaardist, mis on loodud Sasha Tovstiku maalide p\u00f5hjal neurof\u00fcsioloogi, ps\u00fchhoterapeudi, Ph.D meetoditega. Jelena Elizbaryan. Tekkides olevad maalid loodi 10-aastase reisimise jooksul l\u00e4bi Kagu-Aasia riikide, sealhulgas Bali, Tai ja India. T\u00e4idetuna armastuse, valguse ja k\u00fcllusega, avavad need meile uute maailmade s\u00fcnni saladused, sakraalse geomeetria s\u00fcmbolid l\u00e4bi autori kunstilise n\u00e4gemuse prisma ja tervendavate praktikate energia. <\/p>\n<p> T\u00f6\u00f6riist on 108 t\u00fckist kaartide komplekt:<br \/> \u2022 &quot;Geomeetriliste koodide&quot; pakis on 48 ruudukaarti \u2013 teadvuseta v\u00f5tmed. Need p\u00f5hinevad p\u00fchadel geomeetrilistel kujutistel, mandalate kujutistel, jantratel. Need on omamoodi tervendajad, kes aitavad sul leida sisemisi ressursse ning h\u00e4\u00e4lestuda harmoonilisele tajule iseendast ja maailmast.<br \/> \u2022 Pakk \u201cAssotsiatiivsed vihjed\u201d koosneb 60 ristk\u00fclikukujulisest kaardist, millele on koos visuaalse pildiga kirjutatud ka s\u00f5na. Need kaardid peegeldavad inimese positiivseid p\u00f5hiseisundeid, aktiveerivad loovat m\u00f5tlemist ja on navigaatorid p\u00fcstitatud k\u00fcsimuste lahendamisel. <\/br><\/br><\/p>\n<p> Kaartide abil saate: <\/p>\n<p> \u2022 Tegeleda eneseuuringutega, otsima lahendusi oma eluprobleemidele;<br \/> \u2022 leida peidetud ressursse ja j\u00f5uda uuele, teadlikule elutasemele;<br \/> \u2022 V\u00e4rskendage oma v\u00e4\u00e4rtusi ja prioriteete;<br \/> \u2022 Aktiveerige nii individuaalne kui ka kollektiivne alateadvus;<br \/> \u2022 paljastada sisemised ressursid ja h\u00e4\u00e4lestuda maailma ja iseenda harmoonilisele tajule;<br \/> \u2022 Looge omale omased tehnikad ja viige l\u00e4bi koolitusi. <\/p>\n<p> \u00dcksikasjalikud juhised <\/p>\n<p> T\u00e4isv\u00e4rviline illustreeritud bro\u0161\u00fc\u00fcr, 80 lk<br \/> Paberi kaal 130 g\/m2, selg liimitud, pehme kate soft touch lamineerimisega. <\/br><\/p>\n<p> Selle \u00fcksikasjaliku juhise koostasid autorid kasutajate palvel, et aidata neil kaardikomplektiga \u201c108 universumi koodi\u201d s\u00fcgavamalt ja produktiivsemalt t\u00f6\u00f6tada. <\/p>\n<p> \u00dcksikasjalikud juhised tutvustavad teile kaartide paigutuse v\u00f5imalusi ja ps\u00fchholoogilise meditatsiooni p\u00f5hit\u00f5desid. \u00d5pid tundma Universumi p\u00f5hilisi geomeetrilisi koode, tekkides kasutatavate s\u00fcmbolite t\u00e4hendust, aga ka erinevate v\u00e4rvide m\u00f5ju sinu teadvusele ja ps\u00fc\u00fchikale; Saate aru, miks m\u00f5ned pildid k\u00f6idavad pilku ja paeluvad, sundides teie aju de\u0161ifreerima alateadlikku teavet ja leidma vastuseid esitatud k\u00fcsimustele. <\/p>\n<p> Bro\u0161\u00fc\u00fcr sisaldab ka ruudukujulistel kaartidel kujutatud maalide \u00fcksikasjalikke kirjeldusi koos Sasha Tovstiku autori kommentaaridega. Need aitavad teil paremini m\u00f5ista autori maalide t\u00e4hendust. <\/p>\n<p> Selles raamatus esitatud materjal pakub teile hindamatut abi kaartide s\u00f5numite lahtim\u00f5testamisel, vaimse tegevuse aktiveerimisel ja teie sisemised vahendid s\u00f5numitest saadava teabe m\u00f5istmisel. <\/p>\n<p> Autorite kohta<br \/> Sasha Tovstik j\u00e4rgib kunstniku teed, viimased 10 aastat on ta maalinud Balil, Tais, Indias ja teistes Kagu-Aasia riikides, \u00f5ppinud meditatsiooni, qigongi ja tervendamispraktikaid. Tema minevikus oli kaunis ja majesteetlik Peterburi, \u00fclikooli matemaatika-mehaanikateaduskond, Ermitaa\u017ei maalikool, osalemine enam kui 30 n\u00e4itusel Venemaal ja v\u00e4lismaal. Ja olevikus \u2013 troopiline Aasia, s\u00e4rav p\u00e4ike, helde loodus ja uus loovuse ring: joonjoonistus, keraamika ja maalidega maalitud siidist disainr\u00f5ivaste disain. Sasha teosed peegeldavad hoolikalt ja liigutavalt uute maailmade s\u00fcnni saladust, mis on t\u00e4idetud armastusega, l\u00e4bi imbunud sakraalsest geomeetriast ja tervendavast valgusest.<br \/> Sasha Tovstik on Venemaa Kunstnike Loomeliidu liige <\/br><\/br><\/p>\n<p> Elena Elizbaryan (Lashutina) l\u00e4bib arsti teed. Meie selja taga on Siberi \u0161amaanipiirkond, kus elavad tugeva tahtega inimesed, kes armastavad elu, kes kuulevad k\u00f5rget taevast, steppe ja taigat; t\u00f6\u00f6 Meditsiiniakadeemias, arstipraktika ja teaduslik tegevus ps\u00fchhoteraapia alal, v\u00e4itekirja kaitsmine ps\u00fchhiaatria ja neurof\u00fcsioloogia ristumiskohas. Ja olevikus \u2013 jooga, tantsu-liikumis- ja kunstiteraapia ning nagu varemgi neurops\u00fchholoogia ja ps\u00fchhoteraapia teadus-kunst, siiras soov j\u00f5uda l\u00e4hemale teadvuse ja aju suurimatele saladustele, uurida ja kasutada selle v\u00f5imsat j\u00f5udu. loovus, liikumine ja hingamine tervendavas ja harmoniseerivas inimeses. Elena on rahvusvahelise m\u00e4ngups\u00fchholoogide kutselise gildi president. <\/p>","protected":false},"excerpt":{"rendered":"<p>Autori metafoorsete kaartide komplekt \u201c108 universumi koodi\u201d on v\u00f5imas t\u00f6\u00f6vahend<\/p>","protected":false},"featured_media":2299,"comment_status":"open","ping_status":"open","template":"","meta":[],"product_brand":[],"product_cat":[37],"product_tag":[],"class_list":{"0":"post-2298","1":"product","2":"type-product","3":"status-publish","4":"has-post-thumbnail","6":"product_cat-feelings-abstract-mandalas","8":"first","9":"outofstock","10":"product-type-simple"},"_links":{"self":[{"href":"https:\/\/shercards.com\/et\/wp-json\/wp\/v2\/product\/2298","targetHints":{"allow":["GET"]}}],"collection":[{"href":"https:\/\/shercards.com\/et\/wp-json\/wp\/v2\/product"}],"about":[{"href":"https:\/\/shercards.com\/et\/wp-json\/wp\/v2\/types\/product"}],"replies":[{"embeddable":true,"href":"https:\/\/shercards.com\/et\/wp-json\/wp\/v2\/comments?post=2298"}],"wp:featuredmedia":[{"embeddable":true,"href":"https:\/\/shercards.com\/et\/wp-json\/wp\/v2\/media\/2299"}],"wp:attachment":[{"href":"https:\/\/shercards.com\/et\/wp-json\/wp\/v2\/media?parent=2298"}],"wp:term":[{"taxonomy":"product_brand","embeddable":true,"href":"https:\/\/shercards.com\/et\/wp-json\/wp\/v2\/product_brand?post=2298"},{"taxonomy":"product_cat","embeddable":true,"href":"https:\/\/shercards.com\/et\/wp-json\/wp\/v2\/product_cat?post=2298"},{"taxonomy":"product_tag","embeddable":true,"href":"https:\/\/shercards.com\/et\/wp-json\/wp\/v2\/product_tag?post=2298"}],"curies":[{"name":"wp","href":"https:\/\/api.w.org\/{rel}","templated":true}]}}