{"id":2356,"date":"2024-08-04T14:49:15","date_gmt":"2024-08-04T14:49:15","guid":{"rendered":"https:\/\/shercards.com\/index.php\/product\/metaphorical-associative-cards-garden-of-my-soul\/"},"modified":"2025-10-20T10:34:17","modified_gmt":"2025-10-20T10:34:17","slug":"metaphorical-associative-cards-garden-of-my-soul","status":"publish","type":"product","link":"https:\/\/shercards.com\/et\/toode\/metaphorical-associative-cards-garden-of-my-soul\/","title":{"rendered":"Metafoorsed assotsiatiivsed kaardid \u201cMinu hinge aed\u201d"},"content":{"rendered":"<p><strong>Autor-koostaja<\/strong>: Ljudmila Alekseevna Melnikova \u2013 ps\u00fchholoog, elu-treener, MAC spetsialist.<br \/> <strong>Kunstikujundus: <\/strong>Oksana Gennadievna Prilu\u017enikova.<br \/><strong>Seadistamine&lt;\/strong&gt;:nbsp;Kaardipakk, mis koosneb 80 avatud allikast p\u00e4rit pildist.<br \/><strong>Juhendraamat<\/strong>:nbsp;paber 80 g ofsetkriiti, koosneb 19 lehek\u00fcljest, kokku pandud \u00fche klambriga , infoga teki kohta, autoriharjutused.<br \/><strong>Pakend: nbsp;<\/strong>Karp 75*100*30 mm, paber 300 g. tr\u00fckk 4+0, l\u00e4ikpress 1+0.<br \/><strong>Kaardid:<\/strong>300 g kriidipaber, l\u00e4ikiv press 1+0 (\u00fcmardatud nurgad)<br \/><strong>probleem<\/strong>: 2020 <br \/>Metafoorsete assotsiatiivsete kaartide pakk \u201cMinu hinge aed\u201d on m\u00f5eldud kasutamiseks vaimsete, sensoorsete ja emotsionaalsete seisunditega t\u00f6\u00f6tamiseks. V\u00f5ib kasutada ps\u00fchholoogilises n\u00f5ustamises, kunstiteraapias ja lisavahendina muudes ps\u00fchholoogilistes praktikates. MAK tekk \u201cMinu hinge aed\u201d on kasulik: praktiseerivatele ps\u00fchholoogidele, MAK-i spetsialistidele, kunstiterapeutidele, muinasjututerapeutidele, elutreeneritele, aga ka k\u00f5igile, kes on huvitatud metafoorsete assotsiatiivsete kaartide praktiseerimisest ps\u00fchholoogias.<br \/> MAK tekk \u201cMinu hinge aed\u201d koosneb 80 pildist, mis peegeldavad inimese erinevaid emotsionaalseid seisundeid.<br \/>Kaardipakiga t\u00f6\u00f6tades saate: <\/p>\n<ul>\n<li>rekonstrueerida minevikus\u00fcndmusi ja kujundada olevikuid;<\/li>\n<li>selgitada kogemusi ja n\u00e4ha uusi v\u00f5imalusi; <\/li>\n<li>l\u00f5petavad &quot;l\u00f5petamata&quot; s\u00fcndmused elus, mis v\u00f5tavad energiat;<\/li>\n<li>t\u00f6\u00f6tada l\u00e4bi elus\u00fcndmustest tuleneva ps\u00fchholoogilise trauma;<\/li>\n<li>aktiveerida sisemisi ressursse;<\/li>\n<li> parandada oma meeleseisundit;<\/li>\n<li>modelleerida ajajoont minevikust tulevikku.<\/li>\n<\/ul>\n<p> Sellel tekil on juhised ja 6 harjutust.<br \/>Harjutused: <\/p>\n<ul>\n<li>\u201cAeda\u201d minu olekuid\u201d;<\/li>\n<li>\u201cTerritooriumi koristamine\u201d;<\/li>\n<li>&quot;Tee eduni&quot;;<\/li>\n<li>&quot;Minevik, olevik, tulevik&quot;;<\/li>\n<li >&quot;Minu lugu&quot;;<\/li>\n<li>Meditatsiooniharjutus &quot;Minu hinge aed&quot;.<\/li>\n<\/ul>\n<p> <strong>Harjutus &quot;Minu osariikide aed&quot;<\/strong><br \/>Selle harjutuse k\u00e4igus sukeldute oma kogemuste, soovide ja sensoorsete seisundite sisemaailma. See v\u00f5imaldab teil vaadata olukorda v\u00e4lise vaatleja pilguga, v\u00f5ib-olla p\u00e4rast seda m\u00f5tlete m\u00f5ne eluhetke \u00fcmber.<br \/>Valige pakutud tingimuste loendist, millega soovite praegu t\u00f6\u00f6tada. T\u00f6\u00f6tamiseks on kaks v\u00f5imalust:<br \/>Esimene variant: <\/p>\n<li>Jagage tekk kaheks osaks - &quot;negatiivseks&quot; ja &quot;positiivseks&quot; aiaks.<\/li>\n<li>T\u00f5mmake &quot;suletud&quot; v\u00f5i &quot;avatud&quot; kaart &quot;negatiivsetest&quot; \u00bb virnadest.<\/li>\n<li>Vasta k\u00fcsimustele:<\/li>\n<ul>\n<li>Mida sa n\u00e4ed?<\/li>\n<li>Mis aastaaega n\u00e4idatakse?<\/li>\n<li>Mis kellaajal (umbes)?<\/li>\n<li>Mida \u00fctleb kaardi s\u00fc\u017eee?<\/li>\n<li>Mis on kaardil n\u00e4idatud?<\/li>\n<li>Milliseid tundeid ja emotsioone kogete?<\/li>\n<li> Millist olukorda m\u00e4letate elus\u00fcndmustest?<\/li>\n<li>Mida tahaksid hetkel teha?<\/li>\n<\/ul>\n<li>Esitage j\u00e4rgmine k\u00fcsimus: &quot;Mis m\u00f5jutas seda olukorda minevikus?&quot; <\/li>\n<p>T\u00f5mmake kaart kuvaga allapoole mis tahes hunnikust, olgu see negatiivne v\u00f5i positiivne. Vasta j\u00e4rgmistele k\u00fcsimustele: <\/p>\n<ul>\n<li>Mida sa n\u00e4ed?<\/li>\n<li>Mida \u00fctleb kaardi s\u00fc\u017eee?<\/li>\n<li>Mis on kaardil n\u00e4idatud?<\/li>\n<li>Milliseid tundeid ja emotsioone kogete?<\/li>\n<li>Millist olukorda m\u00e4letate elus\u00fcndmustest?<\/li>\n<li>Mida see olukord teile \u00f5petas ja milliseid v\u00e4\u00e4rtuslikke \u00f5ppetunde saite?<\/li>\n<li>Kuidas n\u00e4evad v\u00e4lja s\u00fcndmused esimesest? kaart teise suhtes?<\/li>\n<li>Mida sa tahaksid n\u00fc\u00fcd selles aias teha?<\/li>\n<\/ul>\n<li>Esitage j\u00e4rgmine k\u00fcsimus: &quot;Kuidas see m\u00f5jutab olukorda tulevikus?&quot;<\/li>\n<p> li&gt; T\u00f5mmake positiivsest hunnikust n\u00e4oga allapoole kaart. Vasta j\u00e4rgmistele k\u00fcsimustele: <\/p>\n<ul>\n<li>Mida sa n\u00e4ed?<\/li>\n<li>Mida \u00fctleb kaardi s\u00fc\u017eee?<\/li>\n<li>Mis on kaardil n\u00e4idatud?<\/li>\n<li>Milliseid tundeid ja emotsioone kogete?<\/li>\n<li>Kuidas soovite selle kaardi s\u00fc\u017eeed j\u00e4tkata (3-5 lauset)?<\/li>\n<\/ul>\n<li>Anal\u00fc\u00fcsige teavet. Tee j\u00e4reldused.<\/li>\n<p> Teine variant:<br \/>Segage k\u00f5ik kaardid, t\u00f6\u00f6de j\u00e4rjekord on sama, kuid ainult teil on \u00fcks \u00fchine kaardipakk.<br \/>Osariikide loend: <\/p>\n<li>Minu &quot;mina&quot; aed.<\/li>\n<li>Minu hinge aed.<\/li>\n<li>Minu s\u00fcdame aed.<\/li>\n<li>Minu lapsep\u00f5lve aed.<\/li>\n<li>Minu suhete aed vanematega.<\/li>\n<li>Aidake mu suhteid emaga.<\/li>\n<li>Minu suhte aed isaga.<\/li>\n<li>Minu suhte aed oma vendade ja \u00f5dedega.<\/li>\n<li>Minu suhte aed abikaasaga.<\/li>\n<li>Minu suhte aed lastega.<\/li>\n<li>Minu suhte aed pojaga.<\/li>\n<li>Minu suhte aed t\u00fctrega.<\/li>\n<li>Minu suhte aed aborteeritud lastega.&lt;\/li&gt;\n<li>Minu suhte aed perega.<\/li>\n<li>Minu suhte aed seksuaalenergiaga.<\/li>\n<li>Minu suhte aed \u00e4rienergiaga.<\/li>\n<li>Minu suhete aed s\u00f5pradega.<\/li>\n<li>Minu suhete aed varasemate partneritega (iga\u00fchega eraldi).<\/li>\n<li>Minu suhete aed rahaga.<\/li>\n<li>Minu suhete aed oma energiatega.&lt;\/li&gt;\n<li>Minu keha aed.<\/li>\n<li>Minu potentsiaali aed.<\/li>\n<li>Minu m\u00e4lestuste aed.<\/li>\n<li>Minu \u00f5nne aed.<\/li>\n<li> Minu mineviku aed.<\/li>\n<li>Minu oleviku aed.<\/li>\n<li>Minu v\u00f5imaluste aed.<\/li>\n<li>Minu probleemi aed.<\/li>\n<li>Minu tervise aed.<\/li>\n<li>Minu vaimsuse aed.<\/li>\n<p> <\/br><\/p>","protected":false},"excerpt":{"rendered":"<p>Autor-koostaja: Ljudmila Aleksejevna Melnikova \u2013 ps\u00fchholoog, elu-treener, MAC spetsialist. Kunstikujundus: Oksana Gennadievna Prilu\u017enikova. Konfiguratsioon&lt;\/strong&gt;:nbsp;Kaardipakk, mis koosneb<\/p>","protected":false},"featured_media":2357,"comment_status":"open","ping_status":"open","template":"","meta":[],"product_brand":[],"product_cat":[39],"product_tag":[],"class_list":{"0":"post-2356","1":"product","2":"type-product","3":"status-publish","4":"has-post-thumbnail","6":"product_cat-nature-animals","8":"first","9":"outofstock","10":"purchasable","11":"product-type-simple"},"_links":{"self":[{"href":"https:\/\/shercards.com\/et\/wp-json\/wp\/v2\/product\/2356","targetHints":{"allow":["GET"]}}],"collection":[{"href":"https:\/\/shercards.com\/et\/wp-json\/wp\/v2\/product"}],"about":[{"href":"https:\/\/shercards.com\/et\/wp-json\/wp\/v2\/types\/product"}],"replies":[{"embeddable":true,"href":"https:\/\/shercards.com\/et\/wp-json\/wp\/v2\/comments?post=2356"}],"wp:featuredmedia":[{"embeddable":true,"href":"https:\/\/shercards.com\/et\/wp-json\/wp\/v2\/media\/2357"}],"wp:attachment":[{"href":"https:\/\/shercards.com\/et\/wp-json\/wp\/v2\/media?parent=2356"}],"wp:term":[{"taxonomy":"product_brand","embeddable":true,"href":"https:\/\/shercards.com\/et\/wp-json\/wp\/v2\/product_brand?post=2356"},{"taxonomy":"product_cat","embeddable":true,"href":"https:\/\/shercards.com\/et\/wp-json\/wp\/v2\/product_cat?post=2356"},{"taxonomy":"product_tag","embeddable":true,"href":"https:\/\/shercards.com\/et\/wp-json\/wp\/v2\/product_tag?post=2356"}],"curies":[{"name":"wp","href":"https:\/\/api.w.org\/{rel}","templated":true}]}}