{"id":332,"date":"2024-08-04T11:21:35","date_gmt":"2024-08-04T11:21:35","guid":{"rendered":"https:\/\/shercards.com\/index.php\/product\/set-of-text-decks-settings\/"},"modified":"2025-10-20T10:47:05","modified_gmt":"2025-10-20T10:47:05","slug":"set-of-text-decks-settings","status":"publish","type":"product","link":"https:\/\/shercards.com\/et\/toode\/set-of-text-decks-settings\/","title":{"rendered":"Tekstipakkide komplekt &quot;Seaded +&quot;"},"content":{"rendered":"<p>Autor: Irina Fedorova<\/p>\n<p> <em>Komplekti \u201cSuhtumised +\u201d kaardid aitavad t\u00f6\u00f6tada metafoorsete assotsiatiivsete kaartidega enesetundmise ja ps\u00fchholoogilise korrigeerimise eesm\u00e4rgil.<\/em><\/p>\n<p> Komplektis on kolm pakki metafoorseid assotsiatiivseid kaarte:<\/p>\n<li>Suhtumised<\/li>\n<li>Hoiakud: raha<\/li>\n<li>Hoiakud: suhted<\/li>\n<p> <\/br><br \/> Kaardid komplektist &quot;+&quot; aitavad t\u00f6\u00f6tada metafoorsete assotsiatiivsete kaartidega enesetundmise ja ps\u00fchholoogilise korrigeerimise eesm\u00e4rgil. \u201cHoiakute\u201d tekk sisaldab positiivseid ja negatiivseid hoiakuid endasse, \u00fcmbritsevatesse inimestesse ja maailma tervikuna. Tekk \u201cSuhtumised: raha\u201d sisaldab suhtumist rahasse ja materiaalsetesse ressurssidesse. Tekk \u201cSuhtumised: suhted\u201d \u2013 naiste hoiakud isiklike suhete ja pere loomise osas.<\/p>\n<p> Kaarte saab kasutada nii ps\u00fchholoogi juhendamisel kui ka iseseisvalt, r\u00fchmas v\u00f5i individuaaltundides.<\/p>\n<p> * Ostes kogu komplekti korraga, s\u00e4\u00e4state 300 rubla. v\u00f5rreldes tekkide kogumaksumusega, kui ostsite need \u00fckshaaval.<br \/> <\/br><\/br><\/p>","protected":false},"excerpt":{"rendered":"<p>Autor: Irina Fedorova Kaardid komplektist \u201cHoiakud +\u201d aitavad sel eesm\u00e4rgil metafoorsete assotsiatiivsete kaartidega t\u00f6\u00f6tada<\/p>","protected":false},"featured_media":333,"comment_status":"open","ping_status":"open","template":"","meta":[],"product_brand":[],"product_cat":[29],"product_tag":[],"class_list":{"0":"post-332","1":"product","2":"type-product","3":"status-publish","4":"has-post-thumbnail","6":"product_cat-text","8":"first","9":"outofstock","10":"purchasable","11":"product-type-simple"},"_links":{"self":[{"href":"https:\/\/shercards.com\/et\/wp-json\/wp\/v2\/product\/332","targetHints":{"allow":["GET"]}}],"collection":[{"href":"https:\/\/shercards.com\/et\/wp-json\/wp\/v2\/product"}],"about":[{"href":"https:\/\/shercards.com\/et\/wp-json\/wp\/v2\/types\/product"}],"replies":[{"embeddable":true,"href":"https:\/\/shercards.com\/et\/wp-json\/wp\/v2\/comments?post=332"}],"wp:featuredmedia":[{"embeddable":true,"href":"https:\/\/shercards.com\/et\/wp-json\/wp\/v2\/media\/333"}],"wp:attachment":[{"href":"https:\/\/shercards.com\/et\/wp-json\/wp\/v2\/media?parent=332"}],"wp:term":[{"taxonomy":"product_brand","embeddable":true,"href":"https:\/\/shercards.com\/et\/wp-json\/wp\/v2\/product_brand?post=332"},{"taxonomy":"product_cat","embeddable":true,"href":"https:\/\/shercards.com\/et\/wp-json\/wp\/v2\/product_cat?post=332"},{"taxonomy":"product_tag","embeddable":true,"href":"https:\/\/shercards.com\/et\/wp-json\/wp\/v2\/product_tag?post=332"}],"curies":[{"name":"wp","href":"https:\/\/api.w.org\/{rel}","templated":true}]}}