{"id":336,"date":"2024-08-04T11:21:35","date_gmt":"2024-08-04T11:21:35","guid":{"rendered":"https:\/\/shercards.com\/index.php\/product\/set-of-text-decks-hint-questions\/"},"modified":"2025-10-20T10:47:05","modified_gmt":"2025-10-20T10:47:05","slug":"set-of-text-decks-hint-questions","status":"publish","type":"product","link":"https:\/\/shercards.com\/et\/toode\/set-of-text-decks-hint-questions\/","title":{"rendered":"Tekstipakkide komplekt &quot;Vihje + k\u00fcsimused&quot;"},"content":{"rendered":"<p>Autor: Irina Fedorova<br \/><em>Komplekti \u201cVihje + k\u00fcsimused\u201d kaardid aitavad teil t\u00f6\u00f6tada metafoorsete assotsiatiivsete kaartidega peaaegu igal teemal.<\/em><br \/>Komplekt sisaldab kahte metafoorsete assotsiatiivsete kaartide pakki: <\/p>\n<li> Vihje (105 kaarti)<\/li>\n<li>K\u00fcsimused (105 kaarti)<\/li>\n<p> Komplekti \u201cVihje + k\u00fcsimused\u201d kaardid aitavad enesetundmise ja ps\u00fchholoogilise korrigeerimise eesm\u00e4rgil t\u00f6\u00f6tada mis tahes metafoorsete assotsiatiivsete kaartidega.<br \/>Pakk \u201cVihje\u201d sisaldab s\u00f5nade ja fraasidega kaarte. Pakk &quot;K\u00fcsimused&quot; sisaldab vastavalt k\u00fcsimustega kaarte.<br \/>Kaarte saab kasutada nii ps\u00fchholoogi juhendamisel kui ka iseseisvalt, r\u00fchmas v\u00f5i individuaaltundides.<br \/>* Ostes kogu komplekti korraga, s\u00e4\u00e4state 200 rubla. v\u00f5rreldes tekkide kogumaksumusega, kui ostsite need \u00fckshaaval.<br \/> <\/br><\/br><\/p>","protected":false},"excerpt":{"rendered":"<p>Autor: Irina Fedorova Komplekti \u201cVihje ja k\u00fcsimused\u201d kaardid aitavad teil t\u00f6\u00f6tada metafoorsete assotsiatiivsete kaartidega peaaegu k\u00f5igis<\/p>","protected":false},"featured_media":337,"comment_status":"open","ping_status":"open","template":"","meta":[],"product_brand":[],"product_cat":[29],"product_tag":[],"class_list":{"0":"post-336","1":"product","2":"type-product","3":"status-publish","4":"has-post-thumbnail","6":"product_cat-text","8":"first","9":"outofstock","10":"purchasable","11":"product-type-simple"},"_links":{"self":[{"href":"https:\/\/shercards.com\/et\/wp-json\/wp\/v2\/product\/336","targetHints":{"allow":["GET"]}}],"collection":[{"href":"https:\/\/shercards.com\/et\/wp-json\/wp\/v2\/product"}],"about":[{"href":"https:\/\/shercards.com\/et\/wp-json\/wp\/v2\/types\/product"}],"replies":[{"embeddable":true,"href":"https:\/\/shercards.com\/et\/wp-json\/wp\/v2\/comments?post=336"}],"wp:featuredmedia":[{"embeddable":true,"href":"https:\/\/shercards.com\/et\/wp-json\/wp\/v2\/media\/337"}],"wp:attachment":[{"href":"https:\/\/shercards.com\/et\/wp-json\/wp\/v2\/media?parent=336"}],"wp:term":[{"taxonomy":"product_brand","embeddable":true,"href":"https:\/\/shercards.com\/et\/wp-json\/wp\/v2\/product_brand?post=336"},{"taxonomy":"product_cat","embeddable":true,"href":"https:\/\/shercards.com\/et\/wp-json\/wp\/v2\/product_cat?post=336"},{"taxonomy":"product_tag","embeddable":true,"href":"https:\/\/shercards.com\/et\/wp-json\/wp\/v2\/product_tag?post=336"}],"curies":[{"name":"wp","href":"https:\/\/api.w.org\/{rel}","templated":true}]}}