{"id":346,"date":"2024-08-04T11:22:50","date_gmt":"2024-08-04T11:22:50","guid":{"rendered":"https:\/\/shercards.com\/index.php\/product\/thematic-text-cards-money-request-limiting-beliefs\/"},"modified":"2025-10-20T10:47:05","modified_gmt":"2025-10-20T10:47:05","slug":"thematic-text-cards-money-request-limiting-beliefs","status":"publish","type":"product","link":"https:\/\/shercards.com\/et\/toode\/thematic-text-cards-money-request-limiting-beliefs\/","title":{"rendered":"Temaatilised tekstikaardid \u201cRahataotlus: piiravad uskumused\u201d"},"content":{"rendered":"<p>Komplektis rahataotlustega t\u00f6\u00f6tamiseks.<br \/>Autor: Evgenia Baksan<br \/>Kirjastaja: MACards<br \/><strong>Sisu:<\/strong> <\/p>\n<ul> <\/p>\n<li>100 kaarti (levinud piiravad uskumused, h\u00e4vitavad hoiakud raha ja materiaalse heaolu suhtes),<\/li>\n<li>Juhend t\u00f6\u00f6v\u00f5tetega.<\/li>\n<p> <\/br><\/ul>\n<p> Uskumused on sisemised hoiakud, m\u00f5tlemismustrid, millesse inimene usub, nagu oleks see t\u00f5si.nbsp; See on tema elukogemuse \u00fcldistus selle kohta, kuidas siin maailmas k\u00f5ik toimib ja mis on millega seotud. Oma otsustes, tegudes ja tegevusetuses peab ta neid reegliteks ja absoluutseks t\u00f5eks. Nad muudavad tema maailma lihtsaks ja arusaadavaks.nbsp;Igas eluvaldkonnas on meil teatud uskumused, mis v\u00f5ivad olla konstruktiivsed, toetavad, t\u00f5husad ja abistavad v\u00f5i h\u00e4vitavad, piiravad ja takistavad meid saavutamast seda, mida tahame.nbsp; nende uskumuste s\u00fcsteem, programm \u2013&lt;em&gt;nbsp; <\/em>&quot;filtrina&quot;, mille kaudu me maailma n\u00e4eme. Ja see maailmapilt \u2013 \u201cmaailmapilt\u201d \u2013 m\u00e4\u00e4rab ja kujundab tegelikkust. Alateadvuse jaoks on see, millesse me usume, v\u00f5imalik.<br \/>Hoiakud v\u00f5ivad olla teadlikud, selges\u00f5nalised (inimene h\u00e4\u00e4ldab neid, kordab neid nagu vanas\u00f5na) ja varjatud (inimene ei ole neist teadlik, vaid elab nendega koosk\u00f5las). Ja kui need segavad, on oluline neist lahti saada.nbsp;Anal\u00fc\u00fcsides oma k\u00f5net, m\u00f5tteid ja tegusid ning seda, mis elus juhtub ja kordub, saate tuvastada negatiivseid hoiakuid ja oma stsenaariumi.nbsp;Uskumused kujunevad ja kiidetakse heaks l\u00e4bivalt elu, alustades lapsep\u00f5lvest. Tuginedes vanemate ja teiste oluliste t\u00e4iskasvanute uskumustele, teie enda korduvale kogemusele, autoriteetsete inimeste kogemustele v\u00f5i millelegi, mis inimest v\u00e4ga emotsionaalselt \u0161okeeris\u2026<br \/>Piiravad t\u00f5ekspidamised materiaalse heaolu teemal kujundavad suhtumist rahasse, raha omanikesse ja maailma; m\u00f5jutada k\u00e4itumist ja plaane. Need uskumused kannavad endas negatiivset s\u00f5numit ja piiravad elu, valikuvabadust, soove ja tegusid ning viivad rahulolematuseni.nbsp;Nende hoiakute muutmine on v\u00e4ga oluline samm rahataotlustega t\u00f6\u00f6tamisel.nbsp;Hoiakud on meie valik ja vajadusel neid saab muuta.<br \/>&quot;Homme n\u00e4ete tulemusi selle kohta, millest t\u00e4na arvate&quot; - tsitaat.<br \/>Ligikaudne \u00fcldalgoritm uskumuste piiramise muutmiseks toetavateks, abistavateks: <\/p>\n<ul> <\/p>\n<li>Tuvastage ja teadvustage oma uskumusi, mis segavad<\/li>\n<li>Saate aru, millist m\u00f5ju need elule avaldavad ja millised on tagaj\u00e4rjed, kui midagi ette ei v\u00f5eta<\/li>\n<li>Sea kahtluse alla mingi uskumus, \u201ck\u00fclva\u201d endasse m\u00f5te, mis v\u00f5iks olla teisiti. M\u00f5elge adekvaatselt ja kas see on praegu asjakohane<\/li>\n<li>S\u00f5nastage kirjutamise usk \u00fcmber selliseks, mis aitab. Muutke see nii, et see k\u00f5laks konstruktiivselt ja reageerivalt<\/li>\n<li>\u00d5ppige uus usk pika aja jooksul korduva kordamise ja positiivse tugevdamise kaudu<em>(n\u00e4iteks telefoni ekraanis\u00e4\u00e4stja, mis meenutab salvestust, mis on alati silmapiiril; r\u00e4\u00e4kimine v\u00f5i kinnituste kirjutamine; positiivsed emotsioonid r\u00e4\u00e4kides uuest veendumusest, kinnitades, et see toimib teie elus, n\u00e4iteid teistest ...)<\/em><\/li>\n<p> <\/br><\/ul>\n<p> <strong>Tekstikaartidega t\u00f6\u00f6tamise tehnikad &quot;Limiting Beliefs&quot;<\/strong><br \/>\u2013 Uskumustega t\u00f6\u00f6tades saab temaatiliste tekstikaartide valiku teha nii avatult (teadlikult, n\u00e4oga allapoole) kui ka suletud (ilma vaatamata, n\u00e4oga allapoole). T\u00f5hus on kombineerida neid kahte meetodit, tehes valiku lahti ja seej\u00e4rel t\u00e4iendades seda mitme pildiga allapoole v\u00f5etud kaardiga.<br \/>\u2013 Teie valitud v\u00e4idetega kaardid v\u00f5ivad s\u00f5na-s\u00f5nalt teie suhtumist t\u00e4ielikult korrata v\u00f5i selle olemust kajastada. On oluline, et sellel oleks teie jaoks t\u00e4hendus ja see reageeriks emotsionaalselt.<br \/>\u2013 K\u00f5ik t\u00f6\u00f6d on soovitatav teha kirjalikult.<br \/>M\u00f5ned tehnikad juhistest:<br \/><strong>PEEGLI tehnika<\/strong><br \/>Pakist \u201cLimiting Beliefs\u201d vali avalikult v\u00e4lja k\u00f5ik uskumused, mis Sinu arvates Sinu elu rahavaldkonda enim m\u00f5jutavad.<br \/>Vaata n\u00fc\u00fcd neid l\u00e4hemalt ja m\u00f5tle, mida nad sinus peegeldavad, mis s\u00f5numit nad edasi annavad? Ja kategoriseerida: moraalsete ja vaimsete v\u00e4\u00e4rtuste mittej\u00e4rgimine; Meeleheide ja lootusetus; Abitus ja impotentsus; Hirm; Madal enesehinnang; muud.<br \/>Anal\u00fc\u00fcsige iga kategooriat, mis veel selle taga on? Mille kallal peate t\u00f6\u00f6tama? Mis see sinu jaoks on? <em>(N\u00e4iteks minu meeleheitest ja j\u00f5uetusest k\u00f5neleva v\u00e4ite &quot;ma ei saa midagi muuta&quot; taga on veel \u00fcks usk, et &quot;mul ei \u00f5nnestu.&quot; See on mul olnud lapsep\u00f5lvest saati, kui mulle \u00f6eldi, et Ma olen loll ja &quot;mu k\u00e4ed ei kasva sealt v\u00e4lja.&quot; Ja selles veendusin hiljem, kui tegin vigu, et ma ei saa midagi teha.<\/em><br \/><em>Minu jaoks on see hirm eksimise ees. paneb mind uimasesse seisundisse, paneb mind passiivseks j\u00e4\u00e4ma, et mitte l\u00fc\u00fca, v\u00f5i kui ma pean tegutsema, ei saa ma hirmust mobiliseeruda, tegutseda ebaefektiivselt ja teha vigu. Igal juhul ei tohiks ma vigade suhtes nii kriitiline olla. Vead on kogemus ja eksimine on okei. Pigem usun, et \u201cKes midagi ei tee, see ei eksi, ma annan endale \u00f5iguse teha vigu, luban endal teha midagi v\u00e4hem kui perfektselt, m\u00f5eldes mitte ainult tulemusele, vaid ka .\u201d protsessi nautides. Ja siis on mul v\u00f5imalus midagi muuta).<\/em><br \/><strong>TEHNIKA \u201cUURINGUD JA \u00dcLEMINE\u201d<\/strong><\/p>\n<li>Tekist &quot;Limiting Beliefs&quot; vali avameelselt \u00fcks uskumus, mida uurida. Vasta k\u00fcsimustele hoolikalt ja \u00fckshaaval:<\/li>\n<p> <\/br>  <\/p>\n<ul> <\/p>\n<li>Kust sa selle installatsiooni said? Kuidas sa teadsid, et see nii on?<\/li>\n<li>Kust ja kellelt sa seda kuulsid? Kelle h\u00e4\u00e4lega ta k\u00f5lab (isa, ema, vanaema v\u00f5i vanaisa, muu oluline isik)? Miks nad nii arvasid? <em>(N\u00e4iteks \u00fctles mu vanaema alati: &quot;Raha on ohtlik.&quot; V\u00f5ib-olla kartis ta seda nii sellep\u00e4rast, et koges oma perega &quot;dekulakiseerimist&quot;).<\/em><\/li>\n<li>Mida teie elus ta kinnitab? Miks sa arvad? Kas see usk v\u00f5is k\u00e4ivitada &quot;sisemise kaitse&quot; raha vastu ja te tegutsesite alateadlikult, kuidas seda mitte omada? Kas teie sisemine osa ja stsenaarium v\u00f5ivad neid olukordi meelitada?<\/li>\n<li>Miks sa seda praegu usud? Kas see 100% on t\u00f5si ja asjakohane?<\/li>\n<li>Kuidas suhtute suhtumisesse?<\/li>\n<li>Kaua sa sellega elanud oled?<\/li>\n<li>Milline oleks teie elu, kui sellesse j\u00e4tkuvalt usuksite? Mida on sul kaotada? Kas hind liiga k\u00f5rge pole?<\/li>\n<li>Kas kujutate ette, et see v\u00f5ib olla teisiti? Kas saate selle suhtumise kahtluse alla seada?<\/li>\n<li>Milliseid n\u00e4iteid on teistel oma elus, mis kinnitavad, et see ei pruugi nii olla?<\/li>\n<p> <\/br><\/ul>\n<p> &lt;br&gt; <\/p>\n<li>Kas on n\u00e4iteid, mis on selle t\u00f5ekspidamisega vastuolus? Milliseid n\u00e4iteid olete oma elus n\u00e4inud? <em>(N\u00e4iteks on mul usk &quot;Raha on ohtlik&quot;, kuid mul oli olukord, kus teenisin suure summa ja midagi hullu ei juhtunud).<\/em><\/li>\n<p> <\/br> <br > <\/p>\n<ul> <\/p>\n<li>Kuidas selline suhtumine sind m\u00f5jutab ja elus piirab?<\/li>\n<li>S\u00f5nastage vastupidine, toetav usk, kuid nii, et see teile sobiks ja oleks selles etapis turvaline, leidlik ja te v\u00f5iksite sellesse uskuma hakata<em>. <\/em>Alustage selle s\u00f5nastamist j\u00e4rk-j\u00e4rgult. Mitte ainult \u2013 &quot;Raha on ohutu&quot;, sest te ei usu seda t\u00f5en\u00e4oliselt ja v\u00f5ib-olla on selles mingi kaitse, mida on oluline arvestada, kuid ilma liialdusteta ja fanatismita. Proovige esmalt uskumusse lisada s\u00f5na &quot;illusioon&quot; v\u00f5i &quot;moonutus&quot;. (<em>N\u00e4iteks: &quot;Mul on kognitiivne moonutus, et raha on ohtlik.&quot; Kuid k\u00f5ik on tingimuslik ja tegelikult v\u00f5in selle uskumuse asendada s\u00f5nadega &quot;Kui ma rahaga targalt majandan, on see ohutu&quot;<\/em><\/li>\n<li>Millised uskumused on teie elus veel olnud, mis on muutunud konstruktiivseteks? Kas teie arvates on realistlik oma hoiakuid muuta?<\/li>\n<li>Mitu protsenti usute n\u00fc\u00fcd oma uude usku? Kas teile meeldib see idee? Kuidas teie elu muutub, kui te seda j\u00e4rgite?<\/li>\n<li>Mida tuleb teha, et see kinnistuks ja teie jaoks uueks t\u00f5eks muutuks?<\/li>\n<p> <\/br><\/ul>\n<p> <strong> &quot;M\u00d5JUTAMISE&quot; tehnika<\/strong><\/p>\n<li>Valige loendist &quot;Piiravad uskumused&quot; see, millega soovite t\u00f6\u00f6tada.<\/li>\n<li>Vastake hoolikalt k\u00f5igile k\u00fcsimustele \u00fckshaaval:<\/li> <\/br> <br \/> \n<ul> <\/p>\n<li>Milliseid tundeid see sinus tekitab, milliseid aistinguid sinu kehas?<\/li>\n<li>Mida sa siis teha tahad?<\/li>\n<li>B Millised on selle uskumuse eelised ja eelised? Mille eest see kaitseb? Mis kasu see t\u00f5i? Mida peaksite kaaluma ja mida peaksite uuesti l\u00e4bi vaatama?<\/li>\n<li>Mis on selle maksumus? Millist m\u00f5ju see teie elule avaldab, kuidas see teid piirab?<\/li>\n<li>Kust see usk tuli? Kust ja kellelt sa seda kuulsid? Millised s\u00fcndmused ja olukorrad m\u00f5jutasid?<\/li>\n<li>Mis saab siis, kui midagi ei muutu? Milline saab olema teie elu? Kas see usk on seda v\u00e4\u00e4rt?<\/li>\n<li>Milline peaks olema uus usk, et see oleks teistsugune, nagu soovite?<em>(N\u00e4iteks: &quot;Kuigi raha pole, aga ma olen lahke&quot;, saate selle muuta &quot;Rikkus annab v\u00f5imaluse teha rohkem head&quot;).<\/em><\/li>\n<p> <\/br><\/ul>\n<li>Kas teil on sisemine soov seda realiseerida? Mida selleks vaja on?<\/li>\n<li>Valige mis tahes universaalsest, ressursist v\u00f5i rahapaketist (n\u00e4iteks &quot;Rahataotlus&quot;) pilt, suletud, vastusega k\u00fcsimusele: Mis v\u00f5ib aidata kujundada uut k\u00e4itumismudelit?<\/li>\n<p> <\/br> <br \/> (Keerulise t\u00f6\u00f6 jaoks ja t\u00f5hususe suurendamiseks saab t\u00f6\u00f6riista kombineerida metafoorsete assotsiatiivsete ja temaatiliste kaartide komplektiga: <strong><em>&quot;Rahataotlus&quot;<\/em><\/strong>). <\/br><\/p>","protected":false},"excerpt":{"rendered":"<p>Komplektis rahataotlustega t\u00f6\u00f6tamiseks.Autor: Evgenia Baksan V\u00e4ljaandja: MACardsSisu: 100 kaarti (tavalised piiravad uskumused, h\u00e4vitavad hoiakud<\/p>","protected":false},"featured_media":347,"comment_status":"open","ping_status":"open","template":"","meta":[],"product_brand":[],"product_cat":[31],"product_tag":[],"class_list":{"0":"post-346","1":"product","2":"type-product","3":"status-publish","4":"has-post-thumbnail","6":"product_cat-money-business-professions","8":"first","9":"outofstock","10":"purchasable","11":"product-type-simple"},"_links":{"self":[{"href":"https:\/\/shercards.com\/et\/wp-json\/wp\/v2\/product\/346","targetHints":{"allow":["GET"]}}],"collection":[{"href":"https:\/\/shercards.com\/et\/wp-json\/wp\/v2\/product"}],"about":[{"href":"https:\/\/shercards.com\/et\/wp-json\/wp\/v2\/types\/product"}],"replies":[{"embeddable":true,"href":"https:\/\/shercards.com\/et\/wp-json\/wp\/v2\/comments?post=346"}],"wp:featuredmedia":[{"embeddable":true,"href":"https:\/\/shercards.com\/et\/wp-json\/wp\/v2\/media\/347"}],"wp:attachment":[{"href":"https:\/\/shercards.com\/et\/wp-json\/wp\/v2\/media?parent=346"}],"wp:term":[{"taxonomy":"product_brand","embeddable":true,"href":"https:\/\/shercards.com\/et\/wp-json\/wp\/v2\/product_brand?post=346"},{"taxonomy":"product_cat","embeddable":true,"href":"https:\/\/shercards.com\/et\/wp-json\/wp\/v2\/product_cat?post=346"},{"taxonomy":"product_tag","embeddable":true,"href":"https:\/\/shercards.com\/et\/wp-json\/wp\/v2\/product_tag?post=346"}],"curies":[{"name":"wp","href":"https:\/\/api.w.org\/{rel}","templated":true}]}}