{"id":368,"date":"2024-08-04T11:26:24","date_gmt":"2024-08-04T11:26:24","guid":{"rendered":"https:\/\/shercards.com\/index.php\/product\/metaphorical-cards-metaphorical-quotes-issue-no-2-hard-box\/"},"modified":"2025-10-20T10:47:05","modified_gmt":"2025-10-20T10:47:05","slug":"metaphorical-cards-metaphorical-quotes-issue-no-2-hard-box","status":"publish","type":"product","link":"https:\/\/shercards.com\/et\/toode\/metaphorical-cards-metaphorical-quotes-issue-no-2-hard-box\/","title":{"rendered":"Metafoorsed kaardid \u201cMetafoorsed tsitaadid. V\u00e4ljaanne nr 2\u201d (k\u00f5va kast)"},"content":{"rendered":"<p>Uus disain! N\u00fc\u00fcd k\u00f5vas \u201ckaanega p\u00f5hjaga\u201d karbis!<br \/> <\/br><br \/> <\/br>Autor-koostaja: Mihhail Lurko<br \/> Sisu: <\/p>\n<ul>\n<li>Kaartide arv \u2013 70<\/li>\n<p> &lt;li&gt;Juhised<\/li>\n<\/ul>\n<p> Pakis on 70 kaarti, mis on suurep\u00e4rane vahend eneseteraapiaks. Nende abil saab end probleemsetes olukordades aidata, treenida teadvustamisoskust, oskust m\u00e4rgata ja koguda j\u00f5udu andvaid positiivseid igap\u00e4evaelu kogemusi.<br \/> IAC \u201cMetafoorsed tsitaadid\u201d aitavad arendada vahendamise kvaliteeti (st inimese v\u00f5imet ennast kriitiliselt hinnata ja sisemiste probleemidega iseseisvalt toime tulla), mis aitab kaasa harmooniliselt organiseeritud isiksuse kujunemisele. Nad on end t\u00f5estanud elustsenaariumide ja -hoiakutega t\u00f6\u00f6tamisel ning neid saab kasutada coachingutel ja \u00fcmberkujundamism\u00e4ngudel.<br \/>2018. aastal ilmus Macardsi Instagrami rubriik, mis v\u00f5itis kiiresti meie tellijate s\u00fcdamed \u2013 #macards_metaphor_essence. Inimeste jaoks on see muutunud enamaks kui lihtsalt meelelahutuslik p\u00e4evapilt. Fotod ja tsitaadid kutsusid tellijatelt esile erilise sensuaalse reaktsiooni, t\u00f5stsid nende tuju ja aitasid neil oma elule uue pilguga vaadata. Metafoorsete v\u00e4idete hulgas oli kirjanike, m\u00f5tlejate ja suurte ps\u00fchholoogide tsitaate. Kuid suurema osa \u00fctlustest kuulsime inimeste seas, s\u00f5pradelt v\u00f5i kolleegidelt. Seet\u00f5ttu puudutasid need meie lugejaid \u2013 sest paljudes tsitaatides kirjeldatud olukordades tundsid inimesed end \u00e4ra. Kui postituste arv \u00fcletas 50, otsustasime need kokku panna ja avaldada \u201cMetafoorsete tsitaatide\u201d pakis (et olulised m\u00f5tted oleks alati k\u00e4ep\u00e4rast).<br \/>Mis tahes metafoorsete kaartidega t\u00f6\u00f6tamine p\u00f5hineb projektsioonimehhanismil (see on siis, kui inimene tajub sisemiselt toimuvat ekslikult v\u00e4ljastpoolt toimuvana). Fotod ja tsitaadid \u201cMetafoorsed tsitaadid\u201d tekitavad inimestes spontaanseid assotsiatsioone, mis aitavad n\u00e4ha teadvustamata v\u00f5i vastuv\u00f5etamatuid m\u00f5tteid, tundeid, motiive, iseloomuomadusi, mida kellelegi v\u00f5i millelegi omistatakse.<br \/>Eneset\u00f6\u00f6 ja m\u00f5tlemise efektiivsuse suurendamiseks soovitame kombineerida metafoorsete tsitaatide tekki kirjutamispraktikatega. Kirjutamine v\u00f5imaldab meil arendada refleksiooni (m\u00f5tlemise liikumist, milles \u201cvaatleme endas toimuvat\u201d), kehastab (st muudab materiaalseks, reaalseks) meie m\u00f5tteid ja ideid.<\/br><\/br><br \/> <\/br><\/p>","protected":false},"excerpt":{"rendered":"<p>Uus disain! N\u00fc\u00fcd k\u00f5vas \u201ckaanega p\u00f5hjaga\u201d karbis! Autor-koostaja: Mihhail Lurko Sisu: Kaartide arv \u2013 70 &lt;li&gt;Juhised<\/p>","protected":false},"featured_media":369,"comment_status":"open","ping_status":"open","template":"","meta":[],"product_brand":[],"product_cat":[29],"product_tag":[],"class_list":{"0":"post-368","1":"product","2":"type-product","3":"status-publish","4":"has-post-thumbnail","6":"product_cat-text","8":"first","9":"outofstock","10":"purchasable","11":"product-type-simple"},"_links":{"self":[{"href":"https:\/\/shercards.com\/et\/wp-json\/wp\/v2\/product\/368","targetHints":{"allow":["GET"]}}],"collection":[{"href":"https:\/\/shercards.com\/et\/wp-json\/wp\/v2\/product"}],"about":[{"href":"https:\/\/shercards.com\/et\/wp-json\/wp\/v2\/types\/product"}],"replies":[{"embeddable":true,"href":"https:\/\/shercards.com\/et\/wp-json\/wp\/v2\/comments?post=368"}],"wp:featuredmedia":[{"embeddable":true,"href":"https:\/\/shercards.com\/et\/wp-json\/wp\/v2\/media\/369"}],"wp:attachment":[{"href":"https:\/\/shercards.com\/et\/wp-json\/wp\/v2\/media?parent=368"}],"wp:term":[{"taxonomy":"product_brand","embeddable":true,"href":"https:\/\/shercards.com\/et\/wp-json\/wp\/v2\/product_brand?post=368"},{"taxonomy":"product_cat","embeddable":true,"href":"https:\/\/shercards.com\/et\/wp-json\/wp\/v2\/product_cat?post=368"},{"taxonomy":"product_tag","embeddable":true,"href":"https:\/\/shercards.com\/et\/wp-json\/wp\/v2\/product_tag?post=368"}],"curies":[{"name":"wp","href":"https:\/\/api.w.org\/{rel}","templated":true}]}}