{"id":3774,"date":"2024-08-04T17:19:19","date_gmt":"2024-08-04T17:19:19","guid":{"rendered":"https:\/\/shercards.com\/index.php\/product\/psychological-game-i-live-in-the-flow\/"},"modified":"2025-10-20T10:34:17","modified_gmt":"2025-10-20T10:34:17","slug":"psychological-game-i-live-in-the-flow","status":"publish","type":"product","link":"https:\/\/shercards.com\/et\/toode\/psychological-game-i-live-in-the-flow\/","title":{"rendered":"Ps\u00fchholoogiline m\u00e4ng &quot;Ma elan voolus&quot;"},"content":{"rendered":"<p>M\u00e4ngu autorid:nbsp;LadaSlava Gurkina \u2013 praktiseeriv ps\u00fchholoog, vaimne giid; Jelena Bykova \u2013 ps\u00fchholoog, treener, m\u00e4ngu \u201cJumalate kingitused\u201d kaasautor.<br \/>M\u00e4ngu sisu: <\/p>\n<li>M\u00e4nguv\u00e4ljak 80\u00d760 cm kangal (satiin) \u2013 1 tk.<\/li>\n<li>Kaardid:\n<li>juhikud 15\u00d711 cm \u2013 12 tk.<\/li>\n<li>allikas 9\u00d77 cm \u2013 22 tk. + kaanega t\u00fchjad kaardid \u2013 3 tk.<\/li>\n<li>niit 9\u00d77 cm \u2013 30 tk. + kaanega t\u00fchjad kaardid \u2013 3 tk.<\/li>\n<li>l\u00e4vi 9\u00d77 cm \u2013 20 tk. + kaanega t\u00fchjad kaardid \u2013 3 tk.<\/li>\n<li>edu 9\u00d77 cm \u2013 1 tk.<\/li>\n<li>klots 9\u00d77 cm \u2013 10 tk.<\/li>\n<li>valik 9\u00d77 cm \u2013 1 tk. <\/li>\n<li>suu 9\u00d77 cm \u2013 1 tk<\/li>\n<\/li>\n<p> 3. Amuletid: <\/p>\n<li>p\u00e4ike 5\u00d75 cm \u2013 10 tk<\/li>\n<li>s\u00fcda 5\u00d75 cm \u2013 10 tk&lt;\/li&gt;\n<li>kristall 5\u00d75 cm \u2013 10 tk.<\/li>\n<p> 4. M\u00e4ngukr\u00f5psud \u2013 5 looduslikku kivi (amet\u00fcst, roosa kvarts, tiigrisilm, karneool, aventuriin)<br \/> 5. M\u00e4nguvaluuta \u2013 45 kristalli.&lt;br&gt; 6. D6 kuubik (kuusnurkne) \u2013 1 tk.<br \/> 7. D12 kuup (12-poolne) \u2013 1 tk.<br \/> 8. Juhend l\u00e4biviijale \u2013 1 tk.<br \/> 9. Individuaalne treening Skype m\u00e4ngu autoriga \u2013 1,5 tundi.<br \/> 10. M\u00e4ngu korraldaja tunnistus (saadetakse p\u00e4rast treeningut elektrooniliselt).<br \/> 11. Kaasamine kinnisesse vestlusringi v\u00f5\u00f5rustajate toeks (peale koolituse l\u00e4bimist), kus saab t\u00e4htajatult m\u00e4ngude kohta k\u00fcsimusi esitada ja n\u00f5u pidada.<br \/>M\u00e4ngu jaoks on soovitatav kasutada metafoorseid kaarte: \u201cArhet\u00fc\u00fcbid ja varjud\u201d ja \u201cEdukaardid\u201d (Chuck Spezzano), \u201cVaikus\u201d, nbsp; &quot;Allegooriad&quot; ja muud teie valitud tekid.<br \/>M\u00e4ngu formaadid: individuaalne, grupp avatud.<br \/>M\u00e4ngijate arv: 1 kuni 5.<br \/>M\u00e4nguaeg: 1,5 kuni 4 tundi.<br \/> V\u00f5imalikud p\u00e4ringuvalikud: <\/p>\n<ul>\n<li>Tahan vabaneda\u2026<\/li>\n<li>Ma pean m\u00f5istma oma elu eesm\u00e4rki<\/li>\n<li>Tahan \u00fcletada rahalise heaolu t\u00f5kked<\/li>\n<p> &lt;li&gt;Mis takistab (aitab) mul kingitusi vastu v\u00f5tmast\u2026<\/li>\n<li>Miks see ei t\u00f6\u00f6ta\u2026<\/li>\n<\/ul>\n<p> Mis tunne on elada voolus?<br \/>Kas teil on kunagi olnud selline seisund, et k\u00f5ik teie \u00fcmber selgub, et olete t\u00e4is j\u00f5udu ja energiat, et teie teel s\u00fcttib justkui roheline tuli ja k\u00f5ik asjaolud arenevad harmooniliselt, nagu pusle, et k\u00f5ik on l\u00e4heb &quot;nagu kellav\u00e4rk&quot;?nbsp;Niisiis, sellistel juhtudel \u00f6eldakse, et olete voolus. Aga mille voolus?<br \/>Sellistel hetkedel oled elu, edu, k\u00fclluse ja \u00f5itsengu energiavoos, selles seisundis, kui liigud sihikindlalt, kui oled s\u00fctitatud ideedest ja miski ei takista sind. Kui pole teist reaalsust ega teist maailma peale selle, kus teie taotlus t\u00e4idetakse.nbsp;Aga kust tuleb energia ja kuidas olla selle voolus? Kas selles on alati v\u00f5imalik olla?nbsp;Esoteerilises maailmas levib ilus legend Isa P\u00e4ikesest ja Emakesest Maast, mis selgitab eluenergia Voolu tekkimist meie planeedil.<br \/>Legend P\u00e4ikese ja Maa armastusest.<br \/>P\u00e4ike elab taevas, soojendab soojust ja \u00fcmbritseb oma armastatud maa valgusega. P\u00e4ikesest alla Maa s\u00fcdamesse, selle Hinge kristallini tormab allapoole kulgev kuldvalge v\u00e4rvi voog \u2013 see on soojuse ja valguse voog.<br \/>Maa v\u00f5tab m\u00f5nuga vastu armastatu valgust ja soojust ning t\u00e4nutundes s\u00fcnnitab planeedil kogu elu. Maa s\u00fcdamest tormab \u00fcles P\u00e4ikese poole h\u00f5besinise v\u00e4rvi t\u00f5usev voog, armastuse ja t\u00e4nulikkuse voog.nbsp;Maa annab armastust ning v\u00f5tab vastu soojust ja valgust. Ja vastupidi, P\u00e4ike annab soojust ja valgust ning v\u00f5tab vastu armastust.nbsp;Need kaks voolu toimivad harmooniliselt, ringledes taevast maale ja tagasi, l\u00e4bides k\u00f5ike elavat ja elutut: baktereid, loomi, taimi ja loomulikult inimesi.<br \/>K\u00f5ik olendid Maal peavad neid l\u00e4bivat energiat enesestm\u00f5istetavaks. Just eluenergia voolus olles tunnevad loomad ja taimed alati oma loomup\u00e4rast l\u00e4hedust kogu maailmaga. See v\u00f5imaldab taimedel \u00f5igel hetkel kasvada ja n\u00e4rtsida, loomadel kuulata looduse kutset ja olla ettevaatlik, ellu j\u00e4\u00e4da ja v\u00f5idelda ning inimese jaoks... Inimene, nagu teate, on ratsionaalne olend ja me ise oleme vabad seda tegema. vali elukvaliteet, seep\u00e4rast on meile antud vaba tahe \u2013 kui tahad, ela \u00f5nnes ja r\u00f5\u00f5mus, kui tahad, ela piirangutes ja hirmus.<br \/>Inimesel on hing (s\u00fcda) ja intellekt (m\u00f5istus\/meel). Intelligentsus (ladina keelest intellectus \u201ctaju\u201d; \u201cintelligentsus\u201d, \u201cm\u00f5istmine\u201d; \u201cm\u00f5iste\u201d, \u201cp\u00f5hjus\u201d) ehk m\u00f5istus on vaimne omadus, mis koosneb v\u00f5imest \u00e4ra tunda uusi olukordi, oskusest \u00f5ppida ja kogemusel p\u00f5hinevat meeles pidada. , abstraktsete m\u00f5istete m\u00f5istmine ja rakendamine ning nende teadmiste kasutamine inimkeskkonna juhtimisel. \u00dcldine tunnetus- ja probleemide lahendamise v\u00f5ime, mis \u00fchendab endas kognitiivsed v\u00f5imed: aisting, taju, m\u00e4lu, esitus, m\u00f5tlemine, kujutlusv\u00f5ime, aga ka t\u00e4helepanu, tahe ja peegeldus.nbsp;Hing (S\u00fcda) on meie olemus, meie intuitsioon.nbsp; Lihtsamalt \u00f6eldes on meie s\u00fcdamlikkus, tundlikkus, soovide siirus, intuitsioon, see, mida s\u00fcda \u00fctleb meile, mida hing viib. Ja teisest k\u00fcljest on loogika, meie m\u00f5tlemine, siis &quot;kuidas see peaks&quot; on meie Intellekt.<br \/>M\u00e4ngu eesm\u00e4rk on l\u00e4bida mitu eneseteadvuse tasandit l\u00e4bi kolme energialiigi \u2013 h\u00e4vitamine\/muundumine, loomine\/s\u00e4ilitamine ja loomine \u2013 harmoniseerimise.<br \/>Kuidas m\u00e4ngu m\u00e4ngida?<br \/>M\u00e4ng \u201cMa elan voolus\u201d on vestlus Hinge (S\u00fcdame) ja Intellekti (Meele\/Meele) vahel teie taotluse, soovi, kavatsuse v\u00f5i olukorra realiseerimisest m\u00e4nguprotsessi kaudu.<br \/>M\u00e4ngus r\u00e4ndame l\u00e4bi kolme maailma:<br \/>\u25cf Alumine maailm (Nav) \u2013 esivanemate, eluhoiakute, sakramentide, surnute maailm, maagia ja n\u00f5iduse maailm. Mineviku maailm. H\u00e4vitamise\/muutuse maailm. Rahu s\u00fcmbol on kristall.<br \/>\u25cf Keskmaailma (Reality) \u2013 inimeste maailma. Tase on hetkes siin ja praegu. Oleviku maailm, loomise ja s\u00e4ilitamise maailm. Me k\u00f5ik, kes Maal elame, oleme selles. Rahu s\u00fcmbol on s\u00fcda.<br \/>\u25cf K\u00f5rgemasse Maailma (Reegel) \u2013 l\u00f5putu valguse maailm. Teaduse ja innovatsiooni maailm. Loomingu maailm. Soovitud tuleviku maailm, mis on potentsiaalselt realiseerunud. Rahu s\u00fcmbol on P\u00e4ike.<br \/>Vooluseisundis olemine on protsess, mille k\u00e4igus \u00fchendatakse endas korraga k\u00f5ik kolm energiat. Siis leiame end seisundist, kus minevik, olevik ja tulevik ristuvad \u00fches kohas.nbsp;Selleks, et teie soov t\u00e4ituks, peavad Hing (S\u00fcda) ja Intellekt (Meel\/Meel) olema \u00fchtses.<br \/>Sihtpubliku m\u00e4ngud:nbsp;M\u00e4ng on kasulik k\u00f5igile, kes p\u00fc\u00fcdlevad vaimse kasvu, teadlikkuse suurendamise, \u00f5nne ja r\u00f5\u00f5mu elamise poole, nautides igat eluhetke. Vanus: 16+.<br \/>Milliseid probleeme, \u00fclesandeid m\u00e4ng klientide soovides lahendab?<br \/>M\u00e4ng aitab teil kuulda oma hinge, oma s\u00fcdame k\u00e4ske ja t\u00f5lkida need oma Intellekti arusaadavasse keelde. Saate aru, kas soovite t\u00f5esti, et teie taotlus t\u00e4idetaks v\u00f5i mitte? Saage aru, miks seate endale teatud t\u00f5kked, miks te seda teete? Ja miks on raske vajaduse korral voolu olekusse siseneda?<br \/>M\u00e4ng aitab teil n\u00e4ha, m\u00f5ista, tervendada ja muuta neid takistusi, mille \u00fcmberkujundamine on juba hilinenud, v\u00f5i tuua esile need vahendid, mida te oma soovi v\u00f5i kavatsuse realiseerimisel ei m\u00e4rka. <br \/>M\u00e4ng aitab teil n\u00e4ha, mida te \u00fcmbritsevasse maailma tegelikult edastate, ja olles seda \u00f5ppinud, otsustada, kas peaksite oma m\u00f5tteid, tundeid ja tegevusi kohandama nii, et teie soov t\u00e4ituks.<br \/>N\u00e4iteks kui ootate, et teid kritiseeritakse m\u00f5ne teie tegevuse ja tegevuse eest, siis saate seda ka tegelikkuses. Meie teadlikud v\u00f5i teadvustamata ootused t\u00e4ituvad ju alati, sest me loome enda \u00fcmber sellise seisundi (energiav\u00e4lja). Nagu teate, n\u00e4eb iga\u00fcks meist elus seda, mida ta tegelikult n\u00e4ha tahab.<br \/>See, mida te \u00fcmbritsevasse maailma peegeldate, on see, mida saate vastutasuks.<br \/>Transformatsiooniline ps\u00fchholoogiline m\u00e4ng \u201cLiving in the Flow\u201d aitab sul teistmoodi vaadata endasse ja tunda eluvoos viibimise seisundit. Hajutada negatiivseid blokke ja hoiakuid Armastuse energias v\u00f5i tugevdada positiivset teadlikkust.<br \/>M\u00e4ngu k\u00e4ik:<\/p>\n<p> M\u00e4ng algab teie request.nbsp s\u00f5nastamisega; J\u00e4rgmine etapp on juhendi tuvastamine. Esimene maha kukkunud juht on peamine energia-vastus taotlusele. \u00dclej\u00e4\u00e4nud t\u00e4iendavad, struktureerivad ja muudavad ruumi harmooniliseks rakendamiseks.nbsp;Dirigent on spiraal, keeris, mida m\u00e4ngija taotluse elluviimiseks oma ruumis keerutab. Iga p\u00f6\u00f6re koosneb seitsmest sammust, mis vastavad inimese seitsmele t\u0161akrale. <\/br><\/br><\/p>","protected":false},"excerpt":{"rendered":"<p>M\u00e4ngu autorid:nbsp;LadaSlava Gurkina \u2013 praktiseeriv ps\u00fchholoog, vaimne giid; Elena Bykova \u2013 ps\u00fchholoog, treener, m\u00e4ngu \u201cKingid<\/p>","protected":false},"featured_media":3775,"comment_status":"open","ping_status":"open","template":"","meta":[],"product_brand":[],"product_cat":[53],"product_tag":[],"class_list":{"0":"post-3774","1":"product","2":"type-product","3":"status-publish","4":"has-post-thumbnail","6":"product_cat-self-knowledge-acquaintance-with-the-inner-world","8":"first","9":"outofstock","10":"product-type-simple"},"_links":{"self":[{"href":"https:\/\/shercards.com\/et\/wp-json\/wp\/v2\/product\/3774","targetHints":{"allow":["GET"]}}],"collection":[{"href":"https:\/\/shercards.com\/et\/wp-json\/wp\/v2\/product"}],"about":[{"href":"https:\/\/shercards.com\/et\/wp-json\/wp\/v2\/types\/product"}],"replies":[{"embeddable":true,"href":"https:\/\/shercards.com\/et\/wp-json\/wp\/v2\/comments?post=3774"}],"wp:featuredmedia":[{"embeddable":true,"href":"https:\/\/shercards.com\/et\/wp-json\/wp\/v2\/media\/3775"}],"wp:attachment":[{"href":"https:\/\/shercards.com\/et\/wp-json\/wp\/v2\/media?parent=3774"}],"wp:term":[{"taxonomy":"product_brand","embeddable":true,"href":"https:\/\/shercards.com\/et\/wp-json\/wp\/v2\/product_brand?post=3774"},{"taxonomy":"product_cat","embeddable":true,"href":"https:\/\/shercards.com\/et\/wp-json\/wp\/v2\/product_cat?post=3774"},{"taxonomy":"product_tag","embeddable":true,"href":"https:\/\/shercards.com\/et\/wp-json\/wp\/v2\/product_tag?post=3774"}],"curies":[{"name":"wp","href":"https:\/\/api.w.org\/{rel}","templated":true}]}}