{"id":3800,"date":"2024-08-04T17:20:55","date_gmt":"2024-08-04T17:20:55","guid":{"rendered":"https:\/\/shercards.com\/index.php\/product\/psychological-transformation-game-about-your-beloved-self\/"},"modified":"2025-10-20T10:34:17","modified_gmt":"2025-10-20T10:34:17","slug":"psychological-transformation-game-about-your-beloved-self","status":"publish","type":"product","link":"https:\/\/shercards.com\/et\/toode\/psychological-transformation-game-about-your-beloved-self\/","title":{"rendered":"Ps\u00fchholoogilise transformatsiooni m\u00e4ng &quot;Teie armastatud minast&quot;"},"content":{"rendered":"<p>M\u00e4ngu autor: Danilevskaja Irina \u2013 Gestalt-meetodi ps\u00fchholoog, peres\u00fcsteemide terapeut, \u00e4ritreener<br \/>Sisu: <\/p>\n<li>M\u00e4nguv\u00e4ljak \u2013 1 tk<\/li>\n<li>Enesehinnangukaardid \u2013 50 tk<\/li>\n<li>Kaardid Isevastuv\u00f5tt \u2013 50 tk<\/li>\n<li>Enesearenduskaardid \u2013 50 tk<\/li>\n<li>Eneseteostuskaardid \u2013 50 tk<\/li>\n<li>Intrapersonaalsed konfliktikaardid \u2013 35 tk<\/li>\n<li>D6 kuubik \u2013 1 tk<\/li>\n<li>Pusled (Liblikas koosneb 5 elemendist) \u2013 12 t\u00fckki<\/li>\n<li>Vorm koos harjutustega juhile 1 tk<\/li>\n<li>Juhend juhile \u2013 1 eksemplar&lt;\/li&gt;\n<li>Ankeedid m\u00e4ngijatele \u2013 10 eksemplari. (saadetakse ka elektrooniliselt)<\/li>\n<li>Koolitus<\/li>\n<p> M\u00e4ngu loomise aasta \u2013 2019<br \/> Grupi formaat (2-12 osalejat). M\u00e4ngusessiooni kestus on 2 kuni 4 tundi. M\u00e4ngu saab kasutada mitu korda.<br \/> Soovi korral saatejuhi k\u00fcsimustele selgitavate vastuste saamiseks viiakse l\u00e4bi tasuta tutvustus (kestvus 30-60 minutit).<br \/> M\u00e4ng \u201cSinu armastatud minast\u201d aitab selgitada \u201cmina-kontseptsiooni\u201d ja tuvastada selle kujunemise taseme.nbsp;Esineja \u00fclesanne on aidata s\u00f5nastada t\u00e4psem taotlus ja olla kliendiga m\u00e4ngus kaasas, hoides fookust. \u00fclesannete t\u00e4itmisel, otsides temaga abistavat lahendust.<br \/>M\u00e4ng \u201cENDA KOHTA\u201d aitab kliendil: <\/p>\n<ul>\n<li>Arendada oskust endaga kontakti saada;<\/li>\n<li>v\u00f5tta enda ja oma olukorra suhtes s\u00f5ltumatu vaatleja positsioon;<\/li>\n<li>kujundada positiivne enese aktsepteerimine<\/li>\n<li>arendada valmisolekut enda kallal t\u00f6\u00f6tada<\/li>\n<li>m\u00f5ista ennast ja usalda teisi<\/li>\n<li>enesevaatlust l\u00e4bi viima<\/li>\n<li>uurige oma tugevaid ja n\u00f5rku k\u00fclgi<\/li>\n<li>n\u00e4ha oma t\u00f5elisi soove ja leida sisemine motivatsioon<\/li>\n<li>andeid paljastada<\/li>\n<li>\u00f5ppida kasutama peidetud ressursse<\/li>\n<li>m\u00f5elda p\u00f5hiv\u00e4\u00e4rtustele ja vaimsetele k\u00fcsimustele<\/li>\n<li>m\u00f5istma, millised hirmud ja piiravad uskumused segavad enesehinnangut<\/li>\n<li>kujundada endast terviklik ettekujutus<\/li>\n<li>saada m\u00e4ngu ajal juhilt tuge ja ruumi<\/li>\n<\/ul>\n<p> Klientide soovide n\u00e4idised: <\/p>\n<ul> &lt;li&gt;Tahan t\u00f5sta oma enesehinnangut.<\/li>\n<li>Tahan olla vaba teiste inimeste hinnangutest.<\/li>\n<li>Kuidas muuta oma suhtumist iseendasse, et saada \u00f5nnelikuks.<\/li>\n<li>Millele ma pean t\u00e4helepanu p\u00f6\u00f6rama, et endasse uskuda.<\/li>\n<li>Kuidas elukriisist v\u00e4lja tulla.<\/li>\n<\/ul>\n<p> \u00dcksk\u00f5ik, milline on kliendi soov, puutub ta m\u00e4ngu ajal kokku oma isiksuse muude tahkudega.<br \/>M\u00e4ng p\u00f5hineb metafooril &quot;Kui r\u00f6\u00f6vik hoiaks minevikku kinni, ei saaks temast kunagi liblikas&quot;; see t\u00e4hendab, et vanad hoiakud, perekondlikud t\u00f5ekspidamised, elukriisid ja varasemad kogemused ei t\u00f6\u00f6ta alati inimese jaoks, v\u00f5ib-olla tasub midagi, millega h\u00fcvasti j\u00e4tta ja teha uus otsus, et tunda end tervikliku ja \u00f5nnelikuna.<br \/>M\u00e4ngija peab l\u00e4bima \u00f5ppimise ja enda uurimise etapid: <\/p>\n<ul>\n<li>ISEHINDAMINE<\/li>\n<li>ISE AKTSEPTEERIMINE<\/li>\n<li>ENESEARENG <\/li>\n<li>Eneseteostus.<\/li>\n<\/ul>\n<p> M\u00e4ngu k\u00e4igus vastab osaleja k\u00fcsimustele, t\u00e4idab \u00fclesandeid, joonistab, esitleb ennast ja kogub oma pilti liblika kujul.<br \/>M\u00e4ngu mehaanika.&lt;br&gt;Cube D6 aitab teil liikuda samm-sammult \u00fcle m\u00e4nguv\u00e4lja.nbsp;M\u00e4ngul on 4 etappi, mis l\u00e4bivad eneseteadvuse \u2013 m\u00e4nguv\u00e4ljakul on igal etapil oma v\u00e4rv ja kiri.nbsp;M\u00e4ngija \u00fclesanne on koguda 5 vastavat v\u00e4rvi kaardid igal etapil ja vahetage saatejuhiga pusle (tiiva) vastu, et l\u00f5puks saada terviklik figuur. Kui m\u00e4ngija satub kasti INTRAISIKUSISENE KONFLIKTI, antakse k\u00f5ik kaardid, mis tal on, saatejuhile.<br \/>ENESEHINDAMINE \u2013 see etapp v\u00f5imaldab n\u00e4ha t\u00f5elist &quot;mina&quot; ja siduda see oma tuleviku ja minevikuga. Isiklik enesehinnang v\u00f5imaldab m\u00e4ngijal n\u00e4ha oma tugevuste ja n\u00f5rkuste juuri, olla kindel nende objektiivsuses ja \u00f5ppida omandama adekvaatseid mudeleid oma k\u00e4itumise jaoks igap\u00e4evastes olukordades.<br \/>ENDA AKTSEPTSIOON \u2013 selles etapis kujundab m\u00e4ngija enda suhtes hinnangutevaba, tingimusteta positiivse suhtumise. Nagu perekond. Sel kujul muutub enese aktsepteerimine emaarmastuse variandiks enda vastu.nbsp;Selles etapis on ISIKUSESISESE KONFLIKTIGA rakk \u2013 siin saab m\u00e4ngija \u00e4ra tunda oma tugevad k\u00fcljed ja v\u00f5tta positsiooni &quot;Ma olen v\u00e4\u00e4rtus.&quot;<br \/>ENESEARENG \u2013 D\u00fcnaamilises maailmas, mis muutub kiiremini, kui inimene sellega kohaneb, on \u00e4\u00e4rmiselt oluline leida iseennast, valida oma elutee.<br \/>See aitab ENESEARENGULE, mis \u201ck\u00e4ivitatakse\u201d vastuseks \u201ct\u00fchjale\u201d, mis tekib oma kutsumuse ja eesm\u00e4rgi mittem\u00f5istmisest. Selles etapis saab m\u00e4ngija vaadata tavalisi asju erineva, ebatavalise nurga alt. Teiste osalejate kaasamisel on palju harjutusi.<br \/>ENESEREALISEERIMINE \u2013 Selles etapis avastab m\u00e4ngija endas kalduvused ja anded eesm\u00e4rgiga neid edasi kasutada teatud t\u00fc\u00fcpi tegevustes, arendades ja nautides.<\/p>\n<p> M\u00e4ngija saab oma m\u00f5tisklused spetsiaalsel kujul kirja panna.nbsp;Kaardid sisaldavad praktilisi \u00fclesandeid; esineja mugavuse huvides sisaldab komplekt vihjet koos harjutuste \u00fcksikasjaliku kirjeldusega.nbsp;Kaardid sisaldavad k\u00fcsimusi, v\u00e4iteid, teateid, kunsti\u00fclesandeid, harjutusi iseseisvaks t\u00f6\u00f6ks, aga ka r\u00fchma v\u00f5i \u00fcksikute osalejate \u00fchendamiseks. nbsp;M\u00e4ng l\u00f5peb, kui \u00fcks osalejatest t\u00e4idab liblikam\u00f5istatuse. Ettekandjatel on soovitatav kasutada v\u00e4rvilisi pliiatseid, samuti on v\u00f5imalik kasutada metafoorseid kaarte.<\/p>","protected":false},"excerpt":{"rendered":"<p>M\u00e4ngu autor: Danilevskaja Irina \u2013 Gestalt-meetodi ps\u00fchholoog, peres\u00fcsteemide terapeut, \u00e4ritreenerSisu: M\u00e4nguv\u00e4li \u2013<\/p>","protected":false},"featured_media":3801,"comment_status":"open","ping_status":"open","template":"","meta":[],"product_brand":[],"product_cat":[53],"product_tag":[],"class_list":{"0":"post-3800","1":"product","2":"type-product","3":"status-publish","4":"has-post-thumbnail","6":"product_cat-self-knowledge-acquaintance-with-the-inner-world","8":"first","9":"outofstock","10":"product-type-simple"},"_links":{"self":[{"href":"https:\/\/shercards.com\/et\/wp-json\/wp\/v2\/product\/3800","targetHints":{"allow":["GET"]}}],"collection":[{"href":"https:\/\/shercards.com\/et\/wp-json\/wp\/v2\/product"}],"about":[{"href":"https:\/\/shercards.com\/et\/wp-json\/wp\/v2\/types\/product"}],"replies":[{"embeddable":true,"href":"https:\/\/shercards.com\/et\/wp-json\/wp\/v2\/comments?post=3800"}],"wp:featuredmedia":[{"embeddable":true,"href":"https:\/\/shercards.com\/et\/wp-json\/wp\/v2\/media\/3801"}],"wp:attachment":[{"href":"https:\/\/shercards.com\/et\/wp-json\/wp\/v2\/media?parent=3800"}],"wp:term":[{"taxonomy":"product_brand","embeddable":true,"href":"https:\/\/shercards.com\/et\/wp-json\/wp\/v2\/product_brand?post=3800"},{"taxonomy":"product_cat","embeddable":true,"href":"https:\/\/shercards.com\/et\/wp-json\/wp\/v2\/product_cat?post=3800"},{"taxonomy":"product_tag","embeddable":true,"href":"https:\/\/shercards.com\/et\/wp-json\/wp\/v2\/product_tag?post=3800"}],"curies":[{"name":"wp","href":"https:\/\/api.w.org\/{rel}","templated":true}]}}