{"id":3881,"date":"2024-08-04T17:27:03","date_gmt":"2024-08-04T17:27:03","guid":{"rendered":"https:\/\/shercards.com\/index.php\/product\/transformation-game-karmalia-karmalia\/"},"modified":"2025-10-20T10:34:17","modified_gmt":"2025-10-20T10:34:17","slug":"transformation-game-karmalia-karmalia","status":"publish","type":"product","link":"https:\/\/shercards.com\/et\/toode\/transformation-game-karmalia-karmalia\/","title":{"rendered":"\u00dcmberkujundamise m\u00e4ng KARMALIA \/ KARMALIA"},"content":{"rendered":"<p>Kirjastaja: KARMALIA LLC<\/p>\n<p> Sisu:<br \/> 1.nbsp;nbsp;nbsp;nbsp;Must ettev\u00f5tte kaubam\u00e4rgiga toru, l\u00e4bim\u00f5\u00f5t 80 mm, pikkus 640 mm<br \/> 2.nbsp;nbsp;nbsp ;nbsp;M\u00e4nguv\u00e4li l\u00f5uendil, ultravioletttr\u00fckk, suurus 600\u00d7640 mm<br \/> 3.nbsp;nbsp;nbsp;nbsp;Eluaspekte kirjeldav lamineeritud kaardipakk pappkarbis \u2013 72 kaarti, m\u00f5\u00f5dud 70\u00d7100 mm<br \/> 4.nbsp; ;nbsp;nbsp;nbsp;Lamineeritud metafoorikaartide pakk pappkarbis \u2013 72 kaarti, suurus 70\u00d7100 mm<br \/> 5.nbsp;nbsp;nbsp;nbsp;M\u00e4ngureeglid, kahepoolne printimine, A3 formaat<br \/> 6.nbsp;nbsp ;nbsp;nbsp;Valge papist torukarp reeglitele, l\u00e4bim\u00f5\u00f5t 38 mm, pikkus 150 mm<br \/> 7.nbsp;nbsp;nbsp;nbsp;Kaks puust t\u00e4ringut \u2013 valge ja must, m\u00f5\u00f5dud 16\u00d716 mm<br \/> 8. nbsp;nbsp;nbsp;nbsp;Kuus v\u00e4rvilist k\u00e4sitsi valmistatud epoks\u00fcvaigust figuuri<br \/> 9.nbsp;nbsp;nbsp;nbsp;Must sametist kaubam\u00e4rgiga kott tarvikute jaoks<br \/> 10.nbsp;nbsp;nbsp;nbsp;M\u00e4ngu harjutamise koolitus \u2013 n\u00f5udmisel<br \/> Kaal, m\u00f5\u00f5dud: 1 kg, 80\u00d7640 mm<\/p>\n<p> Karmalia on uuenduslik transformatsioonim\u00e4ng inimestele, kes j\u00e4rgivad isikliku ja vaimse arengu teed.<br \/> M\u00e4ngu eesm\u00e4rk on leida lahendusi eluraskustele, aga ka v\u00f5imalusi oma eesm\u00e4rkide saavutamiseks. <br \/> M\u00e4ngu tagaj\u00e4rjeks on teadlikkuse ja motivatsiooni taseme t\u00f5us, samuti \u00e4revuse taseme langus, mis kasvab v\u00e4liste ja sisemiste tegurite poolt p\u00f5hjustatud negatiivsete s\u00fcndmuste m\u00f5jul, mis avaldavad survet inimese ps\u00fc\u00fchikale.<br \/> Soovitatav m\u00e4ngijate arv on 1 kuni 6 inimest.&lt;br&gt; <br \/> Kuue m\u00e4ngijaga m\u00e4ngides tuleb varuda v\u00e4hemalt 3 tundi vaba aega ja ideaalis terve n\u00e4dalavahetuse \u00f5htu.<\/p>\n<p> M\u00e4ngukomplektide arv m\u00e4ngija kohta ei ole piiratud ega piiratud universumi taotluste saadavuse t\u00f5ttu.<br \/> &lt;br&gt; M\u00e4ngu eesm\u00e4rk on avastada viis isikliku eluprobleemi lahendamiseks v\u00f5i m\u00e4\u00e4rata viis seatud eesm\u00e4rgi saavutamiseks.<\/p>\n<p> Sinu k\u00e4tes on v\u00f5imalus lahendada mis tahes eluprobleeme ja tegevusjuhend igap\u00e4evaelus, millega pead silmitsi seisma teel oma eesm\u00e4rkide saavutamise poole.<\/p>\n<p> Nii v\u00f5i teisiti tuleb puudutada oma otsuste, tegude, m\u00f5tete ja reaktsioonide karmalisi tagaj\u00e4rgi.<\/p>\n<p> KARMALIA annab v\u00f5imaluse vaadata ennast v\u00e4ljastpoolt ja m\u00e4rgata just neid pidepunkte, millest algavad \u00f5ppetunnid, mis koormavad meid niiv\u00f5rd muredega ja raskendavad elu.<\/p>\n<p> KARMALIA M\u00c4NGIMISEKS KAHEKS P\u00d5HJUST:<\/p>\n<p> I <br \/> M\u00e4ng peegeldab uskumatult meie saatusi j\u00e4rskude p\u00f6\u00f6rete, \u00e4kiliste t\u00f5usude ja ootamatute kukkumistega.<br \/> II <br \/> M\u00e4ngul on otsest praktilist kasu teadlikkuse suurendamise ja vastutuse v\u00f5tmise kaudu.<br \/> III <br \/> M\u00e4ng \u00f5petab n\u00e4gema mis tahes s\u00fcndmuste p\u00f5hjus-tagaj\u00e4rg seoste ahelat, s\u00e4\u00e4stes teid naeruv\u00e4\u00e4rsete vigade tegemisest. <br \/> IV <br \/> Keerulistes olukordades pole vaja abi otsida, k\u00f5ik probleemid on lahendatavad iseseisvalt.<br \/> V <br \/> Igasugused eesm\u00e4rgid on saavutatavad ka iseseisvalt, leiad oma motivatsiooni, eesm\u00e4rgi ja kutsumuse. <br \/> VI <br \/> Parem on v\u00f5tta m\u00e4ngu ajal s\u00f5pradelt v\u00e4\u00e4rtuslikke n\u00f5uandeid, mitte raisata aega Universumi \u00e4\u00e4realadel vastuste otsimisele.<br \/> VII <br \/> M\u00e4ng stimuleerib s\u00fcgavat vastastikust m\u00f5istmist, siirast vastastikust austust ja aitab meil n\u00e4ha oma tegude t\u00f5elisi motiive. <br \/> VIII<br \/> M\u00e4ng on \u00e4\u00e4rmiselt huvitav, p\u00f5nev ja \u00fcllatab ka k\u00f5ige ratsionaalsemaid ja skeptilisemaid inimesi.<\/p>\n<p> M\u00e4ngu m\u00f5ju on fikseeritud kolmel tasandil:<\/p>\n<p> 1. Teadvuse tasandil tekstist info loogilise m\u00f5istmise kaudu<br \/> kaartidel.<br \/> 2. Alateadlikul tasandil assotsiatsioonidest p\u00f5hjustatud emotsionaalse kogemuse kaudu.<br \/> 3. Praktilisel tasandil m\u00e4nguj\u00e4rgseid \u00fclesandeid t\u00e4ites ja tegutsemisoskust arendades.<\/p>\n<p> M\u00d5TLE! TUNNE! TEE!<\/p>\n<p> Valige oma elu jaoks parim stsenaarium! <br \/> <\/br><\/p>","protected":false},"excerpt":{"rendered":"<p>Kirjastaja: KARMALIA LLC Sisu: 1.nbsp;nbsp;nbsp;nbsp;Must firmam\u00e4rgiga toru, l\u00e4bim\u00f5\u00f5t 80 mm, pikkus 640 mm 2.nbsp;nbsp;nbsp ;nbsp;M\u00e4nguv\u00e4ljak l\u00f5uendil, ultraviolettkiirgus<\/p>","protected":false},"featured_media":3882,"comment_status":"open","ping_status":"open","template":"","meta":[],"product_brand":[],"product_cat":[55],"product_tag":[],"class_list":{"0":"post-3881","1":"product","2":"type-product","3":"status-publish","4":"has-post-thumbnail","6":"product_cat-goal-dream-analysis-of-situations-events","8":"first","9":"outofstock","10":"product-type-simple"},"_links":{"self":[{"href":"https:\/\/shercards.com\/et\/wp-json\/wp\/v2\/product\/3881","targetHints":{"allow":["GET"]}}],"collection":[{"href":"https:\/\/shercards.com\/et\/wp-json\/wp\/v2\/product"}],"about":[{"href":"https:\/\/shercards.com\/et\/wp-json\/wp\/v2\/types\/product"}],"replies":[{"embeddable":true,"href":"https:\/\/shercards.com\/et\/wp-json\/wp\/v2\/comments?post=3881"}],"wp:featuredmedia":[{"embeddable":true,"href":"https:\/\/shercards.com\/et\/wp-json\/wp\/v2\/media\/3882"}],"wp:attachment":[{"href":"https:\/\/shercards.com\/et\/wp-json\/wp\/v2\/media?parent=3881"}],"wp:term":[{"taxonomy":"product_brand","embeddable":true,"href":"https:\/\/shercards.com\/et\/wp-json\/wp\/v2\/product_brand?post=3881"},{"taxonomy":"product_cat","embeddable":true,"href":"https:\/\/shercards.com\/et\/wp-json\/wp\/v2\/product_cat?post=3881"},{"taxonomy":"product_tag","embeddable":true,"href":"https:\/\/shercards.com\/et\/wp-json\/wp\/v2\/product_tag?post=3881"}],"curies":[{"name":"wp","href":"https:\/\/api.w.org\/{rel}","templated":true}]}}