{"id":3886,"date":"2024-08-04T17:29:27","date_gmt":"2024-08-04T17:29:27","guid":{"rendered":"https:\/\/shercards.com\/index.php\/product\/psychological-game-life-codes-the-key-to-realizing-desires\/"},"modified":"2025-10-20T10:34:17","modified_gmt":"2025-10-20T10:34:17","slug":"psychological-game-life-codes-the-key-to-realizing-desires","status":"publish","type":"product","link":"https:\/\/shercards.com\/et\/toode\/psychological-game-life-codes-the-key-to-realizing-desires\/","title":{"rendered":"Ps\u00fchholoogiline m\u00e4ng \u201cElukoodid. V\u00f5ti soovide realiseerimiseks\u201d"},"content":{"rendered":"<p> &quot;Elukoodid&quot; on m\u00e4ng, mis annab juurdep\u00e4\u00e4su maailmale, kus teie soovid ja eesm\u00e4rgid realiseeruvad. M\u00e4ng pakub integreerivat l\u00e4henemist soovide elluviimisele. <\/p>\n<\/p>\n<p> Kui soovite, et teie soov t\u00e4ituks, peate tegema j\u00e4rjepidevaid samme. Kuid m\u00f5nikord sellest ei piisa. Siis tuleb appi m\u00e4ng \u201cElukoodid\u201d. <\/p>\n<p> M\u00e4ngu \u201cElukoodid\u201d loomisel arvestasime, et inimene on keeruline olend. Tal on ps\u00fc\u00fchika, tal on energiat, tal on keham\u00e4lu. Nendel tasemetel olevad plokid v\u00f5ivad isegi selge planeerimise ja tegevuse korral oluliselt segada soovitud saavutamist. <\/p>\n<p> Seet\u00f5ttu m\u00f5tlesime v\u00e4lja m\u00e4ngu, mis puhastab tee soovitud tulevikku mitmel tasandil korraga! <\/p>\n<\/p>\n<p> M\u00e4ngu \u201cElukoodid\u201d abil saate: <\/p>\n<p> 1.nbsp;nbsp;nbsp;nbsp; M\u00e4\u00e4rate, milline peaks teie ellu viidud soov v\u00e4lja n\u00e4gema, milliseid emotsioone soovite kogeda, ja m\u00f5istate, mida t\u00e4pselt tuleks realiseerida. Samuti vabanete valeuskumustest, mis ei lase teil oma unistuste poole vaadata ja neid enesekindlalt maailmale kuulutada. <\/p>\n<p> 2.nbsp;nbsp;nbsp;nbsp; T\u00f6\u00f6tate l\u00e4bi vaimsete ja emotsionaalsete programmide, mille eesm\u00e4rk on MITTE realiseerida soove. Kasutate perekonna energiat, et ellu viia soov ja naaske pere juurde, MITTE oma programmid selle soovi MITTE realiseerimiseks. Sul on v\u00f5imalik loobuda kollektiivse alateadvuse programmidest, mis ei lase sinu soovil ellu viia. Ja seal on v\u00f5imalus taastada energia minevikku kinni j\u00e4\u00e4nud soovi realiseerimiseks. <\/p>\n<p> 3.nbsp;nbsp;nbsp;nbsp; Teid t\u00e4idetakse energiaga, et investeerida seda oma soovide elluviimisse. Ja saate ka \u00f5nnistuse oma soovi realiseerimiseks! <\/p>\n<p> 4.nbsp;nbsp;nbsp;nbsp; Kuid peamine on see, et koostate tegevuskava, saate energiat konkreetsete toimingute tegemiseks ja saate oma keha kaasata unistuste elluviimisel abilisena.nbsp; nbsp; nbsp; nbsp; nbsp; nbsp; <\/p>\n<p> Peamised vead, mida inimesed unistuse, soovi, eesm\u00e4rgi elluviimise poole liikudes teevad: <\/p>\n<p> \u00d8 Neil pole soovi realiseerimiseks selget plaani (v\u00f5i on see ekslik) <\/p>\n<p> \u00d8 Nad unistavad, kuid ei tegutse <\/p>\n<p> \u00d8 Nad ei korralda selle soovi jaoks oma elus kohta <\/p>\n<p> \u00d8 Nad kardavad, et peavad oma soovi elluviimiseks midagi ohverdama ja ei l\u00e4he soovitud tulevikku <\/p> <\/p>\n<p> \u00d8 Nad l\u00fckkavad oma soovi elluviimise hilisemaks <\/p>\n<p> \u00d8 Nad l\u00fckkavad vastutuse oma soovi t\u00e4itmise eest teisele <\/p>\n<\/p>\n<p> M\u00e4ngus \u201cElukoodid\u201d pole kohta nendel vigadel.nbsp; <\/p>\n<\/p>\n<p> M\u00e4ng \u201cElukoodid\u201d on loodud inimestele, kes soovivad: <\/p>\n<\/p>\n<p> \u2013 ellu viia oma vana unistus, soov <\/p>\n<p> - saavutada eesm\u00e4rk <\/p>\n<p> - m\u00f5ista teed oma eesm\u00e4rgini <\/p>\n<p> \u2013 saada selge rakenduskava <\/p>\n<p> \u2013 p\u00e4\u00e4sete korduvatest stsenaariumidest kergesti v\u00e4lja <\/p>\n<p> \u2013 puhasta end h\u00e4vitavatest h\u00e4vitavatest programmidest, mis takistavad sul elamast soovitud reaalsuses <\/p>\n<p> \u2013 muutused elus mitte l\u00e4bi valu, vaid l\u00e4bi r\u00f5\u00f5mu ja kerguse <\/p>\n<p> - saada oma saatuse autoriteks <\/p>\n<\/p>\n<p> K\u00f5ige ilusam m\u00e4nguv\u00e4li on tr\u00fckitud atlasele, mis annab sellele liikuvuse ja samas staatuse visuaali. <\/p>\n<p> M\u00e4ngukaardid on tr\u00fckitud kvaliteetsele l\u00e4ikiva lamineerimisega kartongile. <\/p>\n<p> M\u00e4ngu d\u00fcnaamika eeldab m\u00e4ngijate vahelist aktiivset suhtlemist, s\u00fcgavust ja samal ajal m\u00e4ngimise lihtsust. <\/p>\n<\/p>\n<p> 1. Kaust. <\/p>\n<\/p>\n<p> 2. V\u00e4li. <\/p>\n<\/p>\n<p> 3. Kuubik D6. <\/p>\n<\/p>\n<p> 4. Kuubik D8. <\/p>\n<\/p>\n<p> 5. Kuubik D30. <\/p>\n<\/p>\n<p> 6. M\u00e4ngukaardid: <\/p>\n<p> Mis siis, kui\u2026 19 t\u00fckki <\/p>\n<p> \u00d5nnistus. 1 arvuti. <\/p>\n<p> Kere kaasas 5 tk. <\/p>\n<p> Vastutuse tagastamine 1 tk. <\/p>\n<p> Geneetiline m\u00e4lu 1 tk. <\/p>\n<p> Eesm\u00e4rgi deklaratsioon 1 tk. <\/p>\n<p> Sihtmaandus 4 tk. <\/p>\n<p> Perekonnap\u00e4rand 12 tk. <\/p>\n<p> Vahetus 1 tk. <\/p>\n<p> Tegevuskava 19 tk. <\/p>\n<p> Ruumi ettevalmistamine 10 tk. <\/p>\n<p> Ootus 1 tk. <\/p>\n<p> Eesm\u00e4rgi realiseerimine 7 tk. <\/p>\n<p> Vahetus 1 tk. <\/p>\n<p> S\u00f5nad koodi jaoks 30 tk. <\/p>\n<p> Koduomaniku n\u00f5uanne 33 tk. <\/p>\n<p> Reaalsuse loomine 14 <\/p>\n<p> Kavatsuse t\u00e4psus 18 <\/p>\n<p> Teadvuse \u00fcmberkujundamine 17 <\/p>\n<p> Uskumused minevikust 25 <\/p>\n<p> Emotsionaalne kiindumus. 8 <\/p>\n<\/p>\n<p> 7. Laastud. <\/p>\n<\/p>\n<p> 8. Ankeet m\u00e4ngijatele (saadetakse postiga). <\/p>\n<\/p>\n<p> 9. Kinkekaart (saadetakse postiga). <\/p>\n<\/p>\n<p> 10. Ettekandja tunnistus (saadetakse meili teel p\u00e4rast koolitust). <\/p>\n<\/p>\n<p> 11. L\u00f5plik meditatsioon. <\/p>\n<\/p>\n<p> 12. Koodi s\u00f5nade loetelu. <\/p>","protected":false},"excerpt":{"rendered":"<p>&quot;Elukoodid&quot; on m\u00e4ng, mis annab juurdep\u00e4\u00e4su maailmale, kus teie soovid ja eesm\u00e4rgid realiseeruvad. M\u00e4ng<\/p>","protected":false},"featured_media":3887,"comment_status":"open","ping_status":"open","template":"","meta":[],"product_brand":[],"product_cat":[55],"product_tag":[],"class_list":{"0":"post-3886","1":"product","2":"type-product","3":"status-publish","4":"has-post-thumbnail","6":"product_cat-goal-dream-analysis-of-situations-events","8":"first","9":"outofstock","10":"product-type-simple"},"_links":{"self":[{"href":"https:\/\/shercards.com\/et\/wp-json\/wp\/v2\/product\/3886","targetHints":{"allow":["GET"]}}],"collection":[{"href":"https:\/\/shercards.com\/et\/wp-json\/wp\/v2\/product"}],"about":[{"href":"https:\/\/shercards.com\/et\/wp-json\/wp\/v2\/types\/product"}],"replies":[{"embeddable":true,"href":"https:\/\/shercards.com\/et\/wp-json\/wp\/v2\/comments?post=3886"}],"wp:featuredmedia":[{"embeddable":true,"href":"https:\/\/shercards.com\/et\/wp-json\/wp\/v2\/media\/3887"}],"wp:attachment":[{"href":"https:\/\/shercards.com\/et\/wp-json\/wp\/v2\/media?parent=3886"}],"wp:term":[{"taxonomy":"product_brand","embeddable":true,"href":"https:\/\/shercards.com\/et\/wp-json\/wp\/v2\/product_brand?post=3886"},{"taxonomy":"product_cat","embeddable":true,"href":"https:\/\/shercards.com\/et\/wp-json\/wp\/v2\/product_cat?post=3886"},{"taxonomy":"product_tag","embeddable":true,"href":"https:\/\/shercards.com\/et\/wp-json\/wp\/v2\/product_tag?post=3886"}],"curies":[{"name":"wp","href":"https:\/\/api.w.org\/{rel}","templated":true}]}}