{"id":3942,"date":"2024-08-04T17:33:36","date_gmt":"2024-08-04T17:33:36","guid":{"rendered":"https:\/\/shercards.com\/index.php\/product\/coaching-game-points-of-you\/"},"modified":"2025-10-20T10:34:17","modified_gmt":"2025-10-20T10:34:17","slug":"coaching-game-points-of-you","status":"publish","type":"product","link":"https:\/\/shercards.com\/et\/toode\/coaching-game-points-of-you\/","title":{"rendered":"Treenerim\u00e4ng Points of You"},"content":{"rendered":"<p>Iisraeli treenerite Yaron Golani ja Efrat Shani loodud juhendamism\u00e4ng Points of You\u2122 on ajaproovitud t\u00f6\u00f6riist, mis sobib universaalselt nii r\u00fchma- kui ka individuaalseks t\u00f6\u00f6ks abistavate professionaalide klientidega. <\/p>\n<p> Kaarte saab kasutada ka enesekoolituseks, sest\u2026 juhised kirjeldavad selgelt k\u00f5iki nende kasutamise n\u00fcansse ja annavad selged toimimisalgoritmid.<\/p>\n<p> M\u00e4ngu Points of You\u2122 saab treeningutel kasutada ka soojendusena, palvele vastusena v\u00f5i osalejate l\u00f5pus\u00f5nana.<\/p>\n<p> M\u00e4ngukomplekti kuuluvad juhtmed:<\/p>\n<p> \u2022nbsp;nbsp;nbsp;nbsp;65 kaarti, millest iga\u00fcks \u00fchendab pildi (kvaliteetne foto) ja s\u00f5na (kontseptsioon);<br \/> \u2022nbsp;nbsp;nbsp;nbsp;Raamat -juhendid, mis lisaks vajalikele selgitustele sisaldavad muinasjutte, m\u00f5istujutte ja aforisme;<br \/> \u2022nbsp;nbsp;nbsp;nbsp;M\u00e4nguv\u00e4li, mis annab m\u00e4nguprotsessile struktuuri.<br \/> \u2022nbsp;nbsp;nbsp;nbsp; Koolitus ja vestlus saatejuhtidega<\/p>\n<p> Kaartidega t\u00f6\u00f6tamine aktiveerib m\u00f5lemad ajupoolkerad, mis v\u00f5imaldab oluliselt laiendada taju, minna kaugemale ratsionaalsest m\u00f5tlemisest ja meelitada alateadvust olemasolevate probleemide lahendamisele ja eesm\u00e4rkide saavutamisele. <\/p>\n<p> Nagu praktika n\u00e4itab, saavad enamik inimesi treenerim\u00e4ngu Points of You\u2122 abil, mis stimuleerib samaaegselt nii loogikat kui ka kujutlusv\u00f5imet, palju kiiremini vastuse oma p\u00e4ringule, mis v\u00f5ib olla seotud enamiku \u00fclesannetega erinevatest eluvaldkondadest (karj\u00e4\u00e4r, rahaasjad, suhted, eneseteostus jne)<br \/> <\/br><\/br><\/p>","protected":false},"excerpt":{"rendered":"<p>Iisraeli treenerite Yaron Golani ja Efrat Shani loodud treenerim\u00e4ng Points of You\u2122 on ajaproovitud t\u00f6\u00f6riist, mis<\/p>","protected":false},"featured_media":3943,"comment_status":"open","ping_status":"open","template":"","meta":[],"product_brand":[],"product_cat":[55],"product_tag":[],"class_list":{"0":"post-3942","1":"product","2":"type-product","3":"status-publish","4":"has-post-thumbnail","6":"product_cat-goal-dream-analysis-of-situations-events","8":"first","9":"outofstock","10":"product-type-simple"},"_links":{"self":[{"href":"https:\/\/shercards.com\/et\/wp-json\/wp\/v2\/product\/3942","targetHints":{"allow":["GET"]}}],"collection":[{"href":"https:\/\/shercards.com\/et\/wp-json\/wp\/v2\/product"}],"about":[{"href":"https:\/\/shercards.com\/et\/wp-json\/wp\/v2\/types\/product"}],"replies":[{"embeddable":true,"href":"https:\/\/shercards.com\/et\/wp-json\/wp\/v2\/comments?post=3942"}],"wp:featuredmedia":[{"embeddable":true,"href":"https:\/\/shercards.com\/et\/wp-json\/wp\/v2\/media\/3943"}],"wp:attachment":[{"href":"https:\/\/shercards.com\/et\/wp-json\/wp\/v2\/media?parent=3942"}],"wp:term":[{"taxonomy":"product_brand","embeddable":true,"href":"https:\/\/shercards.com\/et\/wp-json\/wp\/v2\/product_brand?post=3942"},{"taxonomy":"product_cat","embeddable":true,"href":"https:\/\/shercards.com\/et\/wp-json\/wp\/v2\/product_cat?post=3942"},{"taxonomy":"product_tag","embeddable":true,"href":"https:\/\/shercards.com\/et\/wp-json\/wp\/v2\/product_tag?post=3942"}],"curies":[{"name":"wp","href":"https:\/\/api.w.org\/{rel}","templated":true}]}}