{"id":3946,"date":"2024-08-04T17:33:36","date_gmt":"2024-08-04T17:33:36","guid":{"rendered":"https:\/\/shercards.com\/index.php\/product\/transformational-psychological-game-vicara\/"},"modified":"2025-10-20T10:34:17","modified_gmt":"2025-10-20T10:34:17","slug":"transformational-psychological-game-vicara","status":"publish","type":"product","link":"https:\/\/shercards.com\/et\/toode\/transformational-psychological-game-vicara\/","title":{"rendered":"Transformatsiooniline ps\u00fchholoogiline m\u00e4ng &quot;Vicara&quot;"},"content":{"rendered":"<p>Autor T\u0161ern\u00f5\u0161eva Jekaterina. <\/p>\n<p> Varustus:nbsp;nbsp; <br \/> 1 kott;nbsp;hoidmiseks 20*30 cm.<br \/> P\u00f5ld l\u00f5uendil 60*60 cm.<br \/> Puidust t\u00e4hestik (puidust t\u00e4hed ja numbrid).<br \/> Geomeetrilised klaasfiguurid.<br \/> T\u00f6\u00f6 jaoks t\u00fchi.<br \/> M\u00e4ngu metoodiline juhend.<br \/> Plastist kaust.<\/p>\n<p> M\u00e4ngu orienteeruv aeg s\u00f5ltub osalejate arvust: individuaalm\u00e4ng 1,5-2 tundi, grupp 2,5-3 tundi.&lt;br&gt; Osalejate arv \u2013 kuni 8 inimest.<\/p>\n<p> \u00dcmberkujundamism\u00e4ng \u201cVikara\u201d Kirjeldus: m\u00e4ng \u201cVikara\u201d<br \/> Vikara on sanskriti keelest t\u00f5lgitud kui Evolution, change.nbsp;nbsp;<br \/> Me k\u00f5ik armastame ennustusi, saatuse m\u00e4rke, vihjeid universumist. <br \/> See m\u00e4ng annab teile k\u00f5ike seda ja veelgi enamat. Sellel on s\u00fcgavust, tarkust ja maagilisi m\u00e4rke.<br \/> Muutusm\u00e4ng \u201cVicara\u201d aitab sul paljastada saladuse, vaadata olukordadele ja kogu oma elule laiemalt ja mitmek\u00fclgsemalt. <br \/> Selle m\u00e4ngu abil saab m\u00f5ista ja elada erinevaid elusituatsioone.<br \/> V\u00f5ite perioodiliselt sattuda sarnastesse olukordadesse, elada sama stsenaariumi j\u00e4rgi, &quot;astuda samale rehale&quot; ja k\u00fcsida endalt pidevalt: &quot;Miks nii?, miks minuga?&quot; jne \u2013 ja ei leia vastust, ei n\u00e4e seda.<br \/> Kui olete valmis elama ja \u00f5ppust v\u00f5tmanbsp;nbsp;erinevates elusituatsioonides ja t\u00e4nu m\u00e4ngule, hakkab teie elu muutuma teie jaoks parimal viisil \u2013 t\u00e4nu omandatud teadmistele, teabelenbsp;nbsp;ja tervendavatele s\u00f5numitele<br \/> Ja mitte ainult. M\u00e4ng &quot;Vicara&quot; v\u00f5ib soovi korral k\u00e4ivitada teie elus rea olukordi, t\u00e4nu millele saate edukalt l\u00e4bida vajalikud \u00f5ppetunnid ja muuta oma elu paremaks. Ja see pole enam p\u00e4ris m\u00e4ng. K\u00f5ik algab tegelikkuses. <br \/> M\u00e4ngu saab aktiivselt kasutada ka nii isiklikus elus kui ka t\u00f6\u00f6alases tegevuses \u2013 l\u00e4bi uuringute konsultatiivse ja terapeutilise praktika k\u00e4igus, samuti meistriklassides, koolitustel ja esitlustel.<\/p>\n<p> Milliseid k\u00fcsimusi m\u00e4ng aitab lahendada? :<br \/> \u2022 otsustada edasise arengutee \u00fcle ja valida konkreetsed sammud eesm\u00e4rkide saavutamiseks<br \/> \u2022 paljastada oma potentsiaal, n\u00e4ha neid v\u00f5imalusi, mida sa ei m\u00e4rka<br \/> \u2022 selgitada v\u00e4lja oma tugevad ja n\u00f5rgad k\u00fcljed <br \/> \u2022nbsp;nbsp ;nbsp;nbsp;\u00f5igesti prioritiseerige elus, m\u00f5istate, millele keskenduda<br \/> \u2022 leida sisemist tuge enesekindlusele.<br \/> aitab teil vajaliku elutunni edukalt l\u00e4bida ja elada.<br \/> \u2022 tee keerulises olukorras \u00f5ige valik.<br \/> \u2022 \u00fchtlustada suhteid partneriga.<br \/> M\u00e4ngu orienteeruv aeg s\u00f5ltub osalejate arvust: individuaalm\u00e4ng 1,5-2 tundi, grupp 2,5-3 tundi.<br > Osalejate arv \u2013 kuni 8 inimest.<\/p>\n<p> Soovitatavad MAC-id m\u00e4ngu \u201cVitara\u201d jaoks:<br \/> K\u00f5ik universaalsed: \u2013 \u201cEmotsioonid\u201d, \u201cSaatuse emotsioonid\u201d, \u201cTeist\u201d, \u201cHinge \u00f5ppetunnid\u201d jne. d. V\u00f5i mis tahes ressurss. <br \/> K\u00f5ik kaardidnbsp;nbsp;arhet\u00fc\u00fcpidega t\u00f6\u00f6tamisel -nbsp;nbsp;&quot;Arhet\u00fc\u00fcbid&quot;, &quot;Muinasjutu arhet\u00fc\u00fcbid&quot;, &quot;Arhet\u00fc\u00fcbid ja varjud&quot; jne.<\/p>\n<p> Metafoorsed assotsiatiivsed kaardid \u201cKangelase tee\u201d ( + \u201cElementaarne ressurss\u201d). <br \/> &quot;Talismani&quot; kaardi jaoks v\u00f5ite kasutada mis tahes tarokaartide pakki v\u00f5i MAC-i.<br \/> K\u00f5ik piiravate uskumustega kaardid. V\u00f5i mis tahes tekst, mis piirab uskumusi.<\/p>\n<p> M\u00e4ngu on v\u00f5imalik \u00f5petada autori poolt, tunnistuse v\u00e4ljastamisega.<br \/> <\/br><\/p>","protected":false},"excerpt":{"rendered":"<p>Autor T\u0161ern\u00f5\u0161eva Jekaterina. Varustus:nbsp;nbsp; 1 kott;nbsp;hoidmiseks 20*30 cm. P\u00f5ld l\u00f5uendil 60*60 cm. Puidust t\u00e4hestik (tehtud t\u00e4hed ja numbrid<\/p>","protected":false},"featured_media":3947,"comment_status":"open","ping_status":"open","template":"","meta":[],"product_brand":[],"product_cat":[55],"product_tag":[],"class_list":{"0":"post-3946","1":"product","2":"type-product","3":"status-publish","4":"has-post-thumbnail","6":"product_cat-goal-dream-analysis-of-situations-events","8":"first","9":"outofstock","10":"product-type-simple"},"_links":{"self":[{"href":"https:\/\/shercards.com\/et\/wp-json\/wp\/v2\/product\/3946","targetHints":{"allow":["GET"]}}],"collection":[{"href":"https:\/\/shercards.com\/et\/wp-json\/wp\/v2\/product"}],"about":[{"href":"https:\/\/shercards.com\/et\/wp-json\/wp\/v2\/types\/product"}],"replies":[{"embeddable":true,"href":"https:\/\/shercards.com\/et\/wp-json\/wp\/v2\/comments?post=3946"}],"wp:featuredmedia":[{"embeddable":true,"href":"https:\/\/shercards.com\/et\/wp-json\/wp\/v2\/media\/3947"}],"wp:attachment":[{"href":"https:\/\/shercards.com\/et\/wp-json\/wp\/v2\/media?parent=3946"}],"wp:term":[{"taxonomy":"product_brand","embeddable":true,"href":"https:\/\/shercards.com\/et\/wp-json\/wp\/v2\/product_brand?post=3946"},{"taxonomy":"product_cat","embeddable":true,"href":"https:\/\/shercards.com\/et\/wp-json\/wp\/v2\/product_cat?post=3946"},{"taxonomy":"product_tag","embeddable":true,"href":"https:\/\/shercards.com\/et\/wp-json\/wp\/v2\/product_tag?post=3946"}],"curies":[{"name":"wp","href":"https:\/\/api.w.org\/{rel}","templated":true}]}}